{"id":9195,"date":"2015-04-15T22:39:14","date_gmt":"2015-04-15T20:39:14","guid":{"rendered":"https:\/\/brygny.2th.dk\/?page_id=9195"},"modified":"2025-03-03T19:25:22","modified_gmt":"2025-03-03T18:25:22","slug":"soekildegaard","status":"publish","type":"page","link":"https:\/\/bryg.2th.dk\/?page_id=9195","title":{"rendered":"S\u00f8kildegaard"},"content":{"rendered":"<h3>S\u00f8kildegaard, 2006-2013<\/h3>\n<hr>\n<p><strong>KORT INFO OM BRYGGERIET\/FABRIKKEN.<\/strong><\/p>\n<table>\n<tbody>\n<tr style=\"border-style: hidden;\">\n<td style=\"width: 40%;background-color: #d4e6d3; height: 18px; border-style: hidden;\" scope=\"row\">&nbsp;<\/td>\n<td style=\"width: 60%; height: 18px; border-style: hidden; vertical-align: top; background-color: #ededed;\" scope=\"row\"><strong>Ejere.<\/strong><\/td>\n<\/tr>\n<tr style=\"border-style: hidden;\">\n<td style=\"width: 40%;background-color: #d4e6d3; height: 233px; border-style: hidden;\" rowspan=\"4\" scope=\"row\"><img decoding=\"async\" class=\"ngg-singlepic ngg-none aligncenter\" src=\"https:\/\/bryg.2th.dk\/wp-content\/gallery\/bryggeri-logoer\/intet_logo.jpg\" alt=\"\" width=\"85%\" height=\"200\"><\/td>\n<td style=\"vertical-align: top; width: 60%; border-color: #000000; height: 179px; border-style: hidden; background-color: #ededed;\" scope=\"row\">&#8211;<\/td>\n<\/tr>\n<tr style=\"border-style: hidden;\">\n<td style=\"vertical-align: top; width: 60%; border-color: #000000; height: 18px; border-style: hidden; background-color: #ededed;\"><strong>Links. <\/strong>Nej<\/td>\n<\/tr>\n<tr style=\"border-style: hidden;\">\n<td style=\"vertical-align: top; width: 60%; border-color: #000000; height: 18px; border-style: hidden; background-color: #ededed;\" scope=\"row\"><strong>Kendte adresser.<\/strong><\/td>\n<\/tr>\n<tr style=\"border-style: hidden;\">\n<td style=\"vertical-align: top; width: 60%; border-color: #000000; height: 18px; border-style: hidden; background-color: #ededed;\">\u00c5gerupvej 78, 4390 Vipper\u00f8d<\/td>\n<\/tr>\n<\/tbody>\n<\/table>\n<hr>\n<p><strong>HISTORIEN.<\/strong><\/p>\n<p>S\u00f8kildegaard lukkede den 24 august 2013.<\/p>\n<hr>\n<p><strong>ETIKETTERNE.<\/strong><\/p>\n<p>Der er ikke nogen informationer til dette punkt endnu.<\/p>\n<hr>\n<p><strong>ARTIKLER.<\/strong><\/p>\n<p>Der er ikke nogen informationer til dette punkt endnu.<\/p>\n<hr>\n<p><strong>ANDET.<\/strong><\/p>\n<p>Der er ikke nogen informationer til dette punkt endnu.<\/p>\n<hr>\n<p><strong>LITTERATUR.<\/strong><\/p>\n<p>Der er ikke nogen informationer til dette punkt endnu.<\/p>\n<hr>\n<p><strong>REKLAMER &#8211; HERUNDER REKLAME FILM.<\/strong><\/p>\n<p>Der er ikke nogen informationer til dette punkt endnu.<\/p>\n","protected":false},"excerpt":{"rendered":"<p>S\u00f8kildegaard, 2006-2013 KORT INFO OM BRYGGERIET\/FABRIKKEN. &nbsp; Ejere. &#8211; Links. Nej Kendte adresser. \u00c5gerupvej 78, 4390 Vipper\u00f8d HISTORIEN. S\u00f8kildegaard lukkede den 24 august 2013. ETIKETTERNE. Der er ikke nogen informationer til dette punkt endnu. ARTIKLER. Der er ikke nogen informationer til dette punkt endnu. ANDET. Der er ikke nogen informationer til dette punkt endnu. LITTERATUR. &hellip; <a href=\"https:\/\/bryg.2th.dk\/?page_id=9195\" class=\"more-link\">L\u00e6s videre <span class=\"screen-reader-text\">S\u00f8kildegaard<\/span> <span class=\"meta-nav\">&rarr;<\/span><\/a><\/p>\n","protected":false},"author":2,"featured_media":0,"parent":1068,"menu_order":0,"comment_status":"closed","ping_status":"closed","template":"","meta":{"ngg_post_thumbnail":0,"footnotes":""},"categories":[537,53],"tags":[96],"class_list":["post-9195","page","type-page","status-publish","hentry","category-4300b","category-danske-bryggerier-danske-bryggerier","tag-dk_bryg"],"_links":{"self":[{"href":"https:\/\/bryg.2th.dk\/index.php?rest_route=\/wp\/v2\/pages\/9195","targetHints":{"allow":["GET"]}}],"collection":[{"href":"https:\/\/bryg.2th.dk\/index.php?rest_route=\/wp\/v2\/pages"}],"about":[{"href":"https:\/\/bryg.2th.dk\/index.php?rest_route=\/wp\/v2\/types\/page"}],"author":[{"embeddable":true,"href":"https:\/\/bryg.2th.dk\/index.php?rest_route=\/wp\/v2\/users\/2"}],"replies":[{"embeddable":true,"href":"https:\/\/bryg.2th.dk\/index.php?rest_route=%2Fwp%2Fv2%2Fcomments&post=9195"}],"version-history":[{"count":0,"href":"https:\/\/bryg.2th.dk\/index.php?rest_route=\/wp\/v2\/pages\/9195\/revisions"}],"up":[{"embeddable":true,"href":"https:\/\/bryg.2th.dk\/index.php?rest_route=\/wp\/v2\/pages\/1068"}],"wp:attachment":[{"href":"https:\/\/bryg.2th.dk\/index.php?rest_route=%2Fwp%2Fv2%2Fmedia&parent=9195"}],"wp:term":[{"taxonomy":"category","embeddable":true,"href":"https:\/\/bryg.2th.dk\/index.php?rest_route=%2Fwp%2Fv2%2Fcategories&post=9195"},{"taxonomy":"post_tag","embeddable":true,"href":"https:\/\/bryg.2th.dk\/index.php?rest_route=%2Fwp%2Fv2%2Ftags&post=9195"}],"curies":[{"name":"wp","href":"https:\/\/api.w.org\/{rel}","templated":true}]}}