{"id":9191,"date":"2015-04-15T22:32:41","date_gmt":"2015-04-15T20:32:41","guid":{"rendered":"https:\/\/brygny.2th.dk\/?page_id=9191"},"modified":"2025-03-11T16:13:17","modified_gmt":"2025-03-11T15:13:17","slug":"bryggeriet-slotsmoellen","status":"publish","type":"page","link":"https:\/\/bryg.2th.dk\/?page_id=9191","title":{"rendered":"Bryggeriet Slotsm\u00f8llen"},"content":{"rendered":"<h3>Bryggeriet Slotsm\u00f8llen, 1852-1998<\/h3>\n<hr>\n<p><strong>KORT INFO OM BRYGGERIET\/FABRIKKEN.<\/strong><\/p>\n<table>\n<tbody>\n<tr style=\"border-style: hidden;\">\n<td style=\"width: 40%;background-color: #d4e6d3; height: 18px; border-style: hidden;\" scope=\"row\">&nbsp;<\/td>\n<td style=\"width: 60%; height: 18px; border-style: hidden; vertical-align: top; background-color: #ededed;\" scope=\"row\"><strong>Ejere.<\/strong><\/td>\n<\/tr>\n<tr style=\"border-style: hidden;\">\n<td style=\"width: 40%;background-color: #d4e6d3; height: 233px; border-style: hidden;\" rowspan=\"4\" scope=\"row\"><img decoding=\"async\" class=\"ngg-singlepic ngg-none aligncenter\" src=\"https:\/\/bryg.2th.dk\/wp-content\/gallery\/bryggeri-logoer\/intet_logo.jpg\" alt=\"\" width=\"85%\" height=\"200\"><\/td>\n<td style=\"vertical-align: top; width: 60%; border-color: #000000; height: 179px; border-style: hidden; background-color: #ededed;\" scope=\"row\">Bryggeriet i Kolding Slotsm\u00f8lle, F. P. Ingwersen 1852-1856<br \/>\nBryggeriet i Kolding Slotsm\u00f8lle, Axel Christian Gerhard Mazanti 1856-1872<br \/>\nA\/S Slotsm\u00f8llens Fabrikker 1872-1905<br \/>\nSlotsm\u00f8llens Bryggerier A\/S 1905-1906<br \/>\nA\/S Slotsm\u00f8llens Fabriker 1906-1930<br \/>\nA\/S Slotsm\u00f8llens Fabrikker 1930-1961<br \/>\nBryggeriet Slotsm\u00f8llen A\/S 1961-1998<br \/>\nAlbani Bryggeri 1998<\/td>\n<\/tr>\n<tr style=\"border-style: hidden;\">\n<td style=\"vertical-align: top; width: 60%; border-color: #000000; height: 18px; border-style: hidden; background-color: #ededed;\"><strong>Links. <\/strong>Nej<\/td>\n<\/tr>\n<tr style=\"border-style: hidden;\">\n<td style=\"vertical-align: top; width: 60%; border-color: #000000; height: 18px; border-style: hidden; background-color: #ededed;\" scope=\"row\"><strong>Kendte adresser.<\/strong><\/td>\n<\/tr>\n<tr style=\"border-style: hidden;\">\n<td style=\"vertical-align: top; width: 60%; border-color: #000000; height: 18px; border-style: hidden; background-color: #ededed;\">Fredericiagade 22, 6000 Kolding<\/td>\n<\/tr>\n<\/tbody>\n<\/table>\n<hr>\n<p><strong>HISTORIEN.<\/strong><\/p>\n<p style=\"text-align: justify;\">Bayersk\u00f8lbryggeri fra 1892, mineralvandsfabrik 1907-1991. Albani k\u00f8bte 2\/3 af aktierne i 1986 og har nu k\u00f8bt resten her i 90&#8217;erne og nu er bryggeriet lukket.<\/p>\n<p style=\"text-align: justify;\">Man kunne l\u00e6se f\u00f8lgende i medierne ved lukningen: Albani fyrer 42 ansatte p\u00e5 Slotsm\u00f8llen i Kolding. Her undrer man sig. Det lille bryggeri tjener nemlig penge til Albani Bryggerierne.<\/p>\n<hr>\n<p><strong>ETIKETTERNE.<\/strong><\/p>\nngg_shortcode_0_placeholder\n<hr>\n<p><strong>ARTIKLER.<\/strong><\/p>\n<p>Der er ikke nogen informationer til dette punkt endnu.<\/p>\n<hr>\n<p><strong>ANDET.<\/strong><\/p>\n<p>Der er ikke nogen informationer til dette punkt endnu.<\/p>\n<hr>\n<p><strong>LITTERATUR.<\/strong><\/p>\n<p>Supplementsbind &#8230; til katalog over \u00f8letiketter fra Bryggeriet Slotsm\u00f8llen<br \/>\nAf:&nbsp;<span dir=\"ltr\">Carsten Fladmose Madsen<\/span><br \/>\nUdgivet af:&nbsp;Skandinavisk Bryggerisouvenir Samlerforening, 1998<\/p>\n<p>Aktieselskabet Slotsm\u00f8llens Fabrikker, Bryggeriet Slotsm\u00f8llen A\/S, Kolding: virksomhedens historie og \u00f8letiketter<br \/>\nAf:&nbsp;<span dir=\"ltr\">Carsten Fladmose Madsen<\/span><br \/>\nUdgivet af:&nbsp;Skandinavisk Bryggerisouvenir Samlerforening, 1992<\/p>\n<p>Bryggeriet Slotsm\u00f8llen, Kolding A\/S<br \/>\nAf:&nbsp;Bryggeriet Slotsm\u00f8llen<br \/>\nUdgivet af:&nbsp;Bryggeriet Slotsm\u00f8llen, 1975<\/p>\n<hr>\n<p><strong>REKLAMER &#8211; HERUNDER REKLAME FILM.<\/strong><\/p>\n<p>Der er ikke nogen informationer til dette punkt endnu.<\/p>\n","protected":false},"excerpt":{"rendered":"<p>Bryggeriet Slotsm\u00f8llen, 1852-1998 KORT INFO OM BRYGGERIET\/FABRIKKEN. &nbsp; Ejere. Bryggeriet i Kolding Slotsm\u00f8lle, F. P. Ingwersen 1852-1856 Bryggeriet i Kolding Slotsm\u00f8lle, Axel Christian Gerhard Mazanti 1856-1872 A\/S Slotsm\u00f8llens Fabrikker 1872-1905 Slotsm\u00f8llens Bryggerier A\/S 1905-1906 A\/S Slotsm\u00f8llens Fabriker 1906-1930 A\/S Slotsm\u00f8llens Fabrikker 1930-1961 Bryggeriet Slotsm\u00f8llen A\/S 1961-1998 Albani Bryggeri 1998 Links. Nej Kendte adresser. Fredericiagade 22, &hellip; <a href=\"https:\/\/bryg.2th.dk\/?page_id=9191\" class=\"more-link\">L\u00e6s videre <span class=\"screen-reader-text\">Bryggeriet Slotsm\u00f8llen<\/span> <span class=\"meta-nav\">&rarr;<\/span><\/a><\/p>\n","protected":false},"author":2,"featured_media":0,"parent":1112,"menu_order":0,"comment_status":"closed","ping_status":"closed","template":"","meta":{"ngg_post_thumbnail":0,"footnotes":""},"categories":[187,53],"tags":[96],"class_list":["post-9191","page","type-page","status-publish","hentry","category-6000b","category-danske-bryggerier-danske-bryggerier","tag-dk_bryg"],"_links":{"self":[{"href":"https:\/\/bryg.2th.dk\/index.php?rest_route=\/wp\/v2\/pages\/9191","targetHints":{"allow":["GET"]}}],"collection":[{"href":"https:\/\/bryg.2th.dk\/index.php?rest_route=\/wp\/v2\/pages"}],"about":[{"href":"https:\/\/bryg.2th.dk\/index.php?rest_route=\/wp\/v2\/types\/page"}],"author":[{"embeddable":true,"href":"https:\/\/bryg.2th.dk\/index.php?rest_route=\/wp\/v2\/users\/2"}],"replies":[{"embeddable":true,"href":"https:\/\/bryg.2th.dk\/index.php?rest_route=%2Fwp%2Fv2%2Fcomments&post=9191"}],"version-history":[{"count":0,"href":"https:\/\/bryg.2th.dk\/index.php?rest_route=\/wp\/v2\/pages\/9191\/revisions"}],"up":[{"embeddable":true,"href":"https:\/\/bryg.2th.dk\/index.php?rest_route=\/wp\/v2\/pages\/1112"}],"wp:attachment":[{"href":"https:\/\/bryg.2th.dk\/index.php?rest_route=%2Fwp%2Fv2%2Fmedia&parent=9191"}],"wp:term":[{"taxonomy":"category","embeddable":true,"href":"https:\/\/bryg.2th.dk\/index.php?rest_route=%2Fwp%2Fv2%2Fcategories&post=9191"},{"taxonomy":"post_tag","embeddable":true,"href":"https:\/\/bryg.2th.dk\/index.php?rest_route=%2Fwp%2Fv2%2Ftags&post=9191"}],"curies":[{"name":"wp","href":"https:\/\/api.w.org\/{rel}","templated":true}]}}