{"id":9053,"date":"2015-04-15T10:36:12","date_gmt":"2015-04-15T08:36:12","guid":{"rendered":"https:\/\/brygny.2th.dk\/?page_id=9053"},"modified":"2025-03-03T17:58:43","modified_gmt":"2025-03-03T16:58:43","slug":"skagen-bryghus","status":"publish","type":"page","link":"https:\/\/bryg.2th.dk\/?page_id=9053","title":{"rendered":"Skagen Bryghus"},"content":{"rendered":"<h3>Skagen Bryghus, (2005)-?<\/h3>\n<hr>\n<p><strong>KORT INFO OM BRYGGERIET\/FABRIKKEN.<\/strong><\/p>\n<table>\n<tbody>\n<tr style=\"border-style: hidden;\">\n<td style=\"width: 40%;background-color: #d4e6d3; height: 18px; border-style: hidden;\" scope=\"row\">&nbsp;<\/td>\n<td style=\"width: 60%; height: 18px; border-style: hidden; vertical-align: top; background-color: #ededed;\" scope=\"row\"><strong>Ejere.<\/strong><\/td>\n<\/tr>\n<tr style=\"border-style: hidden;\">\n<td style=\"width: 40%;background-color: #d4e6d3; height: 233px; border-style: hidden;\" rowspan=\"4\" scope=\"row\"><img decoding=\"async\" class=\"ngg-singlepic ngg-none aligncenter\" src=\"https:\/\/bryg.2th.dk\/wp-content\/gallery\/bryggeri-logoer\/skagen_logo.jpg\" alt=\"\" width=\"85%\" height=\"200\"><\/td>\n<td style=\"vertical-align: top; width: 60%; border-color: #000000; height: 179px; border-style: hidden; background-color: #ededed;\" scope=\"row\">&#8211;<\/td>\n<\/tr>\n<tr style=\"border-style: hidden;\">\n<td style=\"vertical-align: top; width: 60%; border-color: #000000; height: 18px; border-style: hidden; background-color: #ededed;\"><strong>Links. <\/strong><a href=\"https:\/\/skagenbryghus.dk\/\" target=\"_blank\" rel=\"noopener noreferrer\">Ja<\/a><\/td>\n<\/tr>\n<tr style=\"border-style: hidden;\">\n<td style=\"vertical-align: top; width: 60%; border-color: #000000; height: 18px; border-style: hidden; background-color: #ededed;\" scope=\"row\"><strong>Kendte adresser.<\/strong><\/td>\n<\/tr>\n<tr style=\"border-style: hidden;\">\n<td style=\"vertical-align: top; width: 60%; border-color: #000000; height: 18px; border-style: hidden; background-color: #ededed;\"><span class=\"LrzXr\">Kirkevej 10<\/span>, 9990 Skagen<\/td>\n<\/tr>\n<\/tbody>\n<\/table>\n<hr>\n<p><strong>HISTORIEN.<\/strong><\/p>\n<p style=\"text-align: justify;\">Skagen har nu sit eget mikro-bryggeri i det tidligere el-v\u00e6rk p\u00e5 Kirkevej i Skagen. Mikro-bryggeriet organiseres som et aktieselskab under navnet \u201dSkagen Bryghus A\/S\u201d. Skagen Bryghus vil brygge en r\u00e6kke kvalitets\u00f8l, der p\u00e5t\u00e6nkes solgt direkte fra bryggeriet samt i restaurationer og detailhandel, b\u00e5de i Skagen og resten af Danmark, samt i Sverige og Norge.<\/p>\n<p style=\"text-align: justify;\">Skagen Bryggerilaug st\u00e5r bag dette lille bryggeri og har allerede lavet flere forskellige \u00f8l som f.eks., Skawskum og Holger &#8220;D&#8221;. P\u00e5 hjemmesiden kan man se og f\u00f8lge med i brygningen af deres \u00f8l og andre ting.<\/p>\n<hr>\n<p><strong>ETIKETTERNE.<\/strong><\/p>\nngg_shortcode_0_placeholder\n<hr>\n<p><strong>ARTIKLER.<\/strong><\/p>\n<p>Der er ikke nogen informationer til dette punkt endnu.<\/p>\n<hr>\n<p><strong>ANDET.<\/strong><\/p>\n<p>Der er ikke nogen informationer til dette punkt endnu.<\/p>\n<hr>\n<p><strong>LITTERATUR.<\/strong><\/p>\n<p>Der er ikke nogen informationer til dette punkt endnu.<\/p>\n<hr>\n<p><strong>REKLAMER &#8211; HERUNDER REKLAME FILM.<\/strong><\/p>\n<p>Der er ikke nogen informationer til dette punkt endnu.<\/p>\n","protected":false},"excerpt":{"rendered":"<p>Skagen Bryghus, (2005)-? KORT INFO OM BRYGGERIET\/FABRIKKEN. &nbsp; Ejere. &#8211; Links. Ja Kendte adresser. Kirkevej 10, 9990 Skagen HISTORIEN. Skagen har nu sit eget mikro-bryggeri i det tidligere el-v\u00e6rk p\u00e5 Kirkevej i Skagen. Mikro-bryggeriet organiseres som et aktieselskab under navnet \u201dSkagen Bryghus A\/S\u201d. Skagen Bryghus vil brygge en r\u00e6kke kvalitets\u00f8l, der p\u00e5t\u00e6nkes solgt direkte fra &hellip; <a href=\"https:\/\/bryg.2th.dk\/?page_id=9053\" class=\"more-link\">L\u00e6s videre <span class=\"screen-reader-text\">Skagen Bryghus<\/span> <span class=\"meta-nav\">&rarr;<\/span><\/a><\/p>\n","protected":false},"author":2,"featured_media":0,"parent":1114,"menu_order":0,"comment_status":"closed","ping_status":"closed","template":"","meta":{"ngg_post_thumbnail":0,"footnotes":""},"categories":[405,53],"tags":[96],"class_list":["post-9053","page","type-page","status-publish","hentry","category-9990b","category-danske-bryggerier-danske-bryggerier","tag-dk_bryg"],"_links":{"self":[{"href":"https:\/\/bryg.2th.dk\/index.php?rest_route=\/wp\/v2\/pages\/9053","targetHints":{"allow":["GET"]}}],"collection":[{"href":"https:\/\/bryg.2th.dk\/index.php?rest_route=\/wp\/v2\/pages"}],"about":[{"href":"https:\/\/bryg.2th.dk\/index.php?rest_route=\/wp\/v2\/types\/page"}],"author":[{"embeddable":true,"href":"https:\/\/bryg.2th.dk\/index.php?rest_route=\/wp\/v2\/users\/2"}],"replies":[{"embeddable":true,"href":"https:\/\/bryg.2th.dk\/index.php?rest_route=%2Fwp%2Fv2%2Fcomments&post=9053"}],"version-history":[{"count":0,"href":"https:\/\/bryg.2th.dk\/index.php?rest_route=\/wp\/v2\/pages\/9053\/revisions"}],"up":[{"embeddable":true,"href":"https:\/\/bryg.2th.dk\/index.php?rest_route=\/wp\/v2\/pages\/1114"}],"wp:attachment":[{"href":"https:\/\/bryg.2th.dk\/index.php?rest_route=%2Fwp%2Fv2%2Fmedia&parent=9053"}],"wp:term":[{"taxonomy":"category","embeddable":true,"href":"https:\/\/bryg.2th.dk\/index.php?rest_route=%2Fwp%2Fv2%2Fcategories&post=9053"},{"taxonomy":"post_tag","embeddable":true,"href":"https:\/\/bryg.2th.dk\/index.php?rest_route=%2Fwp%2Fv2%2Ftags&post=9053"}],"curies":[{"name":"wp","href":"https:\/\/api.w.org\/{rel}","templated":true}]}}