{"id":9,"date":"2015-03-17T19:16:38","date_gmt":"2015-03-17T18:16:38","guid":{"rendered":"https:\/\/brygny.2th.dk\/?page_id=9"},"modified":"2025-03-04T16:54:19","modified_gmt":"2025-03-04T15:54:19","slug":"nye-oel","status":"publish","type":"page","link":"https:\/\/bryg.2th.dk\/?page_id=9","title":{"rendered":"\u00d8l nyheder"},"content":{"rendered":"<h3>Danske \u00f8l Nyheder.<\/h3>\n<hr>\n<p style=\"text-align: justify;\">Her vil der komme en liste over de nye \u00f8l som er kommet frem p\u00e5 det danske marked, jeg l\u00e6gger her mest v\u00e6gt p\u00e5 \u00f8l p\u00e5 flasker med etiketter p\u00e5. Listen er p.t. mangelfuld, da det g\u00e5r ret st\u00e6rkt med nye etiketter at det n\u00e6rmest kr\u00e6ver en fuldtidsstilling at finde dem alle.<\/p>\n<p style=\"text-align: justify;\">For tiden er der kun frem til og med 2015.<\/p>\n<p style=\"text-align: justify;\">I 2018 udkom der ikke f\u00e6rre end 1.825 forskellige \u00f8l p\u00e5 markedet i Danmark, hvilke er ny rekord. N\u00e5r man s\u00e5 kigger tilbage til \u00e5r 2000, var der kun 15 nye \u00f8l p\u00e5 et \u00e5r. I \u00e5rene 2006-2011 l\u00e5 det nogenlunde stabilt med nye \u00f8l i omegen 500-600 om \u00e5ret, herefter er det bare g\u00e5et st\u00e6rkt.<\/p>\n<p>Du kan v\u00e6lge andre \u00e5rgang her.<\/p>\n<ul class=\"list-pages-shortcode child-pages\"><li class=\"page_item page-item-11312 page_item_has_children\"><a href=\"https:\/\/bryg.2th.dk\/?page_id=11312\">1990-1999<\/a><\/li>\n<li class=\"page_item page-item-10039 page_item_has_children\"><a href=\"https:\/\/bryg.2th.dk\/?page_id=10039\">2000-2009<\/a><\/li>\n<li class=\"page_item page-item-10043 page_item_has_children\"><a href=\"https:\/\/bryg.2th.dk\/?page_id=10043\">2010-2019<\/a><\/li>\n<li class=\"page_item page-item-24716 page_item_has_children\"><a href=\"https:\/\/bryg.2th.dk\/?page_id=24716\">2020 og frem<\/a><\/li>\n<\/ul>\n","protected":false},"excerpt":{"rendered":"<p>Danske \u00f8l Nyheder. Her vil der komme en liste over de nye \u00f8l som er kommet frem p\u00e5 det danske marked, jeg l\u00e6gger her mest v\u00e6gt p\u00e5 \u00f8l p\u00e5 flasker med etiketter p\u00e5. Listen er p.t. mangelfuld, da det g\u00e5r ret st\u00e6rkt med nye etiketter at det n\u00e6rmest kr\u00e6ver en fuldtidsstilling at finde dem alle. &hellip; <a href=\"https:\/\/bryg.2th.dk\/?page_id=9\" class=\"more-link\">L\u00e6s videre <span class=\"screen-reader-text\">\u00d8l nyheder<\/span> <span class=\"meta-nav\">&rarr;<\/span><\/a><\/p>\n","protected":false},"author":2,"featured_media":0,"parent":0,"menu_order":3,"comment_status":"closed","ping_status":"closed","template":"","meta":{"ngg_post_thumbnail":0,"footnotes":""},"categories":[],"tags":[],"class_list":["post-9","page","type-page","status-publish","hentry"],"_links":{"self":[{"href":"https:\/\/bryg.2th.dk\/index.php?rest_route=\/wp\/v2\/pages\/9","targetHints":{"allow":["GET"]}}],"collection":[{"href":"https:\/\/bryg.2th.dk\/index.php?rest_route=\/wp\/v2\/pages"}],"about":[{"href":"https:\/\/bryg.2th.dk\/index.php?rest_route=\/wp\/v2\/types\/page"}],"author":[{"embeddable":true,"href":"https:\/\/bryg.2th.dk\/index.php?rest_route=\/wp\/v2\/users\/2"}],"replies":[{"embeddable":true,"href":"https:\/\/bryg.2th.dk\/index.php?rest_route=%2Fwp%2Fv2%2Fcomments&post=9"}],"version-history":[{"count":0,"href":"https:\/\/bryg.2th.dk\/index.php?rest_route=\/wp\/v2\/pages\/9\/revisions"}],"wp:attachment":[{"href":"https:\/\/bryg.2th.dk\/index.php?rest_route=%2Fwp%2Fv2%2Fmedia&parent=9"}],"wp:term":[{"taxonomy":"category","embeddable":true,"href":"https:\/\/bryg.2th.dk\/index.php?rest_route=%2Fwp%2Fv2%2Fcategories&post=9"},{"taxonomy":"post_tag","embeddable":true,"href":"https:\/\/bryg.2th.dk\/index.php?rest_route=%2Fwp%2Fv2%2Ftags&post=9"}],"curies":[{"name":"wp","href":"https:\/\/api.w.org\/{rel}","templated":true}]}}