{"id":8983,"date":"2015-04-15T10:15:45","date_gmt":"2015-04-15T08:15:45","guid":{"rendered":"https:\/\/brygny.2th.dk\/?page_id=8983"},"modified":"2025-03-03T19:06:43","modified_gmt":"2025-03-03T18:06:43","slug":"roervig-bryghus-aps","status":"publish","type":"page","link":"https:\/\/bryg.2th.dk\/?page_id=8983","title":{"rendered":"R\u00f8rvig Bryghus ApS"},"content":{"rendered":"<h3>R\u00f8rvig Bryghus ApS, 2006-2010<\/h3>\n<hr>\n<p><strong>KORT INFO OM BRYGGERIET\/FABRIKKEN.<\/strong><\/p>\n<table>\n<tbody>\n<tr style=\"border-style: hidden;\">\n<td style=\"width: 40%;background-color: #d4e6d3; height: 18px; border-style: hidden;\" scope=\"row\">&nbsp;<\/td>\n<td style=\"width: 60%; height: 18px; border-style: hidden; vertical-align: top; background-color: #ededed;\" scope=\"row\"><strong>Ejere.<\/strong><\/td>\n<\/tr>\n<tr style=\"border-style: hidden;\">\n<td style=\"width: 40%;background-color: #d4e6d3; height: 233px; border-style: hidden;\" rowspan=\"4\" scope=\"row\"><img decoding=\"async\" class=\"ngg-singlepic ngg-none aligncenter\" src=\"https:\/\/bryg.2th.dk\/wp-content\/gallery\/bryggeri-logoer\/intet_logo.jpg\" alt=\"\" width=\"85%\" height=\"200\"><\/td>\n<td style=\"vertical-align: top; width: 60%; border-color: #000000; height: 179px; border-style: hidden; background-color: #ededed;\" scope=\"row\">Michael Mortensen og Henrik Nielsen 2006-2010<\/td>\n<\/tr>\n<tr style=\"border-style: hidden;\">\n<td style=\"vertical-align: top; width: 60%; border-color: #000000; height: 18px; border-style: hidden; background-color: #ededed;\"><strong>Links. <\/strong>Nej<\/td>\n<\/tr>\n<tr style=\"border-style: hidden;\">\n<td style=\"vertical-align: top; width: 60%; border-color: #000000; height: 18px; border-style: hidden; background-color: #ededed;\" scope=\"row\"><strong>Kendte adresser.<\/strong><\/td>\n<\/tr>\n<tr style=\"border-style: hidden;\">\n<td style=\"vertical-align: top; width: 60%; border-color: #000000; height: 18px; border-style: hidden; background-color: #ededed;\"><span class=\"LrzXr\">Algade 44<\/span>, 4500 Nyk\u00f8bing Sj.<\/td>\n<\/tr>\n<\/tbody>\n<\/table>\n<hr>\n<p><strong>HISTORIEN.<\/strong><\/p>\n<p style=\"text-align: justify;\">Bryggeriet i R\u00f8rvig opstod i 2005 som et f\u00e6lles projekt mellem de to entreprenante madfolk og venner, og efter f\u00e6lles ture til Tyskland, hvor de l\u00e6rte at brygge \u00f8l p\u00e5 et lokalt bryggeri, var de i 2006 klar til at byde p\u00e5 det f\u00f8rste lokale mikrobryggeri i Odsherred. Siden er det g\u00e5et slag i slag med stadigt st\u00f8rre eftersp\u00f8rgsel efter god lokalt brygget \u00f8l, og det tager de to nu konsekvensen af.<\/p>\n<p style=\"text-align: justify;\">Michael Mortensen fra Madkunsten og Henrik Nielsen fra R\u00f8rvig Fiskehandel, har \u00f8nsket at koncentere sig om deres hoved-erhverv og har derfor afh\u00e6ndet virksomheden, som de har drevet p\u00e5 havnen i R\u00f8rvig siden 2006. 1. februar 2010 overtog Jonas Kristjansen og Frederik Vallentin Bryghuset som vil blive viderf\u00f8rt under No5.<\/p>\n<p style=\"text-align: justify;\">I november 2010 stod det s\u00e5 klart at ejerne af bryghuset og No5 gik konkurs.<\/p>\n<hr>\n<p><strong>ETIKETTERNE.<\/strong><\/p>\n<p>Der er ikke nogen informationer til dette punkt endnu.<\/p>\n<hr>\n<p><strong>ARTIKLER.<\/strong><\/p>\n<p>Der er ikke nogen informationer til dette punkt endnu.<\/p>\n<hr>\n<p><strong>ANDET.<\/strong><\/p>\n<p>Der er ikke nogen informationer til dette punkt endnu.<\/p>\n<hr>\n<p><strong>LITTERATUR.<\/strong><\/p>\n<p>Der er ikke nogen informationer til dette punkt endnu.<\/p>\n<hr>\n<p><strong>REKLAMER &#8211; HERUNDER REKLAME FILM.<\/strong><\/p>\n<p>Der er ikke nogen informationer til dette punkt endnu.<\/p>\n","protected":false},"excerpt":{"rendered":"<p>R\u00f8rvig Bryghus ApS, 2006-2010 KORT INFO OM BRYGGERIET\/FABRIKKEN. &nbsp; Ejere. Michael Mortensen og Henrik Nielsen 2006-2010 Links. Nej Kendte adresser. Algade 44, 4500 Nyk\u00f8bing Sj. HISTORIEN. Bryggeriet i R\u00f8rvig opstod i 2005 som et f\u00e6lles projekt mellem de to entreprenante madfolk og venner, og efter f\u00e6lles ture til Tyskland, hvor de l\u00e6rte at brygge \u00f8l &hellip; <a href=\"https:\/\/bryg.2th.dk\/?page_id=8983\" class=\"more-link\">L\u00e6s videre <span class=\"screen-reader-text\">R\u00f8rvig Bryghus ApS<\/span> <span class=\"meta-nav\">&rarr;<\/span><\/a><\/p>\n","protected":false},"author":2,"featured_media":0,"parent":1068,"menu_order":0,"comment_status":"closed","ping_status":"closed","template":"","meta":{"ngg_post_thumbnail":0,"footnotes":""},"categories":[533,53],"tags":[96],"class_list":["post-8983","page","type-page","status-publish","hentry","category-4500b","category-danske-bryggerier-danske-bryggerier","tag-dk_bryg"],"_links":{"self":[{"href":"https:\/\/bryg.2th.dk\/index.php?rest_route=\/wp\/v2\/pages\/8983","targetHints":{"allow":["GET"]}}],"collection":[{"href":"https:\/\/bryg.2th.dk\/index.php?rest_route=\/wp\/v2\/pages"}],"about":[{"href":"https:\/\/bryg.2th.dk\/index.php?rest_route=\/wp\/v2\/types\/page"}],"author":[{"embeddable":true,"href":"https:\/\/bryg.2th.dk\/index.php?rest_route=\/wp\/v2\/users\/2"}],"replies":[{"embeddable":true,"href":"https:\/\/bryg.2th.dk\/index.php?rest_route=%2Fwp%2Fv2%2Fcomments&post=8983"}],"version-history":[{"count":0,"href":"https:\/\/bryg.2th.dk\/index.php?rest_route=\/wp\/v2\/pages\/8983\/revisions"}],"up":[{"embeddable":true,"href":"https:\/\/bryg.2th.dk\/index.php?rest_route=\/wp\/v2\/pages\/1068"}],"wp:attachment":[{"href":"https:\/\/bryg.2th.dk\/index.php?rest_route=%2Fwp%2Fv2%2Fmedia&parent=8983"}],"wp:term":[{"taxonomy":"category","embeddable":true,"href":"https:\/\/bryg.2th.dk\/index.php?rest_route=%2Fwp%2Fv2%2Fcategories&post=8983"},{"taxonomy":"post_tag","embeddable":true,"href":"https:\/\/bryg.2th.dk\/index.php?rest_route=%2Fwp%2Fv2%2Ftags&post=8983"}],"curies":[{"name":"wp","href":"https:\/\/api.w.org\/{rel}","templated":true}]}}