{"id":8917,"date":"2015-04-14T22:06:47","date_gmt":"2015-04-14T20:06:47","guid":{"rendered":"https:\/\/brygny.2th.dk\/?page_id=8917"},"modified":"2025-03-03T16:27:00","modified_gmt":"2025-03-03T15:27:00","slug":"haandbryggeriet-p","status":"publish","type":"page","link":"https:\/\/bryg.2th.dk\/?page_id=8917","title":{"rendered":"Haandbryggeriet P"},"content":{"rendered":"<h3>Haandbryggeriet P., 2004-Lukket<\/h3>\n<hr>\n<p><strong>KORT INFO OM BRYGGERIET\/FABRIKKEN.<\/strong><\/p>\n<table>\n<tbody>\n<tr style=\"border-style: hidden;\">\n<td style=\"width: 40%;background-color: #d4e6d3; height: 18px; border-style: hidden;\" scope=\"row\">&nbsp;<\/td>\n<td style=\"width: 60%; height: 18px; border-style: hidden; vertical-align: top; background-color: #ededed;\" scope=\"row\"><strong>Ejere.<\/strong><\/td>\n<\/tr>\n<tr style=\"border-style: hidden;\">\n<td style=\"width: 40%;background-color: #d4e6d3; height: 233px; border-style: hidden;\" rowspan=\"4\" scope=\"row\"><img decoding=\"async\" class=\"ngg-singlepic ngg-none aligncenter\" src=\"https:\/\/bryg.2th.dk\/wp-content\/gallery\/bryggeri-logoer\/intet_logo.jpg\" alt=\"\" width=\"85%\" height=\"200\"><\/td>\n<td style=\"vertical-align: top; width: 60%; border-color: #000000; height: 179px; border-style: hidden; background-color: #ededed;\" scope=\"row\">Lars Petersen, 2004-?<\/td>\n<\/tr>\n<tr style=\"border-style: hidden;\">\n<td style=\"vertical-align: top; width: 60%; border-color: #000000; height: 18px; border-style: hidden; background-color: #ededed;\"><strong>Links. <\/strong>Nej<\/td>\n<\/tr>\n<tr style=\"border-style: hidden;\">\n<td style=\"vertical-align: top; width: 60%; border-color: #000000; height: 18px; border-style: hidden; background-color: #ededed;\" scope=\"row\"><strong>Kendte adresser.<\/strong><\/td>\n<\/tr>\n<tr style=\"border-style: hidden;\">\n<td style=\"vertical-align: top; width: 60%; border-color: #000000; height: 18px; border-style: hidden; background-color: #ededed;\">Kirkevej 27, 6690 G\u00f8rding<\/td>\n<\/tr>\n<\/tbody>\n<\/table>\n<hr>\n<p><strong>HISTORIEN.<\/strong><\/p>\n<p style=\"text-align: justify;\">Det blev startet i november 2004, da der endelig blev plads til det, efter en tids overvejelser. Udstyret er ret simpelt h\u00e5ndbryggeriudstyr til at lave \u00f8llene p\u00e5.<\/p>\n<hr>\n<p><strong>ETIKETTERNE.<\/strong><\/p>\n<p>Der er ikke nogen informationer til dette punkt endnu.<\/p>\n<hr>\n<p><strong>ARTIKLER.<\/strong><\/p>\n<p>Der er ikke nogen informationer til dette punkt endnu.<\/p>\n<hr>\n<p><strong>ANDET.<\/strong><\/p>\n<p>Der er ikke nogen informationer til dette punkt endnu.<\/p>\n<hr>\n<p><strong>LITTERATUR.<\/strong><\/p>\n<p>Der er ikke nogen informationer til dette punkt endnu.<\/p>\n<hr>\n<p><strong>REKLAMER &#8211; HERUNDER REKLAME FILM.<\/strong><\/p>\n<p>Der er ikke nogen informationer til dette punkt endnu.<\/p>\n<h3>&nbsp;<\/h3>\n<h3>Haandbryggeriet P<\/h3>\n<p><strong>Ejere:<\/strong><\/p>\n<p>Lars Petersen<\/p>\n<p><strong>Historie.<\/strong><\/p>\n<p>Ikke kendt.<\/p>\n<p><strong>Bryggeriets sidste adresse:<\/strong><\/p>\n<p>Kirkevej 27,&nbsp;6690 G\u00f8rding<\/p>\n<p><strong>Litteratur:<\/strong><\/p>\n<p>Ikke kendt.<\/p>\n<p><strong>Etiketter:<\/strong><\/p>\n<p>Ikke kendt<\/p>\n<p><strong>Links:<\/strong><\/p>\n<ul>\n<li>Ikke kendt<\/li>\n<\/ul>\n<p><strong>Reklamer &#8211; Herunder reklamefilm:<\/strong><\/p>\n<p>Ikke kendt<\/p>\n","protected":false},"excerpt":{"rendered":"<p>Haandbryggeriet P., 2004-Lukket KORT INFO OM BRYGGERIET\/FABRIKKEN. &nbsp; Ejere. Lars Petersen, 2004-? Links. Nej Kendte adresser. Kirkevej 27, 6690 G\u00f8rding HISTORIEN. Det blev startet i november 2004, da der endelig blev plads til det, efter en tids overvejelser. Udstyret er ret simpelt h\u00e5ndbryggeriudstyr til at lave \u00f8llene p\u00e5. ETIKETTERNE. Der er ikke nogen informationer til &hellip; <a href=\"https:\/\/bryg.2th.dk\/?page_id=8917\" class=\"more-link\">L\u00e6s videre <span class=\"screen-reader-text\">Haandbryggeriet P<\/span> <span class=\"meta-nav\">&rarr;<\/span><\/a><\/p>\n","protected":false},"author":2,"featured_media":0,"parent":1112,"menu_order":0,"comment_status":"closed","ping_status":"closed","template":"","meta":{"ngg_post_thumbnail":0,"footnotes":""},"categories":[247,53],"tags":[96],"class_list":["post-8917","page","type-page","status-publish","hentry","category-6740b","category-danske-bryggerier-danske-bryggerier","tag-dk_bryg"],"_links":{"self":[{"href":"https:\/\/bryg.2th.dk\/index.php?rest_route=\/wp\/v2\/pages\/8917","targetHints":{"allow":["GET"]}}],"collection":[{"href":"https:\/\/bryg.2th.dk\/index.php?rest_route=\/wp\/v2\/pages"}],"about":[{"href":"https:\/\/bryg.2th.dk\/index.php?rest_route=\/wp\/v2\/types\/page"}],"author":[{"embeddable":true,"href":"https:\/\/bryg.2th.dk\/index.php?rest_route=\/wp\/v2\/users\/2"}],"replies":[{"embeddable":true,"href":"https:\/\/bryg.2th.dk\/index.php?rest_route=%2Fwp%2Fv2%2Fcomments&post=8917"}],"version-history":[{"count":0,"href":"https:\/\/bryg.2th.dk\/index.php?rest_route=\/wp\/v2\/pages\/8917\/revisions"}],"up":[{"embeddable":true,"href":"https:\/\/bryg.2th.dk\/index.php?rest_route=\/wp\/v2\/pages\/1112"}],"wp:attachment":[{"href":"https:\/\/bryg.2th.dk\/index.php?rest_route=%2Fwp%2Fv2%2Fmedia&parent=8917"}],"wp:term":[{"taxonomy":"category","embeddable":true,"href":"https:\/\/bryg.2th.dk\/index.php?rest_route=%2Fwp%2Fv2%2Fcategories&post=8917"},{"taxonomy":"post_tag","embeddable":true,"href":"https:\/\/bryg.2th.dk\/index.php?rest_route=%2Fwp%2Fv2%2Ftags&post=8917"}],"curies":[{"name":"wp","href":"https:\/\/api.w.org\/{rel}","templated":true}]}}