{"id":8833,"date":"2015-04-14T21:24:59","date_gmt":"2015-04-14T19:24:59","guid":{"rendered":"https:\/\/brygny.2th.dk\/?page_id=8833"},"modified":"2025-02-20T18:32:13","modified_gmt":"2025-02-20T17:32:13","slug":"oe-bryg","status":"publish","type":"page","link":"https:\/\/bryg.2th.dk\/?page_id=8833","title":{"rendered":"Thur\u00f8 Bryghus."},"content":{"rendered":"<h3>Thur\u00f8 Bryghus, 2011-?<\/h3>\n<hr>\n<p><strong>KORT INFO OM BRYGGERIET\/FABRIKKEN.<\/strong><\/p>\n<table>\n<tbody>\n<tr style=\"border-style: hidden;\">\n<td style=\"width: 40%;background-color: #d4e6d3; height: 18px; border-style: hidden;\" scope=\"row\">&nbsp;<\/td>\n<td style=\"width: 60%; height: 18px; border-style: hidden; vertical-align: top; background-color: #ededed;\" scope=\"row\"><strong>Ejere.<\/strong><\/td>\n<\/tr>\n<tr style=\"border-style: hidden;\">\n<td style=\"width: 40%;background-color: #d4e6d3; height: 233px; border-style: hidden;\" rowspan=\"4\" scope=\"row\"><img decoding=\"async\" class=\"ngg-singlepic ngg-none aligncenter\" src=\"https:\/\/bryg.2th.dk\/wp-content\/gallery\/bryggeri-logoer\/thuroe_logo.jpg\" alt=\"\" width=\"85%\" height=\"200\"><\/td>\n<td style=\"vertical-align: top; width: 60%; border-color: #000000; height: 179px; border-style: hidden; background-color: #ededed;\" scope=\"row\">Erik Nielsen 2011-2022<br \/>\nGurli Kampmann og Ask Wichmann 2022-<\/td>\n<\/tr>\n<tr style=\"border-style: hidden;\">\n<td style=\"vertical-align: top; width: 60%; border-color: #000000; height: 18px; border-style: hidden; background-color: #ededed;\"><strong>Links. <\/strong><a href=\"https:\/\/www.oebryg.dk\/\" target=\"_blank\" rel=\"noopener noreferrer\">Ja<\/a><\/td>\n<\/tr>\n<tr style=\"border-style: hidden;\">\n<td style=\"vertical-align: top; width: 60%; border-color: #000000; height: 18px; border-style: hidden; background-color: #ededed;\" scope=\"row\"><strong>Kendte adresser.<\/strong><\/td>\n<\/tr>\n<tr style=\"border-style: hidden;\">\n<td style=\"vertical-align: top; width: 60%; border-color: #000000; height: 18px; border-style: hidden; background-color: #ededed;\">Bergmannsvej 82, Thur\u00f8, 5700 Svendborg<\/td>\n<\/tr>\n<\/tbody>\n<\/table>\n<hr>\n<p><strong>HISTORIEN.<\/strong><\/p>\n<p style=\"text-align: justify;\">Efter at have kontaktbrygget i 2 \u00e5r har \u00d8-Bryg nu valgt at investere i eget bryghus.<\/p>\n<p style=\"text-align: justify;\">En tidligere k\u00f8bmandsbutik p\u00e5 Thur\u00f8 skal danne rammerne om bryggeriet. Bryganl\u00e6gget der skal installeres, er et anl\u00e6g som Erik Nielsen fra \u00d8-Bryg kender rigtigt godt. Det er det gamle anl\u00e6g fra Midtfyns Bryghus \u2013 endda samme anl\u00e6g som Erik brugte til den forbudte \u201dRough Snuff\u201d.<\/p>\n<p style=\"text-align: justify;\">Kapaciteten er p\u00e5 1.200 Liter\/bryg \u2013 og med en tankkapacitet p\u00e5 n\u00e6sten 13.000 liter<\/p>\n<p style=\"text-align: justify;\">B\u00e5de ejendom og bryganl\u00e6g tr\u00e6nger til en k\u00e6rlig h\u00e5nd, s\u00e5 der g\u00e5r lidt tid inden der skal brygges p\u00e5 Thur\u00f8.&nbsp;Det vil nemlig stadig v\u00e6re en bibesk\u00e6ftigelse\/hobby for Erik, som netop er g\u00e5et i gang med renoveringen med hj\u00e6lp fra familien, naboer og venner, s\u00e5 langt v\u00e6k fra som Holb\u00e6k<\/p>\n<p style=\"text-align: justify;\">Der er stor opbakning \u2013 folk her p\u00e5 Thur\u00f8 er meget begejstrede for at der sker noget p\u00e5 \u00f8en.&nbsp;Flere forbipasserende har v\u00e6ret helt indenfor, for at h\u00f8re hvad der foreg\u00e5r, og alle er meget positive<\/p>\n<p style=\"text-align: justify;\">Hele bryganl\u00e6gget blev flyttet fra Brobyv\u00e6rk til Thur\u00f8 i sidste weekend.&nbsp;Anl\u00e6ggets st\u00f8rrelse g\u00f8r at \u00d8-Bryg nu vil kunne im\u00f8dekomme \u00f8nsker fra restaurat\u00f8rer og bryggerier, om at lave mindre specialbryg og produktudviklingsopgaver.<\/p>\n<p style=\"text-align: justify;\">Ejendommens udformning g\u00f8r at bryganl\u00e6gget, kan opstilles efter principperne for et \u201dfritfaldsbryggeri\u201d hvilket betyder at \u00f8llet kan bev\u00e6ge sig frit og udelukkende ved hj\u00e6lp af tyngdekraften.<\/p>\n<p style=\"text-align: justify;\">Ud over bryggeriet skal der ogs\u00e5 v\u00e6re en lille butik med fynske specialiteter<br \/>\n(Kilde \u00d8-Bryg 11. nov. 2013)<\/p>\n<hr>\n<p><strong>ETIKETTERNE.<\/strong><\/p>\nngg_shortcode_0_placeholder\n<hr>\n<p><strong>ARTIKLER.<\/strong><\/p>\n<p>Der er ikke nogen informationer til dette punkt endnu.<\/p>\n<hr>\n<p><strong>ANDET.<\/strong><\/p>\n<p>Der er ikke nogen informationer til dette punkt endnu.<\/p>\n<hr>\n<p><strong>LITTERATUR.<\/strong><\/p>\n<p>Der er ikke nogen informationer til dette punkt endnu.<\/p>\n<hr>\n<p><strong>REKLAMER &#8211; HERUNDER REKLAME FILM.<\/strong><\/p>\n<p>Der er ikke nogen informationer til dette punkt endnu.<\/p>\n","protected":false},"excerpt":{"rendered":"<p>Thur\u00f8 Bryghus, 2011-? KORT INFO OM BRYGGERIET\/FABRIKKEN. &nbsp; Ejere. Erik Nielsen 2011-2022 Gurli Kampmann og Ask Wichmann 2022- Links. Ja Kendte adresser. Bergmannsvej 82, Thur\u00f8, 5700 Svendborg HISTORIEN. Efter at have kontaktbrygget i 2 \u00e5r har \u00d8-Bryg nu valgt at investere i eget bryghus. En tidligere k\u00f8bmandsbutik p\u00e5 Thur\u00f8 skal danne rammerne om bryggeriet. Bryganl\u00e6gget &hellip; <a href=\"https:\/\/bryg.2th.dk\/?page_id=8833\" class=\"more-link\">L\u00e6s videre <span class=\"screen-reader-text\">Thur\u00f8 Bryghus.<\/span> <span class=\"meta-nav\">&rarr;<\/span><\/a><\/p>\n","protected":false},"author":2,"featured_media":0,"parent":21,"menu_order":0,"comment_status":"closed","ping_status":"closed","template":"","meta":{"ngg_post_thumbnail":0,"footnotes":""},"categories":[157,53],"tags":[96],"class_list":["post-8833","page","type-page","status-publish","hentry","category-5700b","category-danske-bryggerier-danske-bryggerier","tag-dk_bryg"],"_links":{"self":[{"href":"https:\/\/bryg.2th.dk\/index.php?rest_route=\/wp\/v2\/pages\/8833","targetHints":{"allow":["GET"]}}],"collection":[{"href":"https:\/\/bryg.2th.dk\/index.php?rest_route=\/wp\/v2\/pages"}],"about":[{"href":"https:\/\/bryg.2th.dk\/index.php?rest_route=\/wp\/v2\/types\/page"}],"author":[{"embeddable":true,"href":"https:\/\/bryg.2th.dk\/index.php?rest_route=\/wp\/v2\/users\/2"}],"replies":[{"embeddable":true,"href":"https:\/\/bryg.2th.dk\/index.php?rest_route=%2Fwp%2Fv2%2Fcomments&post=8833"}],"version-history":[{"count":0,"href":"https:\/\/bryg.2th.dk\/index.php?rest_route=\/wp\/v2\/pages\/8833\/revisions"}],"up":[{"embeddable":true,"href":"https:\/\/bryg.2th.dk\/index.php?rest_route=\/wp\/v2\/pages\/21"}],"wp:attachment":[{"href":"https:\/\/bryg.2th.dk\/index.php?rest_route=%2Fwp%2Fv2%2Fmedia&parent=8833"}],"wp:term":[{"taxonomy":"category","embeddable":true,"href":"https:\/\/bryg.2th.dk\/index.php?rest_route=%2Fwp%2Fv2%2Fcategories&post=8833"},{"taxonomy":"post_tag","embeddable":true,"href":"https:\/\/bryg.2th.dk\/index.php?rest_route=%2Fwp%2Fv2%2Ftags&post=8833"}],"curies":[{"name":"wp","href":"https:\/\/api.w.org\/{rel}","templated":true}]}}