{"id":8809,"date":"2015-04-14T21:15:14","date_gmt":"2015-04-14T19:15:14","guid":{"rendered":"https:\/\/brygny.2th.dk\/?page_id=8809"},"modified":"2025-03-11T16:08:37","modified_gmt":"2025-03-11T15:08:37","slug":"bryggeriet-odin","status":"publish","type":"page","link":"https:\/\/bryg.2th.dk\/?page_id=8809","title":{"rendered":"Bryggeriet Odin"},"content":{"rendered":"<h3>A\/S Bryggeriet Odin, 1832-1988<\/h3>\n<hr>\n<p><strong>KORT INFO OM BRYGGERIET\/FABRIKKEN.<\/strong><\/p>\n<table>\n<tbody>\n<tr style=\"border-style: hidden;\">\n<td style=\"width: 40%;background-color: #d4e6d3; height: 18px; border-style: hidden;\" scope=\"row\">&nbsp;<\/td>\n<td style=\"width: 60%; height: 18px; border-style: hidden; vertical-align: top; background-color: #ededed;\" scope=\"row\"><strong>Ejere.<\/strong><\/td>\n<\/tr>\n<tr style=\"border-style: hidden;\">\n<td style=\"width: 40%;background-color: #d4e6d3; height: 233px; border-style: hidden;\" rowspan=\"4\" scope=\"row\"><img decoding=\"async\" class=\"ngg-singlepic ngg-none aligncenter\" src=\"https:\/\/bryg.2th.dk\/wp-content\/gallery\/bryggeri-logoer\/intet_logo.jpg\" alt=\"\" width=\"85%\" height=\"200\"><\/td>\n<td style=\"vertical-align: top; width: 60%; border-color: #000000; height: 179px; border-style: hidden; background-color: #ededed;\" scope=\"row\">Chresten Olesen, 1832-1847<br \/>\nChresten Olesen&#8217;s Enke, 1847-1850<br \/>\nCarsten Brodersen, 1850-1868<\/td>\n<\/tr>\n<tr style=\"border-style: hidden;\">\n<td style=\"vertical-align: top; width: 60%; border-color: #000000; height: 18px; border-style: hidden; background-color: #ededed;\"><strong>Links. <\/strong>Nej<\/td>\n<\/tr>\n<tr style=\"border-style: hidden;\">\n<td style=\"vertical-align: top; width: 60%; border-color: #000000; height: 18px; border-style: hidden; background-color: #ededed;\" scope=\"row\"><strong>Kendte adresser.<\/strong><\/td>\n<\/tr>\n<tr style=\"border-style: hidden;\">\n<td style=\"vertical-align: top; width: 60%; border-color: #000000; height: 18px; border-style: hidden; background-color: #ededed;\">Store Sct. Mikkels Gade 7, 8800 Viborg<\/td>\n<\/tr>\n<\/tbody>\n<\/table>\n<hr>\n<p><strong>HISTORIEN.<\/strong><\/p>\n<p style=\"text-align: justify;\">I 1832 grundlagde Chresten Olesen bryggeriet Odin i Store Sct. Mikkels Gade 7, og han drev det indtil sin d\u00f8d i 1847. Hans enke drev bryggeriet videre, indtil hun i 1850 solgte det til sin svigers\u00f8n, Carsten Brodersen, som \u00e5ret i forvejen havde erhvervet sig borgerskab som \u00f8lbrygger. Han stammede fra Slesvig og gav sig i kast med brygning af bayersk \u00f8l, men det gik ikke godt og efter forskellige ejerskifte br\u00e6ndte forhuset i 1865.<\/p>\n<p style=\"text-align: justify;\">I 1868 ejedes bryggeriet af cand. pharm. Theodor Lillienskjold og blev lovformeligt d\u00f8bt &#8220;Odin&#8221;. Efter at have frigjort en del af forhusets k\u00e6lder udlejede Lillienskjold disse rum til restaurat\u00f8r M. Elsas, som her \u00e5bnede \u00f8lhallen og restaurationen &#8220;Valhalla&#8221;. I mange \u00e5r blev \u00f8llet tappet p\u00e5 flasker direkte fra \u00f8lankre, men i 1885 anskaffede Lillienskjold en dampmaskine, fremstillet af maskinfabrikant Peter Schneevoigt. I 1899 overgik bryggeriet til et aktieselskab med C. E. Pehrsson som administrerende direkt\u00f8r til hans d\u00f8d i 1923. Efter Pehrsson blev k\u00f8bmand Peter Hviid direkt\u00f8r, indtil han blev afl\u00f8st af cand. pharm. Carl Mordhorst i 1937, som blev p\u00e5 posten indtil udgangen af 1967, hvorefter hans s\u00f8n Stefan Mordhorst overtog direkt\u00f8rposten.<\/p>\n<p style=\"text-align: justify;\">I 1977 flyttede bryggeriet Odin ud i nye bygninger p\u00e5 et 12.000 kvadratmeter stort areal i det nye industriomr\u00e5de mod vest ved Fan\u00f8vej. \u00c5ret efter blev Odin et datterselskab af Faxe Bryggeri A\/S. I for\u00e5ret 1982 oph\u00f8rte Odin med at producere &#8220;Prinsens Bryg&#8221;, efter 17 \u00e5r, for at blive afl\u00f8st af en pilsner med navnet &#8220;Viborg Pilsner&#8221;, men i 1988 holdt Faxe helt op med at brygge \u00f8l i Viborg og Danmarks \u00e6ldste bryghus lukkede efter 156 \u00e5rs \u00f8lbrygning. (kilde: Viborg historie.dk)<\/p>\n<hr>\n<p><strong>ETIKETTERNE.<\/strong><\/p>\nngg_shortcode_0_placeholder\n<hr>\n<p><strong>ARTIKLER.<\/strong><\/p>\n<p>Der er ikke nogen informationer til dette punkt endnu.<\/p>\n<hr>\n<p><strong>ANDET.<\/strong><\/p>\n<p>Der er ikke nogen informationer til dette punkt endnu.<\/p>\n<hr>\n<p><strong>LITTERATUR.<\/strong><\/p>\n<p>Der er ikke nogen informationer til dette punkt endnu.<\/p>\n<hr>\n<p><strong>REKLAMER &#8211; HERUNDER REKLAME FILM.<\/strong><\/p>\n<p>Der er ikke nogen informationer til dette punkt endnu.<\/p>\n","protected":false},"excerpt":{"rendered":"<p>A\/S Bryggeriet Odin, 1832-1988 KORT INFO OM BRYGGERIET\/FABRIKKEN. &nbsp; Ejere. Chresten Olesen, 1832-1847 Chresten Olesen&#8217;s Enke, 1847-1850 Carsten Brodersen, 1850-1868 Links. Nej Kendte adresser. Store Sct. Mikkels Gade 7, 8800 Viborg HISTORIEN. I 1832 grundlagde Chresten Olesen bryggeriet Odin i Store Sct. Mikkels Gade 7, og han drev det indtil sin d\u00f8d i 1847. Hans &hellip; <a href=\"https:\/\/bryg.2th.dk\/?page_id=8809\" class=\"more-link\">L\u00e6s videre <span class=\"screen-reader-text\">Bryggeriet Odin<\/span> <span class=\"meta-nav\">&rarr;<\/span><\/a><\/p>\n","protected":false},"author":2,"featured_media":0,"parent":1112,"menu_order":0,"comment_status":"closed","ping_status":"closed","template":"","meta":{"ngg_post_thumbnail":0,"footnotes":""},"categories":[375,53],"tags":[96],"class_list":["post-8809","page","type-page","status-publish","hentry","category-8800b","category-danske-bryggerier-danske-bryggerier","tag-dk_bryg"],"_links":{"self":[{"href":"https:\/\/bryg.2th.dk\/index.php?rest_route=\/wp\/v2\/pages\/8809","targetHints":{"allow":["GET"]}}],"collection":[{"href":"https:\/\/bryg.2th.dk\/index.php?rest_route=\/wp\/v2\/pages"}],"about":[{"href":"https:\/\/bryg.2th.dk\/index.php?rest_route=\/wp\/v2\/types\/page"}],"author":[{"embeddable":true,"href":"https:\/\/bryg.2th.dk\/index.php?rest_route=\/wp\/v2\/users\/2"}],"replies":[{"embeddable":true,"href":"https:\/\/bryg.2th.dk\/index.php?rest_route=%2Fwp%2Fv2%2Fcomments&post=8809"}],"version-history":[{"count":0,"href":"https:\/\/bryg.2th.dk\/index.php?rest_route=\/wp\/v2\/pages\/8809\/revisions"}],"up":[{"embeddable":true,"href":"https:\/\/bryg.2th.dk\/index.php?rest_route=\/wp\/v2\/pages\/1112"}],"wp:attachment":[{"href":"https:\/\/bryg.2th.dk\/index.php?rest_route=%2Fwp%2Fv2%2Fmedia&parent=8809"}],"wp:term":[{"taxonomy":"category","embeddable":true,"href":"https:\/\/bryg.2th.dk\/index.php?rest_route=%2Fwp%2Fv2%2Fcategories&post=8809"},{"taxonomy":"post_tag","embeddable":true,"href":"https:\/\/bryg.2th.dk\/index.php?rest_route=%2Fwp%2Fv2%2Ftags&post=8809"}],"curies":[{"name":"wp","href":"https:\/\/api.w.org\/{rel}","templated":true}]}}