{"id":8747,"date":"2015-04-12T21:35:52","date_gmt":"2015-04-12T19:35:52","guid":{"rendered":"https:\/\/brygny.2th.dk\/?page_id=8747"},"modified":"2025-03-12T08:58:32","modified_gmt":"2025-03-12T07:58:32","slug":"noerrebro-bryggeri","status":"publish","type":"page","link":"https:\/\/bryg.2th.dk\/?page_id=8747","title":{"rendered":"N\u00f8rrebro Bryggeri"},"content":{"rendered":"<h3>N\u00f8rrebro Bryggeri, 1911-1970<\/h3>\n<hr>\n<p><strong>KORT INFO OM BRYGGERIET\/FABRIKKEN.<\/strong><\/p>\n<table>\n<tbody>\n<tr style=\"border-style: hidden;\">\n<td style=\"width: 40%;background-color: #d4e6d3; height: 18px; border-style: hidden;\" scope=\"row\">&nbsp;<\/td>\n<td style=\"width: 60%; height: 18px; border-style: hidden; vertical-align: top; background-color: #ededed;\" scope=\"row\"><strong>Ejere.<\/strong><\/td>\n<\/tr>\n<tr style=\"border-style: hidden;\">\n<td style=\"width: 40%;background-color: #d4e6d3; height: 233px; border-style: hidden;\" rowspan=\"4\" scope=\"row\"><img decoding=\"async\" class=\"ngg-singlepic ngg-none aligncenter\" src=\"https:\/\/bryg.2th.dk\/wp-content\/gallery\/bryggeri-logoer\/intet_logo.jpg\" alt=\"\" width=\"85%\" height=\"200\"><\/td>\n<td style=\"vertical-align: top; width: 60%; border-color: #000000; height: 179px; border-style: hidden; background-color: #ededed;\" scope=\"row\">Rasmus J. Rasmussen 1911-1924<br \/>\nHenrik Christensen 1924-1961<br \/>\nCarl Henning Christensen 1961-1970<\/td>\n<\/tr>\n<tr style=\"border-style: hidden;\">\n<td style=\"vertical-align: top; width: 60%; border-color: #000000; height: 18px; border-style: hidden; background-color: #ededed;\"><strong>Links. <\/strong>Nej<\/td>\n<\/tr>\n<tr style=\"border-style: hidden;\">\n<td style=\"vertical-align: top; width: 60%; border-color: #000000; height: 18px; border-style: hidden; background-color: #ededed;\" scope=\"row\"><strong>Kendte adresser.<\/strong><\/td>\n<\/tr>\n<tr style=\"border-style: hidden;\">\n<td style=\"vertical-align: top; width: 60%; border-color: #000000; height: 18px; border-style: hidden; background-color: #ededed;\">N\u00f8rrebro 110, 5900 Rudk\u00f8bing<\/td>\n<\/tr>\n<\/tbody>\n<\/table>\n<hr>\n<p><strong>HISTORIEN.<\/strong><\/p>\n<p style=\"text-align: justify;\">Bygningen blev opf\u00f8rt i ca. 1889. 1961 overdrager HC bryggeriet til sin s\u00f8n CHC og 5 \u00e5r efter d\u00f8r HC 77 \u00e5r gammel. Desuden var bryggeriet ogs\u00e5 depot for Carlsberg i perioden 1924 til 1970.<\/p>\n<hr>\n<p><strong>ETIKETTERNE.<\/strong><\/p>\nngg_shortcode_0_placeholder\n<hr>\n<p><strong>ARTIKLER.<\/strong><\/p>\n<p>Der er ikke nogen informationer til dette punkt endnu.<\/p>\n<hr>\n<p><strong>ANDET.<\/strong><\/p>\n<p>Der er ikke nogen informationer til dette punkt endnu.<\/p>\n<hr>\n<p><strong>LITTERATUR.<\/strong><\/p>\n<p>Der er ikke nogen informationer til dette punkt endnu.<\/p>\n<hr>\n<p><strong>REKLAMER &#8211; HERUNDER REKLAME FILM.<\/strong><\/p>\n<p>Der er ikke nogen informationer til dette punkt endnu.<\/p>\n","protected":false},"excerpt":{"rendered":"<p>N\u00f8rrebro Bryggeri, 1911-1970 KORT INFO OM BRYGGERIET\/FABRIKKEN. &nbsp; Ejere. Rasmus J. Rasmussen 1911-1924 Henrik Christensen 1924-1961 Carl Henning Christensen 1961-1970 Links. Nej Kendte adresser. N\u00f8rrebro 110, 5900 Rudk\u00f8bing HISTORIEN. Bygningen blev opf\u00f8rt i ca. 1889. 1961 overdrager HC bryggeriet til sin s\u00f8n CHC og 5 \u00e5r efter d\u00f8r HC 77 \u00e5r gammel. Desuden var bryggeriet &hellip; <a href=\"https:\/\/bryg.2th.dk\/?page_id=8747\" class=\"more-link\">L\u00e6s videre <span class=\"screen-reader-text\">N\u00f8rrebro Bryggeri<\/span> <span class=\"meta-nav\">&rarr;<\/span><\/a><\/p>\n","protected":false},"author":2,"featured_media":0,"parent":21,"menu_order":0,"comment_status":"closed","ping_status":"closed","template":"","meta":{"ngg_post_thumbnail":0,"footnotes":""},"categories":[163,53],"tags":[96],"class_list":["post-8747","page","type-page","status-publish","hentry","category-5900b","category-danske-bryggerier-danske-bryggerier","tag-dk_bryg"],"_links":{"self":[{"href":"https:\/\/bryg.2th.dk\/index.php?rest_route=\/wp\/v2\/pages\/8747","targetHints":{"allow":["GET"]}}],"collection":[{"href":"https:\/\/bryg.2th.dk\/index.php?rest_route=\/wp\/v2\/pages"}],"about":[{"href":"https:\/\/bryg.2th.dk\/index.php?rest_route=\/wp\/v2\/types\/page"}],"author":[{"embeddable":true,"href":"https:\/\/bryg.2th.dk\/index.php?rest_route=\/wp\/v2\/users\/2"}],"replies":[{"embeddable":true,"href":"https:\/\/bryg.2th.dk\/index.php?rest_route=%2Fwp%2Fv2%2Fcomments&post=8747"}],"version-history":[{"count":0,"href":"https:\/\/bryg.2th.dk\/index.php?rest_route=\/wp\/v2\/pages\/8747\/revisions"}],"up":[{"embeddable":true,"href":"https:\/\/bryg.2th.dk\/index.php?rest_route=\/wp\/v2\/pages\/21"}],"wp:attachment":[{"href":"https:\/\/bryg.2th.dk\/index.php?rest_route=%2Fwp%2Fv2%2Fmedia&parent=8747"}],"wp:term":[{"taxonomy":"category","embeddable":true,"href":"https:\/\/bryg.2th.dk\/index.php?rest_route=%2Fwp%2Fv2%2Fcategories&post=8747"},{"taxonomy":"post_tag","embeddable":true,"href":"https:\/\/bryg.2th.dk\/index.php?rest_route=%2Fwp%2Fv2%2Ftags&post=8747"}],"curies":[{"name":"wp","href":"https:\/\/api.w.org\/{rel}","templated":true}]}}