{"id":8745,"date":"2015-04-12T21:32:56","date_gmt":"2015-04-12T19:32:56","guid":{"rendered":"https:\/\/brygny.2th.dk\/?page_id=8745"},"modified":"2025-07-15T15:30:23","modified_gmt":"2025-07-15T13:30:23","slug":"noerrebro-bryghus","status":"publish","type":"page","link":"https:\/\/bryg.2th.dk\/?page_id=8745","title":{"rendered":"N\u00f8rrebro Bryghus"},"content":{"rendered":"<h3>N\u00f8rrebro Bryghus. K\u00f8benhavn &#8211; 2002-?<\/h3>\n<hr>\n<p><strong>KORT INFO OM BRYGGERIET\/FABRIKKEN.<\/strong><\/p>\n<table>\n<tbody>\n<tr style=\"border-style: hidden;\">\n<td style=\"width: 40%;background-color: #d4e6d3; height: 18px; border-style: hidden;\" scope=\"row\">&nbsp;<\/td>\n<td style=\"width: 60%; height: 18px; border-style: hidden; vertical-align: top; background-color: #ededed;\" scope=\"row\"><strong>Ejere.<\/strong><\/td>\n<\/tr>\n<tr style=\"border-style: hidden;\">\n<td style=\"width: 40%;background-color: #d4e6d3; height: 233px; border-style: hidden;\" rowspan=\"4\" scope=\"row\"><img decoding=\"async\" class=\"ngg-singlepic ngg-none aligncenter\" src=\"https:\/\/bryg.2th.dk\/wp-content\/gallery\/bryggeri-logoer\/noerrebro_logo.jpg\" alt=\"\" width=\"85%\" height=\"200\"><\/td>\n<td style=\"vertical-align: top; width: 60%; border-color: #000000; height: 179px; border-style: hidden; background-color: #ededed;\" scope=\"row\">N\u00f8rrebro Bryghus 2002-2023<br \/>\nUnibrew 2023-<\/td>\n<\/tr>\n<tr style=\"border-style: hidden;\">\n<td style=\"vertical-align: top; width: 60%; border-color: #000000; height: 18px; border-style: hidden; background-color: #ededed;\"><strong>Links. <\/strong><a href=\"https:\/\/noerrebrobryghus.dk\/\" target=\"_blank\" rel=\"noopener noreferrer\">Ja<\/a><\/td>\n<\/tr>\n<tr style=\"border-style: hidden;\">\n<td style=\"vertical-align: top; width: 60%; border-color: #000000; height: 18px; border-style: hidden; background-color: #ededed;\" scope=\"row\"><strong>Kendte adresser.<\/strong><\/td>\n<\/tr>\n<tr style=\"border-style: hidden;\">\n<td style=\"vertical-align: top; width: 60%; border-color: #000000; height: 18px; border-style: hidden; background-color: #ededed;\">Ryesgade 3, 2200 K\u00f8benhavn N<\/td>\n<\/tr>\n<\/tbody>\n<\/table>\n<hr>\n<p><strong>HISTORIEN.<\/strong><\/p>\n<p style=\"text-align: justify;\">N\u00f8rrebro Bryghus har til huse i en tidligere metalvarefabrik fra 1857 i Ryesgade p\u00e5 N\u00f8rrebro. Det \u00e5bnede i september 2003 et bryghus med restaurant p\u00e5 1. sal og \u00f8lbar i k\u00e6lderen. Bag N\u00f8rrebro Bryghus st\u00e5r bl.a. Anders Kissmeyer, som har v\u00e6ret brygmester hos Carlsberg i 16 \u00e5r. Han har ansvaret for det \u00f8l, som bliver brygget i de store tanke, som st\u00e5r i den ene ende af bryghuset.<\/p>\n<p style=\"text-align: justify;\">I januar 2023, k\u00f8bte Unibrew bryghuset for ikke oplyst bel\u00f8b, og dermed blev bryghuset en del af den voksende familie, som efterh\u00e5nden t\u00e6ller nogle stykker.<\/p>\n<hr>\n<p><strong>ETIKETTERNE.<\/strong><\/p>\n<p>Der er ikke nogen informationer til dette punkt endnu.<\/p>\n<hr>\n<p><strong>ARTIKLER.<\/strong><\/p>\n<ul class=\"display-posts-listing\"><li class=\"listing-item\"><a class=\"title\" href=\"https:\/\/bryg.2th.dk\/?p=30654\">Royal Unibrew k\u00f8ber N\u00f8rrebro Bryghus<\/a><\/li><\/ul>\n<hr>\n<p><strong>ANDET.<\/strong><\/p>\n<p>Der er ikke nogen informationer til dette punkt endnu.<\/p>\n<hr>\n<p><strong>LITTERATUR.<\/strong><\/p>\n<p>Der er ikke nogen informationer til dette punkt endnu.<\/p>\n<hr>\n<p><strong>REKLAMER &#8211; HERUNDER REKLAME FILM.<\/strong><\/p>\n<p>Der er ikke nogen informationer til dette punkt endnu.<\/p>\n","protected":false},"excerpt":{"rendered":"<p>N\u00f8rrebro Bryghus. K\u00f8benhavn &#8211; 2002-? KORT INFO OM BRYGGERIET\/FABRIKKEN. &nbsp; Ejere. N\u00f8rrebro Bryghus 2002-2023 Unibrew 2023- Links. Ja Kendte adresser. Ryesgade 3, 2200 K\u00f8benhavn N HISTORIEN. N\u00f8rrebro Bryghus har til huse i en tidligere metalvarefabrik fra 1857 i Ryesgade p\u00e5 N\u00f8rrebro. Det \u00e5bnede i september 2003 et bryghus med restaurant p\u00e5 1. sal og \u00f8lbar &hellip; <a href=\"https:\/\/bryg.2th.dk\/?p=30654\" class=\"more-link\">L\u00e6s videre <span class=\"screen-reader-text\">Royal Unibrew k\u00f8ber N\u00f8rrebro Bryghus<\/span> <span class=\"meta-nav\">&rarr;<\/span><\/a><\/p>\n","protected":false},"author":2,"featured_media":0,"parent":1108,"menu_order":0,"comment_status":"closed","ping_status":"closed","template":"","meta":{"ngg_post_thumbnail":0,"footnotes":""},"categories":[471,53],"tags":[96],"class_list":["post-8745","page","type-page","status-publish","hentry","category-2000b","category-danske-bryggerier-danske-bryggerier","tag-dk_bryg"],"_links":{"self":[{"href":"https:\/\/bryg.2th.dk\/index.php?rest_route=\/wp\/v2\/pages\/8745","targetHints":{"allow":["GET"]}}],"collection":[{"href":"https:\/\/bryg.2th.dk\/index.php?rest_route=\/wp\/v2\/pages"}],"about":[{"href":"https:\/\/bryg.2th.dk\/index.php?rest_route=\/wp\/v2\/types\/page"}],"author":[{"embeddable":true,"href":"https:\/\/bryg.2th.dk\/index.php?rest_route=\/wp\/v2\/users\/2"}],"replies":[{"embeddable":true,"href":"https:\/\/bryg.2th.dk\/index.php?rest_route=%2Fwp%2Fv2%2Fcomments&post=8745"}],"version-history":[{"count":0,"href":"https:\/\/bryg.2th.dk\/index.php?rest_route=\/wp\/v2\/pages\/8745\/revisions"}],"up":[{"embeddable":true,"href":"https:\/\/bryg.2th.dk\/index.php?rest_route=\/wp\/v2\/pages\/1108"}],"wp:attachment":[{"href":"https:\/\/bryg.2th.dk\/index.php?rest_route=%2Fwp%2Fv2%2Fmedia&parent=8745"}],"wp:term":[{"taxonomy":"category","embeddable":true,"href":"https:\/\/bryg.2th.dk\/index.php?rest_route=%2Fwp%2Fv2%2Fcategories&post=8745"},{"taxonomy":"post_tag","embeddable":true,"href":"https:\/\/bryg.2th.dk\/index.php?rest_route=%2Fwp%2Fv2%2Ftags&post=8745"}],"curies":[{"name":"wp","href":"https:\/\/api.w.org\/{rel}","templated":true}]}}