{"id":8743,"date":"2015-04-12T21:30:33","date_gmt":"2015-04-12T19:30:33","guid":{"rendered":"https:\/\/brygny.2th.dk\/?page_id=8743"},"modified":"2025-03-13T21:14:53","modified_gmt":"2025-03-13T20:14:53","slug":"bryghuset-nygade-no-5","status":"publish","type":"page","link":"https:\/\/bryg.2th.dk\/?page_id=8743","title":{"rendered":"Bryghuset Nygade No. 5"},"content":{"rendered":"<h3>Bryghuset Nygade No. 5, 2008-2010<\/h3>\n<hr>\n<p><strong>KORT INFO OM BRYGGERIET\/FABRIKKEN.<\/strong><\/p>\n<table>\n<tbody>\n<tr style=\"border-style: hidden;\">\n<td style=\"width: 40%;background-color: #d4e6d3; height: 18px; border-style: hidden;\" scope=\"row\">&nbsp;<\/td>\n<td style=\"width: 60%; height: 18px; border-style: hidden; vertical-align: top; background-color: #ededed;\" scope=\"row\"><strong>Ejere.<\/strong><\/td>\n<\/tr>\n<tr style=\"border-style: hidden;\">\n<td style=\"width: 40%;background-color: #d4e6d3; height: 233px; border-style: hidden;\" rowspan=\"4\" scope=\"row\"><img decoding=\"async\" class=\"ngg-singlepic ngg-none aligncenter\" src=\"https:\/\/bryg.2th.dk\/wp-content\/gallery\/bryggeri-logoer\/no5_logo.jpg\" alt=\"\" width=\"85%\" height=\"200\"><\/td>\n<td style=\"vertical-align: top; width: 60%; border-color: #000000; height: 179px; border-style: hidden; background-color: #ededed;\" scope=\"row\">Jonas Kristjansen 2005-2010<br \/>\nFrederik Vallentin 2005-2010<\/td>\n<\/tr>\n<tr style=\"border-style: hidden;\">\n<td style=\"vertical-align: top; width: 60%; border-color: #000000; height: 18px; border-style: hidden; background-color: #ededed;\"><strong>Links. <\/strong>Nej<\/td>\n<\/tr>\n<tr style=\"border-style: hidden;\">\n<td style=\"vertical-align: top; width: 60%; border-color: #000000; height: 18px; border-style: hidden; background-color: #ededed;\" scope=\"row\"><strong>Kendte adresser.<\/strong><\/td>\n<\/tr>\n<tr style=\"border-style: hidden;\">\n<td style=\"vertical-align: top; width: 60%; border-color: #000000; height: 18px; border-style: hidden; background-color: #ededed;\">Nygade 5, 4300 Holb\u00e6k<\/td>\n<\/tr>\n<\/tbody>\n<\/table>\n<hr>\n<p><strong>HISTORIEN.<\/strong><\/p>\n<p style=\"text-align: justify;\">Mikrobryggeriet kom til verdenen i august 2005 med Elisabeth Gotschalck som brygmester. Bryggeriet blev etableret i k\u00e6lderen og med en urtekedel st\u00e5ende i restauranten som faktisk stadig st\u00e5r der idag. Bryggeriet fik navnet Holb\u00e6k Bryghus, og restauranten \u00e6ndrede samtidigt navn fra Cafe Nygade No5\u2019s til Bryghuset No5.<\/p>\n<p style=\"text-align: justify;\">1. februar 2010 overtog Jonas Kristjansen og Frederik Vallentin R\u00f8rvig Bryghus som vil blive viderf\u00f8rt under No5.<\/p>\n<p style=\"text-align: justify;\">I november 2010 stod det s\u00e5 klart at ejerne af bryghuset og No5 gik konkurs.<\/p>\n<hr>\n<p><strong>ETIKETTERNE.<\/strong><\/p>\n<p>Der er ikke nogen informationer til dette punkt endnu.<\/p>\n<hr>\n<p><strong>ARTIKLER.<\/strong><\/p>\n<p>Der er ikke nogen informationer til dette punkt endnu.<\/p>\n<hr>\n<p><strong>ANDET.<\/strong><\/p>\n<p>Der er ikke nogen informationer til dette punkt endnu.<\/p>\n<hr>\n<p><strong>LITTERATUR.<\/strong><\/p>\n<p>Der er ikke nogen informationer til dette punkt endnu.<\/p>\n<hr>\n<p><strong>REKLAMER &#8211; HERUNDER REKLAME FILM.<\/strong><\/p>\n<p>Der er ikke nogen informationer til dette punkt endnu.<\/p>\n","protected":false},"excerpt":{"rendered":"<p>Bryghuset Nygade No. 5, 2008-2010 KORT INFO OM BRYGGERIET\/FABRIKKEN. &nbsp; Ejere. Jonas Kristjansen 2005-2010 Frederik Vallentin 2005-2010 Links. Nej Kendte adresser. Nygade 5, 4300 Holb\u00e6k HISTORIEN. Mikrobryggeriet kom til verdenen i august 2005 med Elisabeth Gotschalck som brygmester. Bryggeriet blev etableret i k\u00e6lderen og med en urtekedel st\u00e5ende i restauranten som faktisk stadig st\u00e5r der &hellip; <a href=\"https:\/\/bryg.2th.dk\/?page_id=8743\" class=\"more-link\">L\u00e6s videre <span class=\"screen-reader-text\">Bryghuset Nygade No. 5<\/span> <span class=\"meta-nav\">&rarr;<\/span><\/a><\/p>\n","protected":false},"author":2,"featured_media":0,"parent":1068,"menu_order":0,"comment_status":"closed","ping_status":"closed","template":"","meta":{"ngg_post_thumbnail":0,"footnotes":""},"categories":[537,53],"tags":[96],"class_list":["post-8743","page","type-page","status-publish","hentry","category-4300b","category-danske-bryggerier-danske-bryggerier","tag-dk_bryg"],"_links":{"self":[{"href":"https:\/\/bryg.2th.dk\/index.php?rest_route=\/wp\/v2\/pages\/8743","targetHints":{"allow":["GET"]}}],"collection":[{"href":"https:\/\/bryg.2th.dk\/index.php?rest_route=\/wp\/v2\/pages"}],"about":[{"href":"https:\/\/bryg.2th.dk\/index.php?rest_route=\/wp\/v2\/types\/page"}],"author":[{"embeddable":true,"href":"https:\/\/bryg.2th.dk\/index.php?rest_route=\/wp\/v2\/users\/2"}],"replies":[{"embeddable":true,"href":"https:\/\/bryg.2th.dk\/index.php?rest_route=%2Fwp%2Fv2%2Fcomments&post=8743"}],"version-history":[{"count":0,"href":"https:\/\/bryg.2th.dk\/index.php?rest_route=\/wp\/v2\/pages\/8743\/revisions"}],"up":[{"embeddable":true,"href":"https:\/\/bryg.2th.dk\/index.php?rest_route=\/wp\/v2\/pages\/1068"}],"wp:attachment":[{"href":"https:\/\/bryg.2th.dk\/index.php?rest_route=%2Fwp%2Fv2%2Fmedia&parent=8743"}],"wp:term":[{"taxonomy":"category","embeddable":true,"href":"https:\/\/bryg.2th.dk\/index.php?rest_route=%2Fwp%2Fv2%2Fcategories&post=8743"},{"taxonomy":"post_tag","embeddable":true,"href":"https:\/\/bryg.2th.dk\/index.php?rest_route=%2Fwp%2Fv2%2Ftags&post=8743"}],"curies":[{"name":"wp","href":"https:\/\/api.w.org\/{rel}","templated":true}]}}