{"id":8721,"date":"2015-04-12T21:23:30","date_gmt":"2015-04-12T19:23:30","guid":{"rendered":"https:\/\/brygny.2th.dk\/?page_id=8721"},"modified":"2025-03-03T18:03:52","modified_gmt":"2025-03-03T17:03:52","slug":"nexoe-bryggeri","status":"publish","type":"page","link":"https:\/\/bryg.2th.dk\/?page_id=8721","title":{"rendered":"Nex\u00f8 Bryggeri"},"content":{"rendered":"<h3>Nex\u00f8 Bryggeri, <span class=\"st\">1865-1967<\/span><\/h3>\n<hr>\n<p><strong>KORT INFO OM BRYGGERIET\/FABRIKKEN.<\/strong><\/p>\n<table>\n<tbody>\n<tr style=\"border-style: hidden;\">\n<td style=\"width: 40%;background-color: #d4e6d3; height: 18px; border-style: hidden;\" scope=\"row\">&nbsp;<\/td>\n<td style=\"width: 60%; height: 18px; border-style: hidden; vertical-align: top; background-color: #ededed;\" scope=\"row\"><strong>Ejere.<\/strong><\/td>\n<\/tr>\n<tr style=\"border-style: hidden;\">\n<td style=\"width: 40%;background-color: #d4e6d3; height: 233px; border-style: hidden;\" rowspan=\"4\" scope=\"row\"><img decoding=\"async\" class=\"ngg-singlepic ngg-none aligncenter\" src=\"https:\/\/bryg.2th.dk\/wp-content\/gallery\/bryggeri-logoer\/intet_logo.jpg\" alt=\"\" width=\"85%\" height=\"200\"><\/td>\n<td style=\"vertical-align: top; width: 60%; border-color: #000000; height: 179px; border-style: hidden; background-color: #ededed;\" scope=\"row\">Nex\u00f8 Dampbr\u00e6nderi og \u00d8lbryggeri A\/S 1860-1865<br \/>\nNex\u00f8 Bryggeri: Hans Berg 1865-1905<br \/>\nNex\u00f8 Bryggeri: Peter Berg Sonne 1905-1928<br \/>\nNex\u00f8 Bryggeri: Hans Christian Sode 1928-1933<br \/>\nNex\u00f8 Bryggeri: Jens Larsen 1933<br \/>\nNex\u00f8 Bryggeri: Johannes Andersen 1933-ca. 1937<br \/>\nNex\u00f8 Bryggeri: Jens Johannes Kofoed, til 1940<br \/>\nNex\u00f8 Bryggeri: Peter Winther Sode 1940-1967<br \/>\nBornholms Bryggeri: Peter Winther Sode 1967-1970<\/td>\n<\/tr>\n<tr style=\"border-style: hidden;\">\n<td style=\"vertical-align: top; width: 60%; border-color: #000000; height: 18px; border-style: hidden; background-color: #ededed;\"><strong>Links. <\/strong>Nej<\/td>\n<\/tr>\n<tr style=\"border-style: hidden;\">\n<td style=\"vertical-align: top; width: 60%; border-color: #000000; height: 18px; border-style: hidden; background-color: #ededed;\" scope=\"row\"><strong>Kendte adresser.<\/strong><\/td>\n<\/tr>\n<tr style=\"border-style: hidden;\">\n<td style=\"vertical-align: top; width: 60%; border-color: #000000; height: 18px; border-style: hidden; background-color: #ededed;\">&#8211;<\/td>\n<\/tr>\n<\/tbody>\n<\/table>\n<hr>\n<p><strong>HISTORIEN.<\/strong><\/p>\n<p style=\"text-align: justify;\">Nex\u00f8 Bryggeri startede i 1861, selvom en annonce sagde at den faktisk begyndte den 20 april 1860, men bryggeriejer stod fast p\u00e5 at det f\u00f8rst begyndte den 20 maj 1861. I annoncen stod der: Nex\u00f8 \u00f8lbryggeri anbefaler sig med &#8211; dobbelt-bitter-\u00f8l (halv porter) a&#8217; 15 mark pr. kvart t\u00f8nde. Hvidt-\u00f8l nr. 1 a&#8217; 9 mark pr. kvart t\u00f8nde. Hvidt-\u00f8l nr. 2 a&#8217; 6 mark pr. kvart t\u00f8nde. Skibs-\u00f8l, a&#8217; 2 mark pr. kvart t\u00f8nde. Drikke, a&#8217; 2 mark pr. kvart t\u00f8nde.<\/p>\n<p style=\"text-align: justify;\">Samtlige \u00f8lsorter erholdes i hel og halvankere eller st\u00f8rre kar, hvilke uden godtg\u00f8relse udl\u00e5nes til bekendte k\u00f8bere, indtil \u00f8llet er forbrugt, imod at de tilbageleveres ubeskadigede. P\u00e5 samme vilk\u00e5r og til samme priser erholdes \u00f8llet hos dbtr. k\u00f8bmand M. Sonne i Svaneke og k\u00f8bmand Ludvig Dam i Aakirkeby, alene med et till\u00e6g af fire skilling helanker i transportgodtg\u00f8relse.<\/p>\n<p style=\"text-align: justify;\">NB. Dobbelt bitter \u00f8l kan f\u00f8rst f\u00e5s fra 1. maj af.<\/p>\n<p style=\"text-align: justify;\">Bryggeriet var de f\u00f8rste fire \u00e5r et interessentselskab. Det fort\u00e6ller en anden annonce i samme blad fra 5. januar 1865, da Hans Berg overtog virksomheden for egen regning. Da skulle enhver, der havde modtaget \u00f8ltr\u00e6er fra bryggeriet f\u00f8r 1. november 1864 og endnu var i besiddelse deraf, indelevere disse til bryggeriet eller dets udsalgssteder, da de skulle overleveres til den nye ejer. Annoncen var underskrevet af N. C. Bohn, H. J. Jansen og H. Berg.<\/p>\n<p style=\"text-align: justify;\">En tredje annonce fort\u00e6ller, at Hans Berg ikke beholdt brygmesteren, for brygger Petersen averterer, at han, p\u00e5 grund af bortrejse, den 7. december afholder auktion over indbo samt to sorte vallakker.<\/p>\n<p style=\"text-align: justify;\">Hans Berg, der overtog bryggeriet forstod at f\u00e5 oms\u00e6tningen op, i en skatteliste for \u00e5ret 1874 st\u00e5r han som den tredjest\u00f8rste skatteyder med en indt\u00e6gt p\u00e5 2466 rigsdaler og skulle heraf betale 118 rigsdaler og 16 skilling i skat.<\/p>\n<p style=\"text-align: justify;\">Radiumskilderne.<\/p>\n<p style=\"text-align: justify;\">Hans Berg d\u00f8de den 11. marts 1905, 85 \u00e5r gammel. Bryggeriet blev solgt til hans broderdatters\u00f8n Peter Berg Sonne.<\/p>\n<p style=\"text-align: justify;\">Under P. Berg Sonne optog bryggeriet ogs\u00e5 sodavandsfabrikationen. I 1920erne, da radiumkilderne red landet som en mare, var der en artikel om Hans Jacobskilde, der ejes af Nex\u00f8 Bryggeri, og som gennem mange \u00e5r har leveret vand til b\u00e5de bryggeriet og sodavandsfabrikken, hvor man fik at vide, at vandet fra denne kilde, efter unders\u00f8gelser foretaget af Steins laboratorium i november m\u00e5ned 1923, holdt 23 macheenheder, mens den f\u00f8rst opdagede radiumkilde p\u00e5 Bornholm, R\u00f8dbjerg kilden i Klemensker, kun havde 17&#8230; Dette store radiumindhold havde m\u00e5ske sin indflydelse p\u00e5 \u00f8llets kvalitet.<\/p>\n<p style=\"text-align: justify;\">Vanskeligheder og utr\u00e6ttelig indsats.<\/p>\n<p style=\"text-align: justify;\">I 1928 k\u00f8bte Hans Chr. Sode bryggeriet. Allerede i 1933 solgte han igen bryggeriet, der ikke gik s\u00e5 godt. Det var d\u00e5rlige tider p\u00e5 landet, og der var ingen penge til \u00f8l.<\/p>\n<p style=\"text-align: justify;\">I de kommende \u00e5r havde bryggeriet flere ejere, der havde deres spekulationer med at f\u00e5 det hele til at l\u00f8be rundt, og ingen blev gamle i g\u00e5rde.<\/p>\n<p style=\"text-align: justify;\">Bryggeriet kom f\u00f8rst igen i fremgang, da Peter Winther Sode overtog det den 1. november 1940. Den unge Sode og hans kone arbejdede utr\u00e6tteligt fra den tidlig morgen til den sene aften for at f\u00e5 det til at g\u00e5 rundt. Heldet stod dem bi. og de fik en blomstrende virksomhed. Men en formiddag i maj 1945 faldt der fem bomber p\u00e5 bryggeriets grund. Alle bygningerne blev n\u00e6sten lagt i grus, dog blev heldigvis stuehuset st\u00e5ende. De unge havde ikke tabt modet, for allerede to dage efter var man i gang med genopbygningen, og nu blev det hele moderniseret. Sct. Jacobskilden, der gennem s\u00e5 mange \u00e5r havde v\u00e6ret leverand\u00f8r af vand, m\u00e5tte man lukke af for i 1948, da den stigende bebyggelse medf\u00f8rte forurening af vandet.<\/p>\n<p style=\"text-align: justify;\">Det nuv\u00e6rende hus.<\/p>\n<p style=\"text-align: justify;\">Det nuv\u00e6rende stuehus er fra 1788, og er opf\u00f8rt af borgerkaptajn Hans Sonne, der var 54 \u00e5r gammel, da han lod det bygge. Det er 60 alen langt og er opf\u00f8rt i sv\u00e6rt eget\u00f8mmer. V\u00e6relserne er store og h\u00f8jloftede. De sv\u00e6re d\u00f8re med deres rigt profilerede indramning og sv\u00e6re messingbeslag er et kapitel for sig selv. Ud med gaden satte han den elegante sandstendstrappe i barok. Men dengang hed gaden ogs\u00e5 Kj\u00f8bmager-gaden, senere er den sunket ned til kun at hedde Storegade.<\/p>\n<p style=\"text-align: justify;\">De skader huset fik under bombardementet er forl\u00e6ngst udbederet, og P. W. Sode har med n\u00e6nsom h\u00e5nd gjort, hvad han kunne for at f\u00f8re det tilbage til sin oprindelige skikkelse.<\/p>\n<p style=\"text-align: justify;\">Bryggeriet og biler.<\/p>\n<p style=\"text-align: justify;\">Da P. W. Sode overtog bryggeriet, havde han kun en enkelt vogn til at bes\u00f8rge al udbringning af \u00f8l og sodavand. I 1961 havde bryggeriet tre biler, som k\u00f8rte hele, og i sommerperioden var der fire biler som bagte \u00f8l og sodavand ud til kunder p\u00e5 hele \u00f8en. Bryggeriet var ikke nok for P. W. Sodes energi. Snart fulgte forhandlingen af folkevognen VW. Siden den f\u00f8rste folkevogn var solgt til dr. Hein, er der solgt 400 af denne vogn. \u00c5ret efter at Sode fik folkevognforhandlingen, fik han ogs\u00e5 forhandlingen af Volvo, som sker fra en filial i R\u00f8nne. Af dette m\u00e6rke er der ogs\u00e5 solgt 400 stykker, og gdr. Anker Kj\u00f8ller, Smedeg\u00e5rd i R\u00f8, k\u00f8bte den f\u00f8rste<\/p>\n<p style=\"text-align: justify;\">I virksomheden var der i alt besk\u00e6ftiget 26 mennesker, deraf de ti i bryggeriet.<\/p>\n<p style=\"text-align: justify;\">Med undtagelse af stuehuset er alle bygninger nybyggede, og huser kontorer, udstillingslokaler, servicev\u00e6rksteder, reservedelslager, bryggeri og sodavandsfabrik.<\/p>\n<p style=\"text-align: justify;\">Bryggeriet standsede sin produktion i 1970 efter at havde v\u00e6ret i god g\u00e6nge i en \u00e5rr\u00e6kke. Men P. W. Sode s\u00e5 hvor det bar hen. Mange mindre provinsbryggerier og sodavandsfabrikker havde allerede givet op og flere fulgte efter. De store bryggerier satte sig p\u00e5 hele markedet. I dag minder kun bygningerne og enkelte stykker inventar om den tid, da godtfolk kunne slukke t\u00f8rsten i Nex\u00f8 bryg.<\/p>\n<hr>\n<p><strong>ETIKETTERNE.<\/strong><\/p>\n<p>Der er ikke nogen informationer til dette punkt endnu.<\/p>\n<hr>\n<p><strong>ARTIKLER.<\/strong><\/p>\n<p>Der er ikke nogen informationer til dette punkt endnu.<\/p>\n<hr>\n<p><strong>ANDET.<\/strong><\/p>\n<p>Der er ikke nogen informationer til dette punkt endnu.<\/p>\n<hr>\n<p><strong>LITTERATUR.<\/strong><\/p>\n<p>Der er ikke nogen informationer til dette punkt endnu.<\/p>\n<hr>\n<p><strong>REKLAMER &#8211; HERUNDER REKLAME FILM.<\/strong><\/p>\n<p>Der er ikke nogen informationer til dette punkt endnu.<\/p>\n","protected":false},"excerpt":{"rendered":"<p>Nex\u00f8 Bryggeri, 1865-1967 KORT INFO OM BRYGGERIET\/FABRIKKEN. &nbsp; Ejere. Nex\u00f8 Dampbr\u00e6nderi og \u00d8lbryggeri A\/S 1860-1865 Nex\u00f8 Bryggeri: Hans Berg 1865-1905 Nex\u00f8 Bryggeri: Peter Berg Sonne 1905-1928 Nex\u00f8 Bryggeri: Hans Christian Sode 1928-1933 Nex\u00f8 Bryggeri: Jens Larsen 1933 Nex\u00f8 Bryggeri: Johannes Andersen 1933-ca. 1937 Nex\u00f8 Bryggeri: Jens Johannes Kofoed, til 1940 Nex\u00f8 Bryggeri: Peter Winther Sode &hellip; <a href=\"https:\/\/bryg.2th.dk\/?page_id=8721\" class=\"more-link\">L\u00e6s videre <span class=\"screen-reader-text\">Nex\u00f8 Bryggeri<\/span> <span class=\"meta-nav\">&rarr;<\/span><\/a><\/p>\n","protected":false},"author":2,"featured_media":0,"parent":1047,"menu_order":0,"comment_status":"closed","ping_status":"closed","template":"","meta":{"ngg_post_thumbnail":0,"footnotes":""},"categories":[465,53],"tags":[96],"class_list":["post-8721","page","type-page","status-publish","hentry","category-3730b","category-danske-bryggerier-danske-bryggerier","tag-dk_bryg"],"_links":{"self":[{"href":"https:\/\/bryg.2th.dk\/index.php?rest_route=\/wp\/v2\/pages\/8721","targetHints":{"allow":["GET"]}}],"collection":[{"href":"https:\/\/bryg.2th.dk\/index.php?rest_route=\/wp\/v2\/pages"}],"about":[{"href":"https:\/\/bryg.2th.dk\/index.php?rest_route=\/wp\/v2\/types\/page"}],"author":[{"embeddable":true,"href":"https:\/\/bryg.2th.dk\/index.php?rest_route=\/wp\/v2\/users\/2"}],"replies":[{"embeddable":true,"href":"https:\/\/bryg.2th.dk\/index.php?rest_route=%2Fwp%2Fv2%2Fcomments&post=8721"}],"version-history":[{"count":0,"href":"https:\/\/bryg.2th.dk\/index.php?rest_route=\/wp\/v2\/pages\/8721\/revisions"}],"up":[{"embeddable":true,"href":"https:\/\/bryg.2th.dk\/index.php?rest_route=\/wp\/v2\/pages\/1047"}],"wp:attachment":[{"href":"https:\/\/bryg.2th.dk\/index.php?rest_route=%2Fwp%2Fv2%2Fmedia&parent=8721"}],"wp:term":[{"taxonomy":"category","embeddable":true,"href":"https:\/\/bryg.2th.dk\/index.php?rest_route=%2Fwp%2Fv2%2Fcategories&post=8721"},{"taxonomy":"post_tag","embeddable":true,"href":"https:\/\/bryg.2th.dk\/index.php?rest_route=%2Fwp%2Fv2%2Ftags&post=8721"}],"curies":[{"name":"wp","href":"https:\/\/api.w.org\/{rel}","templated":true}]}}