{"id":8192,"date":"2015-04-12T20:04:41","date_gmt":"2015-04-12T18:04:41","guid":{"rendered":"https:\/\/brygny.2th.dk\/?page_id=8192"},"modified":"2025-03-08T20:07:48","modified_gmt":"2025-03-08T19:07:48","slug":"loekken-ny-bryghus-aps","status":"publish","type":"page","link":"https:\/\/bryg.2th.dk\/?page_id=8192","title":{"rendered":"L\u00f8kken Ny Bryghus ApS"},"content":{"rendered":"<h3>L\u00f8kken Ny Bryghus ApS, 2006-?<\/h3>\n<hr>\n<p><strong>KORT INFO OM BRYGGERIET\/FABRIKKEN.<\/strong><\/p>\n<table>\n<tbody>\n<tr style=\"border-style: hidden;\">\n<td style=\"width: 40%;background-color: #d4e6d3; height: 18px; border-style: hidden;\" scope=\"row\">&nbsp;<\/td>\n<td style=\"width: 60%; height: 18px; border-style: hidden; vertical-align: top; background-color: #ededed;\" scope=\"row\"><strong>Ejere.<\/strong><\/td>\n<\/tr>\n<tr style=\"border-style: hidden;\">\n<td style=\"width: 40%;background-color: #d4e6d3; height: 233px; border-style: hidden;\" rowspan=\"4\" scope=\"row\"><img decoding=\"async\" class=\"ngg-singlepic ngg-none aligncenter\" src=\"https:\/\/bryg.2th.dk\/wp-content\/gallery\/bryggeri-logoer\/loekken_logo_2.jpg\" alt=\"\" width=\"85%\" height=\"200\"><\/td>\n<td style=\"vertical-align: top; width: 60%; border-color: #000000; height: 179px; border-style: hidden; background-color: #ededed;\" scope=\"row\">L\u00f8kken Bryghus ApS 2006-2011<br \/>\nL\u00f8kken Ny Bryghus ApS 2012-2022<br \/>\nToo Old To Die Young, 2022-2024<br \/>\nKent &amp; Louise Bastian Boalt 2024-<\/td>\n<\/tr>\n<tr style=\"border-style: hidden;\">\n<td style=\"vertical-align: top; width: 60%; border-color: #000000; height: 18px; border-style: hidden; background-color: #ededed;\"><strong>Links. <\/strong><a href=\"https:\/\/loekkenbryggeri.dk\/\" target=\"_blank\" rel=\"noopener\">Ja<\/a><\/td>\n<\/tr>\n<tr style=\"border-style: hidden;\">\n<td style=\"vertical-align: top; width: 60%; border-color: #000000; height: 18px; border-style: hidden; background-color: #ededed;\" scope=\"row\"><strong>Kendte adresser.<\/strong><\/td>\n<\/tr>\n<tr style=\"border-style: hidden;\">\n<td style=\"vertical-align: top; width: 60%; border-color: #000000; height: 18px; border-style: hidden; background-color: #ededed;\">Kjelgaards Plads 5, 9480 L\u00f8kken<br \/>\nVrenstedvej 12, 9480 L\u00f8kken<\/td>\n<\/tr>\n<\/tbody>\n<\/table>\n<hr>\n<p><strong>HISTORIEN.<\/strong><\/p>\n<p style=\"text-align: justify;\">Det har ikke v\u00e6ret let for L\u00f8kken Bryghus den seneste tid. Bryghuset blev stiftet i 2006, men krisen har haft sit tag i virksomheden siden. L\u00f8kken Bryghus kom ud af 2010 med et underskud p\u00e5 n\u00e6sten 1,7 mio. kr., og det lykkedes ikke bryghuset at komme af med de r\u00f8de tal, f\u00f8r det var for sent. Skifteretten i Hj\u00f8rring har derfor i oktober 2011 erkl\u00e6ret L\u00f8kken Bryghus ApS konkurs. I december 2011 var lokale investorer med Jyske Bank i ryggen, har de overtaget produktionsanl\u00e6g og rettighederne til navnet L\u00f8kken-\u00d8l.<\/p>\n<p style=\"text-align: justify;\">Brygmesteren er den samme, men navnet p\u00e5 bryghuset er \u00e6ndret til L\u00f8kken Nye Bryghus.<\/p>\n<p style=\"text-align: justify;\">Den 11. april blev bryggeriet igen erkl\u00e6ret konkurs, og ved \u00e5rsskiftet til 2023 overtog mikrobryggeri Too Old To Die Young, bryggeriet.<\/p>\n<p style=\"text-align: justify;\">Det varede ikke s\u00e5 l\u00e6nge f\u00f8r at bryggeriet igen blev solgt til brygmesteren p\u00e5 Vraa Bryggeri, Kent Bastian Boalth (53 \u00e5r) og hans kone Louise Bastian Boalt (47 \u00e5r)<\/p>\n<hr>\n<p><strong>ETIKETTERNE.<\/strong><\/p>\nngg_shortcode_0_placeholder\n<hr>\n<p><strong>ARTIKLER.<\/strong><\/p>\n<ul class=\"display-posts-listing\"><li class=\"listing-item\"><a class=\"title\" href=\"https:\/\/bryg.2th.dk\/?p=6376\">Vandt retten til Stygge Krumpen-\u00f8l<\/a><\/li><\/ul>\n<hr>\n<p><strong>ANDET.<\/strong><\/p>\n<p>Der er ikke nogen informationer til dette punkt endnu.<\/p>\n<hr>\n<p><strong>LITTERATUR.<\/strong><\/p>\n<p>Der er ikke nogen informationer til dette punkt endnu.<\/p>\n<hr>\n<p><strong>REKLAMER &#8211; HERUNDER REKLAME FILM.<\/strong><\/p>\n<p>Der er ikke nogen informationer til dette punkt endnu.<\/p>\n","protected":false},"excerpt":{"rendered":"<p>L\u00f8kken Ny Bryghus ApS, 2006-? KORT INFO OM BRYGGERIET\/FABRIKKEN. &nbsp; Ejere. L\u00f8kken Bryghus ApS 2006-2011 L\u00f8kken Ny Bryghus ApS 2012-2022 Too Old To Die Young, 2022-2024 Kent &amp; Louise Bastian Boalt 2024- Links. Ja Kendte adresser. Kjelgaards Plads 5, 9480 L\u00f8kken Vrenstedvej 12, 9480 L\u00f8kken HISTORIEN. Det har ikke v\u00e6ret let for L\u00f8kken Bryghus den &hellip; <a href=\"https:\/\/bryg.2th.dk\/?p=6376\" class=\"more-link\">L\u00e6s videre <span class=\"screen-reader-text\">Vandt retten til Stygge Krumpen-\u00f8l<\/span> <span class=\"meta-nav\">&rarr;<\/span><\/a><\/p>\n","protected":false},"author":2,"featured_media":0,"parent":1114,"menu_order":0,"comment_status":"closed","ping_status":"closed","template":"","meta":{"ngg_post_thumbnail":0,"footnotes":""},"categories":[415,53],"tags":[96],"class_list":["post-8192","page","type-page","status-publish","hentry","category-9760b","category-danske-bryggerier-danske-bryggerier","tag-dk_bryg"],"_links":{"self":[{"href":"https:\/\/bryg.2th.dk\/index.php?rest_route=\/wp\/v2\/pages\/8192","targetHints":{"allow":["GET"]}}],"collection":[{"href":"https:\/\/bryg.2th.dk\/index.php?rest_route=\/wp\/v2\/pages"}],"about":[{"href":"https:\/\/bryg.2th.dk\/index.php?rest_route=\/wp\/v2\/types\/page"}],"author":[{"embeddable":true,"href":"https:\/\/bryg.2th.dk\/index.php?rest_route=\/wp\/v2\/users\/2"}],"replies":[{"embeddable":true,"href":"https:\/\/bryg.2th.dk\/index.php?rest_route=%2Fwp%2Fv2%2Fcomments&post=8192"}],"version-history":[{"count":0,"href":"https:\/\/bryg.2th.dk\/index.php?rest_route=\/wp\/v2\/pages\/8192\/revisions"}],"up":[{"embeddable":true,"href":"https:\/\/bryg.2th.dk\/index.php?rest_route=\/wp\/v2\/pages\/1114"}],"wp:attachment":[{"href":"https:\/\/bryg.2th.dk\/index.php?rest_route=%2Fwp%2Fv2%2Fmedia&parent=8192"}],"wp:term":[{"taxonomy":"category","embeddable":true,"href":"https:\/\/bryg.2th.dk\/index.php?rest_route=%2Fwp%2Fv2%2Fcategories&post=8192"},{"taxonomy":"post_tag","embeddable":true,"href":"https:\/\/bryg.2th.dk\/index.php?rest_route=%2Fwp%2Fv2%2Ftags&post=8192"}],"curies":[{"name":"wp","href":"https:\/\/api.w.org\/{rel}","templated":true}]}}