{"id":8087,"date":"2015-04-12T12:23:01","date_gmt":"2015-04-12T10:23:01","guid":{"rendered":"https:\/\/brygny.2th.dk\/?page_id=8087"},"modified":"2025-03-12T08:49:03","modified_gmt":"2025-03-12T07:49:03","slug":"kerteminde-bryghus","status":"publish","type":"page","link":"https:\/\/bryg.2th.dk\/?page_id=8087","title":{"rendered":"Kerteminde Bryghus"},"content":{"rendered":"<h3>Kerteminde Bryghus, 2007-2020<\/h3>\n<hr>\n<p><strong>KORT INFO OM BRYGGERIET\/FABRIKKEN.<\/strong><\/p>\n<table>\n<tbody>\n<tr style=\"border-style: hidden;\">\n<td style=\"width: 40%;background-color: #d4e6d3; height: 18px; border-style: hidden;\" scope=\"row\">&nbsp;<\/td>\n<td style=\"width: 60%; height: 18px; border-style: hidden; vertical-align: top; background-color: #ededed;\" scope=\"row\"><strong>Ejere.<\/strong><\/td>\n<\/tr>\n<tr style=\"border-style: hidden;\">\n<td style=\"width: 40%;background-color: #d4e6d3; height: 233px; border-style: hidden;\" rowspan=\"4\" scope=\"row\"><img decoding=\"async\" class=\"ngg-singlepic ngg-none aligncenter\" src=\"https:\/\/bryg.2th.dk\/wp-content\/gallery\/bryggeri-logoer\/kerteminde_bryghus_logo.jpg\" alt=\"\" width=\"85%\" height=\"200\"><\/td>\n<td style=\"vertical-align: top; width: 60%; border-color: #000000; height: 179px; border-style: hidden; background-color: #ededed;\" scope=\"row\">Charlotte Frandsen og Morten Birkerod &#8211; 2007-2020<\/td>\n<\/tr>\n<tr style=\"border-style: hidden;\">\n<td style=\"vertical-align: top; width: 60%; border-color: #000000; height: 18px; border-style: hidden; background-color: #ededed;\"><strong>Links. <\/strong>Nej<\/td>\n<\/tr>\n<tr style=\"border-style: hidden;\">\n<td style=\"vertical-align: top; width: 60%; border-color: #000000; height: 18px; border-style: hidden; background-color: #ededed;\" scope=\"row\"><strong>Kendte adresser.<\/strong><\/td>\n<\/tr>\n<tr style=\"border-style: hidden;\">\n<td style=\"vertical-align: top; width: 60%; border-color: #000000; height: 18px; border-style: hidden; background-color: #ededed;\">Bregn\u00f8r Bygade 24, Bregn\u00f8r, 5300 Kerteminde<\/td>\n<\/tr>\n<\/tbody>\n<\/table>\n<hr>\n<p><strong>HISTORIEN.<\/strong><\/p>\n<p style=\"text-align: justify;\">Ca. 5 km vest for Kerteminde i den hyggelige landsby Bregn\u00f8r bor Charlotte Frandsen og Morten Birkerod p\u00e5 en g\u00e5rd sammen med deres 2 b\u00f8rn Christine og Ulrich.<\/p>\n<p style=\"text-align: justify;\">Charlotte og Morten k\u00f8bte g\u00e5rden&nbsp;i 1984 af d\u00f8dsboet efter Emilie og Harald Nielsen.<\/p>\n<p style=\"text-align: justify;\">Gennem generationer har der v\u00e6ret tradition for \u00f8lbrygning p\u00e5 g\u00e5rden. G\u00e5rdens \u00f8l var velkendt for sin kvalitet; det gode \u00f8l blev i folkemunde kaldt \u201cPr\u00e6stens Skr\u00e6k\u201d.<\/p>\n<p style=\"text-align: justify;\">Emilie var en meget dygtig bryggerske. N\u00e5r hun bryggede rygtedes det p\u00e5 egnen og resulterede i, at lokalbefolkningen \u2013 ogs\u00e5 pr\u00e6sten \u2013 ofte havde uops\u00e6ttelige \u00e6rinder p\u00e5 g\u00e5rden. Det var ikke altid de kunne finde den lige vej hjem \u2013 og pr\u00e6sten m\u00e5tte jo n\u00f8dvendigvis f\u00f8lge sin menighed.<\/p>\n<p style=\"text-align: justify;\">Ved overtagelsen af g\u00e5rden fandt Charlotte og Morten Emilie\u00b4s gamle \u00f8lt\u00f8nder og rester af nogle opskrifter i k\u00e6lderen under stuehuset. T\u00f8nder og opskrifter blev gemt \u2013 men aldrig glemt!<\/p>\n<p style=\"text-align: justify;\">Gennem \u00e5rene voksede interessen for at f\u00f8lge i Emilie\u00b4s fodspor og genoptage traditionen for \u00f8lbrygning p\u00e5 g\u00e5rden. T\u00f8nderne blev fundet frem, men m\u00e5tte forblive et k\u00e6rt minde om fortiden \u2013 de kan ses i bryggeriets smagsrum.<\/p>\n<p style=\"text-align: justify;\">Charlotte og Morten k\u00f8bte nogle nye sm\u00e5 t\u00f8nder p\u00e5 25 liter og startede ved det gamle komfur i hestestalden. Familie og venner syntes \u00f8llet smagte godt \u2013 og&nbsp;\u201cHvis vi kan brygge 25 liter, m\u00e5 vi ogs\u00e5 kunne brygge 800 liter\u201d.<\/p>\n<p style=\"text-align: justify;\">Charlotte og Morten driver Torn\u00f8es Hotel i Kerteminde, og ved at etablere et bryggeri kunne Torn\u00f8es Hotel blive det f\u00f8rste hotel i Danmark med eget \u00f8l fra eget bryggeri.<\/p>\n<p style=\"text-align: justify;\">Hele familien drog i p\u00e5sken 2006 til England for at se sev\u00e6rdigheder \u2013 og brygv\u00e6rker! Inden turen gik tilbage til Danmark, havde de k\u00f8bt et smukt 800 liter tidligere engelsk pub brygv\u00e6rk i North Nottinghamshire. Brygv\u00e6rket kom med meget stor hurlumhej til g\u00e5rden i Bregn\u00f8r.<\/p>\n<p style=\"text-align: justify;\"><em>Kerteminde&nbsp;Bryghus var en realitet!&nbsp;<\/em><\/p>\n<p style=\"text-align: justify;\">Det f\u00f8rste \u00f8l blev solgt i uge 9 i 2007. Ambitionen bag Kerteminde Bryghus brygger videre p\u00e5 de gamle traditioner.<\/p>\n<p style=\"text-align: justify;\">\u00d8llet bliver stadig h\u00e5ndbrygget i mindre m\u00e6ngder. Der bliver ikke anvendt tils\u00e6tningsstoffer, men til geng\u00e6ld rigeligt af de bedste r\u00e5varer. \u00d8llet bliver ikke filtreret, og processen&nbsp;f\u00e5r den tid det nu tager for et godt bryg. (kilde: Kerteminde Bryghus)<\/p>\n<p style=\"text-align: justify;\">I 2020 lukkede bryghuset og udstyret herfra blev senere solgt videre til Gaardbryg som ligger ved Holstebro.<\/p>\n<hr>\n<p><strong>ETIKETTERNE.<\/strong><\/p>\nngg_shortcode_0_placeholder\n<hr>\n<p><strong>ARTIKLER.<\/strong><\/p>\n<p>Der er ikke nogen informationer til dette punkt endnu.<\/p>\n<hr>\n<p><strong>ANDET.<\/strong><\/p>\n<p>Der er ikke nogen informationer til dette punkt endnu.<\/p>\n<hr>\n<p><strong>LITTERATUR.<\/strong><\/p>\n<p>Der er ikke nogen informationer til dette punkt endnu.<\/p>\n<hr>\n<p><strong>REKLAMER &#8211; HERUNDER REKLAME FILM.<\/strong><\/p>\n<p>Der er ikke nogen informationer til dette punkt endnu.<\/p>\n","protected":false},"excerpt":{"rendered":"<p>Kerteminde Bryghus, 2007-2020 KORT INFO OM BRYGGERIET\/FABRIKKEN. &nbsp; Ejere. Charlotte Frandsen og Morten Birkerod &#8211; 2007-2020 Links. Nej Kendte adresser. Bregn\u00f8r Bygade 24, Bregn\u00f8r, 5300 Kerteminde HISTORIEN. Ca. 5 km vest for Kerteminde i den hyggelige landsby Bregn\u00f8r bor Charlotte Frandsen og Morten Birkerod p\u00e5 en g\u00e5rd sammen med deres 2 b\u00f8rn Christine og Ulrich. &hellip; <a href=\"https:\/\/bryg.2th.dk\/?page_id=8087\" class=\"more-link\">L\u00e6s videre <span class=\"screen-reader-text\">Kerteminde Bryghus<\/span> <span class=\"meta-nav\">&rarr;<\/span><\/a><\/p>\n","protected":false},"author":2,"featured_media":0,"parent":21,"menu_order":0,"comment_status":"closed","ping_status":"closed","template":"","meta":{"ngg_post_thumbnail":0,"footnotes":""},"categories":[141,53],"tags":[96],"class_list":["post-8087","page","type-page","status-publish","hentry","category-5300b","category-danske-bryggerier-danske-bryggerier","tag-dk_bryg"],"_links":{"self":[{"href":"https:\/\/bryg.2th.dk\/index.php?rest_route=\/wp\/v2\/pages\/8087","targetHints":{"allow":["GET"]}}],"collection":[{"href":"https:\/\/bryg.2th.dk\/index.php?rest_route=\/wp\/v2\/pages"}],"about":[{"href":"https:\/\/bryg.2th.dk\/index.php?rest_route=\/wp\/v2\/types\/page"}],"author":[{"embeddable":true,"href":"https:\/\/bryg.2th.dk\/index.php?rest_route=\/wp\/v2\/users\/2"}],"replies":[{"embeddable":true,"href":"https:\/\/bryg.2th.dk\/index.php?rest_route=%2Fwp%2Fv2%2Fcomments&post=8087"}],"version-history":[{"count":0,"href":"https:\/\/bryg.2th.dk\/index.php?rest_route=\/wp\/v2\/pages\/8087\/revisions"}],"up":[{"embeddable":true,"href":"https:\/\/bryg.2th.dk\/index.php?rest_route=\/wp\/v2\/pages\/21"}],"wp:attachment":[{"href":"https:\/\/bryg.2th.dk\/index.php?rest_route=%2Fwp%2Fv2%2Fmedia&parent=8087"}],"wp:term":[{"taxonomy":"category","embeddable":true,"href":"https:\/\/bryg.2th.dk\/index.php?rest_route=%2Fwp%2Fv2%2Fcategories&post=8087"},{"taxonomy":"post_tag","embeddable":true,"href":"https:\/\/bryg.2th.dk\/index.php?rest_route=%2Fwp%2Fv2%2Ftags&post=8087"}],"curies":[{"name":"wp","href":"https:\/\/api.w.org\/{rel}","templated":true}]}}