{"id":7985,"date":"2015-04-12T12:10:13","date_gmt":"2015-04-12T10:10:13","guid":{"rendered":"https:\/\/brygny.2th.dk\/?page_id=7985"},"modified":"2025-03-13T20:55:50","modified_gmt":"2025-03-13T19:55:50","slug":"kongens-bryghus","status":"publish","type":"page","link":"https:\/\/bryg.2th.dk\/?page_id=7985","title":{"rendered":"Kongens Bryghus"},"content":{"rendered":"<h3>Kongens Bryghus &#8211; f\u00f8r 1454-ca. 1963<\/h3>\n<hr>\n<p><strong>KORT INFO OM BRYGGERIET\/FABRIKKEN.<\/strong><\/p>\n<table>\n<tbody>\n<tr style=\"border-style: hidden;\">\n<td style=\"width: 40%;background-color: #d4e6d3; height: 18px; border-style: hidden;\" scope=\"row\">&nbsp;<\/td>\n<td style=\"width: 60%; height: 18px; border-style: hidden; vertical-align: top; background-color: #ededed;\" scope=\"row\"><strong>Ejere.<\/strong><\/td>\n<\/tr>\n<tr style=\"border-style: hidden;\">\n<td style=\"width: 40%;background-color: #d4e6d3; height: 233px; border-style: hidden;\" rowspan=\"4\" scope=\"row\"><img decoding=\"async\" class=\"ngg-singlepic ngg-none aligncenter\" src=\"https:\/\/bryg.2th.dk\/wp-content\/gallery\/bryggeri-logoer\/kongens_logo.jpg\" alt=\"\" width=\"85%\" height=\"200\"><\/td>\n<td style=\"vertical-align: top; width: 60%; border-color: #000000; height: 179px; border-style: hidden; background-color: #ededed;\" scope=\"row\">&#8211;<\/td>\n<\/tr>\n<tr style=\"border-style: hidden;\">\n<td style=\"vertical-align: top; width: 60%; border-color: #000000; height: 18px; border-style: hidden; background-color: #ededed;\"><strong>Links. <\/strong>Nej<\/td>\n<\/tr>\n<tr style=\"border-style: hidden;\">\n<td style=\"vertical-align: top; width: 60%; border-color: #000000; height: 18px; border-style: hidden; background-color: #ededed;\" scope=\"row\"><strong>Kendte adresser.<\/strong><\/td>\n<\/tr>\n<tr style=\"border-style: hidden;\">\n<td style=\"vertical-align: top; width: 60%; border-color: #000000; height: 18px; border-style: hidden; background-color: #ededed;\">&#8211;<\/td>\n<\/tr>\n<\/tbody>\n<\/table>\n<hr>\n<p><strong>HISTORIEN.<\/strong><\/p>\n<p style=\"text-align: justify;\">1443<br \/>\nKongens Bryghus omtales f\u00f8rste gang. Ligger geografisk i n\u00e6rheden af Kgs.&nbsp;Nytorv<\/p>\n<p style=\"text-align: justify;\">1739<br \/>\nKongens Bryghus ejes af K\u00f8benhavns Bryggerlaug.<\/p>\n<p style=\"text-align: justify;\">1767<br \/>\nBryghuset br\u00e6nder.<\/p>\n<p style=\"text-align: justify;\">1768-1771<br \/>\nNyt bryghus opf\u00f8res ved Blaataarn ved Langebro p\u00e5 en grund sk\u00e6nket af staten. Senere kaldet Gamle Kongens Bryghus. Det var det f\u00f8rste industrielle bryggeri i Danmark. Bryggeriet producerede overg\u00e6ret \u00f8l og havde leverancen til fl\u00e5den. 1805<br \/>\nKongens Bryghus bliver et interessentselskab. I 1826 bliver Christen Jacobsen brygger i Brol\u00e6ggerstr\u00e6de, medejer og medlem af direktionen.<\/p>\n<p style=\"text-align: justify;\">1838<br \/>\nDer eksperimenteres med bayersk \u00f8l uden st\u00f8rre succes.<\/p>\n<p style=\"text-align: justify;\">1891<br \/>\nSelskabet indg\u00e5r i De forenede Bryggerier.<\/p>\n<p style=\"text-align: justify;\">1923<br \/>\nProduktionen oph\u00f8rer p\u00e5 anl\u00e6gget ved Langebro. Navnet overf\u00f8res til Kongens Bryghus Rahbeks alle (tidligere Bryggeriet Rahbeks alle) og Kongens Bryghus Vodroffsvej (Tidligere Marstrands Bryggerier). Bryggerierne har alkoholsvage \u00f8lsorter samt maltpr\u00e6parater som speciale.<\/p>\n<p style=\"text-align: justify;\">1960<br \/>\nDe gamle bygninger ved Langebro nedbr\u00e6nder.<\/p>\n<p style=\"text-align: justify;\">1968<br \/>\nProduktionen overflyttes til Tuborg, herefter bruges navnet p\u00e5 koncernens hvidt\u00f8lsprodukter.<\/p>\n<p style=\"text-align: justify;\">1994-1997<br \/>\nCarlsberg stopper alle aktiviteter i ejendommen og omdanner bygningerne til boliger (107 lejligheder) og erhvervsform\u00e5l (3100 m2 fordelt over flere etager og bygninger).<\/p>\n<p style=\"text-align: justify;\">1999<br \/>\nCarlsberg s\u00e6lger ejendommen til Klaus Helmersen (St. Frederikslund koncernen)<\/p>\n<p style=\"text-align: justify;\">2003<br \/>\nKlaus Helmersen s\u00e6lger ejendommen, og et flertal af lejerne beslutter at omdanne den til andelsboligforening<\/p>\n<p style=\"text-align: justify;\">2006<br \/>\nBrygmestrene p\u00e5 Carlsberg s\u00f8ger i de gamle journaler i Kongens Bryghus\u2019 arkiv og f\u00e5r inspiration til nye specialbryg, der markedsf\u00f8res under Kongens Bryghus\u2019 varem\u00e6rke.<\/p>\n<hr>\n<p><strong>ETIKETTERNE.<\/strong><\/p>\nngg_shortcode_0_placeholder\n<hr>\n<p><strong>ARTIKLER.<\/strong><\/p>\n<p>Der er ikke nogen informationer til dette punkt endnu.<\/p>\n<hr>\n<p><strong>ANDET.<\/strong><\/p>\n<p>Der er ikke nogen informationer til dette punkt endnu.<\/p>\n<hr>\n<p><strong>LITTERATUR.<\/strong><\/p>\n<p>Der er ikke nogen informationer til dette punkt endnu.<\/p>\n<hr>\n<p><strong>REKLAMER &#8211; HERUNDER REKLAME FILM.<\/strong><\/p>\n<p>Der er ikke nogen informationer til dette punkt endnu.<\/p>\n","protected":false},"excerpt":{"rendered":"<p>Kongens Bryghus &#8211; f\u00f8r 1454-ca. 1963 KORT INFO OM BRYGGERIET\/FABRIKKEN. &nbsp; Ejere. &#8211; Links. Nej Kendte adresser. &#8211; HISTORIEN. 1443 Kongens Bryghus omtales f\u00f8rste gang. Ligger geografisk i n\u00e6rheden af Kgs.&nbsp;Nytorv 1739 Kongens Bryghus ejes af K\u00f8benhavns Bryggerlaug. 1767 Bryghuset br\u00e6nder. 1768-1771 Nyt bryghus opf\u00f8res ved Blaataarn ved Langebro p\u00e5 en grund sk\u00e6nket af staten. &hellip; <a href=\"https:\/\/bryg.2th.dk\/?page_id=7985\" class=\"more-link\">L\u00e6s videre <span class=\"screen-reader-text\">Kongens Bryghus<\/span> <span class=\"meta-nav\">&rarr;<\/span><\/a><\/p>\n","protected":false},"author":2,"featured_media":0,"parent":1108,"menu_order":0,"comment_status":"closed","ping_status":"closed","template":"","meta":{"ngg_post_thumbnail":0,"footnotes":""},"categories":[471,53],"tags":[96],"class_list":["post-7985","page","type-page","status-publish","hentry","category-2000b","category-danske-bryggerier-danske-bryggerier","tag-dk_bryg"],"_links":{"self":[{"href":"https:\/\/bryg.2th.dk\/index.php?rest_route=\/wp\/v2\/pages\/7985","targetHints":{"allow":["GET"]}}],"collection":[{"href":"https:\/\/bryg.2th.dk\/index.php?rest_route=\/wp\/v2\/pages"}],"about":[{"href":"https:\/\/bryg.2th.dk\/index.php?rest_route=\/wp\/v2\/types\/page"}],"author":[{"embeddable":true,"href":"https:\/\/bryg.2th.dk\/index.php?rest_route=\/wp\/v2\/users\/2"}],"replies":[{"embeddable":true,"href":"https:\/\/bryg.2th.dk\/index.php?rest_route=%2Fwp%2Fv2%2Fcomments&post=7985"}],"version-history":[{"count":0,"href":"https:\/\/bryg.2th.dk\/index.php?rest_route=\/wp\/v2\/pages\/7985\/revisions"}],"up":[{"embeddable":true,"href":"https:\/\/bryg.2th.dk\/index.php?rest_route=\/wp\/v2\/pages\/1108"}],"wp:attachment":[{"href":"https:\/\/bryg.2th.dk\/index.php?rest_route=%2Fwp%2Fv2%2Fmedia&parent=7985"}],"wp:term":[{"taxonomy":"category","embeddable":true,"href":"https:\/\/bryg.2th.dk\/index.php?rest_route=%2Fwp%2Fv2%2Fcategories&post=7985"},{"taxonomy":"post_tag","embeddable":true,"href":"https:\/\/bryg.2th.dk\/index.php?rest_route=%2Fwp%2Fv2%2Ftags&post=7985"}],"curies":[{"name":"wp","href":"https:\/\/api.w.org\/{rel}","templated":true}]}}