{"id":7030,"date":"2015-04-11T20:03:39","date_gmt":"2015-04-11T18:03:39","guid":{"rendered":"https:\/\/brygny.2th.dk\/?page_id=7030"},"modified":"2025-03-13T21:06:01","modified_gmt":"2025-03-13T20:06:01","slug":"fur-bryghus","status":"publish","type":"page","link":"https:\/\/bryg.2th.dk\/?page_id=7030","title":{"rendered":"Fur Bryghus"},"content":{"rendered":"<h3>Fur Bryghus, 2004-?<\/h3>\n<hr>\n<p><strong>KORT INFO OM BRYGGERIET\/FABRIKKEN.<\/strong><\/p>\n<table>\n<tbody>\n<tr style=\"border-style: hidden;\">\n<td style=\"width: 40%;background-color: #d4e6d3; height: 18px; border-style: hidden;\" scope=\"row\">&nbsp;<\/td>\n<td style=\"width: 60%; height: 18px; border-style: hidden; vertical-align: top; background-color: #ededed;\" scope=\"row\"><strong>Ejere.<\/strong><\/td>\n<\/tr>\n<tr style=\"border-style: hidden;\">\n<td style=\"width: 40%;background-color: #d4e6d3; height: 233px; border-style: hidden;\" rowspan=\"4\" scope=\"row\"><img decoding=\"async\" class=\"ngg-singlepic ngg-none aligncenter\" src=\"https:\/\/bryg.2th.dk\/wp-content\/gallery\/bryggeri-logoer\/Fur_logo.jpg\" alt=\"\" width=\"85%\" height=\"200\"><\/td>\n<td style=\"vertical-align: top; width: 60%; border-color: #000000; height: 179px; border-style: hidden; background-color: #ededed;\" scope=\"row\">Et Aps. 2004-<\/td>\n<\/tr>\n<tr style=\"border-style: hidden;\">\n<td style=\"vertical-align: top; width: 60%; border-color: #000000; height: 18px; border-style: hidden; background-color: #ededed;\"><strong>Links. <\/strong><a href=\"https:\/\/www.furbryghus.dk\/\" target=\"_blank\" rel=\"noopener noreferrer\">Ja<\/a><\/td>\n<\/tr>\n<tr style=\"border-style: hidden;\">\n<td style=\"vertical-align: top; width: 60%; border-color: #000000; height: 18px; border-style: hidden; background-color: #ededed;\" scope=\"row\"><strong>Kendte adresser.<\/strong><\/td>\n<\/tr>\n<tr style=\"border-style: hidden;\">\n<td style=\"vertical-align: top; width: 60%; border-color: #000000; height: 18px; border-style: hidden; background-color: #ededed;\">Nyb\u00f8lle Gadek\u00e6rsvej 2, Nyb\u00f8lle, 2765 Sm\u00f8rum<br \/>\nKnudevej 3, 7884 Fur<\/td>\n<\/tr>\n<\/tbody>\n<\/table>\n<hr>\n<p><strong>HISTORIEN.<\/strong><\/p>\n<p style=\"text-align: justify;\">Den 30. september 2004 kunne Fur Bryghus sl\u00e5 portene op og byde velkommen i smukke lokaler i den tidligere molerfabrik p\u00e5 Knuden!, 3-etagers tr\u00e6bygning fra 1924 .Fur Bryghus, der er et mikrobryggeri, er en kombination af et bryggeri og en attraktion, da der er indrettet en krostue p\u00e5 et galleri p\u00e5 bryggeriets 1. sal, hvorfra man kan beskue og dufte selve bryggeriet. Ud over at skabe nye, lokale arbejdspladser forventer bryggeriet s\u00e5ledes ogs\u00e5 at kunne tr\u00e6kke endnu flere turister til \u00f8en med den ekstra oms\u00e6tning det vil betyde for andre af \u00f8ens erhvervsdrivende. Et godt og sp\u00e6ndende mix!<\/p>\n<hr>\n<p><strong>ETIKETTERNE.<\/strong><\/p>\nngg_shortcode_0_placeholder\n<hr>\n<p><strong>ARTIKLER.<\/strong><\/p>\n<p>Der er ikke nogen informationer til dette punkt endnu.<\/p>\n<hr>\n<p><strong>ANDET.<\/strong><\/p>\n<p>Der er ikke nogen informationer til dette punkt endnu.<\/p>\n<hr>\n<p><strong>LITTERATUR.<\/strong><\/p>\n<p>Der er ikke nogen informationer til dette punkt endnu.<\/p>\n<hr>\n<p><strong>REKLAMER &#8211; HERUNDER REKLAME FILM.<\/strong><\/p>\n<p>Der er ikke nogen informationer til dette punkt endnu.<\/p>\n","protected":false},"excerpt":{"rendered":"<p>Fur Bryghus, 2004-? KORT INFO OM BRYGGERIET\/FABRIKKEN. &nbsp; Ejere. Et Aps. 2004- Links. Ja Kendte adresser. Nyb\u00f8lle Gadek\u00e6rsvej 2, Nyb\u00f8lle, 2765 Sm\u00f8rum Knudevej 3, 7884 Fur HISTORIEN. Den 30. september 2004 kunne Fur Bryghus sl\u00e5 portene op og byde velkommen i smukke lokaler i den tidligere molerfabrik p\u00e5 Knuden!, 3-etagers tr\u00e6bygning fra 1924 .Fur Bryghus, &hellip; <a href=\"https:\/\/bryg.2th.dk\/?page_id=7030\" class=\"more-link\">L\u00e6s videre <span class=\"screen-reader-text\">Fur Bryghus<\/span> <span class=\"meta-nav\">&rarr;<\/span><\/a><\/p>\n","protected":false},"author":2,"featured_media":0,"parent":1114,"menu_order":0,"comment_status":"closed","ping_status":"closed","template":"","meta":{"ngg_post_thumbnail":0,"footnotes":""},"categories":[401,53],"tags":[96],"class_list":["post-7030","page","type-page","status-publish","hentry","category-7870b","category-danske-bryggerier-danske-bryggerier","tag-dk_bryg"],"_links":{"self":[{"href":"https:\/\/bryg.2th.dk\/index.php?rest_route=\/wp\/v2\/pages\/7030","targetHints":{"allow":["GET"]}}],"collection":[{"href":"https:\/\/bryg.2th.dk\/index.php?rest_route=\/wp\/v2\/pages"}],"about":[{"href":"https:\/\/bryg.2th.dk\/index.php?rest_route=\/wp\/v2\/types\/page"}],"author":[{"embeddable":true,"href":"https:\/\/bryg.2th.dk\/index.php?rest_route=\/wp\/v2\/users\/2"}],"replies":[{"embeddable":true,"href":"https:\/\/bryg.2th.dk\/index.php?rest_route=%2Fwp%2Fv2%2Fcomments&post=7030"}],"version-history":[{"count":0,"href":"https:\/\/bryg.2th.dk\/index.php?rest_route=\/wp\/v2\/pages\/7030\/revisions"}],"up":[{"embeddable":true,"href":"https:\/\/bryg.2th.dk\/index.php?rest_route=\/wp\/v2\/pages\/1114"}],"wp:attachment":[{"href":"https:\/\/bryg.2th.dk\/index.php?rest_route=%2Fwp%2Fv2%2Fmedia&parent=7030"}],"wp:term":[{"taxonomy":"category","embeddable":true,"href":"https:\/\/bryg.2th.dk\/index.php?rest_route=%2Fwp%2Fv2%2Fcategories&post=7030"},{"taxonomy":"post_tag","embeddable":true,"href":"https:\/\/bryg.2th.dk\/index.php?rest_route=%2Fwp%2Fv2%2Ftags&post=7030"}],"curies":[{"name":"wp","href":"https:\/\/api.w.org\/{rel}","templated":true}]}}