{"id":7028,"date":"2015-04-11T19:58:43","date_gmt":"2015-04-11T17:58:43","guid":{"rendered":"https:\/\/brygny.2th.dk\/?page_id=7028"},"modified":"2025-03-11T17:05:59","modified_gmt":"2025-03-11T16:05:59","slug":"s-c-fuglsang","status":"publish","type":"page","link":"https:\/\/bryg.2th.dk\/?page_id=7028","title":{"rendered":"S. C. Fuglsang"},"content":{"rendered":"<h3>S. C. Fuglsang, 1865-2021<\/h3>\n<hr>\n<p><strong>KORT INFO OM BRYGGERIET\/FABRIKKEN.<\/strong><\/p>\n<table>\n<tbody>\n<tr style=\"border-style: hidden;\">\n<td style=\"width: 40%;background-color: #d4e6d3; height: 18px; border-style: hidden;\" scope=\"row\">&nbsp;<\/td>\n<td style=\"width: 60%; height: 18px; border-style: hidden; vertical-align: top; background-color: #ededed;\" scope=\"row\"><strong>Ejere.<\/strong><\/td>\n<\/tr>\n<tr style=\"border-style: hidden;\">\n<td style=\"width: 40%;background-color: #d4e6d3; height: 233px; border-style: hidden;\" rowspan=\"4\" scope=\"row\"><img decoding=\"async\" class=\"ngg-singlepic ngg-none aligncenter\" src=\"https:\/\/bryg.2th.dk\/wp-content\/gallery\/bryggeri-logoer\/fuglsang_logo.jpg\" alt=\"\" width=\"85%\" height=\"200\"><\/td>\n<td style=\"vertical-align: top; width: 60%; border-color: #000000; height: 179px; border-style: hidden; background-color: #ededed;\" scope=\"row\">S.C. Fuglsang Bierbrauerei S\u00f8ren Christian Fuglsang, 1865-1892<br \/>\nChristian og Sophus Fuglsang, 1892-1902<br \/>\nM. Christian Fuglsang, 1902-1920<br \/>\nBryggeriet S. C. Fuglsang M. Christian Fuglsang, 1920-1929<br \/>\nBryggeriet S. C. Fuglsang A\/S, 1929-1941<br \/>\nSophus Fuglsang, Eksport-Maltfabrik og Bryggeri A\/S, 1941-1965<br \/>\nBryggeriet S. C. Fuglsang A\/S, 1965-2021<br \/>\nOvertaget af Unibrew.<\/td>\n<\/tr>\n<tr style=\"border-style: hidden;\">\n<td style=\"vertical-align: top; width: 60%; border-color: #000000; height: 18px; border-style: hidden; background-color: #ededed;\"><strong>Links. <\/strong>Nej<\/td>\n<\/tr>\n<tr style=\"border-style: hidden;\">\n<td style=\"vertical-align: top; width: 60%; border-color: #000000; height: 18px; border-style: hidden; background-color: #ededed;\" scope=\"row\"><strong>Kendte adresser.<\/strong><\/td>\n<\/tr>\n<tr style=\"border-style: hidden;\">\n<td style=\"vertical-align: top; width: 60%; border-color: #000000; height: 18px; border-style: hidden; background-color: #ededed;\">Bryggerivej 2, 6100 Haderslev<\/td>\n<\/tr>\n<\/tbody>\n<\/table>\n<hr>\n<p><strong>HISTORIEN.<\/strong><\/p>\n<p style=\"text-align: justify;\">Bryggeriet Fuglsang blev etableret i 1865 i Haderslev. I 1879 g\u00e5r produktionen s\u00e5 godt at det besluttes at bygge eget malteri. I 1929 omdannes selskabet til aktieselskab for at d\u00e6kke kapitalbehov. I 1933 f\u00e5r man licens til at fremstille og s\u00e6lge Chabeso i Danmark, Norge og Island, hvilket er en meget stor succes. I 1933 br\u00e6nder maltfabrikken, men genopbygges hurtigt. Under 2. verdenskrig oml\u00e6gges produktionen p\u00e5 maltfabrikken til at fremstille kaffeerstatning. 1941 omdannes bryggeriet og maltfabrikken til et aktieselskab med navnet Sophus Fuglsang, Export-Maltfabrik og Bryggeri, som i nutiden igen er 2 selvst\u00e6ndige aktieselskaber. Maltfabrikken eksporterer ca. 75% af produktionen, som er p\u00e5 50.000 tons \u00e5rligt.<\/p>\n<p style=\"text-align: justify;\">I marts 2006 k\u00f8bte Fuglsang Maltfabrik Dragsb\u00e6k Maltfabrik i Thisted og er dermed den ene af de to store akt\u00f8rer p\u00e5 det danske maltmarked. Bryggeriet producerer 11 sorter \u00f8l og 10 forskellige sodavand.<\/p>\n<p style=\"text-align: justify;\">I november 2016 overtog Fuglsang, Mineralvandsfabrikken Frem i Ribe, og i 2018 begyndte man etablering af et nyt stort \u00f8l- og sodavandstapperi p\u00e5 en 65.000 kvadratmeter grund t\u00e6t p\u00e5 motorvejen ved Hammelev, syv kilometer vest for Haderslev. Derved lukkes s\u00e5 Frem i Ribe og flyttes dertil i 2020.<\/p>\n<p style=\"text-align: justify;\">I 2021 overtog Unibrew, Fuglsang efter at man fra Fuglsang Holding lavede en aftale om, at Unibrew kunne overtage bryggeriet samt mineralvandsfabrikken Frem.<\/p>\n<p style=\"text-align: justify;\">Der gik kun et \u00e5r efter overtagelsen at bryggeriet blev lukket ned af Unibrew, med den begrundelse at det handlede om bryggeriets b\u00e6redygtighedsstrategi. Al produktion blev flyttet til enten Albani eller Faxe.<\/p>\n<p style=\"text-align: justify;\">Det store malteri i byen forts\u00e6tter dog med at arbejde fra adressen.<\/p>\n<hr>\n<p><strong>ETIKETTERNE.<\/strong><\/p>\nngg_shortcode_0_placeholder\n<hr>\n<p><strong>ARTIKLER.<\/strong><\/p>\n<ul class=\"display-posts-listing\"><li class=\"listing-item\"><a class=\"title\" href=\"https:\/\/bryg.2th.dk\/?p=40413\">Danmarks \u00e6ldste familieejede bryggeri solgt til Unibrew<\/a><\/li><li class=\"listing-item\"><a class=\"title\" href=\"https:\/\/bryg.2th.dk\/?p=1732\">God eksport af malt til \u00f8l<\/a><\/li><\/ul>\n<hr>\n<p><strong>ANDET.<\/strong><\/p>\n<p>Der er ikke nogen informationer til dette punkt endnu.<\/p>\n<hr>\n<p><strong>LITTERATUR.<\/strong><\/p>\n<p>Der er ikke nogen informationer til dette punkt endnu.<\/p>\n<hr>\n<p><strong>REKLAMER &#8211; HERUNDER REKLAME FILM.<\/strong><\/p>\n<p>Historien om Fuglsang og dets produktion<\/p>\n<div class=\"epyt-video-wrapper\">\n<div  id=\"_ytid_10029\"  width=\"474\" height=\"288\"  data-origwidth=\"474\" data-origheight=\"288\"  data-relstop=\"1\" data-facadesrc=\"https:\/\/www.youtube.com\/embed\/PuwBHdkt5c8?enablejsapi=1&#038;autoplay=0&#038;cc_load_policy=1&#038;cc_lang_pref=&#038;iv_load_policy=1&#038;loop=0&#038;rel=0&#038;fs=1&#038;playsinline=0&#038;autohide=2&#038;hl=da_DK&#038;theme=dark&#038;color=red&#038;controls=1&#038;disablekb=0&#038;\" class=\"__youtube_prefs__ epyt-facade epyt-is-override  no-lazyload\" data-epautoplay=\"1\" ><img decoding=\"async\" data-spai-excluded=\"true\" class=\"epyt-facade-poster skip-lazy\" loading=\"lazy\"  alt=\"YouTube player\"  src=\"https:\/\/i.ytimg.com\/vi\/PuwBHdkt5c8\/maxresdefault.jpg\"  \/><button class=\"epyt-facade-play\" aria-label=\"Play\"><svg data-no-lazy=\"1\" height=\"100%\" version=\"1.1\" viewBox=\"0 0 68 48\" width=\"100%\"><path class=\"ytp-large-play-button-bg\" d=\"M66.52,7.74c-0.78-2.93-2.49-5.41-5.42-6.19C55.79,.13,34,0,34,0S12.21,.13,6.9,1.55 C3.97,2.33,2.27,4.81,1.48,7.74C0.06,13.05,0,24,0,24s0.06,10.95,1.48,16.26c0.78,2.93,2.49,5.41,5.42,6.19 C12.21,47.87,34,48,34,48s21.79-0.13,27.1-1.55c2.93-0.78,4.64-3.26,5.42-6.19C67.94,34.95,68,24,68,24S67.94,13.05,66.52,7.74z\" fill=\"#f00\"><\/path><path d=\"M 45,24 27,14 27,34\" fill=\"#fff\"><\/path><\/svg><\/button><\/div>\n<\/div>\n","protected":false},"excerpt":{"rendered":"<p>S. C. Fuglsang, 1865-2021 KORT INFO OM BRYGGERIET\/FABRIKKEN. &nbsp; Ejere. S.C. Fuglsang Bierbrauerei S\u00f8ren Christian Fuglsang, 1865-1892 Christian og Sophus Fuglsang, 1892-1902 M. Christian Fuglsang, 1902-1920 Bryggeriet S. C. Fuglsang M. Christian Fuglsang, 1920-1929 Bryggeriet S. C. Fuglsang A\/S, 1929-1941 Sophus Fuglsang, Eksport-Maltfabrik og Bryggeri A\/S, 1941-1965 Bryggeriet S. C. Fuglsang A\/S, 1965-2021 Overtaget af &hellip; <a href=\"https:\/\/bryg.2th.dk\/?p=1732\" class=\"more-link\">L\u00e6s videre <span class=\"screen-reader-text\">God eksport af malt til \u00f8l<\/span> <span class=\"meta-nav\">&rarr;<\/span><\/a><\/p>\n","protected":false},"author":2,"featured_media":0,"parent":1110,"menu_order":0,"comment_status":"closed","ping_status":"closed","template":"","meta":{"ngg_post_thumbnail":0,"footnotes":""},"categories":[193,53],"tags":[96],"class_list":["post-7028","page","type-page","status-publish","hentry","category-6100b","category-danske-bryggerier-danske-bryggerier","tag-dk_bryg"],"_links":{"self":[{"href":"https:\/\/bryg.2th.dk\/index.php?rest_route=\/wp\/v2\/pages\/7028","targetHints":{"allow":["GET"]}}],"collection":[{"href":"https:\/\/bryg.2th.dk\/index.php?rest_route=\/wp\/v2\/pages"}],"about":[{"href":"https:\/\/bryg.2th.dk\/index.php?rest_route=\/wp\/v2\/types\/page"}],"author":[{"embeddable":true,"href":"https:\/\/bryg.2th.dk\/index.php?rest_route=\/wp\/v2\/users\/2"}],"replies":[{"embeddable":true,"href":"https:\/\/bryg.2th.dk\/index.php?rest_route=%2Fwp%2Fv2%2Fcomments&post=7028"}],"version-history":[{"count":0,"href":"https:\/\/bryg.2th.dk\/index.php?rest_route=\/wp\/v2\/pages\/7028\/revisions"}],"up":[{"embeddable":true,"href":"https:\/\/bryg.2th.dk\/index.php?rest_route=\/wp\/v2\/pages\/1110"}],"wp:attachment":[{"href":"https:\/\/bryg.2th.dk\/index.php?rest_route=%2Fwp%2Fv2%2Fmedia&parent=7028"}],"wp:term":[{"taxonomy":"category","embeddable":true,"href":"https:\/\/bryg.2th.dk\/index.php?rest_route=%2Fwp%2Fv2%2Fcategories&post=7028"},{"taxonomy":"post_tag","embeddable":true,"href":"https:\/\/bryg.2th.dk\/index.php?rest_route=%2Fwp%2Fv2%2Ftags&post=7028"}],"curies":[{"name":"wp","href":"https:\/\/api.w.org\/{rel}","templated":true}]}}