{"id":7022,"date":"2015-04-11T19:02:35","date_gmt":"2015-04-11T17:02:35","guid":{"rendered":"https:\/\/brygny.2th.dk\/?page_id=7022"},"modified":"2025-03-03T16:15:54","modified_gmt":"2025-03-03T15:15:54","slug":"frederiksodde-haandbryggerlaug","status":"publish","type":"page","link":"https:\/\/bryg.2th.dk\/?page_id=7022","title":{"rendered":"Frederiksodde Haandbryggerlaug"},"content":{"rendered":"<h3>Frederiksodde Haandbryggerlaug, 2007-2016<\/h3>\n<hr>\n<p><strong>KORT INFO OM BRYGGERIET\/FABRIKKEN.<\/strong><\/p>\n<table>\n<tbody>\n<tr style=\"border-style: hidden;\">\n<td style=\"width: 40%;background-color: #d4e6d3; height: 18px; border-style: hidden;\" scope=\"row\">&nbsp;<\/td>\n<td style=\"width: 60%; height: 18px; border-style: hidden; vertical-align: top; background-color: #ededed;\" scope=\"row\"><strong>Ejere.<\/strong><\/td>\n<\/tr>\n<tr style=\"border-style: hidden;\">\n<td style=\"width: 40%;background-color: #d4e6d3; height: 233px; border-style: hidden;\" rowspan=\"4\" scope=\"row\"><img decoding=\"async\" class=\"ngg-singlepic ngg-none aligncenter\" src=\"https:\/\/bryg.2th.dk\/wp-content\/gallery\/bryggeri-logoer\/intet_logo.jpg\" alt=\"\" width=\"85%\" height=\"200\"><\/td>\n<td style=\"vertical-align: top; width: 60%; border-color: #000000; height: 179px; border-style: hidden; background-color: #ededed;\" scope=\"row\">Per Hansen og Bjarke Vibholm J\u00f8rgensen 2007-2016<\/td>\n<\/tr>\n<tr style=\"border-style: hidden;\">\n<td style=\"vertical-align: top; width: 60%; border-color: #000000; height: 18px; border-style: hidden; background-color: #ededed;\"><strong>Links. <\/strong>Nej<\/td>\n<\/tr>\n<tr style=\"border-style: hidden;\">\n<td style=\"vertical-align: top; width: 60%; border-color: #000000; height: 18px; border-style: hidden; background-color: #ededed;\" scope=\"row\"><strong>Kendte adresser.<\/strong><\/td>\n<\/tr>\n<tr style=\"border-style: hidden;\">\n<td style=\"vertical-align: top; width: 60%; border-color: #000000; height: 18px; border-style: hidden; background-color: #ededed;\">Prinsensgade 35, 7000 Fredericia<\/td>\n<\/tr>\n<\/tbody>\n<\/table>\n<hr>\n<p><strong>HISTORIEN.<\/strong><\/p>\n<p style=\"text-align: justify;\">Frederikodde Haandbryggerlaug er et af Danmarks mindste bryggerier og ligger i Fredericia. Det er de 2 h\u00e5ndbrygger Bjarke Ta<span class=\"text_exposed_show\">ngholm og Per Hansen, der st\u00e5r bag det lille fantom bryggeri. De&nbsp;brygger \u00f8llet&nbsp;ved Kvajj i Vejle. Alle \u00f8llene er h\u00e5ndlavet, upasteuriseret og efterg\u00e6ret p\u00e5 flaske. \u00d8llene bliver kaldt op efter kendte bygninger i Fredericia.<\/span><\/p>\n<hr>\n<p><strong>ETIKETTERNE.<\/strong><\/p>\n<p>Der er ikke nogen informationer til dette punkt endnu.<\/p>\n<hr>\n<p><strong>ARTIKLER.<\/strong><\/p>\n<p>Der er ikke nogen informationer til dette punkt endnu.<\/p>\n<hr>\n<p><strong>ANDET.<\/strong><\/p>\n<p>Der er ikke nogen informationer til dette punkt endnu.<\/p>\n<hr>\n<p><strong>LITTERATUR.<\/strong><\/p>\n<p>Der er ikke nogen informationer til dette punkt endnu.<\/p>\n<hr>\n<p><strong>REKLAMER &#8211; HERUNDER REKLAME FILM.<\/strong><\/p>\n<p>Der er ikke nogen informationer til dette punkt endnu.<\/p>\n","protected":false},"excerpt":{"rendered":"<p>Frederiksodde Haandbryggerlaug, 2007-2016 KORT INFO OM BRYGGERIET\/FABRIKKEN. &nbsp; Ejere. Per Hansen og Bjarke Vibholm J\u00f8rgensen 2007-2016 Links. Nej Kendte adresser. Prinsensgade 35, 7000 Fredericia HISTORIEN. Frederikodde Haandbryggerlaug er et af Danmarks mindste bryggerier og ligger i Fredericia. Det er de 2 h\u00e5ndbrygger Bjarke Tangholm og Per Hansen, der st\u00e5r bag det lille fantom bryggeri. De&nbsp;brygger &hellip; <a href=\"https:\/\/bryg.2th.dk\/?page_id=7022\" class=\"more-link\">L\u00e6s videre <span class=\"screen-reader-text\">Frederiksodde Haandbryggerlaug<\/span> <span class=\"meta-nav\">&rarr;<\/span><\/a><\/p>\n","protected":false},"author":2,"featured_media":0,"parent":1112,"menu_order":0,"comment_status":"closed","ping_status":"closed","template":"","meta":{"ngg_post_thumbnail":0,"footnotes":""},"categories":[185,53],"tags":[96],"class_list":["post-7022","page","type-page","status-publish","hentry","category-7000b","category-danske-bryggerier-danske-bryggerier","tag-dk_bryg"],"_links":{"self":[{"href":"https:\/\/bryg.2th.dk\/index.php?rest_route=\/wp\/v2\/pages\/7022","targetHints":{"allow":["GET"]}}],"collection":[{"href":"https:\/\/bryg.2th.dk\/index.php?rest_route=\/wp\/v2\/pages"}],"about":[{"href":"https:\/\/bryg.2th.dk\/index.php?rest_route=\/wp\/v2\/types\/page"}],"author":[{"embeddable":true,"href":"https:\/\/bryg.2th.dk\/index.php?rest_route=\/wp\/v2\/users\/2"}],"replies":[{"embeddable":true,"href":"https:\/\/bryg.2th.dk\/index.php?rest_route=%2Fwp%2Fv2%2Fcomments&post=7022"}],"version-history":[{"count":0,"href":"https:\/\/bryg.2th.dk\/index.php?rest_route=\/wp\/v2\/pages\/7022\/revisions"}],"up":[{"embeddable":true,"href":"https:\/\/bryg.2th.dk\/index.php?rest_route=\/wp\/v2\/pages\/1112"}],"wp:attachment":[{"href":"https:\/\/bryg.2th.dk\/index.php?rest_route=%2Fwp%2Fv2%2Fmedia&parent=7022"}],"wp:term":[{"taxonomy":"category","embeddable":true,"href":"https:\/\/bryg.2th.dk\/index.php?rest_route=%2Fwp%2Fv2%2Fcategories&post=7022"},{"taxonomy":"post_tag","embeddable":true,"href":"https:\/\/bryg.2th.dk\/index.php?rest_route=%2Fwp%2Fv2%2Ftags&post=7022"}],"curies":[{"name":"wp","href":"https:\/\/api.w.org\/{rel}","templated":true}]}}