{"id":7,"date":"2015-03-17T19:15:16","date_gmt":"2015-03-17T18:15:16","guid":{"rendered":"https:\/\/brygny.2th.dk\/?page_id=7"},"modified":"2024-01-19T19:41:28","modified_gmt":"2024-01-19T18:41:28","slug":"de-danske-bryggerier","status":"publish","type":"page","link":"https:\/\/bryg.2th.dk\/?page_id=7","title":{"rendered":"Danmarks Bryggerier"},"content":{"rendered":"<h3>Siden om de danske bryggerier.<\/h3>\n<hr>\n<p style=\"text-align: justify;\">Her vil der i den kommende tid komme flere bryggerier til listen, afh\u00e6ngig af hvor mange jeg kan finde materialer om. Stedet her vil indeholde historier, billeder af etiketter, beskrivelser over bryggerierne og andet billed materiale.<\/p>\n<p style=\"text-align: justify;\">Med tak for l\u00e5n fra de diverse lokale arkiver i Danmark, til bryggerierne som eksistere i dag og til Poul Tullberg som har lavet bogen: Dansk Bryggerifortegnelse.<\/p>\n<p style=\"text-align: justify;\">Billederne du ser af etiketterne p\u00e5 min side er fra min samling, men jeg ejer ikke rettighederne til dem, n\u00e5r de vises her p\u00e5 siden. De tilh\u00f8rer dem eller de som er indehaver af rettighederne. Jeg afbilleder dem her som en del af min samling og historikken fra de p\u00e5g\u00e6ldende bryggerier.<\/p>\n<p style=\"text-align: justify;\">Men jeg mangler stadig meget om de danske bryggeriers historier, s\u00e5 hvis du finder et af bryggerierne p\u00e5 min liste, hvor du har noget om bryggeriet du gerne vil videregive til mig, eller du ikke finder bryggeriet som du mener har eksisteret, og kan hj\u00e6lpe til der, s\u00e5 kan du sende en E-mail til mig. Linket findes i venstre side i menuen. Jeg forts\u00e6tter fortsat med at jagte alt om bryggerierne og h\u00e5ber at der kommer meget frem, s\u00e5 Danmarks historien om bryggerierne bliver mere fyldestg\u00f8rende.<\/p>\n<p style=\"text-align: justify;\">Flere steder ser du parentes om \u00e5rstallene, hvilke betyder at de \u00e5rstal, er det sikkert at bryggeriet og\/eller ejeren har virket.<\/p>\n<p style=\"text-align: justify;\">Du kan v\u00e6lge en landsdel herunder:<\/p>\n<ul class=\"list-pages-shortcode child-pages\"><li class=\"page_item page-item-1047 page_item_has_children\"><a href=\"https:\/\/bryg.2th.dk\/?page_id=1047\">Bornholm<\/a><\/li>\n<li class=\"page_item page-item-21 page_item_has_children\"><a href=\"https:\/\/bryg.2th.dk\/?page_id=21\">Fyn<\/a><\/li>\n<li class=\"page_item page-item-1108 page_item_has_children\"><a href=\"https:\/\/bryg.2th.dk\/?page_id=1108\">K\u00f8benhavn og omegn<\/a><\/li>\n<li class=\"page_item page-item-1112 page_item_has_children\"><a href=\"https:\/\/bryg.2th.dk\/?page_id=1112\">Midtjylland<\/a><\/li>\n<li class=\"page_item page-item-1114 page_item_has_children\"><a href=\"https:\/\/bryg.2th.dk\/?page_id=1114\">Nordjylland<\/a><\/li>\n<li class=\"page_item page-item-1068 page_item_has_children\"><a href=\"https:\/\/bryg.2th.dk\/?page_id=1068\">Sj\u00e6lland og Lolland Falster<\/a><\/li>\n<li class=\"page_item page-item-1110 page_item_has_children\"><a href=\"https:\/\/bryg.2th.dk\/?page_id=1110\">Sydjylland<\/a><\/li>\n<\/ul>\n","protected":false},"excerpt":{"rendered":"<p>Siden om de danske bryggerier. Her vil der i den kommende tid komme flere bryggerier til listen, afh\u00e6ngig af hvor mange jeg kan finde materialer om. Stedet her vil indeholde historier, billeder af etiketter, beskrivelser over bryggerierne og andet billed materiale. Med tak for l\u00e5n fra de diverse lokale arkiver i Danmark, til bryggerierne som &hellip; <a href=\"https:\/\/bryg.2th.dk\/?page_id=7\" class=\"more-link\">L\u00e6s videre <span class=\"screen-reader-text\">Danmarks Bryggerier<\/span> <span class=\"meta-nav\">&rarr;<\/span><\/a><\/p>\n","protected":false},"author":2,"featured_media":0,"parent":0,"menu_order":2,"comment_status":"closed","ping_status":"closed","template":"","meta":{"ngg_post_thumbnail":0,"footnotes":""},"categories":[],"tags":[],"class_list":["post-7","page","type-page","status-publish","hentry"],"_links":{"self":[{"href":"https:\/\/bryg.2th.dk\/index.php?rest_route=\/wp\/v2\/pages\/7","targetHints":{"allow":["GET"]}}],"collection":[{"href":"https:\/\/bryg.2th.dk\/index.php?rest_route=\/wp\/v2\/pages"}],"about":[{"href":"https:\/\/bryg.2th.dk\/index.php?rest_route=\/wp\/v2\/types\/page"}],"author":[{"embeddable":true,"href":"https:\/\/bryg.2th.dk\/index.php?rest_route=\/wp\/v2\/users\/2"}],"replies":[{"embeddable":true,"href":"https:\/\/bryg.2th.dk\/index.php?rest_route=%2Fwp%2Fv2%2Fcomments&post=7"}],"version-history":[{"count":0,"href":"https:\/\/bryg.2th.dk\/index.php?rest_route=\/wp\/v2\/pages\/7\/revisions"}],"wp:attachment":[{"href":"https:\/\/bryg.2th.dk\/index.php?rest_route=%2Fwp%2Fv2%2Fmedia&parent=7"}],"wp:term":[{"taxonomy":"category","embeddable":true,"href":"https:\/\/bryg.2th.dk\/index.php?rest_route=%2Fwp%2Fv2%2Fcategories&post=7"},{"taxonomy":"post_tag","embeddable":true,"href":"https:\/\/bryg.2th.dk\/index.php?rest_route=%2Fwp%2Fv2%2Ftags&post=7"}],"curies":[{"name":"wp","href":"https:\/\/api.w.org\/{rel}","templated":true}]}}