{"id":69,"date":"2015-03-19T19:03:43","date_gmt":"2015-03-19T18:03:43","guid":{"rendered":"https:\/\/brygny.2th.dk\/?page_id=69"},"modified":"2025-07-14T20:17:51","modified_gmt":"2025-07-14T18:17:51","slug":"jolly-cola","status":"publish","type":"page","link":"https:\/\/bryg.2th.dk\/?page_id=69","title":{"rendered":"Jolly Cola"},"content":{"rendered":"<h3>Den danske cola &#8211; Jolly Cola.<\/h3>\n<hr>\n<h3><span class=\"copycode\"><figure class=\"wp-block-embed wp-block-embed-youtube is-type-video is-provider-youtube epyt-figure\"><div class=\"wp-block-embed__wrapper\"><div class=\"epyt-video-wrapper\"><div  id=\"_ytid_94082\"  width=\"474\" height=\"288\"  data-origwidth=\"474\" data-origheight=\"288\"  data-relstop=\"1\" data-facadesrc=\"https:\/\/www.youtube.com\/embed\/3Z6GBWXCSJ8?enablejsapi=1&autoplay=0&cc_load_policy=1&cc_lang_pref=&iv_load_policy=1&loop=0&rel=0&fs=1&playsinline=0&autohide=2&hl=da_DK&theme=dark&color=red&controls=1&disablekb=0&\" class=\"__youtube_prefs__ epyt-facade no-lazyload\" data-epautoplay=\"1\" ><img decoding=\"async\" data-spai-excluded=\"true\" class=\"epyt-facade-poster skip-lazy\" loading=\"lazy\"  alt=\"YouTube player\"  src=\"https:\/\/i.ytimg.com\/vi\/3Z6GBWXCSJ8\/maxresdefault.jpg\"  \/><button class=\"epyt-facade-play\" aria-label=\"Play\"><svg data-no-lazy=\"1\" height=\"100%\" version=\"1.1\" viewBox=\"0 0 68 48\" width=\"100%\"><path class=\"ytp-large-play-button-bg\" d=\"M66.52,7.74c-0.78-2.93-2.49-5.41-5.42-6.19C55.79,.13,34,0,34,0S12.21,.13,6.9,1.55 C3.97,2.33,2.27,4.81,1.48,7.74C0.06,13.05,0,24,0,24s0.06,10.95,1.48,16.26c0.78,2.93,2.49,5.41,5.42,6.19 C12.21,47.87,34,48,34,48s21.79-0.13,27.1-1.55c2.93-0.78,4.64-3.26,5.42-6.19C67.94,34.95,68,24,68,24S67.94,13.05,66.52,7.74z\" fill=\"#f00\"><\/path><path d=\"M 45,24 27,14 27,34\" fill=\"#fff\"><\/path><\/svg><\/button><\/div><\/div><\/div><\/figure><\/span><\/h3>\n<h3><img loading=\"lazy\" decoding=\"async\" class=\"alignleft wp-image-1196 size-full\" src=\"https:\/\/bryg.2th.dk\/wp-content\/uploads\/2015\/03\/jolly.gif\" alt=\"jolly\" width=\"153\" height=\"132\"><\/h3>\n<p style=\"text-align: justify;\">Jolly Cola. tjah&#8230; hvem har ikke drukket Jolly Cola i sin barndom? Jeg har, men det der var sp\u00e6ndende ved Jolly Cola&#8217;en var etiketterne! Der stod jo altid noget p\u00e5 bagsiden af dem, som bl.a. quis&#8217;er, vittigheder, grafitti, osv. Den f\u00f8rste Jolly etiket pillede jeg af i 1982 s\u00e5dan ca. og siden da har jeg pillet dem af netop p\u00e5 grund af bagsiden. Det var n\u00e6sten sj\u00e6ldent at jeg fik nogen som jeg havde i forvejen, men de kom ogs\u00e5 med hjem i samlingen. Men bare rolig, jeg har ikke drukket lige s\u00e5 mange colaer som jeg har etiketter fra, langt fra.<\/p>\n<p style=\"text-align: justify;\">Jeg vil tro at jeg har langt over 2000 forskellige Jolly etiketter n\u00e5r man regner bagsiderne med, har endnu ikke haft tid til at t\u00e6lle dem alle.<\/p>\n<p style=\"text-align: justify;\">Du kan ogs\u00e5 finde informationer om Jolly Colaen og dens historie her p\u00e5 siden, samt diverse artikler, etiketter og lign. om colaen. Jeg vil desuden l\u00f8bende ogs\u00e5 opdatere links med andre sider som har Jolly colaen som deres prim\u00e6re. Desuden vil her ogs\u00e5 v\u00e6re andre ting, s\u00e5som billeder, reklamer og diverse reklamefilm om colaen. Hvis du skulle ligge inde med matrialer om denne cola, s\u00e5 er jeg intereseret i at vide mere. Send en mail til mig.<\/p>\n<p style=\"text-align: justify;\"><strong>Vidste du:<\/strong><\/p>\n<p style=\"text-align: justify;\">At &#8216;To modne frugter&#8221; er k\u00e5ret som Danmarks bedste reklamefilm!&nbsp;N\u00e6sten 5000 har stemt p\u00e5 deres favorit til titlen: Danmarks Bedste Reklamefilm.&nbsp;Med 30 % af stemmerne blev det: Jolly Cola To modne frugter, som l\u00f8b med en overbevisende sejr.<\/p>\n<p style=\"text-align: justify;\">Jolly Cola-reklamen &#8216;To modne frugter&#8217; er fra 1992 og 93. I reklamen ses modellen Tina Kj\u00e6r og Kennet Kainz &#8211; dengang statist, senere filminstrukt\u00f8r. Du kan se de 2 reklamefilm l\u00e6ngere nede p\u00e5 siden.<\/p>\n<hr>\n<p><strong>Artikler:<\/strong><\/p>\n<ul class=\"display-posts-listing\"><li class=\"listing-item\"><a class=\"title\" href=\"https:\/\/bryg.2th.dk\/?p=53307\">Rema 1000 har 13-doblet salg af dansk coladrik<\/a><\/li><li class=\"listing-item\"><a class=\"title\" href=\"https:\/\/bryg.2th.dk\/?p=53304\">Trumps eskapader fik dansk cola-m\u00e6rke til at t\u00e6nke, at &#8220;vi er n\u00f8dt til at reagere p\u00e5 det&#8221;<\/a><\/li><li class=\"listing-item\"><a class=\"title\" href=\"https:\/\/bryg.2th.dk\/?p=1741\">Jolly Cola hitter igen<\/a><\/li><li class=\"listing-item\"><a class=\"title\" href=\"https:\/\/bryg.2th.dk\/?p=1728\">Jolly Colaen er blevet rigtig fynsk igen<\/a><\/li><li class=\"listing-item\"><a class=\"title\" href=\"https:\/\/bryg.2th.dk\/?p=1726\">Sv\u00e6rt at finde Jolly Colaen p\u00e5 Fyn<\/a><\/li><\/ul>\n<hr>\n<p><strong>Etiketter:<\/strong><\/p>\n<ul>\n<li><a href=\"https:\/\/bryg.2th.dk\/?page_id=53300\">Du finder et udvalg af Jolly etiketter her.<\/a><\/li>\n<\/ul>\n<hr>\n<p><strong>Andre etiketter:<\/strong><\/p>\n<ul>\n<li><a href=\"https:\/\/bryg.2th.dk\/?page_id=4926\">Se bagsideetikker her.<\/a><\/li>\n<\/ul>\n<hr>\n<p><strong>Reklamefilm:<\/strong><\/p>\n<ul class=\"display-posts-listing\"><li class=\"listing-item\"><a class=\"title\" href=\"https:\/\/bryg.2th.dk\/?page_id=19963\">Jolly Cola &#8211; 3 Kanoer (1975)<\/a><\/li><li class=\"listing-item\"><a class=\"title\" href=\"https:\/\/bryg.2th.dk\/?page_id=4356\">Jolly Cola &#8211; 50 \u00e5rs jubil\u00e6um &#8211; intro<\/a><\/li><li class=\"listing-item\"><a class=\"title\" href=\"https:\/\/bryg.2th.dk\/?page_id=4346\">Jolly Cola &#8211; Burp (1999) for Albani<\/a><\/li><li class=\"listing-item\"><a class=\"title\" href=\"https:\/\/bryg.2th.dk\/?page_id=4348\">Jolly Cola &#8211; Intro (1999) for Albani<\/a><\/li><li class=\"listing-item\"><a class=\"title\" href=\"https:\/\/bryg.2th.dk\/?page_id=4354\">Jolly Cola &#8211; Jolly Containeren helt kaput (2007)<\/a><\/li><li class=\"listing-item\"><a class=\"title\" href=\"https:\/\/bryg.2th.dk\/?page_id=4350\">Jolly Cola &#8211; Jolly p\u00e5 stranden (2007)<\/a><\/li><li class=\"listing-item\"><a class=\"title\" href=\"https:\/\/bryg.2th.dk\/?page_id=4344\">Jolly Cola &#8211; King (1999) for Albani<\/a><\/li><li class=\"listing-item\"><a class=\"title\" href=\"https:\/\/bryg.2th.dk\/?page_id=4328\">Jolly Cola &#8211; Ni p\u00e5 kanotur (1975)<\/a><\/li><li class=\"listing-item\"><a class=\"title\" href=\"https:\/\/bryg.2th.dk\/?page_id=4334\">Jolly Cola &#8211; Ni-dem Jolly Cola (1975)<\/a><\/li><li class=\"listing-item\"><a class=\"title\" href=\"https:\/\/bryg.2th.dk\/?page_id=4336\">Jolly Cola &#8211; Nu med ny flaske<\/a><\/li><\/ul>\n<hr>\n<p><strong>Andet materiale:<\/strong><\/p>\n<ul class=\"display-posts-listing\"><li class=\"listing-item\"><a class=\"title\" href=\"https:\/\/bryg.2th.dk\/?page_id=19954\">Fakta om Jolly<\/a><\/li><li class=\"listing-item\"><a class=\"title\" href=\"https:\/\/bryg.2th.dk\/?page_id=11276\">Jolly cola flasker<\/a><\/li><li class=\"listing-item\"><a class=\"title\" href=\"https:\/\/bryg.2th.dk\/?page_id=11273\">Jolly cola koder<\/a><\/li><\/ul>\n<hr>\n<p><strong>Links:<\/strong><\/p>\n<ul>\n<li><a href=\"https:\/\/www.facebook.com\/JollyCola?ref=hl\" target=\"_blank\" rel=\"noopener noreferrer\">Jolly Cola p\u00e5 Facebook<\/a><\/li>\n<\/ul>\n","protected":false},"excerpt":{"rendered":"<p>Den danske cola &#8211; Jolly Cola. Jolly Cola. tjah&#8230; hvem har ikke drukket Jolly Cola i sin barndom? Jeg har, men det der var sp\u00e6ndende ved Jolly Cola&#8217;en var etiketterne! Der stod jo altid noget p\u00e5 bagsiden af dem, som bl.a. quis&#8217;er, vittigheder, grafitti, osv. Den f\u00f8rste Jolly etiket pillede jeg af i 1982 s\u00e5dan &hellip; <a href=\"https:\/\/bryg.2th.dk\/?page_id=11273\" class=\"more-link\">L\u00e6s videre <span class=\"screen-reader-text\">Jolly cola koder<\/span> <span class=\"meta-nav\">&rarr;<\/span><\/a><\/p>\n","protected":false},"author":2,"featured_media":0,"parent":17,"menu_order":30,"comment_status":"closed","ping_status":"closed","template":"","meta":{"ngg_post_thumbnail":0,"footnotes":""},"categories":[],"tags":[49],"class_list":["post-69","page","type-page","status-publish","hentry","tag-jolly-cola"],"_links":{"self":[{"href":"https:\/\/bryg.2th.dk\/index.php?rest_route=\/wp\/v2\/pages\/69","targetHints":{"allow":["GET"]}}],"collection":[{"href":"https:\/\/bryg.2th.dk\/index.php?rest_route=\/wp\/v2\/pages"}],"about":[{"href":"https:\/\/bryg.2th.dk\/index.php?rest_route=\/wp\/v2\/types\/page"}],"author":[{"embeddable":true,"href":"https:\/\/bryg.2th.dk\/index.php?rest_route=\/wp\/v2\/users\/2"}],"replies":[{"embeddable":true,"href":"https:\/\/bryg.2th.dk\/index.php?rest_route=%2Fwp%2Fv2%2Fcomments&post=69"}],"version-history":[{"count":0,"href":"https:\/\/bryg.2th.dk\/index.php?rest_route=\/wp\/v2\/pages\/69\/revisions"}],"up":[{"embeddable":true,"href":"https:\/\/bryg.2th.dk\/index.php?rest_route=\/wp\/v2\/pages\/17"}],"wp:attachment":[{"href":"https:\/\/bryg.2th.dk\/index.php?rest_route=%2Fwp%2Fv2%2Fmedia&parent=69"}],"wp:term":[{"taxonomy":"category","embeddable":true,"href":"https:\/\/bryg.2th.dk\/index.php?rest_route=%2Fwp%2Fv2%2Fcategories&post=69"},{"taxonomy":"post_tag","embeddable":true,"href":"https:\/\/bryg.2th.dk\/index.php?rest_route=%2Fwp%2Fv2%2Ftags&post=69"}],"curies":[{"name":"wp","href":"https:\/\/api.w.org\/{rel}","templated":true}]}}