{"id":6406,"date":"2015-04-09T11:52:59","date_gmt":"2015-04-09T09:52:59","guid":{"rendered":"https:\/\/brygny.2th.dk\/?page_id=6406"},"modified":"2025-02-20T19:41:29","modified_gmt":"2025-02-20T18:41:29","slug":"bryggeriet-carlsminde","status":"publish","type":"page","link":"https:\/\/bryg.2th.dk\/?page_id=6406","title":{"rendered":"Bryggeriet Carlsminde"},"content":{"rendered":"<h3>Bryggeriet Carlsminde, 1856-1986<\/h3>\n<hr>\n<p><strong>KORT INFO OM BRYGGERIET\/FABRIKKEN.<\/strong><\/p>\n<table>\n<tbody>\n<tr style=\"border-style: hidden;\">\n<td style=\"width: 40%;background-color: #d4e6d3; height: 18px; border-style: hidden;\" scope=\"row\">&nbsp;<\/td>\n<td style=\"width: 60%; height: 18px; border-style: hidden; vertical-align: top; background-color: #ededed;\" scope=\"row\"><strong>Ejere.<\/strong><\/td>\n<\/tr>\n<tr style=\"border-style: hidden;\">\n<td style=\"width: 40%;background-color: #d4e6d3; height: 233px; border-style: hidden;\" rowspan=\"4\" scope=\"row\"><img decoding=\"async\" class=\"ngg-singlepic ngg-none aligncenter\" src=\"https:\/\/bryg.2th.dk\/wp-content\/gallery\/bryggeri-logoer\/intet_logo.jpg\" alt=\"\" width=\"85%\" height=\"200\"><\/td>\n<td style=\"vertical-align: top; width: 60%; border-color: #000000; height: 179px; border-style: hidden; background-color: #ededed;\" scope=\"row\">Grundl\u00e6gger: Brygger Carl Larsen<\/td>\n<\/tr>\n<tr style=\"border-style: hidden;\">\n<td style=\"vertical-align: top; width: 60%; border-color: #000000; height: 18px; border-style: hidden; background-color: #ededed;\"><strong>Links. <\/strong>Nej<\/td>\n<\/tr>\n<tr style=\"border-style: hidden;\">\n<td style=\"vertical-align: top; width: 60%; border-color: #000000; height: 18px; border-style: hidden; background-color: #ededed;\" scope=\"row\"><strong>Kendte adresser.<\/strong><\/td>\n<\/tr>\n<tr style=\"border-style: hidden;\">\n<td style=\"vertical-align: top; width: 60%; border-color: #000000; height: 18px; border-style: hidden; background-color: #ededed;\">Blegdamsvej 4, 5800 Nyborg.<\/td>\n<\/tr>\n<\/tbody>\n<\/table>\n<hr>\n<p><strong>HISTORIEN.<\/strong><\/p>\n<p style=\"text-align: justify;\">Bryggeriet blev grundlagt i 1856 i Mads Lerkes g\u00e5rd. Det fort\u00e6lles at man fra bryggeriets start havde &#8220;Gammel\u00f8l med pind&#8221; og udsk\u00e6nkede det i en s\u00e6rlig sk\u00e6nkestue, hvor g\u00e6sterne ved hj\u00e6lp af pinden r\u00f8rte St. Croix-sukker og rom sammen med det sure \u00f8l til en kraftig og s\u00f8det drik. I 1883 startede man p\u00e5 brygningen af Bayersk \u00f8l og senere i 1887 byggede man et nyt bryghus. I 1895 blev bryggeriet omdannet til et aktieselskab.<\/p>\n<p style=\"text-align: justify;\">Udviklingen for bryggeriet gik stille og roligt men st\u00f8t frem, men st\u00f8rre \u00e6ndringere kom der ikke f\u00f8r efter 2. verdenskrig, hvor hele bryggeriet gennemgik en rationalisering, hvor der blandt andet kom et nyt bryghus og ny tappehal op at st\u00e5. Lagerkapaciteten ble udvidet s\u00e5 bryggeriet var p\u00e5 det tidspunkt et godt moderne og effektiv virksomhed.<\/p>\n<p style=\"text-align: justify;\">Bryggeriet blev i 1986 overtaget af Albani, og lukkede kort efter.<\/p>\n<hr>\n<p><strong>ETIKETTERNE.<\/strong><\/p>\nngg_shortcode_0_placeholder\n<hr>\n<p><strong>ARTIKLER.<\/strong><\/p>\n<p>Der er ikke nogen informationer til dette punkt endnu.<\/p>\n<hr>\n<p><strong>ANDET.<\/strong><\/p>\n<p>Der er ikke nogen informationer til dette punkt endnu.<\/p>\n<hr>\n<p><strong>LITTERATUR.<\/strong><\/p>\n<p>Der er ikke nogen informationer til dette punkt endnu.<\/p>\n<hr>\n<p><strong>REKLAMER &#8211; HERUNDER REKLAME FILM.<\/strong><\/p>\n<p>Der er ikke nogen informationer til dette punkt endnu.<\/p>\n<hr>\n<p><strong>HISTORISKE FILM.<\/strong><\/p>\n<div class=\"epyt-video-wrapper\">\n<div  id=\"_ytid_11356\"  width=\"474\" height=\"288\"  data-origwidth=\"474\" data-origheight=\"288\"  data-relstop=\"1\" data-facadesrc=\"https:\/\/www.youtube.com\/embed\/TMypgtYydIg?enablejsapi=1&#038;autoplay=0&#038;cc_load_policy=1&#038;cc_lang_pref=&#038;iv_load_policy=1&#038;loop=0&#038;rel=0&#038;fs=1&#038;playsinline=0&#038;autohide=2&#038;hl=da_DK&#038;theme=dark&#038;color=red&#038;controls=1&#038;disablekb=0&#038;\" class=\"__youtube_prefs__ epyt-facade epyt-is-override  no-lazyload\" data-epautoplay=\"1\" ><img decoding=\"async\" data-spai-excluded=\"true\" class=\"epyt-facade-poster skip-lazy\" loading=\"lazy\"  alt=\"YouTube player\"  src=\"https:\/\/i.ytimg.com\/vi\/TMypgtYydIg\/maxresdefault.jpg\"  \/><button class=\"epyt-facade-play\" aria-label=\"Play\"><svg data-no-lazy=\"1\" height=\"100%\" version=\"1.1\" viewBox=\"0 0 68 48\" width=\"100%\"><path class=\"ytp-large-play-button-bg\" d=\"M66.52,7.74c-0.78-2.93-2.49-5.41-5.42-6.19C55.79,.13,34,0,34,0S12.21,.13,6.9,1.55 C3.97,2.33,2.27,4.81,1.48,7.74C0.06,13.05,0,24,0,24s0.06,10.95,1.48,16.26c0.78,2.93,2.49,5.41,5.42,6.19 C12.21,47.87,34,48,34,48s21.79-0.13,27.1-1.55c2.93-0.78,4.64-3.26,5.42-6.19C67.94,34.95,68,24,68,24S67.94,13.05,66.52,7.74z\" fill=\"#f00\"><\/path><path d=\"M 45,24 27,14 27,34\" fill=\"#fff\"><\/path><\/svg><\/button><\/div>\n<\/div>\n","protected":false},"excerpt":{"rendered":"<p>Bryggeriet Carlsminde, 1856-1986 KORT INFO OM BRYGGERIET\/FABRIKKEN. &nbsp; Ejere. Grundl\u00e6gger: Brygger Carl Larsen Links. Nej Kendte adresser. Blegdamsvej 4, 5800 Nyborg. HISTORIEN. Bryggeriet blev grundlagt i 1856 i Mads Lerkes g\u00e5rd. Det fort\u00e6lles at man fra bryggeriets start havde &#8220;Gammel\u00f8l med pind&#8221; og udsk\u00e6nkede det i en s\u00e6rlig sk\u00e6nkestue, hvor g\u00e6sterne ved hj\u00e6lp af pinden &hellip; <a href=\"https:\/\/bryg.2th.dk\/?page_id=6406\" class=\"more-link\">L\u00e6s videre <span class=\"screen-reader-text\">Bryggeriet Carlsminde<\/span> <span class=\"meta-nav\">&rarr;<\/span><\/a><\/p>\n","protected":false},"author":2,"featured_media":0,"parent":21,"menu_order":0,"comment_status":"closed","ping_status":"closed","template":"","meta":{"ngg_post_thumbnail":0,"footnotes":""},"categories":[171,53],"tags":[96],"class_list":["post-6406","page","type-page","status-publish","hentry","category-5800b","category-danske-bryggerier-danske-bryggerier","tag-dk_bryg"],"_links":{"self":[{"href":"https:\/\/bryg.2th.dk\/index.php?rest_route=\/wp\/v2\/pages\/6406","targetHints":{"allow":["GET"]}}],"collection":[{"href":"https:\/\/bryg.2th.dk\/index.php?rest_route=\/wp\/v2\/pages"}],"about":[{"href":"https:\/\/bryg.2th.dk\/index.php?rest_route=\/wp\/v2\/types\/page"}],"author":[{"embeddable":true,"href":"https:\/\/bryg.2th.dk\/index.php?rest_route=\/wp\/v2\/users\/2"}],"replies":[{"embeddable":true,"href":"https:\/\/bryg.2th.dk\/index.php?rest_route=%2Fwp%2Fv2%2Fcomments&post=6406"}],"version-history":[{"count":0,"href":"https:\/\/bryg.2th.dk\/index.php?rest_route=\/wp\/v2\/pages\/6406\/revisions"}],"up":[{"embeddable":true,"href":"https:\/\/bryg.2th.dk\/index.php?rest_route=\/wp\/v2\/pages\/21"}],"wp:attachment":[{"href":"https:\/\/bryg.2th.dk\/index.php?rest_route=%2Fwp%2Fv2%2Fmedia&parent=6406"}],"wp:term":[{"taxonomy":"category","embeddable":true,"href":"https:\/\/bryg.2th.dk\/index.php?rest_route=%2Fwp%2Fv2%2Fcategories&post=6406"},{"taxonomy":"post_tag","embeddable":true,"href":"https:\/\/bryg.2th.dk\/index.php?rest_route=%2Fwp%2Fv2%2Ftags&post=6406"}],"curies":[{"name":"wp","href":"https:\/\/api.w.org\/{rel}","templated":true}]}}