{"id":5856,"date":"2015-04-07T14:19:53","date_gmt":"2015-04-07T12:19:53","guid":{"rendered":"https:\/\/brygny.2th.dk\/?page_id=5856"},"modified":"2026-01-07T20:19:40","modified_gmt":"2026-01-07T19:19:40","slug":"carlsberg-bryggerierne","status":"publish","type":"page","link":"https:\/\/bryg.2th.dk\/?page_id=5856","title":{"rendered":"Carlsberg Bryggerierne"},"content":{"rendered":"<h3>Carlsberg Bryggerierne, 1847-?<\/h3>\n<hr>\n<p><strong>KORT INFO OM BRYGGERIET\/FABRIKKEN.<\/strong><\/p>\n<table>\n<tbody>\n<tr style=\"border-style: hidden;\">\n<td style=\"width: 40%; background-color: #d4e6d3; height: 18px; border-style: hidden;\" scope=\"row\">&nbsp;<\/td>\n<td style=\"width: 60%; height: 18px; border-style: hidden; vertical-align: top; background-color: #ededed;\" scope=\"row\"><strong>Ejere.<\/strong><\/td>\n<\/tr>\n<tr style=\"border-style: hidden;\">\n<td style=\"width: 40%; background-color: #d4e6d3; height: 233px; border-style: hidden;\" rowspan=\"4\" scope=\"row\"><img decoding=\"async\" class=\"ngg-singlepic ngg-none aligncenter\" src=\"https:\/\/bryg.2th.dk\/wp-content\/gallery\/bryggeri-logoer\/carlsberg_logo.jpg\" alt=\"\" width=\"85%\" height=\"200\"><\/td>\n<td style=\"vertical-align: top; width: 60%; border-color: #000000; height: 179px; border-style: hidden; background-color: #ededed;\" scope=\"row\">Bryggeriet &#8220;Carlsberg&#8221;, J.C. Jacobsen. 1847-1871<br \/>\nBryggeriet &#8220;Carlsberg&#8221;, J.C. Jacobsen &amp; Co. 1871-1881<br \/>\nBryggeriet &#8220;Gamle Carlsberg&#8221;, J.C. Jacobsen. 1881-1888<br \/>\nBryggeriet &#8220;Gamle Carlsberg&#8221;, Carlsbergfondet. 1888-1906<br \/>\nCarlsberg Bryggerierne, Carlsbergfondet. 1906-1969<br \/>\nDe forenede Bryggerier A\/S, afd. Carlsberg Bryggerierne. 1969-1987<br \/>\nCarlsberg A\/S. 1987-<\/td>\n<\/tr>\n<tr style=\"border-style: hidden;\">\n<td style=\"vertical-align: top; width: 60%; border-color: #000000; height: 18px; border-style: hidden; background-color: #ededed;\"><strong>Links. <\/strong><a href=\"https:\/\/carlsbergdanmark.dk\/\" target=\"_blank\" rel=\"noopener noreferrer\">Ja<\/a><\/td>\n<\/tr>\n<tr style=\"border-style: hidden;\">\n<td style=\"vertical-align: top; width: 60%; border-color: #000000; height: 18px; border-style: hidden; background-color: #ededed;\" scope=\"row\"><strong>Kendte adresser.<\/strong><\/td>\n<\/tr>\n<tr style=\"border-style: hidden;\">\n<td style=\"vertical-align: top; width: 60%; border-color: #000000; height: 18px; border-style: hidden; background-color: #ededed;\">Ny Carlsberg Vej 100, 1799 K\u00f8benhavn V.<br \/>\nVestre Ringvej 111, 7000 Fredericia<\/td>\n<\/tr>\n<\/tbody>\n<\/table>\n<hr>\n<p><strong>HISTORIEN.<\/strong><\/p>\n<p style=\"text-align: justify;\">1773:&nbsp;Christen Jacobsen bliver f\u00f8dt. Han er eneste s\u00f8n p\u00e5 en mindre bondeg\u00e5rd i Nordjylland.<\/p>\n<p style=\"text-align: justify;\">1801:&nbsp;Det bliver muligt at rejse. Christen bryder op og s\u00f8ger sin lykke i K\u00f8benhavn. Han f\u00e5r arbejde p\u00e5 Kongens Bryghus f\u00f8rst som arbejdskarl og siden som bryggersvend, han sparer penge op.<\/p>\n<p style=\"text-align: justify;\">1810:&nbsp;Christen Jacobsen bliver gift med Caroline Frederikke Schelbeck.<\/p>\n<p style=\"text-align: justify;\">1811:&nbsp;Christen Jacobsen bliver lejebrygger i Knabrostr\u00e6de. Han f\u00f8lger med i tidens bryggerilitteratur og f\u00e5r nyindrettet sit bryggeri. Hans s\u00f8n Jacob Christian Jacobsen bliver f\u00f8dt.<\/p>\n<p style=\"text-align: justify;\">1817:&nbsp;Christen Jacobsen bliver ejer af bryggeriet og f\u00e5r borgerbrev som brygger.<\/p>\n<p style=\"text-align: justify;\">1826:&nbsp;Christen Jacobsen indf\u00f8rer som den f\u00f8rste i byen brugen af termometer. Jacob Christian, hans s\u00f8n overv\u00e6rer offentlige forel\u00e6sninger om naturvidenskab. Christen Jacobsen er medejer af Kongens Bryghus og sidder i ledelsen af dette fra 1826-29.<\/p>\n<p style=\"text-align: justify;\">1830:&nbsp;Indtr\u00e6der J.C. Jacobsen i borgerv\u00e6bningen, han bliver siden kaptajn. Senere i livet kan han godt lide at blive tiltalt &#8220;kaptajnen&#8221;.<\/p>\n<p style=\"text-align: justify;\">1835:&nbsp;Christen Jacobsen d\u00f8r. J.C. Jacobsen, hans s\u00f8n overtager hvidt\u00f8lsbryggeriet i Brol\u00e6ggerstr\u00e6de som lejebrygger.<\/p>\n<p style=\"text-align: justify;\">1836:&nbsp;J.C. Jacobsens f\u00f8rste studierejse til Langes Bryggeri i Altona og Hamborg for at studerer brygning af underg\u00e6ret \u00f8l.<\/p>\n<p style=\"text-align: justify;\">1839:&nbsp;J.C. Jacobsen gifter sig med Laura Holst.<\/p>\n<p style=\"text-align: justify;\">1842:&nbsp;Carl Jacobsen f\u00f8des. J.C. Jacobsen foretager sin anden studierejse til Tyskland, Tjekkiet, \u00d8strig og Italien.<\/p>\n<p style=\"text-align: justify;\">1844:&nbsp;J.C. Jacobsen bliver ejer af bryggeriet i Brol\u00e6ggerstr\u00e6de efter moderens d\u00f8d.<\/p>\n<p style=\"text-align: justify;\">1845:&nbsp;J.C. Jacobsen begynder at brygge underg\u00e6ret \u00f8l. Han anl\u00e6gger en k\u00e6lder i volden ved Hahns bastion. Rejser i slutningen af \u00e5ret til M\u00fcnchen og afhenter underg\u00e6r fra brygger Sedlmayr. P\u00e5 rejsen hjem, der forg\u00e5r med diligence, holder han g\u00e6ren frisk ved at k\u00f8le den ved hvert stop under en vandpost. Han har ombygget en hatte\u00e6ske til at rumme beholderen med underg\u00e6r.<\/p>\n<p style=\"text-align: justify;\">1846:&nbsp;J.C. Jacobsen p\u00e5begynder byggeriet af Carlsberg. Han v\u00e6lger at l\u00e6gge bryggeriet i Valby, da han ser det rigelige vand, der l\u00f8ber ud af skr\u00e6nten i forbindelse med anl\u00e6gget af jernbanen til Roskilde.<\/p>\n<p style=\"text-align: justify;\">Fra udlandet fik J. C. Jacobsen \u00e5bnet \u00f8jnene for bayersk \u00f8l, der er noget anderledes end den hvidt\u00f8lstype, som danskerne drak indtil midten af 1800-tallet. I Valby, der dengang l\u00e5 uden for K\u00f8benhavn, opf\u00f8rte han i 1847 bryggeriet Carlsberg, navngivet efter hans s\u00f8n Carl og bryggeriets geografiske beliggenhed, en bakke. Bryggeriet skulle levere til de k\u00f8benhavnske borgere, men pladsen indenfor byens volde var blevet s\u00e5 trang og milj\u00f8et s\u00e5 d\u00e5rligt, at Jacobsen s\u00f8gte kongens tilladelse til at placere bryggeriet i Valby, hvor den nye jernbane fra K\u00f8benhavn til Roskilde ganske praktisk ogs\u00e5 gik igennem.<\/p>\n<p style=\"text-align: justify;\">Carlsberg fik hurtigt succes, og i 1868 eksporterede bryggeriet sin f\u00f8rste t\u00f8nde \u00f8l. \u00d8llets kvalitet var af stor vigtighed for J. C. Jacobsen, og han oprettede derfor det velansete Carlsberg Laboratorium i 1875. Med forskeren Emil Christian Hansen i spidsen kom laboratoriet til at spille en stor rolle i tidens str\u00e6ben efter at forst\u00e5 \u00f8llets kemi. I 1883 lykkedes det ham nemlig at rendyrke den \u00f8lg\u00e6r, man brugte, og dermed kunne den \u00f8del\u00e6ggende \u00f8lsyge undg\u00e5s. G\u00e6rtypen blev navngivet Saccharomyces Carlsbergensis og metoden blev frit sk\u00e6nket til andre bryggerier, og i dag er det stadig Carlsbergensis-typen, der bruges til pilsnerbrygning verden over.<\/p>\n<p style=\"text-align: justify;\">Gamle og Ny Carlsberg<\/p>\n<p style=\"text-align: justify;\">J.C. Jacobsens s\u00f8n, Carl Jacobsen, kom ogs\u00e5 ind i bryggeribranchen, og i 1871 fik han lov til at leje faderens nybyggede Anneksbryggeriet som ogs\u00e5 l\u00e5 p\u00e5 grunden i Valby. Far og s\u00f8n var dog ikke enige p\u00e5 sp\u00f8rgsm\u00e5let om \u00f8llets kvalitet. Her mente far J.C. at man ikke m\u00e5tte sl\u00e6kke p\u00e5 \u00f8llets lagringstid, mens Carl netop ville g\u00f8re dette for at im\u00f8deg\u00e5 den store eftersp\u00f8rgsel. I 1880 opsagde J.C. s\u00e5 s\u00f8nnens lejeaftale og kunne dermed udvide sin egen produktion betydeligt. Carl, der allerede var blevet velhavende, opf\u00f8rte i stedet bryggeriet Ny Carlsberg ved siden af de to andre. Forholdet mellem Carl og J.C. var ikke altid godt, og de to Carlsberg-bryggerier blev f\u00f8rst sl\u00e5et sammen 19 \u00e5r efter faderens d\u00f8d (1906).<\/p>\n<p style=\"text-align: justify;\">V\u00e6ksten gennem 1900-tallet<\/p>\n<p style=\"text-align: justify;\">Carlsberg gik efterh\u00e5nden til at v\u00e6re landsd\u00e6kkende, og specielt i \u00e5rtierne efter 2. verdenskrig begyndte bryggeriet at etablere produktion i udlandet. I 1964 overtog Carlsberg det nordsj\u00e6llandske bryggeri Wiibroe, men lod det forel\u00f8bigt have sin egen \u00f8lproduktion. Carlsberg k\u00f8bte De forenede Bryggerier (Tuborg) i 1970 og fortsatte en overgang med dettes navn. I 1988 k\u00f8bte man det mindre vesttyske Hannen-Brauerei, og i 1992 indgik Carlsberg en fusion med britiske Tetley. I 2000 overtog Carlsberg det store schweiziske bryggeri Feldschl\u00f6sschen.<\/p>\n<p style=\"text-align: justify;\">I 2001 lagde Carlsberg og norske Orkla deres bryggeriaktiviteter i selskabet Carlsberg Breweries A\/S med en ejerandel p\u00e5 henholdsvis 60 og 40 procent. Ejerstrukturen fungerede dog ikke optimalt og efter et overtagelsesfors\u00f8g fra Orkla, k\u00f8bte Carlsberg i 2004 selskabet fri igen for 14,8 mia. kr., ligesom man for\u00f8gede g\u00e6lden yderligere ved at overtage tyske Holsten Brauerei, hvilket gav en solid position p\u00e5 det nordtyske marked.<\/p>\n<p style=\"text-align: justify;\">Carlsberg brygger fra 2008 ikke l\u00e6ngere \u00f8l p\u00e5 den historiske grund i Valby da man har besluttet at samle den danske produktion i Fredericia.<\/p>\n<hr>\n<p><strong>ETIKETTERNE.<\/strong><\/p>\nngg_shortcode_0_placeholder\n<hr>\n<p><strong>ARTIKLER.<\/strong><\/p>\n<ul class=\"display-posts-listing\"><li class=\"listing-item\"><a class=\"title\" href=\"https:\/\/bryg.2th.dk\/?p=26441\">Den Gyldne Dame bliver mere sober<\/a><\/li><li class=\"listing-item\"><a class=\"title\" href=\"https:\/\/bryg.2th.dk\/?p=5118\">Carlsberg flytter fra Valby<\/a><\/li><li class=\"listing-item\"><a class=\"title\" href=\"https:\/\/bryg.2th.dk\/?p=1745\">Byttest\u00e6vne p\u00e5 Carlsberg<\/a><\/li><li class=\"listing-item\"><a class=\"title\" href=\"https:\/\/bryg.2th.dk\/?p=6857\">Carlsberg lukker Wiibroe bryggeri<\/a><\/li><li class=\"listing-item\"><a class=\"title\" href=\"https:\/\/bryg.2th.dk\/?p=6855\">Carlsberg kvitter sodavandsflasken<\/a><\/li><\/ul>\n<hr>\n<p><strong>ANDET.<\/strong><\/p>\n<p>Priser set p\u00e5 <a href=\"https:\/\/bryg.2th.dk\/?page_id=5183\" target=\"_blank\" rel=\"noopener noreferrer\">Carlsberg \u00d8letiketter<\/a><\/p>\n<hr>\n<p><strong>ANDRE SIDER.<\/strong><\/p>\n<p><a href=\"https:\/\/carlsbergdanmark.dk\/\" target=\"_blank\" rel=\"noopener noreferrer\">Carlsberg<\/a><br \/>\nVisit Carlsberg<br \/>\n<a href=\"https:\/\/www.carlsberg.com\/en\/#!overview\" target=\"_blank\" rel=\"noopener noreferrer\">Carlsberg<\/a>&nbsp;(international link)<\/p>\n<hr>\n<p><strong>LITTERATUR.<\/strong><\/p>\n<p>Bogen om Carlsberg.<br \/>\nCarlsbergs historie. Illustrationer af Sikker Hansen.<br \/>\nUdgivet af: Carlsberg, 1954<\/p>\n<p>Carlsberg bryggeriernes historie &#8211; grundlagt 1847.<br \/>\nUdgivet af: Carlsberg, 1927<\/p>\n<p>Bryggeren, J. C. Jacobsen p\u00e5 Carlsberg<br \/>\naf: Kristof Glamann<br \/>\nUdgivet af: Gyldendal, 1990<\/p>\n<hr>\n<p><strong>REKLAMER &#8211; HERUNDER REKLAME FILM.<\/strong><\/p>\n<p>Der er ikke nogen informationer til dette punkt endnu.<\/p>\n<hr>\n<p><strong>FILM &#8211; BES\u00d8G CARLSBERG I FREDERICIA<\/strong><\/p>\n<p><code><figure class=\"wp-block-embed wp-block-embed-youtube is-type-video is-provider-youtube epyt-figure\"><div class=\"wp-block-embed__wrapper\"><div class=\"epyt-video-wrapper\"><div  id=\"_ytid_60543\"  width=\"474\" height=\"288\"  data-origwidth=\"474\" data-origheight=\"288\"  data-relstop=\"1\" data-facadesrc=\"https:\/\/www.youtube.com\/embed\/s8ikiYOyzlA?enablejsapi=1&autoplay=0&cc_load_policy=1&cc_lang_pref=&iv_load_policy=1&loop=0&rel=0&fs=1&playsinline=0&autohide=2&hl=da_DK&theme=dark&color=red&controls=1&disablekb=0&\" class=\"__youtube_prefs__ epyt-facade no-lazyload\" data-epautoplay=\"1\" ><img decoding=\"async\" data-spai-excluded=\"true\" class=\"epyt-facade-poster skip-lazy\" loading=\"lazy\"  alt=\"YouTube player\"  src=\"https:\/\/i.ytimg.com\/vi\/s8ikiYOyzlA\/maxresdefault.jpg\"  \/><button class=\"epyt-facade-play\" aria-label=\"Play\"><svg data-no-lazy=\"1\" height=\"100%\" version=\"1.1\" viewBox=\"0 0 68 48\" width=\"100%\"><path class=\"ytp-large-play-button-bg\" d=\"M66.52,7.74c-0.78-2.93-2.49-5.41-5.42-6.19C55.79,.13,34,0,34,0S12.21,.13,6.9,1.55 C3.97,2.33,2.27,4.81,1.48,7.74C0.06,13.05,0,24,0,24s0.06,10.95,1.48,16.26c0.78,2.93,2.49,5.41,5.42,6.19 C12.21,47.87,34,48,34,48s21.79-0.13,27.1-1.55c2.93-0.78,4.64-3.26,5.42-6.19C67.94,34.95,68,24,68,24S67.94,13.05,66.52,7.74z\" fill=\"#f00\"><\/path><path d=\"M 45,24 27,14 27,34\" fill=\"#fff\"><\/path><\/svg><\/button><\/div><\/div><\/div><\/figure><\/code><\/p>\n","protected":false},"excerpt":{"rendered":"<p>Carlsberg Bryggerierne, 1847-? KORT INFO OM BRYGGERIET\/FABRIKKEN. &nbsp; Ejere. Bryggeriet &#8220;Carlsberg&#8221;, J.C. Jacobsen. 1847-1871 Bryggeriet &#8220;Carlsberg&#8221;, J.C. Jacobsen &amp; Co. 1871-1881 Bryggeriet &#8220;Gamle Carlsberg&#8221;, J.C. Jacobsen. 1881-1888 Bryggeriet &#8220;Gamle Carlsberg&#8221;, Carlsbergfondet. 1888-1906 Carlsberg Bryggerierne, Carlsbergfondet. 1906-1969 De forenede Bryggerier A\/S, afd. Carlsberg Bryggerierne. 1969-1987 Carlsberg A\/S. 1987- Links. Ja Kendte adresser. Ny Carlsberg Vej 100, &hellip; <a href=\"https:\/\/bryg.2th.dk\/?p=6855\" class=\"more-link\">L\u00e6s videre <span class=\"screen-reader-text\">Carlsberg kvitter sodavandsflasken<\/span> <span class=\"meta-nav\">&rarr;<\/span><\/a><\/p>\n","protected":false},"author":2,"featured_media":0,"parent":1108,"menu_order":0,"comment_status":"closed","ping_status":"closed","template":"","meta":{"ngg_post_thumbnail":0,"footnotes":""},"categories":[471,185,53],"tags":[96],"class_list":["post-5856","page","type-page","status-publish","hentry","category-2000b","category-7000b","category-danske-bryggerier-danske-bryggerier","tag-dk_bryg"],"_links":{"self":[{"href":"https:\/\/bryg.2th.dk\/index.php?rest_route=\/wp\/v2\/pages\/5856","targetHints":{"allow":["GET"]}}],"collection":[{"href":"https:\/\/bryg.2th.dk\/index.php?rest_route=\/wp\/v2\/pages"}],"about":[{"href":"https:\/\/bryg.2th.dk\/index.php?rest_route=\/wp\/v2\/types\/page"}],"author":[{"embeddable":true,"href":"https:\/\/bryg.2th.dk\/index.php?rest_route=\/wp\/v2\/users\/2"}],"replies":[{"embeddable":true,"href":"https:\/\/bryg.2th.dk\/index.php?rest_route=%2Fwp%2Fv2%2Fcomments&post=5856"}],"version-history":[{"count":5,"href":"https:\/\/bryg.2th.dk\/index.php?rest_route=\/wp\/v2\/pages\/5856\/revisions"}],"predecessor-version":[{"id":53616,"href":"https:\/\/bryg.2th.dk\/index.php?rest_route=\/wp\/v2\/pages\/5856\/revisions\/53616"}],"up":[{"embeddable":true,"href":"https:\/\/bryg.2th.dk\/index.php?rest_route=\/wp\/v2\/pages\/1108"}],"wp:attachment":[{"href":"https:\/\/bryg.2th.dk\/index.php?rest_route=%2Fwp%2Fv2%2Fmedia&parent=5856"}],"wp:term":[{"taxonomy":"category","embeddable":true,"href":"https:\/\/bryg.2th.dk\/index.php?rest_route=%2Fwp%2Fv2%2Fcategories&post=5856"},{"taxonomy":"post_tag","embeddable":true,"href":"https:\/\/bryg.2th.dk\/index.php?rest_route=%2Fwp%2Fv2%2Ftags&post=5856"}],"curies":[{"name":"wp","href":"https:\/\/api.w.org\/{rel}","templated":true}]}}