{"id":5828,"date":"2015-04-07T12:40:51","date_gmt":"2015-04-07T10:40:51","guid":{"rendered":"https:\/\/brygny.2th.dk\/?page_id=5828"},"modified":"2025-07-15T15:30:50","modified_gmt":"2025-07-15T13:30:50","slug":"broeckhouse-hilleroed","status":"publish","type":"page","link":"https:\/\/bryg.2th.dk\/?page_id=5828","title":{"rendered":"Br\u00f8ckhouse Hiller\u00f8d"},"content":{"rendered":"<h3>Br\u00f8ckhouse Hiller\u00f8d, 2002-2009<\/h3>\n<hr>\n<p><strong>KORT INFO OM BRYGGERIET\/FABRIKKEN.<\/strong><\/p>\n<table>\n<tbody>\n<tr style=\"border-style: hidden;\">\n<td style=\"width: 40%;background-color: #d4e6d3; height: 18px; border-style: hidden;\" scope=\"row\">&nbsp;<\/td>\n<td style=\"width: 60%; height: 18px; border-style: hidden; vertical-align: top; background-color: #ededed;\" scope=\"row\"><strong>Ejere.<\/strong><\/td>\n<\/tr>\n<tr style=\"border-style: hidden;\">\n<td style=\"width: 40%;background-color: #d4e6d3; height: 233px; border-style: hidden;\" rowspan=\"4\" scope=\"row\"><img decoding=\"async\" class=\"ngg-singlepic ngg-none aligncenter\" src=\"https:\/\/bryg.2th.dk\/wp-content\/gallery\/bryggeri-logoer\/broeckhouse_logo.jpg\" alt=\"\" width=\"85%\" height=\"200\"><\/td>\n<td style=\"vertical-align: top; width: 60%; border-color: #000000; height: 179px; border-style: hidden; background-color: #ededed;\" scope=\"row\">Allan Poulsen 2001-2007<br \/>\nTorben Steenholt 2007-2009<\/td>\n<\/tr>\n<tr style=\"border-style: hidden;\">\n<td style=\"vertical-align: top; width: 60%; border-color: #000000; height: 18px; border-style: hidden; background-color: #ededed;\"><strong>Links. <\/strong>Nej<\/td>\n<\/tr>\n<tr style=\"border-style: hidden;\">\n<td style=\"vertical-align: top; width: 60%; border-color: #000000; height: 18px; border-style: hidden; background-color: #ededed;\" scope=\"row\"><strong>Kendte adresser.<\/strong><\/td>\n<\/tr>\n<tr style=\"border-style: hidden;\">\n<td style=\"vertical-align: top; width: 60%; border-color: #000000; height: 18px; border-style: hidden; background-color: #ededed;\">H\u00f8gevej 6, 3400 Hiller\u00f8d<\/td>\n<\/tr>\n<\/tbody>\n<\/table>\n<hr>\n<p><strong>HISTORIEN.<\/strong><\/p>\n<p>Bryggeriets stifter Allan Poulsen startede i 1995 med at brygge \u00f8l hjemme i sin k\u00e6lder p\u00e5 et 40 liters kobberanl\u00e6g, han selv havde lavet. I starten var hjemmebryggeriet en bibesk\u00e6ftigelse, ved siden af et job som IT-konsulent, men i takt med at eftersp\u00f8rgslen p\u00e5 Allan Poulsens \u00f8l steg, begyndte ogs\u00e5 dr\u00f8mmen om at udvide produktionen at antage en stadig fastere form. I 2001 blev Br\u00f8ckhouse stiftet som virksomhed, som medf\u00f8rte at Allan Poulsen investerede 500.000 kr. i bryggeriudstyr, s\u00e5 det lille hobbybryggeri nu fyldte hele k\u00e6lderen i den private villa i Grib Skov. Herefter var det nu muligt at brygge 24.000 liter om \u00e5ret. Virksomheden fungerede dog stadig delvist p\u00e5 hobbyplan, som indbefattede en ugentlig fridag, hvor Allan Poulsen kunne arbejde i bryggeriet.<\/p>\n<p>Den langsomme udvidelse af produktionen viste sig at v\u00e6re ganske hurtig, da Br\u00f8ckhouse allerede i for\u00e5ret 2004 med et nyt bryganl\u00e6g, n\u00e5ede op p\u00e5 en kapacitet p\u00e5 en halv mio. liter om \u00e5ret. Br\u00f8ckhouse har i h\u00f8j grad udviklet sig eksplosivt, hvilket ogs\u00e5 kan ses af antal ansatte, som ved opstarten i 2002 kun talte Allan Poulsen selv, men i dag (september 2007) besk\u00e6ftiger 13 personer, plus vikarer. Desuden forventes det, at produktionen i 2007 bliver p\u00e5 omkring 600.000 liter \u00f8l.<\/p>\n<p>I maj 2007 meddelte Allan Poulsen at han vil tr\u00e6kke sig som direkt\u00f8r og brygmester fra bryggeriet, da han anser sig selv mere som iv\u00e6rks\u00e6tter end direkt\u00f8r. S\u00e5 i Januar 2008 blev Torben Steenholt sammen med Max &amp; Bernie som skulle vidref\u00f8re Br\u00f8ckhouse. Han vil dog fortsat v\u00e6re medejer af Br\u00f8ckhouse.<\/p>\n<p>I k\u00f8lvandet p\u00e5 den h\u00f8je eftersp\u00f8rgsel er Br\u00f8ckhouse desuden blevet h\u00e6dret af bl.a. Danske \u00d8lentusiaster med prisen \u00c5rets \u00d8lnyhed 2002 for \u00f8l-typen India Pale Ale (IPA).<\/p>\n<p>Br\u00f8ckhouse gik 16. december 2008 i betalingsstandsning og er erkl\u00e6ret konkurs med udgangen af februar 2009.<\/p>\n<p>Br\u00f8ckhouse var&nbsp;et dansk mikrobryggeri beliggende i Grib Skov. Det var&nbsp;et af Danmarks mindste med en kapacitet p\u00e5 kun 500 liter \u00f8l pr. bryg. \u00d8llet brygges i h\u00e5nden efter gamle traditioner og med brug af kvalitetsr\u00e5varer. \u00d8llet er ufiltreret og upasteuriseret, og det f\u00e5r en lang naturlig lagringstid. De henter inspiration i gamle danske \u00f8ltyper, men ogs\u00e5 i de store \u00f8llande som Belgien, England og Tyskland.<\/p>\n<hr>\n<p><strong>ETIKETTERNE.<\/strong><\/p>\n<p>Der er ikke nogen informationer til dette punkt endnu.<\/p>\n<hr>\n<p><strong>ARTIKLER.<\/strong><\/p>\n<p>Der er ikke nogen informationer til dette punkt endnu.<\/p>\n<hr>\n<p><strong>ANDET.<\/strong><\/p>\n<p>Der er ikke nogen informationer til dette punkt endnu.<\/p>\n<hr>\n<p><strong>LITTERATUR.<\/strong><\/p>\n<p>Der er ikke nogen informationer til dette punkt endnu.<\/p>\n<hr>\n<p><strong>REKLAMER &#8211; HERUNDER REKLAME FILM.<\/strong><\/p>\n<p>Der er ikke nogen informationer til dette punkt endnu.<\/p>\n","protected":false},"excerpt":{"rendered":"<p>Br\u00f8ckhouse Hiller\u00f8d, 2002-2009 KORT INFO OM BRYGGERIET\/FABRIKKEN. &nbsp; Ejere. Allan Poulsen 2001-2007 Torben Steenholt 2007-2009 Links. Nej Kendte adresser. H\u00f8gevej 6, 3400 Hiller\u00f8d HISTORIEN. Bryggeriets stifter Allan Poulsen startede i 1995 med at brygge \u00f8l hjemme i sin k\u00e6lder p\u00e5 et 40 liters kobberanl\u00e6g, han selv havde lavet. I starten var hjemmebryggeriet en bibesk\u00e6ftigelse, ved &hellip; <a href=\"https:\/\/bryg.2th.dk\/?page_id=5828\" class=\"more-link\">L\u00e6s videre <span class=\"screen-reader-text\">Br\u00f8ckhouse Hiller\u00f8d<\/span> <span class=\"meta-nav\">&rarr;<\/span><\/a><\/p>\n","protected":false},"author":2,"featured_media":0,"parent":1068,"menu_order":0,"comment_status":"closed","ping_status":"closed","template":"","meta":{"ngg_post_thumbnail":0,"footnotes":""},"categories":[493,53],"tags":[96],"class_list":["post-5828","page","type-page","status-publish","hentry","category-3400b","category-danske-bryggerier-danske-bryggerier","tag-dk_bryg"],"_links":{"self":[{"href":"https:\/\/bryg.2th.dk\/index.php?rest_route=\/wp\/v2\/pages\/5828","targetHints":{"allow":["GET"]}}],"collection":[{"href":"https:\/\/bryg.2th.dk\/index.php?rest_route=\/wp\/v2\/pages"}],"about":[{"href":"https:\/\/bryg.2th.dk\/index.php?rest_route=\/wp\/v2\/types\/page"}],"author":[{"embeddable":true,"href":"https:\/\/bryg.2th.dk\/index.php?rest_route=\/wp\/v2\/users\/2"}],"replies":[{"embeddable":true,"href":"https:\/\/bryg.2th.dk\/index.php?rest_route=%2Fwp%2Fv2%2Fcomments&post=5828"}],"version-history":[{"count":0,"href":"https:\/\/bryg.2th.dk\/index.php?rest_route=\/wp\/v2\/pages\/5828\/revisions"}],"up":[{"embeddable":true,"href":"https:\/\/bryg.2th.dk\/index.php?rest_route=\/wp\/v2\/pages\/1068"}],"wp:attachment":[{"href":"https:\/\/bryg.2th.dk\/index.php?rest_route=%2Fwp%2Fv2%2Fmedia&parent=5828"}],"wp:term":[{"taxonomy":"category","embeddable":true,"href":"https:\/\/bryg.2th.dk\/index.php?rest_route=%2Fwp%2Fv2%2Fcategories&post=5828"},{"taxonomy":"post_tag","embeddable":true,"href":"https:\/\/bryg.2th.dk\/index.php?rest_route=%2Fwp%2Fv2%2Ftags&post=5828"}],"curies":[{"name":"wp","href":"https:\/\/api.w.org\/{rel}","templated":true}]}}