{"id":5700,"date":"2015-04-03T22:33:43","date_gmt":"2015-04-03T20:33:43","guid":{"rendered":"https:\/\/brygny.2th.dk\/?page_id=5700"},"modified":"2025-03-13T21:02:15","modified_gmt":"2025-03-13T20:02:15","slug":"bies-bryghus","status":"publish","type":"page","link":"https:\/\/bryg.2th.dk\/?page_id=5700","title":{"rendered":"Bie&#8217;s Bryghus"},"content":{"rendered":"<h3>Bie&#8217;s Bryghus ApS., 2007-2018<\/h3>\n<hr>\n<p><strong>KORT INFO OM BRYGGERIET\/FABRIKKEN.<\/strong><\/p>\n<table>\n<tbody>\n<tr style=\"border-style: hidden;\">\n<td style=\"width: 40%;background-color: #d4e6d3; height: 18px; border-style: hidden;\" scope=\"row\">&nbsp;<\/td>\n<td style=\"width: 60%; height: 18px; border-style: hidden; vertical-align: top; background-color: #ededed;\" scope=\"row\"><strong>Ejere.<\/strong><\/td>\n<\/tr>\n<tr style=\"border-style: hidden;\">\n<td style=\"width: 40%;background-color: #d4e6d3; height: 233px; border-style: hidden;\" rowspan=\"4\" scope=\"row\"><img decoding=\"async\" class=\"ngg-singlepic ngg-none aligncenter\" src=\"https:\/\/bryg.2th.dk\/wp-content\/gallery\/bryggeri-logoer\/bies_logo.jpg\" alt=\"\" width=\"85%\" height=\"200\"><\/td>\n<td style=\"vertical-align: top; width: 60%; border-color: #000000; height: 179px; border-style: hidden; background-color: #ededed;\" scope=\"row\">Bie&#8217;s Bryghus ApS 2007-2012<br \/>\nRanders Bryghus 2012-2012<br \/>\nBie&#8217;s Bryghus ApS 2014-2018<\/td>\n<\/tr>\n<tr style=\"border-style: hidden;\">\n<td style=\"vertical-align: top; width: 60%; border-color: #000000; height: 18px; border-style: hidden; background-color: #ededed;\"><strong>Links. <\/strong><a href=\"https:\/\/www.biesbryghus.dk\/\" target=\"_blank\" rel=\"noopener noreferrer\">Ja<\/a><\/td>\n<\/tr>\n<tr style=\"border-style: hidden;\">\n<td style=\"vertical-align: top; width: 60%; border-color: #000000; height: 18px; border-style: hidden; background-color: #ededed;\" scope=\"row\"><strong>Kendte adresser.<\/strong><\/td>\n<\/tr>\n<tr style=\"border-style: hidden;\">\n<td style=\"vertical-align: top; width: 60%; border-color: #000000; height: 18px; border-style: hidden; background-color: #ededed;\">Adelgade 26, 9500 Hobro<\/td>\n<\/tr>\n<\/tbody>\n<\/table>\n<hr>\n<p><strong>HISTORIEN.<\/strong><\/p>\n<p style=\"text-align: justify;\">Bie&#8217;s Bryghus blev i 2012 overtaget af Randers Bryghus, som s\u00e5 kort efter gik konkurs og er nu en del af United Beverage ApS.<\/p>\n<p style=\"text-align: justify;\">Siden er bryghuset igen opst\u00e5et i 2014 efter en stor lokal interesse i at f\u00e5 genetableret og igen kunne k\u00f8be lokal \u00f8l i Hobro.<\/p>\n<hr>\n<p><strong>ETIKETTERNE.<\/strong><\/p>\n<p>Der er ikke nogen informationer til dette punkt endnu.<\/p>\n<hr>\n<p><strong>ARTIKLER.<\/strong><\/p>\n<p>Der er ikke nogen informationer til dette punkt endnu.<\/p>\n<hr>\n<p><strong>ANDET.<\/strong><\/p>\n<p>Der er ikke nogen informationer til dette punkt endnu.<\/p>\n<hr>\n<p><strong>LITTERATUR.<\/strong><\/p>\n<p>Der er ikke nogen informationer til dette punkt endnu.<\/p>\n<hr>\n<p><strong>REKLAMER &#8211; HERUNDER REKLAME FILM.<\/strong><\/p>\n<p>Der er ikke nogen informationer til dette punkt endnu.<\/p>\n","protected":false},"excerpt":{"rendered":"<p>Bie&#8217;s Bryghus ApS., 2007-2018 KORT INFO OM BRYGGERIET\/FABRIKKEN. &nbsp; Ejere. Bie&#8217;s Bryghus ApS 2007-2012 Randers Bryghus 2012-2012 Bie&#8217;s Bryghus ApS 2014-2018 Links. Ja Kendte adresser. Adelgade 26, 9500 Hobro HISTORIEN. Bie&#8217;s Bryghus blev i 2012 overtaget af Randers Bryghus, som s\u00e5 kort efter gik konkurs og er nu en del af United Beverage ApS. Siden &hellip; <a href=\"https:\/\/bryg.2th.dk\/?page_id=5700\" class=\"more-link\">L\u00e6s videre <span class=\"screen-reader-text\">Bie&#8217;s Bryghus<\/span> <span class=\"meta-nav\">&rarr;<\/span><\/a><\/p>\n","protected":false},"author":2,"featured_media":0,"parent":1114,"menu_order":0,"comment_status":"closed","ping_status":"closed","template":"","meta":{"ngg_post_thumbnail":0,"footnotes":""},"categories":[443,53],"tags":[96],"class_list":["post-5700","page","type-page","status-publish","hentry","category-9500b","category-danske-bryggerier-danske-bryggerier","tag-dk_bryg"],"_links":{"self":[{"href":"https:\/\/bryg.2th.dk\/index.php?rest_route=\/wp\/v2\/pages\/5700","targetHints":{"allow":["GET"]}}],"collection":[{"href":"https:\/\/bryg.2th.dk\/index.php?rest_route=\/wp\/v2\/pages"}],"about":[{"href":"https:\/\/bryg.2th.dk\/index.php?rest_route=\/wp\/v2\/types\/page"}],"author":[{"embeddable":true,"href":"https:\/\/bryg.2th.dk\/index.php?rest_route=\/wp\/v2\/users\/2"}],"replies":[{"embeddable":true,"href":"https:\/\/bryg.2th.dk\/index.php?rest_route=%2Fwp%2Fv2%2Fcomments&post=5700"}],"version-history":[{"count":0,"href":"https:\/\/bryg.2th.dk\/index.php?rest_route=\/wp\/v2\/pages\/5700\/revisions"}],"up":[{"embeddable":true,"href":"https:\/\/bryg.2th.dk\/index.php?rest_route=\/wp\/v2\/pages\/1114"}],"wp:attachment":[{"href":"https:\/\/bryg.2th.dk\/index.php?rest_route=%2Fwp%2Fv2%2Fmedia&parent=5700"}],"wp:term":[{"taxonomy":"category","embeddable":true,"href":"https:\/\/bryg.2th.dk\/index.php?rest_route=%2Fwp%2Fv2%2Fcategories&post=5700"},{"taxonomy":"post_tag","embeddable":true,"href":"https:\/\/bryg.2th.dk\/index.php?rest_route=%2Fwp%2Fv2%2Ftags&post=5700"}],"curies":[{"name":"wp","href":"https:\/\/api.w.org\/{rel}","templated":true}]}}