{"id":5385,"date":"2015-03-30T17:48:11","date_gmt":"2015-03-30T15:48:11","guid":{"rendered":"https:\/\/brygny.2th.dk\/?page_id=5385"},"modified":"2025-02-19T15:22:22","modified_gmt":"2025-02-19T14:22:22","slug":"hjaelp-soeges","status":"publish","type":"page","link":"https:\/\/bryg.2th.dk\/?page_id=5385","title":{"rendered":"Hj\u00e6lp s\u00f8ges!"},"content":{"rendered":"<h3>Hj\u00e6lp s\u00f8ges!<\/h3>\n<hr>\n<p style=\"text-align: justify;\">Det problem kender de fleste samlere n\u00e6sten alt for godt. Hvor er det nu etiketten kommer fra? Det skal hellere ikke ben\u00e6gtes at jeg ogs\u00e5 har problemer med at finde ud af hvor de kommer fra. Her er nogle etiketter som jeg ikke lige kan huske fra hvilket bryggeri de kommer fra. Hvis nogen kan hj\u00e6lpe mig, s\u00e5 send mig en E-mail til mig og skriv etiket nummeret, som st\u00e5r ved etiketten. Linket er i venstre side.<\/p>\n<p style=\"text-align: justify;\">Derefter vil jeg skrive hvilke bryggeri den h\u00f8rer til og hvis man \u00f8nsker det, kan jeg skrive fra hvem der har hjulpet mig. P\u00e5 forh\u00e5nd tak.<\/p>\nngg_shortcode_0_placeholder\n<p>&nbsp;<\/p>\n","protected":false},"excerpt":{"rendered":"<p>Hj\u00e6lp s\u00f8ges! Det problem kender de fleste samlere n\u00e6sten alt for godt. Hvor er det nu etiketten kommer fra? Det skal hellere ikke ben\u00e6gtes at jeg ogs\u00e5 har problemer med at finde ud af hvor de kommer fra. Her er nogle etiketter som jeg ikke lige kan huske fra hvilket bryggeri de kommer fra. Hvis &hellip; <a href=\"https:\/\/bryg.2th.dk\/?page_id=5385\" class=\"more-link\">L\u00e6s videre <span class=\"screen-reader-text\">Hj\u00e6lp s\u00f8ges!<\/span> <span class=\"meta-nav\">&rarr;<\/span><\/a><\/p>\n","protected":false},"author":2,"featured_media":0,"parent":0,"menu_order":0,"comment_status":"closed","ping_status":"closed","template":"","meta":{"ngg_post_thumbnail":0,"footnotes":""},"categories":[79],"tags":[],"class_list":["post-5385","page","type-page","status-publish","hentry","category-soeger"],"_links":{"self":[{"href":"https:\/\/bryg.2th.dk\/index.php?rest_route=\/wp\/v2\/pages\/5385","targetHints":{"allow":["GET"]}}],"collection":[{"href":"https:\/\/bryg.2th.dk\/index.php?rest_route=\/wp\/v2\/pages"}],"about":[{"href":"https:\/\/bryg.2th.dk\/index.php?rest_route=\/wp\/v2\/types\/page"}],"author":[{"embeddable":true,"href":"https:\/\/bryg.2th.dk\/index.php?rest_route=\/wp\/v2\/users\/2"}],"replies":[{"embeddable":true,"href":"https:\/\/bryg.2th.dk\/index.php?rest_route=%2Fwp%2Fv2%2Fcomments&post=5385"}],"version-history":[{"count":0,"href":"https:\/\/bryg.2th.dk\/index.php?rest_route=\/wp\/v2\/pages\/5385\/revisions"}],"wp:attachment":[{"href":"https:\/\/bryg.2th.dk\/index.php?rest_route=%2Fwp%2Fv2%2Fmedia&parent=5385"}],"wp:term":[{"taxonomy":"category","embeddable":true,"href":"https:\/\/bryg.2th.dk\/index.php?rest_route=%2Fwp%2Fv2%2Fcategories&post=5385"},{"taxonomy":"post_tag","embeddable":true,"href":"https:\/\/bryg.2th.dk\/index.php?rest_route=%2Fwp%2Fv2%2Ftags&post=5385"}],"curies":[{"name":"wp","href":"https:\/\/api.w.org\/{rel}","templated":true}]}}