{"id":5241,"date":"2015-03-29T22:01:29","date_gmt":"2015-03-29T20:01:29","guid":{"rendered":"https:\/\/brygny.2th.dk\/?page_id=5241"},"modified":"2025-02-19T15:21:50","modified_gmt":"2025-02-19T14:21:50","slug":"urban-vurdering-paa-etiketterne","status":"publish","type":"page","link":"https:\/\/bryg.2th.dk\/?page_id=5241","title":{"rendered":"Urban &#8211; Vurdering p\u00e5 etiketterne"},"content":{"rendered":"<h3>Urban<\/h3>\nngg_shortcode_0_placeholder\n<p>Priserne kan \u00e6ndre sig med tiden, afh\u00e6ngig af om der kommer flere af dem p\u00e5 markedet, da det kan f\u00e5 prisen til at falde.<\/p>\n","protected":false},"excerpt":{"rendered":"<p>Urban Priserne kan \u00e6ndre sig med tiden, afh\u00e6ngig af om der kommer flere af dem p\u00e5 markedet, da det kan f\u00e5 prisen til at falde.<\/p>\n","protected":false},"author":2,"featured_media":0,"parent":5153,"menu_order":0,"comment_status":"closed","ping_status":"closed","template":"","meta":{"ngg_post_thumbnail":0,"footnotes":""},"categories":[109],"tags":[110],"class_list":["post-5241","page","type-page","status-publish","hentry","category-vurdering","tag-vurdering"],"_links":{"self":[{"href":"https:\/\/bryg.2th.dk\/index.php?rest_route=\/wp\/v2\/pages\/5241","targetHints":{"allow":["GET"]}}],"collection":[{"href":"https:\/\/bryg.2th.dk\/index.php?rest_route=\/wp\/v2\/pages"}],"about":[{"href":"https:\/\/bryg.2th.dk\/index.php?rest_route=\/wp\/v2\/types\/page"}],"author":[{"embeddable":true,"href":"https:\/\/bryg.2th.dk\/index.php?rest_route=\/wp\/v2\/users\/2"}],"replies":[{"embeddable":true,"href":"https:\/\/bryg.2th.dk\/index.php?rest_route=%2Fwp%2Fv2%2Fcomments&post=5241"}],"version-history":[{"count":0,"href":"https:\/\/bryg.2th.dk\/index.php?rest_route=\/wp\/v2\/pages\/5241\/revisions"}],"up":[{"embeddable":true,"href":"https:\/\/bryg.2th.dk\/index.php?rest_route=\/wp\/v2\/pages\/5153"}],"wp:attachment":[{"href":"https:\/\/bryg.2th.dk\/index.php?rest_route=%2Fwp%2Fv2%2Fmedia&parent=5241"}],"wp:term":[{"taxonomy":"category","embeddable":true,"href":"https:\/\/bryg.2th.dk\/index.php?rest_route=%2Fwp%2Fv2%2Fcategories&post=5241"},{"taxonomy":"post_tag","embeddable":true,"href":"https:\/\/bryg.2th.dk\/index.php?rest_route=%2Fwp%2Fv2%2Ftags&post=5241"}],"curies":[{"name":"wp","href":"https:\/\/api.w.org\/{rel}","templated":true}]}}