{"id":5153,"date":"2015-03-29T21:38:32","date_gmt":"2015-03-29T19:38:32","guid":{"rendered":"https:\/\/brygny.2th.dk\/?page_id=5153"},"modified":"2024-06-16T09:40:24","modified_gmt":"2024-06-16T07:40:24","slug":"hvad-er-etiketten-vaerd","status":"publish","type":"page","link":"https:\/\/bryg.2th.dk\/?page_id=5153","title":{"rendered":"Hvad er etiketten v\u00e6rd?"},"content":{"rendered":"<h3>Hvad er etiketterne v\u00e6rd?<\/h3>\n<hr>\n<h6>Det sp\u00f8rgsm\u00e5l er der jo nok mange der stiller sig.<\/h6>\n<p style=\"text-align: justify;\">Prisen p\u00e5 etiketterne er meget svingende og der er desuden ingen facitliste over hvad de forskellige danske etiketter er v\u00e6rd i dag, ligesom man ser det med frim\u00e6rker. Der er kun nogle f\u00e5 muligheder man kan pr\u00f8ve og der er f\u00f8lgende:<\/p>\n<ul>\n<li>Tjek auktionerne p\u00e5 nettet for at se hvad der bydes og m\u00e5ske er man heldig at den etiket man har, netop er eller har v\u00e6ret p\u00e5 auktion.<\/li>\n<li>Deltage ved samlerforeningernes byttest\u00e6vner rundt i landet, her er der nok den st\u00f8rste chance for at f\u00e5 sine etiketter solgt.<\/li>\n<li>Pr\u00f8v at snakke med de diverse samlere som der findes rundt i landet, eller pr\u00f8v foreningerne.<\/li>\n<\/ul>\n<p style=\"text-align: justify;\">Man skal dog nok regne med at den pris man ser den f\u00f8rste gang ikke n\u00f8dvendigvis er det man f\u00e5r for etiketten n\u00e6ste gang. Jeg vil gerne pr\u00f8ve at give mit bud p\u00e5 hvad priserne er p\u00e5 etiketterne, men da der er rigtig mange forskellige etiketter i Danmark, s\u00e5 vil det tage rigtig lang tid for at finde et leje hvor priserne vil lande. Men en del af etiketterne har en v\u00e6rdi som er s\u00e5 lille at de ikke kan vurderes, fordi der er mange af dem i oml\u00f8b. Med andre ord, har de kun en affektionsv\u00e6rdi<em>.&nbsp;<\/em>Se her hvad etiketterne sidst er handlet til.<\/p>\n<p><strong>En af de dyre etiketter:<\/strong><\/p>\n<p><img loading=\"lazy\" decoding=\"async\" class=\" size-medium wp-image-5157 alignleft\" src=\"https:\/\/bryg.2th.dk\/wp-content\/uploads\/2015\/03\/003-1200-kr-235x300.jpg\" alt=\"003 --- 1200 kr\" width=\"235\" height=\"300\" srcset=\"https:\/\/bryg.2th.dk\/wp-content\/uploads\/2015\/03\/003-1200-kr-235x300.jpg 235w, https:\/\/bryg.2th.dk\/wp-content\/uploads\/2015\/03\/003-1200-kr.jpg 470w\" sizes=\"auto, (max-width: 235px) 100vw, 235px\" \/>Her ses den nok dyreste etiket, som jeg har billede af. Denne etiket er solgt for 1.200 kr.<\/p>\n<p>Der er andre som jeg ikke har billeder af, som er solgt til langt h\u00f8jere priser end denne her. Is\u00e6r nogle etiketter fra f\u00f8r 1900-tallet og hvor der er m\u00e5ske 1-2 eksemplarer som er kendt.<\/p>\n<p>&nbsp;<\/p>\n<p>&nbsp;<\/p>\n<p>&nbsp;<\/p>\n<p><strong>Se de andre lister med priser p\u00e5 etiketter herunder:<\/strong><\/p>\n<ul class=\"list-pages-shortcode child-pages\"><li class=\"page_item page-item-5183\"><a href=\"https:\/\/bryg.2th.dk\/?page_id=5183\">Carlsberg &#8211; Vurdering p\u00e5 etiketterne<\/a><\/li>\n<li class=\"page_item page-item-5179\"><a href=\"https:\/\/bryg.2th.dk\/?page_id=5179\">Hafnia &#8211; Vurdering p\u00e5 etiketterne<\/a><\/li>\n<li class=\"page_item page-item-20561\"><a href=\"https:\/\/bryg.2th.dk\/?page_id=20561\">Indslev &#8211; Vurdering p\u00e5 etiketterne<\/a><\/li>\n<li class=\"page_item page-item-5241\"><a href=\"https:\/\/bryg.2th.dk\/?page_id=5241\">Urban &#8211; Vurdering p\u00e5 etiketterne<\/a><\/li>\n<\/ul>\n","protected":false},"excerpt":{"rendered":"<p>Hvad er etiketterne v\u00e6rd? Det sp\u00f8rgsm\u00e5l er der jo nok mange der stiller sig. Prisen p\u00e5 etiketterne er meget svingende og der er desuden ingen facitliste over hvad de forskellige danske etiketter er v\u00e6rd i dag, ligesom man ser det med frim\u00e6rker. Der er kun nogle f\u00e5 muligheder man kan pr\u00f8ve og der er f\u00f8lgende: &hellip; <a href=\"https:\/\/bryg.2th.dk\/?page_id=5153\" class=\"more-link\">L\u00e6s videre <span class=\"screen-reader-text\">Hvad er etiketten v\u00e6rd?<\/span> <span class=\"meta-nav\">&rarr;<\/span><\/a><\/p>\n","protected":false},"author":2,"featured_media":0,"parent":0,"menu_order":0,"comment_status":"closed","ping_status":"closed","template":"","meta":{"ngg_post_thumbnail":0,"footnotes":""},"categories":[],"tags":[],"class_list":["post-5153","page","type-page","status-publish","hentry"],"_links":{"self":[{"href":"https:\/\/bryg.2th.dk\/index.php?rest_route=\/wp\/v2\/pages\/5153","targetHints":{"allow":["GET"]}}],"collection":[{"href":"https:\/\/bryg.2th.dk\/index.php?rest_route=\/wp\/v2\/pages"}],"about":[{"href":"https:\/\/bryg.2th.dk\/index.php?rest_route=\/wp\/v2\/types\/page"}],"author":[{"embeddable":true,"href":"https:\/\/bryg.2th.dk\/index.php?rest_route=\/wp\/v2\/users\/2"}],"replies":[{"embeddable":true,"href":"https:\/\/bryg.2th.dk\/index.php?rest_route=%2Fwp%2Fv2%2Fcomments&post=5153"}],"version-history":[{"count":0,"href":"https:\/\/bryg.2th.dk\/index.php?rest_route=\/wp\/v2\/pages\/5153\/revisions"}],"wp:attachment":[{"href":"https:\/\/bryg.2th.dk\/index.php?rest_route=%2Fwp%2Fv2%2Fmedia&parent=5153"}],"wp:term":[{"taxonomy":"category","embeddable":true,"href":"https:\/\/bryg.2th.dk\/index.php?rest_route=%2Fwp%2Fv2%2Fcategories&post=5153"},{"taxonomy":"post_tag","embeddable":true,"href":"https:\/\/bryg.2th.dk\/index.php?rest_route=%2Fwp%2Fv2%2Ftags&post=5153"}],"curies":[{"name":"wp","href":"https:\/\/api.w.org\/{rel}","templated":true}]}}