{"id":5,"date":"2015-03-17T19:13:12","date_gmt":"2015-03-17T18:13:12","guid":{"rendered":"https:\/\/brygny.2th.dk\/?page_id=5"},"modified":"2025-07-15T15:37:51","modified_gmt":"2025-07-15T13:37:51","slug":"forside","status":"publish","type":"page","link":"https:\/\/bryg.2th.dk\/","title":{"rendered":"Forsiden"},"content":{"rendered":"<h3>Velkommen til min verden af etiketter<\/h3>\n<hr>\n<p style=\"text-align: justify;\"><div class=\"sp-styles-warning\" style=\"width: 450px; background-color: #FFF; color: #F00; border: 1px solid #F00; padding: 10px; font-size: 14px;\">\n\t\t\t<span style=\"font-weight: bold;\">Warning: The stylesheets were not loaded!<\/span> \n\t\t\tYou will need to change the <i>Load stylesheets<\/i> setting from <i>Automatically<\/i> to <i>On homepage<\/i> or <i>On all pages<\/i>. \n\t\t\tYou can set that <a style=\"text-decoration: underline; color: #F00;\" href=\"https:\/\/bryg.2th.dk\/wp-admin\/admin.php?page=sliderpro-settings\">here<\/a>.\n\t\t\t<\/div>\r\n<div id=\"slider-pro-1\" class=\"slider-pro sp-no-js\" style=\"width: 768px; height: 285px;\">\r\n\t<div class=\"sp-slides\">\r\n\t\t\r\n\t\t<div class=\"sp-slide\">\r\n\t\t\t<img loading=\"lazy\" decoding=\"async\" class=\"sp-image\" src=\"https:\/\/bryg.2th.dk\/wp-content\/uploads\/slider3\/Slide1.jpeg\" width=\"768\" height=\"285\" \/>\r\n\t\t\t\r\n\t\t<\/div>\r\n\t\t<div class=\"sp-slide\">\r\n\t\t\t<img loading=\"lazy\" decoding=\"async\" class=\"sp-image\" src=\"https:\/\/bryg.2th.dk\/wp-content\/uploads\/slider3\/Slide2.jpeg\" width=\"768\" height=\"285\" \/>\r\n\t\t\t\r\n\t\t<\/div>\r\n\t\t<div class=\"sp-slide\">\r\n\t\t\t<img loading=\"lazy\" decoding=\"async\" class=\"sp-image\" src=\"https:\/\/bryg.2th.dk\/wp-content\/uploads\/slider3\/Slide3.jpeg\" width=\"768\" height=\"285\" \/>\r\n\t\t\t\r\n\t\t<\/div>\r\n\t\t<div class=\"sp-slide\">\r\n\t\t\t<img loading=\"lazy\" decoding=\"async\" class=\"sp-image\" src=\"https:\/\/bryg.2th.dk\/wp-content\/uploads\/slider3\/Slide4.jpeg\" width=\"768\" height=\"285\" \/>\r\n\t\t\t\r\n\t\t<\/div>\r\n\t\t<div class=\"sp-slide\">\r\n\t\t\t<img loading=\"lazy\" decoding=\"async\" class=\"sp-image\" src=\"https:\/\/bryg.2th.dk\/wp-content\/uploads\/slider3\/Slide5.jpeg\" width=\"768\" height=\"285\" \/>\r\n\t\t\t\r\n\t\t<\/div>\r\n\t\t<div class=\"sp-slide\">\r\n\t\t\t<img loading=\"lazy\" decoding=\"async\" class=\"sp-image\" src=\"https:\/\/bryg.2th.dk\/wp-content\/uploads\/slider3\/Slide6.jpeg\" width=\"768\" height=\"285\" \/>\r\n\t\t\t\r\n\t\t<\/div>\r\n\t\t<div class=\"sp-slide\">\r\n\t\t\t<img loading=\"lazy\" decoding=\"async\" class=\"sp-image\" src=\"https:\/\/bryg.2th.dk\/wp-content\/uploads\/slider3\/Slide7.jpeg\" width=\"768\" height=\"285\" \/>\r\n\t\t\t\r\n\t\t<\/div>\r\n\t<\/div>\r\n<\/div><br \/>\nJa s\u00e5 fik du bev\u00e6get dig ind i mit samler univers af ting som handler om de danske bryggerier og om mine etiketter. Hold dig endelig ikke tilbage med at unders\u00f8ge hvad siden har, da det b\u00e5de kan v\u00e6re sp\u00e6ndende og m\u00e5ske ligefrem interessant. \u00d8l er der sikker mange der kan lide, men de f\u00e6rreste t\u00e6nker over hvad der er i \u00f8llen, hvor de bliver lavet, findes der aktiviteter fra bryggeriernes side, og kan etiketterne fort\u00e6lle lidt historie med det er er afbillede p\u00e5 dem? Ja hurtigt kommer der mange sp\u00f8rgsm\u00e5l, se dig omkring, m\u00e5ske kan de blive besvaret her.<\/p>\n<p style=\"text-align: justify;\">Jeg er samler indenfor bryggerisouvenir fra danske bryggerier, is\u00e6r inde for etiketter og har passeret de 50.000 forskellige eksemplarer af kun danske etiketter, vel og m\u00e6rke kun brystetiketter. Eller sagt p\u00e5 en anden m\u00e5de, det svarer til 50.000 fyldte flasker med hver deres etiket p\u00e5. Hals og Bagsideetiketterne er ikke talt med i regnskabet.&nbsp; Alt dette startede jeg p\u00e5 at samle lige siden 1994.<\/p>\n<p style=\"text-align: center;\"><strong>God forn\u00f8jelse og sk\u00e5l, og her en lille oversigt over noget af &nbsp;indholdet p\u00e5 siden.<\/strong><\/p>\n<p style=\"text-align: justify;\"><strong>Danmarks Bryggerier<\/strong>. Her kan man l\u00e6se om de nedlagte og nuv\u00e6rende bryggeriers historie eller\/og ejere. Der er desuden masser af etiketter at se og andet billedmaterialer s\u00e5som bryggerier, kvitteringer, reklamer o.s.v. Stedet her indeholder i \u00f8jeblikket over 2000 etiketter og antallet vokser med tiden. Du kan ogs\u00e5 bruge <strong>Danmarkskortet<\/strong> p\u00e5 siden og s\u00e5 pejle dig ind i et omr\u00e5de af Danmark for at se hvad der ligger, eller har ligget af bryggerier i omr\u00e5det.<\/p>\n<p style=\"text-align: justify;\"><strong>Min Samling<\/strong>. Her kan du se et udpluk over fra hvilke bryggerier og fabrikker jeg har etiketter fra.<\/p>\n<p style=\"text-align: justify;\"><strong>Nye \u00f8l<\/strong>. Der kommer mange \u00f8l p\u00e5 markedet hvert \u00e5r i Danmark, s\u00e5 p\u00e5 denne side vil jeg s\u00e5 vidt som muligt, pr\u00f8ve at holde siden opdateret med alle de nyheder der kommer. Hvis i opdager at i har en nyhed som ikke st\u00e5r p\u00e5 siden, s\u00e5 kan i sende en mail til mig med oplysninger om \u00f8llen og evt. et billede af den.<\/p>\n<p style=\"text-align: justify;\"><strong>Samlerforeninger&nbsp;&amp; Links<\/strong>. P\u00e5 denne side kan du finde adresser og links til andre hjemmesider med interessante emner om bryggerierne, og desuden vil du kunne finde adresserne til de danske samlerforeninger.<\/p>\n<p style=\"text-align: justify;\"><strong>Danske Mineralvandsfabrikker<\/strong>. Mange bryggerier har eller havde ogs\u00e5 mineralvand, som de tappede ved siden af \u00f8lproduktionen. Og derudover var der mange mineralvands fabrikker rundt i Danmark op igennem 50, 60 og 70&#8217;erne. Jeg vil pr\u00f8ve om jeg kan st\u00f8be en masse information op om netop disse fabrikker p\u00e5 lige fod med bryggerierne, men det er noget som vil tage megen tid. I \u00f8jeblikket kan du her p\u00e5 siden se rigtig mange forskellige mineralvands etiketter.<\/p>\n<p style=\"text-align: justify;\"><strong>Byttecentralen.<\/strong> Her kan du se hvilke etiketter jeg s\u00f8ger samt hvilke jeg bytter med. Is\u00e6r nye etiketter fra sm\u00e5 bryghuse i Danmark mangler jeg en del, og jeg vil pr\u00f8ve at finde billeder af dem, og p\u00e5 den m\u00e5de h\u00e5be at nogen kan hj\u00e6lpe mig. Jeg sender gerne en frankeret svarkuvert, hvis du har noget liggende fra de nye bryghuse. Hvis du skulle have nogle specielle \u00f8nsker, da send mig en E-mail, og jeg vil se hvad jeg kan g\u00f8re.<\/p>\n<p style=\"text-align: justify;\"><strong>Hvad er etiketten v\u00e6rd?<\/strong> Danske etiketter er nu n\u00e5et et niveau hvor vi vil se de handles p\u00e5 samme m\u00e5de som frim\u00e6rker. Her vil jeg pr\u00f8ve at finde nogle etiketter som er solgt til en god pris, ogs\u00e5 til hj\u00e6lp for andre samlere, hvis man g\u00e5r i tanker om at f\u00e5 vurderet sin samling.<\/p>\n<p style=\"text-align: justify;\"><strong>Etikettelister<\/strong>. Du kan her hente en etiketteliste over det bryggeri, som du allerede har etiketter fra, som er lavet ved s\u00e6rlige lejligheder. Listerne opdateres l\u00f8bende, og hvis du har en etiket, som ikke er p\u00e5 listen, s\u00e5 m\u00e5 du meget gerne scanne etiketten, s\u00e5 jeg kan f\u00e5 beskrevet den i kataloget. Listerne er et afkrydsningsliste til brug n\u00e5r man er ude og se p\u00e5 etiketter. Der har v\u00e6ret udgivet etiket lister, hvor etiketterne er afbilledet i, men pt. har jeg ikke begyndt p\u00e5 dette, da det kr\u00e6ver stort arbejde, samt at der allerede er nogle ude fra andre samlere og foreninger.<\/p>\n<p style=\"text-align: justify;\"><strong>Jolly Cola<\/strong>. Dette omr\u00e5de er s\u00e5dan set mere et specialomr\u00e5de p\u00e5 hjemmesiden. Colaen har jo v\u00e6ret tappet p\u00e5 mange bryggerier i sin tid, som nu i dag kun ejes af et bryggeri. Siden vil vise mange etiketter fra Jolly serien og ikke mindst bagsiden p\u00e5 etiketterne.<\/p>\n","protected":false},"excerpt":{"rendered":"<p>Velkommen til min verden af etiketter Ja s\u00e5 fik du bev\u00e6get dig ind i mit samler univers af ting som handler om de danske bryggerier og om mine etiketter. Hold dig endelig ikke tilbage med at unders\u00f8ge hvad siden har, da det b\u00e5de kan v\u00e6re sp\u00e6ndende og m\u00e5ske ligefrem interessant. \u00d8l er der sikker mange &hellip; <a href=\"https:\/\/bryg.2th.dk\/\" class=\"more-link\">L\u00e6s videre <span class=\"screen-reader-text\">Forsiden<\/span> <span class=\"meta-nav\">&rarr;<\/span><\/a><\/p>\n","protected":false},"author":2,"featured_media":0,"parent":0,"menu_order":1,"comment_status":"closed","ping_status":"closed","template":"","meta":{"ngg_post_thumbnail":0,"footnotes":""},"categories":[],"tags":[],"class_list":["post-5","page","type-page","status-publish","hentry"],"_links":{"self":[{"href":"https:\/\/bryg.2th.dk\/index.php?rest_route=\/wp\/v2\/pages\/5","targetHints":{"allow":["GET"]}}],"collection":[{"href":"https:\/\/bryg.2th.dk\/index.php?rest_route=\/wp\/v2\/pages"}],"about":[{"href":"https:\/\/bryg.2th.dk\/index.php?rest_route=\/wp\/v2\/types\/page"}],"author":[{"embeddable":true,"href":"https:\/\/bryg.2th.dk\/index.php?rest_route=\/wp\/v2\/users\/2"}],"replies":[{"embeddable":true,"href":"https:\/\/bryg.2th.dk\/index.php?rest_route=%2Fwp%2Fv2%2Fcomments&post=5"}],"version-history":[{"count":0,"href":"https:\/\/bryg.2th.dk\/index.php?rest_route=\/wp\/v2\/pages\/5\/revisions"}],"wp:attachment":[{"href":"https:\/\/bryg.2th.dk\/index.php?rest_route=%2Fwp%2Fv2%2Fmedia&parent=5"}],"wp:term":[{"taxonomy":"category","embeddable":true,"href":"https:\/\/bryg.2th.dk\/index.php?rest_route=%2Fwp%2Fv2%2Fcategories&post=5"},{"taxonomy":"post_tag","embeddable":true,"href":"https:\/\/bryg.2th.dk\/index.php?rest_route=%2Fwp%2Fv2%2Ftags&post=5"}],"curies":[{"name":"wp","href":"https:\/\/api.w.org\/{rel}","templated":true}]}}