{"id":4851,"date":"2015-03-29T14:26:32","date_gmt":"2015-03-29T12:26:32","guid":{"rendered":"https:\/\/brygny.2th.dk\/?page_id=4851"},"modified":"2024-07-18T15:56:29","modified_gmt":"2024-07-18T13:56:29","slug":"etiketter-jeg-soeger","status":"publish","type":"page","link":"https:\/\/bryg.2th.dk\/?page_id=4851","title":{"rendered":"Etiketter jeg s\u00f8ger"},"content":{"rendered":"<h3>Her er en liste over hvad jeg s\u00f8ger af danske etiketter.<\/h3>\n<hr>\n<p>Jeg mangler ogs\u00e5 mange etiketter fra de sm\u00e5 bryghuse i Danmark, s\u00e5 kan du eller du er fra en af bryghusene i Danmark, gerne vil hj\u00e6lpe mig at for\u00f8ge min samling af etiketter, se sender jeg gerne en frankeret svarkuvert til dig.<\/p>\n<p>Jeg s\u00f8ger etiketter fra \u00d8lfestivalen 2010-2016 i K\u00f8benhavn, samt etiketter fra Kvickly&#8217;s \u00f8lfestival 2012 samt de efterf\u00f8lgende \u00e5r. Er der nogen som har nogle etiketter liggende som i gerne vil gi eller bytte, vil det hj\u00e6lpe mig med at g\u00f8re samlingen mere intens. S\u00e5 send mig en mail, linket er i venstre side.<\/p>\n<p>Derudover s\u00f8ger jeg bryggerimaterialer fra Danmarks bryggerier b\u00e5de de lukkede og de eksisterende. Det er billeder, historiske materialer s\u00e5som, hvor det startede, hvem ejerne var og selve bryggeriets historie.<\/p>\n<p>Skulle du ligge inde med etiketter, billeder, reklamer eller anden form for papirmaterialer fra og om bryggeriet har det interesse. Kopier af materialerne er ogs\u00e5 velkommen s\u00e5 jeg kan bruge det i det historieske.<\/p>\n<p>Der er enkelte samleromr\u00e5der indenfor bryggerier, hvor jeg ikke g\u00f8r i, og det er glas og fyldte \u00f8l. Det bytter jeg v\u00e6k til andet. Senere vil jeg vise hvad jeg har af disse ting her p\u00e5 siden.<\/p>\n<p>Se ogs\u00e5 den anden side, hvor jeg har billeder af de etiketter jeg s\u00f8ger.<\/p>\n<p><strong>\u00d8vrige etiketter jeg s\u00f8ger:<\/strong><\/p>\n<p>Hvis teksten er <del>gennemstreget<\/del>, har jeg f\u00e5et etiketten.<\/p>\n<p>Albani: Almind Brugsforening, 1997<br \/>\nAlbani: Anni og Carstens bryllup, m. nr., 1980<br \/>\nAlbani: Cypern tr\u00e6f, Dancon pils, 1992<br \/>\nAlbani: Dansk Auto Matriel, r\u00f8d 1977<br \/>\nAlbani: Dansk Auto Matriel, lysebl\u00e5 1982<br \/>\nAlbani: DSU Festival<br \/>\nAlbani: EF Beer, 1979<br \/>\nAlbani: Esbjerg Spillet, 1991<br \/>\nAlbani: Frejemarked i Sor\u00f8, 1995<br \/>\nAlbani: Friskt Havvand, Knud Thorup 50 \u00e5r, 1952<br \/>\nAlbani: Folkets \u00c5rsfest, Selvkl\u00e6b, 1976 (6 forskellige)<br \/>\nAlbani: Franck A 50 \u00e5r, 1973<br \/>\nAlbani: Frode Larsen, en god \u00e5rgang, 2000<br \/>\nAlbani: Fyns H\u00e5ndbold Forbund, 1983<br \/>\nAlbani: Gasa Bryg, Gasa Odense 50 \u00e5r, 1979<br \/>\nAlbani: Gilde pils, Gildemarked i Sor\u00f8, 1991<br \/>\nAlbani: Gr\u00f8n Ninn, 50 \u00e5r, Erik Ninn Hansen<br \/>\nAlbani: H\u00e5ndv\u00e6rkersparekassen, Odense, 1964<br \/>\nAlbani: International Computer Limited, 1978 &#8211; Halsetiket<br \/>\nAlbani: Juli, 6. Festen, 1974<br \/>\nAlbani: Kolding firma &#8211; sport, 1992<br \/>\nAlbani: L\u00f8vfald, 1992<br \/>\nAlbani: N\u00f8rreby Brugsforening, 100 \u00e5r, 1997<br \/>\nAlbani: Odense Tekniske Skole, 1969<br \/>\nAlbani: Odense Zoo, selvkl\u00e6b, 1996<br \/>\nAlbani: Rigmor og Peter, 1953<br \/>\nAlbani: Skattebasse, John Sunke 60 \u00e5r, selvkl\u00e6b, 1997<br \/>\nAlbani: Tasso Pilsner<br \/>\nAlbani: W.E. og Erna Rose&#8217;s, Guldbryllup, 1984<br \/>\nAlbani: Volta Pils<br \/>\nAlbani: \u00d8rb\u00e6k Kro<br \/>\nAlbani: \u00d8rb\u00e6k marked, hvid tekst<br \/>\nAlbani: Aabenraa Idr\u00e6tsforening, 100 \u00e5r, 1996<\/p>\n<p>Hancock: Propino Pilsner<br \/>\nHancock: Viking Bajer &#8211; Viking 1904<br \/>\nHancock: Hvide Sande Bramsejlskoncert 33 cl.<br \/>\nHancock: Hvide Sande Bramsejlskoncert 70 cl.<br \/>\nHancock: En Dejlig \u00d8l<br \/>\nHancock: En Murebajer<br \/>\nHancock: Elite Sommerhusudlejning 30 \u00c5r<br \/>\nHancock: Conson<br \/>\nHancock: Classic Motorshow, 92<br \/>\nHancock: CS451 Clipper<\/p>\n<p>Refsvindinge: Gogler Bryg<br \/>\nRefsvindinge: Lohals Kro<br \/>\nRefsvindinge: Samlerringen Hvidovre &#8211; 2005<br \/>\nRefsvindinge: Sj\u00f8llund \u00d8llen<br \/>\nRefsvindinge: \u00c6gte Havgassabryg<br \/>\nRefsvindinge: X-Ale<\/p>\n<p>Harboes \u00f8letiketter fra efter 1990 til nu.<\/p>\n<p>Fantom Bryg<\/p>\n<p>Thisted: 3+K Kappel Ydby<br \/>\nThisted: Bl\u00fccher pils, 1985<br \/>\nThisted: BRIO<br \/>\nThisted: Caf Chris Visev\u00e6rtshus, 1983<br \/>\nThisted: CIBA, 5,8%, 1996<del><\/del><br \/>\nThisted: Garant 2000, 2000<br \/>\nThisted: HK Kummonal, 75 \u00e5r, 1998<br \/>\nThisted: J\u00f8rgen Johansen 70 \u00e5r, firkantet etiket, 1984<br \/>\nThisted: Kogn Air filters, 1994<br \/>\nThisted: Mj\u00f8lner, 1991<del><\/del><br \/>\nThisted: Per O. Vendelbo, 1993<del><\/del><br \/>\nThisted: Star jul<del><br \/>\n<\/del>Thisted: Thy Korn 1977<br \/>\nThisted: Verner 60 \u00c5r<br \/>\nThisted: Viborg Amt 25 \u00e5rs jubil\u00e6um<br \/>\nThisted: \u00d8l fra Arkitekterne, Gammeltorp 2 Thisted, 1988<\/p>\n<p>Vestfyen: Bilka, Odense, 1981<br \/>\nVestfyen: Bryggeriarbejder-Jubil\u00e6um, 25 \u00e5r, Peter Knudsen, Helga Andersen, Erik Jessen april 1978<br \/>\nVestfyen: K\u00f8bmand Kj\u00e6r, H\u00e5rup, Pilsner \u00f8l, 1981<br \/>\nVestfyen: Sort Engel, Englefilm, Januar 1985<br \/>\nVestfyen: Fengers<br \/>\nVestfyen: Hoffmann &amp; S\u00f8n<br \/>\nVestfyen: Madsens Fabbrikker<br \/>\nVestfyen: Samlerringen Hvidovre 35 \u00e5r<br \/>\nVestfyen: Vestfyns Autohandel<br \/>\nVestfyen: Arne B. Plum &#8211; 21 august 1903-1973<br \/>\nVestfyen: Arne B. Plum &#8211; 21 august 1903-1978<br \/>\nVestfyen: Christian 71<br \/>\nVestfyen: Darw Power Beer Sovjet<br \/>\nVestfyen: KYPA Pilsner<br \/>\nVestfyen: KYPA Pilsner &#8211; med E.nr.<br \/>\nVestfyen: Skibs Diesel<br \/>\nVestfyen: Sort Engel<\/p>\n<p>Is\u00e6r&nbsp;s\u00f8ger jeg alt om bryggerierne: Aarup Bryggeri, Bred Bryggeri, Etterup Bryggeri, Tommerup Bryggeri, Ejby Bryggeri, Sandager Bryggeri og Bogense Bryggeri.<\/p>\n","protected":false},"excerpt":{"rendered":"<p>Her er en liste over hvad jeg s\u00f8ger af danske etiketter. Jeg mangler ogs\u00e5 mange etiketter fra de sm\u00e5 bryghuse i Danmark, s\u00e5 kan du eller du er fra en af bryghusene i Danmark, gerne vil hj\u00e6lpe mig at for\u00f8ge min samling af etiketter, se sender jeg gerne en frankeret svarkuvert til dig. Jeg s\u00f8ger &hellip; <a href=\"https:\/\/bryg.2th.dk\/?page_id=4851\" class=\"more-link\">L\u00e6s videre <span class=\"screen-reader-text\">Etiketter jeg s\u00f8ger<\/span> <span class=\"meta-nav\">&rarr;<\/span><\/a><\/p>\n","protected":false},"author":2,"featured_media":0,"parent":17,"menu_order":0,"comment_status":"closed","ping_status":"closed","template":"","meta":{"ngg_post_thumbnail":0,"footnotes":""},"categories":[79],"tags":[],"class_list":["post-4851","page","type-page","status-publish","hentry","category-soeger"],"_links":{"self":[{"href":"https:\/\/bryg.2th.dk\/index.php?rest_route=\/wp\/v2\/pages\/4851","targetHints":{"allow":["GET"]}}],"collection":[{"href":"https:\/\/bryg.2th.dk\/index.php?rest_route=\/wp\/v2\/pages"}],"about":[{"href":"https:\/\/bryg.2th.dk\/index.php?rest_route=\/wp\/v2\/types\/page"}],"author":[{"embeddable":true,"href":"https:\/\/bryg.2th.dk\/index.php?rest_route=\/wp\/v2\/users\/2"}],"replies":[{"embeddable":true,"href":"https:\/\/bryg.2th.dk\/index.php?rest_route=%2Fwp%2Fv2%2Fcomments&post=4851"}],"version-history":[{"count":0,"href":"https:\/\/bryg.2th.dk\/index.php?rest_route=\/wp\/v2\/pages\/4851\/revisions"}],"up":[{"embeddable":true,"href":"https:\/\/bryg.2th.dk\/index.php?rest_route=\/wp\/v2\/pages\/17"}],"wp:attachment":[{"href":"https:\/\/bryg.2th.dk\/index.php?rest_route=%2Fwp%2Fv2%2Fmedia&parent=4851"}],"wp:term":[{"taxonomy":"category","embeddable":true,"href":"https:\/\/bryg.2th.dk\/index.php?rest_route=%2Fwp%2Fv2%2Fcategories&post=4851"},{"taxonomy":"post_tag","embeddable":true,"href":"https:\/\/bryg.2th.dk\/index.php?rest_route=%2Fwp%2Fv2%2Ftags&post=4851"}],"curies":[{"name":"wp","href":"https:\/\/api.w.org\/{rel}","templated":true}]}}