{"id":46913,"date":"2025-03-21T21:42:30","date_gmt":"2025-03-21T20:42:30","guid":{"rendered":"https:\/\/bryg.2th.dk\/?page_id=46913"},"modified":"2025-03-21T21:42:30","modified_gmt":"2025-03-21T20:42:30","slug":"humoer-bryggeriet","status":"publish","type":"page","link":"https:\/\/bryg.2th.dk\/?page_id=46913","title":{"rendered":"Hum\u00f8r Bryggeriet"},"content":{"rendered":"<h3>Hum\u00f8r Bryggeriet, 2024-<\/h3>\n<hr>\n<p><strong>KORT INFO OM BRYGGERIET\/FABRIKKEN.<\/strong><\/p>\n<table>\n<tbody>\n<tr style=\"border-style: hidden;\">\n<td style=\"width: 40%; background-color: #d4e6d3; height: 18px; border-style: hidden;\" scope=\"row\">&nbsp;<\/td>\n<td style=\"width: 60%; height: 18px; border-style: hidden; vertical-align: top; background-color: #ededed;\" scope=\"row\"><strong>Ejere.<\/strong><\/td>\n<\/tr>\n<tr style=\"border-style: hidden;\">\n<td style=\"width: 40%; background-color: #d4e6d3; height: 233px; border-style: hidden;\" rowspan=\"5\" scope=\"row\"><img decoding=\"async\" class=\"ngg-singlepic ngg-none aligncenter\" src=\"https:\/\/bryg.2th.dk\/wp-content\/gallery\/bryggeri-logoer\/intet_logo.jpg\" alt=\"\" width=\"85%\" height=\"200\"><\/td>\n<td style=\"vertical-align: top; width: 60%; border-color: #000000; height: 179px; border-style: hidden; background-color: #ededed;\" scope=\"row\">&#8211;<\/td>\n<\/tr>\n<tr style=\"border-style: hidden;\">\n<td style=\"vertical-align: top; width: 60%; border-color: #000000; height: 18px; border-style: hidden; background-color: #ededed;\"><strong>&nbsp;<\/strong><\/td>\n<\/tr>\n<tr style=\"border-style: hidden;\">\n<td style=\"vertical-align: top; width: 60%; border-color: #000000; height: 18px; border-style: hidden; background-color: #ededed;\"><strong>Links. <\/strong><a href=\"https:\/\/www.hum\u00f8rbryggeriet.dk\/\" target=\"_blank\" rel=\"noopener\">Ja<\/a><\/td>\n<\/tr>\n<tr style=\"border-style: hidden;\">\n<td style=\"vertical-align: top; width: 60%; border-color: #000000; height: 18px; border-style: hidden; background-color: #ededed;\" scope=\"row\"><strong>Kendte adresser.<\/strong><\/td>\n<\/tr>\n<tr style=\"border-style: hidden;\">\n<td style=\"vertical-align: top; width: 60%; border-color: #000000; height: 18px; border-style: hidden; background-color: #ededed;\">Maigaardsvej 3a, 9900 Frederikshavn<\/td>\n<\/tr>\n<\/tbody>\n<\/table>\n<hr>\n<p><strong>HISTORIEN.<\/strong><\/p>\n<p style=\"text-align: justify;\">Hum\u00f8r Bryggeriet er Danmarks f\u00f8rste bryggeri, hvor b\u00e5de bryghuset og etiketterne er skabt af kunstig intelligens. Bryggeriet&nbsp; kombinerer avanceret teknologi med traditionelt h\u00e5ndv\u00e6rk, for at tilbyde unikke og innovative \u00f8loplevelser. AI-drevne tilgang sikrer, at \u00f8llene ikke bare smager fantastisk, men ogs\u00e5 fort\u00e6ller en historie gennem kreative etiketter og design.<\/p>\n<p style=\"text-align: justify;\">Selvom bryggeriet er virtuelt og AI drevet, har de et samarbejde med andre danske bryghuse i landet. Med andre ord, man kan ikke bes\u00f8ge bryggeriet, selvom der er adresse p\u00e5 den. \u00d8llene k\u00f8bes i lokale butikker i Nordjylland.<\/p>\n<hr>\n<p><strong>ETIKETTERNE.<\/strong><\/p>\n<p>Der er ikke nogen informationer til dette punkt endnu.<\/p>\n<hr>\n<p><strong>ARTIKLER.<\/strong><\/p>\n<p>Der er ikke nogen informationer til dette punkt endnu.<\/p>\n<hr>\n<p><strong>ANDET.<\/strong><\/p>\n<p>Der er ikke nogen informationer til dette punkt endnu.<\/p>\n<hr>\n<p><strong>LITTERATUR.<\/strong><\/p>\n<p>Der er ikke nogen informationer til dette punkt endnu.<\/p>\n<hr>\n<p><strong>REKLAMER &#8211; HERUNDER REKLAME FILM.<\/strong><\/p>\n<p>Der er ikke nogen informationer til dette punkt endnu.<\/p>\n","protected":false},"excerpt":{"rendered":"<p>Hum\u00f8r Bryggeriet, 2024- KORT INFO OM BRYGGERIET\/FABRIKKEN. &nbsp; Ejere. &#8211; &nbsp; Links. Ja Kendte adresser. Maigaardsvej 3a, 9900 Frederikshavn HISTORIEN. Hum\u00f8r Bryggeriet er Danmarks f\u00f8rste bryggeri, hvor b\u00e5de bryghuset og etiketterne er skabt af kunstig intelligens. Bryggeriet&nbsp; kombinerer avanceret teknologi med traditionelt h\u00e5ndv\u00e6rk, for at tilbyde unikke og innovative \u00f8loplevelser. AI-drevne tilgang sikrer, at \u00f8llene &hellip; <a href=\"https:\/\/bryg.2th.dk\/?page_id=46913\" class=\"more-link\">L\u00e6s videre <span class=\"screen-reader-text\">Hum\u00f8r Bryggeriet<\/span> <span class=\"meta-nav\">&rarr;<\/span><\/a><\/p>\n","protected":false},"author":2,"featured_media":0,"parent":1114,"menu_order":0,"comment_status":"closed","ping_status":"closed","template":"","meta":{"ngg_post_thumbnail":0,"footnotes":""},"categories":[413],"tags":[],"class_list":["post-46913","page","type-page","status-publish","hentry","category-9900b"],"_links":{"self":[{"href":"https:\/\/bryg.2th.dk\/index.php?rest_route=\/wp\/v2\/pages\/46913","targetHints":{"allow":["GET"]}}],"collection":[{"href":"https:\/\/bryg.2th.dk\/index.php?rest_route=\/wp\/v2\/pages"}],"about":[{"href":"https:\/\/bryg.2th.dk\/index.php?rest_route=\/wp\/v2\/types\/page"}],"author":[{"embeddable":true,"href":"https:\/\/bryg.2th.dk\/index.php?rest_route=\/wp\/v2\/users\/2"}],"replies":[{"embeddable":true,"href":"https:\/\/bryg.2th.dk\/index.php?rest_route=%2Fwp%2Fv2%2Fcomments&post=46913"}],"version-history":[{"count":0,"href":"https:\/\/bryg.2th.dk\/index.php?rest_route=\/wp\/v2\/pages\/46913\/revisions"}],"up":[{"embeddable":true,"href":"https:\/\/bryg.2th.dk\/index.php?rest_route=\/wp\/v2\/pages\/1114"}],"wp:attachment":[{"href":"https:\/\/bryg.2th.dk\/index.php?rest_route=%2Fwp%2Fv2%2Fmedia&parent=46913"}],"wp:term":[{"taxonomy":"category","embeddable":true,"href":"https:\/\/bryg.2th.dk\/index.php?rest_route=%2Fwp%2Fv2%2Fcategories&post=46913"},{"taxonomy":"post_tag","embeddable":true,"href":"https:\/\/bryg.2th.dk\/index.php?rest_route=%2Fwp%2Fv2%2Ftags&post=46913"}],"curies":[{"name":"wp","href":"https:\/\/api.w.org\/{rel}","templated":true}]}}