{"id":46832,"date":"2025-03-14T16:38:15","date_gmt":"2025-03-14T15:38:15","guid":{"rendered":"https:\/\/bryg.2th.dk\/?page_id=46832"},"modified":"2025-03-14T16:38:15","modified_gmt":"2025-03-14T15:38:15","slug":"chroeoel","status":"publish","type":"page","link":"https:\/\/bryg.2th.dk\/?page_id=46832","title":{"rendered":"Chr\u00f8\u00f8l"},"content":{"rendered":"<h3>Chr\u00f8\u00f8l, 2017-?<\/h3>\n<hr>\n<p><strong>KORT INFO OM BRYGGERIET\/FABRIKKEN.<\/strong><\/p>\n<table>\n<tbody>\n<tr style=\"border-style: hidden;\">\n<td style=\"width: 40%; background-color: #d4e6d3; height: 18px; border-style: hidden;\" scope=\"row\">&nbsp;<\/td>\n<td style=\"width: 60%; height: 18px; border-style: hidden; vertical-align: top; background-color: #ededed;\" scope=\"row\"><strong>Ejere.<\/strong><\/td>\n<\/tr>\n<tr style=\"border-style: hidden;\">\n<td style=\"width: 40%; background-color: #d4e6d3; height: 233px; border-style: hidden;\" rowspan=\"4\" scope=\"row\"><img decoding=\"async\" class=\"ngg-singlepic ngg-none aligncenter\" src=\"https:\/\/bryg.2th.dk\/wp-content\/gallery\/bryggeri-logoer\/intet_logo.jpg\" alt=\"\" width=\"85%\" height=\"200\"><\/td>\n<td style=\"vertical-align: top; width: 60%; border-color: #000000; height: 179px; border-style: hidden; background-color: #ededed;\" scope=\"row\">&#8211; Et Aps. 2017-<\/td>\n<\/tr>\n<tr style=\"border-style: hidden;\">\n<td style=\"vertical-align: top; width: 60%; border-color: #000000; height: 18px; border-style: hidden; background-color: #ededed;\"><strong>&nbsp;<\/strong><\/td>\n<\/tr>\n<tr style=\"border-style: hidden;\">\n<td style=\"vertical-align: top; width: 60%; border-color: #000000; height: 18px; border-style: hidden; background-color: #ededed;\"><strong>Links. <\/strong>Nej<\/td>\n<\/tr>\n<tr style=\"border-style: hidden;\">\n<td style=\"vertical-align: top; width: 60%; border-color: #000000; height: 18px; border-style: hidden; background-color: #ededed;\" scope=\"row\"><strong>Kendte adresser.<\/strong><\/td>\n<\/tr>\n<tr style=\"border-style: hidden;\">\n<td style=\"vertical-align: top; width: 60%; border-color: #000000; height: 18px; border-style: hidden; background-color: #ededed;\">Christians\u00f8<\/td>\n<\/tr>\n<\/tbody>\n<\/table>\n<hr>\n<p><strong>HISTORIEN.<\/strong><\/p>\n<p style=\"text-align: justify;\">Chr\u00f8\u00f8l er Danmarks \u00f8stligste mikrobryggeri \u2013 lanceret ved genindvielsen af Store T\u00e5rn d. 30 juni 2017. Brygningen sker med h\u00e5ndkraft og t\u00e5lmodighed uden at spare p\u00e5 r\u00e5varerne, og det giver gode og fyldige \u00f8l. Uden avanceret teknologi vil smagen af \u00f8llen variere lidt fra bryg til bryg afh\u00e6ngig af r\u00e5varerne, temperaturen og tiden, men det er blot en ekstra charme. Vi kalder det \u00e5rgangs\u00f8l.<\/p>\n<p style=\"text-align: justify;\">Bryggeriet findes i et lille lokale ved Mindet (l\u00e6geboligen p\u00e5 Christians\u00f8).<\/p>\n<hr>\n<p><strong>ETIKETTERNE.<\/strong><\/p>\n<p>Der er ikke nogen informationer til dette punkt endnu.<\/p>\n<hr>\n<p><strong>ARTIKLER.<\/strong><\/p>\n<p>Der er ikke nogen informationer til dette punkt endnu.<\/p>\n<hr>\n<p><strong>ANDET.<\/strong><\/p>\n<p>Der er ikke nogen informationer til dette punkt endnu.<\/p>\n<hr>\n<p><strong>LITTERATUR.<\/strong><\/p>\n<p>Der er ikke nogen informationer til dette punkt endnu.<\/p>\n<hr>\n<p><strong>REKLAMER &#8211; HERUNDER REKLAME FILM.<\/strong><\/p>\n<p>Der er ikke nogen informationer til dette punkt endnu.<\/p>\n","protected":false},"excerpt":{"rendered":"<p>Chr\u00f8\u00f8l, 2017-? KORT INFO OM BRYGGERIET\/FABRIKKEN. &nbsp; Ejere. &#8211; Et Aps. 2017- &nbsp; Links. Nej Kendte adresser. Christians\u00f8 HISTORIEN. Chr\u00f8\u00f8l er Danmarks \u00f8stligste mikrobryggeri \u2013 lanceret ved genindvielsen af Store T\u00e5rn d. 30 juni 2017. Brygningen sker med h\u00e5ndkraft og t\u00e5lmodighed uden at spare p\u00e5 r\u00e5varerne, og det giver gode og fyldige \u00f8l. Uden avanceret &hellip; <a href=\"https:\/\/bryg.2th.dk\/?page_id=46832\" class=\"more-link\">L\u00e6s videre <span class=\"screen-reader-text\">Chr\u00f8\u00f8l<\/span> <span class=\"meta-nav\">&rarr;<\/span><\/a><\/p>\n","protected":false},"author":2,"featured_media":0,"parent":1047,"menu_order":0,"comment_status":"closed","ping_status":"closed","template":"","meta":{"ngg_post_thumbnail":0,"footnotes":""},"categories":[467],"tags":[],"class_list":["post-46832","page","type-page","status-publish","hentry","category-3770b"],"_links":{"self":[{"href":"https:\/\/bryg.2th.dk\/index.php?rest_route=\/wp\/v2\/pages\/46832","targetHints":{"allow":["GET"]}}],"collection":[{"href":"https:\/\/bryg.2th.dk\/index.php?rest_route=\/wp\/v2\/pages"}],"about":[{"href":"https:\/\/bryg.2th.dk\/index.php?rest_route=\/wp\/v2\/types\/page"}],"author":[{"embeddable":true,"href":"https:\/\/bryg.2th.dk\/index.php?rest_route=\/wp\/v2\/users\/2"}],"replies":[{"embeddable":true,"href":"https:\/\/bryg.2th.dk\/index.php?rest_route=%2Fwp%2Fv2%2Fcomments&post=46832"}],"version-history":[{"count":0,"href":"https:\/\/bryg.2th.dk\/index.php?rest_route=\/wp\/v2\/pages\/46832\/revisions"}],"up":[{"embeddable":true,"href":"https:\/\/bryg.2th.dk\/index.php?rest_route=\/wp\/v2\/pages\/1047"}],"wp:attachment":[{"href":"https:\/\/bryg.2th.dk\/index.php?rest_route=%2Fwp%2Fv2%2Fmedia&parent=46832"}],"wp:term":[{"taxonomy":"category","embeddable":true,"href":"https:\/\/bryg.2th.dk\/index.php?rest_route=%2Fwp%2Fv2%2Fcategories&post=46832"},{"taxonomy":"post_tag","embeddable":true,"href":"https:\/\/bryg.2th.dk\/index.php?rest_route=%2Fwp%2Fv2%2Ftags&post=46832"}],"curies":[{"name":"wp","href":"https:\/\/api.w.org\/{rel}","templated":true}]}}