{"id":39598,"date":"2024-08-26T20:31:34","date_gmt":"2024-08-26T18:31:34","guid":{"rendered":"https:\/\/bryg.2th.dk\/?page_id=39598"},"modified":"2025-03-13T20:30:49","modified_gmt":"2025-03-13T19:30:49","slug":"myrki-mikrobryg","status":"publish","type":"page","link":"https:\/\/bryg.2th.dk\/?page_id=39598","title":{"rendered":"Myrki Mikrobryg"},"content":{"rendered":"<h3>Myrki Mikrobryg, 2019-2024<\/h3>\n<hr>\n<p><strong>KORT INFO OM BRYGGERIET\/FABRIKKEN.<\/strong><\/p>\n<table>\n<tbody>\n<tr style=\"border-style: hidden;\">\n<td style=\"width: 40%;background-color: #d4e6d3; height: 18px; border-style: hidden;\" scope=\"row\">&nbsp;<\/td>\n<td style=\"width: 60%; height: 18px; border-style: hidden; vertical-align: top; background-color: #ededed;\" scope=\"row\"><strong>Ejere.<\/strong><\/td>\n<\/tr>\n<tr style=\"border-style: hidden;\">\n<td style=\"width: 40%;background-color: #d4e6d3; height: 233px; border-style: hidden;\" rowspan=\"4\" scope=\"row\"><img decoding=\"async\" class=\"ngg-singlepic ngg-none aligncenter\" src=\"https:\/\/bryg.2th.dk\/wp-content\/gallery\/bryggeri-logoer\/Myrki_logo.jpg\" alt=\"\" width=\"85%\" height=\"200\"><\/td>\n<td style=\"vertical-align: top; width: 60%; border-color: #000000; height: 179px; border-style: hidden; background-color: #ededed;\" scope=\"row\">Michael Landerholm 2019-2024<\/td>\n<\/tr>\n<tr style=\"border-style: hidden;\">\n<td style=\"vertical-align: top; width: 60%; border-color: #000000; height: 18px; border-style: hidden; background-color: #ededed;\"><strong>Links. <\/strong>Nej<\/td>\n<\/tr>\n<tr style=\"border-style: hidden;\">\n<td style=\"vertical-align: top; width: 60%; border-color: #000000; height: 18px; border-style: hidden; background-color: #ededed;\" scope=\"row\"><strong>Kendte adresser.<\/strong><\/td>\n<\/tr>\n<tr style=\"border-style: hidden;\">\n<td style=\"vertical-align: top; width: 60%; border-color: #000000; height: 18px; border-style: hidden; background-color: #ededed;\">Stationsvej 6, 8544 M\u00f8rke<\/td>\n<\/tr>\n<\/tbody>\n<\/table>\n<hr>\n<p><strong>HISTORIEN.<\/strong><\/p>\n<p style=\"text-align: justify;\">Bryggeriet blev startet af Michael i 2019, da hans passion og nysgerrighed for \u00f8lbrygning var stor. Det blev i starten til brygning af \u00f8l p\u00e5 flasker og fad\u00f8l, men kort efter var det kun salg af fad\u00f8l p\u00e5 adressen. I efter\u00e5ret 2024, var interessen for at forts\u00e6tte med at brygge \u00f8l der ikke mere. Og det bet\u00f8d at bryggeriet lukkede og huset blev sat til salg kort efter.<\/p>\n<p style=\"text-align: justify;\">Der er udgivet flere flaske\u00f8l derfra, men ikke s\u00e6rlig mange, s\u00e5 de etiketter der n\u00e5ede ud med flaskerne er f\u00e5tallig.<\/p>\n<hr>\n<p><strong>ETIKETTERNE.<\/strong><\/p>\n<p>Der er ikke nogen informationer til dette punkt endnu.<\/p>\n<hr>\n<p><strong>ARTIKLER.<\/strong><\/p>\n<p>Der er ikke nogen informationer til dette punkt endnu.<\/p>\n<hr>\n<p><strong>ANDET.<\/strong><\/p>\n<p>Der er ikke nogen informationer til dette punkt endnu.<\/p>\n<hr>\n<p><strong>LITTERATUR.<\/strong><\/p>\n<p>Der er ikke nogen informationer til dette punkt endnu.<\/p>\n<hr>\n<p><strong>REKLAMER &#8211; HERUNDER REKLAME FILM.<\/strong><\/p>\n<p>Der er ikke nogen informationer til dette punkt endnu.<\/p>\n","protected":false},"excerpt":{"rendered":"<p>Myrki Mikrobryg, 2019-2024 KORT INFO OM BRYGGERIET\/FABRIKKEN. &nbsp; Ejere. Michael Landerholm 2019-2024 Links. Nej Kendte adresser. Stationsvej 6, 8544 M\u00f8rke HISTORIEN. Bryggeriet blev startet af Michael i 2019, da hans passion og nysgerrighed for \u00f8lbrygning var stor. Det blev i starten til brygning af \u00f8l p\u00e5 flasker og fad\u00f8l, men kort efter var det kun &hellip; <a href=\"https:\/\/bryg.2th.dk\/?page_id=39598\" class=\"more-link\">L\u00e6s videre <span class=\"screen-reader-text\">Myrki Mikrobryg<\/span> <span class=\"meta-nav\">&rarr;<\/span><\/a><\/p>\n","protected":false},"author":2,"featured_media":0,"parent":1112,"menu_order":0,"comment_status":"closed","ping_status":"closed","template":"","meta":{"ngg_post_thumbnail":0,"footnotes":""},"categories":[348,53],"tags":[96],"class_list":["post-39598","page","type-page","status-publish","hentry","category-8543b","category-danske-bryggerier-danske-bryggerier","tag-dk_bryg"],"_links":{"self":[{"href":"https:\/\/bryg.2th.dk\/index.php?rest_route=\/wp\/v2\/pages\/39598","targetHints":{"allow":["GET"]}}],"collection":[{"href":"https:\/\/bryg.2th.dk\/index.php?rest_route=\/wp\/v2\/pages"}],"about":[{"href":"https:\/\/bryg.2th.dk\/index.php?rest_route=\/wp\/v2\/types\/page"}],"author":[{"embeddable":true,"href":"https:\/\/bryg.2th.dk\/index.php?rest_route=\/wp\/v2\/users\/2"}],"replies":[{"embeddable":true,"href":"https:\/\/bryg.2th.dk\/index.php?rest_route=%2Fwp%2Fv2%2Fcomments&post=39598"}],"version-history":[{"count":0,"href":"https:\/\/bryg.2th.dk\/index.php?rest_route=\/wp\/v2\/pages\/39598\/revisions"}],"up":[{"embeddable":true,"href":"https:\/\/bryg.2th.dk\/index.php?rest_route=\/wp\/v2\/pages\/1112"}],"wp:attachment":[{"href":"https:\/\/bryg.2th.dk\/index.php?rest_route=%2Fwp%2Fv2%2Fmedia&parent=39598"}],"wp:term":[{"taxonomy":"category","embeddable":true,"href":"https:\/\/bryg.2th.dk\/index.php?rest_route=%2Fwp%2Fv2%2Fcategories&post=39598"},{"taxonomy":"post_tag","embeddable":true,"href":"https:\/\/bryg.2th.dk\/index.php?rest_route=%2Fwp%2Fv2%2Ftags&post=39598"}],"curies":[{"name":"wp","href":"https:\/\/api.w.org\/{rel}","templated":true}]}}