{"id":39149,"date":"2024-05-18T19:45:02","date_gmt":"2024-05-18T17:45:02","guid":{"rendered":"https:\/\/bryg.2th.dk\/?page_id=39149"},"modified":"2025-03-03T22:21:07","modified_gmt":"2025-03-03T21:21:07","slug":"bornholm-mineralvandsfabriken","status":"publish","type":"page","link":"https:\/\/bryg.2th.dk\/?page_id=39149","title":{"rendered":"Bornholm, Mineralvandsfabriken"},"content":{"rendered":"<h3>Mineralvandsfabriken Bornholm, (ukendt)-1932<\/h3>\n<hr>\n<p><strong>KORT INFO OM BRYGGERIET\/FABRIKKEN.<\/strong><\/p>\n<table style=\"width: 100%; height: 251px;\">\n<tbody>\n<tr style=\"border-style: hidden;\">\n<td style=\"width: 40%;height: 18px; border-style: hidden; background-color: #8aabed;\" scope=\"row\">&nbsp;<\/td>\n<td style=\"width: 60%; height: 18px; border-style: hidden; vertical-align: top; background-color: #ededed;\" scope=\"row\"><strong>Ejere.<\/strong><\/td>\n<\/tr>\n<tr style=\"border-style: hidden;\">\n<td style=\"width: 40%;height: 233px; border-style: hidden; background-color: #8aabed;\" rowspan=\"4\" scope=\"row\"><img decoding=\"async\" class=\"ngg-singlepic ngg-none aligncenter\" src=\"https:\/\/bryg.2th.dk\/wp-content\/gallery\/bryggeri-logoer\/intet_logo.jpg\" alt=\"\" width=\"85%\" height=\"200\"><\/td>\n<td style=\"vertical-align: top; width: 60%; border-color: #000000; height: 179px; border-style: hidden; background-color: #ededed;\" scope=\"row\">H. Jensen<br \/>\nK. E. S. Koefoed<\/td>\n<\/tr>\n<tr style=\"border-style: hidden;\">\n<td style=\"vertical-align: top; width: 60%; border-color: #000000; height: 18px; border-style: hidden; background-color: #ededed;\"><strong>Links. <\/strong>Nej<\/td>\n<\/tr>\n<tr style=\"border-style: hidden;\">\n<td style=\"vertical-align: top; width: 60%; border-color: #000000; height: 18px; border-style: hidden; background-color: #ededed;\" scope=\"row\"><strong>Kendte adresser.<\/strong><\/td>\n<\/tr>\n<tr style=\"border-style: hidden;\">\n<td style=\"vertical-align: top; width: 60%; border-color: #000000; height: 18px; border-style: hidden; background-color: #ededed;\">&#8211;<\/td>\n<\/tr>\n<\/tbody>\n<\/table>\n<hr>\n<p><strong>HISTORIEN.<\/strong><\/p>\n<p style=\"text-align: justify;\">Radium Apollinaris var en danskvand som blev tappet p\u00e5 radioaktivt vand, fra den i dag t\u00f8rre bornholmske kilde Radiumkilden, ogs\u00e5 kaldet Rosenkilden. Vandet i kilden indeholdte det st\u00e6rkt radioaktive og sundhedsskadelige radium. Omkring 1925 begyndte Mineralvandsfabriken \u201dBornholm\u201d i Sandvig at markedsf\u00f8re produktet som helsebringende, og b\u00e5de fabrikkens apollinaris og citronvand var forsynet med etiketter hvorp\u00e5 man ser &#8220;Radiumsaltet&#8221; udstr\u00e5le sine &#8220;helsebringende str\u00e5ler&#8221;. Den daglige produktion var p\u00e5 cirka 1000 flasker. I 1932 lukkede fabrikken, og havde man vidst bedere denne gang, s\u00e5 var man nok slet ikke begyndt at lave disse mineralvand p\u00e5 flaske.<\/p>\n<hr>\n<p><strong>ETIKETTERNE.<\/strong><\/p>\n<p>Der er ikke nogen informationer til dette punkt endnu.<\/p>\n<hr>\n<p><strong>ARTIKLER.<\/strong><\/p>\n<p>Der er ikke nogen informationer til dette punkt endnu.<\/p>\n<hr>\n<p><strong>ANDET.<\/strong><\/p>\n<p>Der er ikke nogen informationer til dette punkt endnu.<\/p>\n<hr>\n<p><strong>LITTERATUR.<\/strong><\/p>\n<p>Der er ikke nogen informationer til dette punkt endnu.<\/p>\n<hr>\n<p><strong>REKLAMER &#8211; HERUNDER REKLAME FILM.<\/strong><\/p>\n<p>Der er ikke nogen informationer til dette punkt endnu.<\/p>\n","protected":false},"excerpt":{"rendered":"<p>Mineralvandsfabriken Bornholm, (ukendt)-1932 KORT INFO OM BRYGGERIET\/FABRIKKEN. &nbsp; Ejere. H. Jensen K. E. S. Koefoed Links. Nej Kendte adresser. &#8211; HISTORIEN. Radium Apollinaris var en danskvand som blev tappet p\u00e5 radioaktivt vand, fra den i dag t\u00f8rre bornholmske kilde Radiumkilden, ogs\u00e5 kaldet Rosenkilden. Vandet i kilden indeholdte det st\u00e6rkt radioaktive og sundhedsskadelige radium. Omkring 1925 &hellip; <a href=\"https:\/\/bryg.2th.dk\/?page_id=39149\" class=\"more-link\">L\u00e6s videre <span class=\"screen-reader-text\">Bornholm, Mineralvandsfabriken<\/span> <span class=\"meta-nav\">&rarr;<\/span><\/a><\/p>\n","protected":false},"author":2,"featured_media":0,"parent":12255,"menu_order":0,"comment_status":"closed","ping_status":"closed","template":"","meta":{"ngg_post_thumbnail":0,"footnotes":""},"categories":[468,34],"tags":[97],"class_list":["post-39149","page","type-page","status-publish","hentry","category-3770m","category-danske-min-fabrikker","tag-dk_min-vand"],"_links":{"self":[{"href":"https:\/\/bryg.2th.dk\/index.php?rest_route=\/wp\/v2\/pages\/39149","targetHints":{"allow":["GET"]}}],"collection":[{"href":"https:\/\/bryg.2th.dk\/index.php?rest_route=\/wp\/v2\/pages"}],"about":[{"href":"https:\/\/bryg.2th.dk\/index.php?rest_route=\/wp\/v2\/types\/page"}],"author":[{"embeddable":true,"href":"https:\/\/bryg.2th.dk\/index.php?rest_route=\/wp\/v2\/users\/2"}],"replies":[{"embeddable":true,"href":"https:\/\/bryg.2th.dk\/index.php?rest_route=%2Fwp%2Fv2%2Fcomments&post=39149"}],"version-history":[{"count":0,"href":"https:\/\/bryg.2th.dk\/index.php?rest_route=\/wp\/v2\/pages\/39149\/revisions"}],"up":[{"embeddable":true,"href":"https:\/\/bryg.2th.dk\/index.php?rest_route=\/wp\/v2\/pages\/12255"}],"wp:attachment":[{"href":"https:\/\/bryg.2th.dk\/index.php?rest_route=%2Fwp%2Fv2%2Fmedia&parent=39149"}],"wp:term":[{"taxonomy":"category","embeddable":true,"href":"https:\/\/bryg.2th.dk\/index.php?rest_route=%2Fwp%2Fv2%2Fcategories&post=39149"},{"taxonomy":"post_tag","embeddable":true,"href":"https:\/\/bryg.2th.dk\/index.php?rest_route=%2Fwp%2Fv2%2Ftags&post=39149"}],"curies":[{"name":"wp","href":"https:\/\/api.w.org\/{rel}","templated":true}]}}