{"id":39114,"date":"2024-01-29T14:45:14","date_gmt":"2024-01-29T13:45:14","guid":{"rendered":"https:\/\/bryg.2th.dk\/?page_id=39114"},"modified":"2025-03-03T16:16:15","modified_gmt":"2025-03-03T15:16:15","slug":"gaardbryg","status":"publish","type":"page","link":"https:\/\/bryg.2th.dk\/?page_id=39114","title":{"rendered":"Gaardbryg"},"content":{"rendered":"<h3>Gaardbryg, 2022-?<\/h3>\n<hr>\n<p><strong>KORT INFO OM BRYGGERIET\/FABRIKKEN.<\/strong><\/p>\n<table>\n<tbody>\n<tr style=\"border-style: hidden;\">\n<td style=\"width: 40%;background-color: #d4e6d3; height: 18px; border-style: hidden;\" scope=\"row\">&nbsp;<\/td>\n<td style=\"width: 60%; height: 18px; border-style: hidden; vertical-align: top; background-color: #ededed;\" scope=\"row\"><strong>Ejere.<\/strong><\/td>\n<\/tr>\n<tr style=\"border-style: hidden;\">\n<td style=\"width: 40%;background-color: #d4e6d3; height: 233px; border-style: hidden;\" rowspan=\"4\" scope=\"row\"><img decoding=\"async\" class=\"ngg-singlepic ngg-none aligncenter\" src=\"https:\/\/bryg.2th.dk\/wp-content\/gallery\/bryggeri-logoer\/gaardbryg_holstebro_logo.jpg\" alt=\"\" width=\"85%\" height=\"200\"><\/td>\n<td style=\"vertical-align: top; width: 60%; border-color: #000000; height: 179px; border-style: hidden; background-color: #ededed;\" scope=\"row\">&#8211; Et ApS. 2022-<\/td>\n<\/tr>\n<tr style=\"border-style: hidden;\">\n<td style=\"vertical-align: top; width: 60%; border-color: #000000; height: 18px; border-style: hidden; background-color: #ededed;\"><strong>Links. <a href=\"https:\/\/www.gaardbryg.dk\/\" target=\"_blank\" rel=\"noopener\">Ja<\/a><\/strong><\/td>\n<\/tr>\n<tr style=\"border-style: hidden;\">\n<td style=\"vertical-align: top; width: 60%; border-color: #000000; height: 18px; border-style: hidden; background-color: #ededed;\" scope=\"row\"><strong>Kendte adresser.<\/strong><\/td>\n<\/tr>\n<tr style=\"border-style: hidden;\">\n<td style=\"vertical-align: top; width: 60%; border-color: #000000; height: 18px; border-style: hidden; background-color: #ededed;\">Langgade 102, 7500 Holstebro<\/td>\n<\/tr>\n<\/tbody>\n<\/table>\n<hr>\n<p><strong>HISTORIEN.<\/strong><\/p>\n<p style=\"text-align: justify;\">Det startede med at f\u00f8r Bryghuset Gaardbryg blev til, var her en Minkfarm, som Martin Vestergaard med hans far havde drevet i 8 \u00e5r. Da Coronaen kom, blev det jo som bekendt besluttet at alle Mink i Danmark skulle fjernes. Det bet\u00f8d s\u00e5 at der efter minkeventyret sluttede, at der stod tomme bygninger p\u00e5 grunden.<\/p>\n<p style=\"text-align: justify;\">Martin Vestergaard og hans ven Thomas Jeppesen, synes at man skulle starte et Mikrobryggeri p\u00e5 g\u00e5rden, og kort efter de havde s\u00f8gt en pulje, s\u00e5 gik det hurtigt. Man overtog udstyr fra det nedlagte Kerteminde Bryghus p\u00e5 Fyn, og fik det hjem til g\u00e5rden.<\/p>\n<p style=\"text-align: justify;\">I 2022 begyndte s\u00e5 ombygningen af g\u00e5rden fra Minkfarm til Mikrobryggeri, og man fik installeret udstyret fra Fyn. Derefter blev der lavet nogle testbryg indtil frem til august 2023, hvor man kunne sl\u00e5 d\u00f8rene op til det nye mikrobryggeri.<\/p>\n<hr>\n<p><strong>ETIKETTERNE.<\/strong><\/p>\n<p>Der er ikke nogen informationer til dette punkt endnu.<\/p>\n<hr>\n<p><strong>ARTIKLER.<\/strong><\/p>\n<p>Der er ikke nogen informationer til dette punkt endnu.<\/p>\n<hr>\n<p><strong>ANDET.<\/strong><\/p>\n<p>Der er ikke nogen informationer til dette punkt endnu.<\/p>\n<hr>\n<p><strong>LITTERATUR.<\/strong><\/p>\n<p>Der er ikke nogen informationer til dette punkt endnu.<\/p>\n<hr>\n<p><strong>REKLAMER &#8211; HERUNDER REKLAME FILM.<\/strong><\/p>\n<p>Der er ikke nogen informationer til dette punkt endnu.<\/p>\n","protected":false},"excerpt":{"rendered":"<p>Gaardbryg, 2022-? KORT INFO OM BRYGGERIET\/FABRIKKEN. &nbsp; Ejere. &#8211; Et ApS. 2022- Links. Ja Kendte adresser. Langgade 102, 7500 Holstebro HISTORIEN. Det startede med at f\u00f8r Bryghuset Gaardbryg blev til, var her en Minkfarm, som Martin Vestergaard med hans far havde drevet i 8 \u00e5r. Da Coronaen kom, blev det jo som bekendt besluttet at &hellip; <a href=\"https:\/\/bryg.2th.dk\/?page_id=39114\" class=\"more-link\">L\u00e6s videre <span class=\"screen-reader-text\">Gaardbryg<\/span> <span class=\"meta-nav\">&rarr;<\/span><\/a><\/p>\n","protected":false},"author":2,"featured_media":0,"parent":1112,"menu_order":0,"comment_status":"closed","ping_status":"closed","template":"","meta":{"ngg_post_thumbnail":0,"footnotes":""},"categories":[300,53],"tags":[96],"class_list":["post-39114","page","type-page","status-publish","hentry","category-7500b","category-danske-bryggerier-danske-bryggerier","tag-dk_bryg"],"_links":{"self":[{"href":"https:\/\/bryg.2th.dk\/index.php?rest_route=\/wp\/v2\/pages\/39114","targetHints":{"allow":["GET"]}}],"collection":[{"href":"https:\/\/bryg.2th.dk\/index.php?rest_route=\/wp\/v2\/pages"}],"about":[{"href":"https:\/\/bryg.2th.dk\/index.php?rest_route=\/wp\/v2\/types\/page"}],"author":[{"embeddable":true,"href":"https:\/\/bryg.2th.dk\/index.php?rest_route=\/wp\/v2\/users\/2"}],"replies":[{"embeddable":true,"href":"https:\/\/bryg.2th.dk\/index.php?rest_route=%2Fwp%2Fv2%2Fcomments&post=39114"}],"version-history":[{"count":0,"href":"https:\/\/bryg.2th.dk\/index.php?rest_route=\/wp\/v2\/pages\/39114\/revisions"}],"up":[{"embeddable":true,"href":"https:\/\/bryg.2th.dk\/index.php?rest_route=\/wp\/v2\/pages\/1112"}],"wp:attachment":[{"href":"https:\/\/bryg.2th.dk\/index.php?rest_route=%2Fwp%2Fv2%2Fmedia&parent=39114"}],"wp:term":[{"taxonomy":"category","embeddable":true,"href":"https:\/\/bryg.2th.dk\/index.php?rest_route=%2Fwp%2Fv2%2Fcategories&post=39114"},{"taxonomy":"post_tag","embeddable":true,"href":"https:\/\/bryg.2th.dk\/index.php?rest_route=%2Fwp%2Fv2%2Ftags&post=39114"}],"curies":[{"name":"wp","href":"https:\/\/api.w.org\/{rel}","templated":true}]}}