{"id":38406,"date":"2023-07-11T21:34:56","date_gmt":"2023-07-11T19:34:56","guid":{"rendered":"https:\/\/bryg.2th.dk\/?page_id=38406"},"modified":"2025-03-23T17:16:52","modified_gmt":"2025-03-23T16:16:52","slug":"valby-bryghus","status":"publish","type":"page","link":"https:\/\/bryg.2th.dk\/?page_id=38406","title":{"rendered":"Valby Bryghus"},"content":{"rendered":"<h3>Valby Bryghus, 2019-?<\/h3>\n<hr>\n<p><strong>KORT INFO OM BRYGGERIET\/FABRIKKEN.<\/strong><\/p>\n<table>\n<tbody>\n<tr style=\"border-style: hidden;\">\n<td style=\"width: 40%; background-color: #d4e6d3; height: 18px; border-style: hidden;\" scope=\"row\">&nbsp;<\/td>\n<td style=\"width: 60%; height: 18px; border-style: hidden; vertical-align: top; background-color: #ededed;\" scope=\"row\"><strong>Ejere.<\/strong><\/td>\n<\/tr>\n<tr style=\"border-style: hidden;\">\n<td style=\"width: 40%; background-color: #d4e6d3; height: 233px; border-style: hidden;\" rowspan=\"4\" scope=\"row\"><img decoding=\"async\" class=\"ngg-singlepic ngg-none aligncenter\" src=\"https:\/\/bryg.2th.dk\/wp-content\/gallery\/bryggeri-logoer\/valby_bryghus_logo.jpg\" alt=\"\" width=\"85%\" height=\"200\"><\/td>\n<td style=\"vertical-align: top; width: 60%; border-color: #000000; height: 179px; border-style: hidden; background-color: #ededed;\" scope=\"row\"><span class=\"OfficialCompanyInformationCard-propertyList\"><span class=\"OfficialCompanyInformationCard-propertyValue\">Anne Banzon Bastholm, 2019-<\/span><\/span><\/td>\n<\/tr>\n<tr style=\"border-style: hidden;\">\n<td style=\"vertical-align: top; width: 60%; border-color: #000000; height: 18px; border-style: hidden; background-color: #ededed;\"><strong>Links. <\/strong><a href=\"https:\/\/brasseriet.dk\/bryghus\/\" target=\"_blank\" rel=\"noopener\">Ja<\/a><\/td>\n<\/tr>\n<tr style=\"border-style: hidden;\">\n<td style=\"vertical-align: top; width: 60%; border-color: #000000; height: 18px; border-style: hidden; background-color: #ededed;\" scope=\"row\"><strong>Kendte adresser.<\/strong><\/td>\n<\/tr>\n<tr style=\"border-style: hidden;\">\n<td style=\"vertical-align: top; width: 60%; border-color: #000000; height: 18px; border-style: hidden; background-color: #ededed;\">Aved\u00f8reholmen 96, 2650 Hvidovre<\/td>\n<\/tr>\n<\/tbody>\n<\/table>\n<hr>\n<p><strong>HISTORIEN.<\/strong><\/p>\n<p style=\"text-align: justify;\">VALBY BRYGHUS udspringer fra cateringvirksomheden Annes Gademad stiftet i 2009 og er s\u00f8stervirksomhed til BRASSERIE VALBY, et fransk brasserie beliggende p\u00e5 Valby Langgade. Brasseriet forhandler \u00f8l fra Valby Bryghus \u2013 b\u00e5de p\u00e5 flaske og p\u00e5 fad.<\/p>\n<p style=\"text-align: justify;\">VALBY BRYGHUS blev opbygget i 2019, mens man frasolgte cateringdelen for at satse p\u00e5 det franske brasserie og \u00f8lproduktion. Ultimo 2019 s\u00e5 den f\u00f8rste bryg dagens lys og primo 2020 \u00e5bnede BRASSERIE VALBY.<\/p>\n<p style=\"text-align: justify;\">I dag markedsf\u00f8res henved 12 forskellige \u00f8ltyper med hvert deres s\u00e6rpr\u00e6g og alle brygget med omhu. Og fra april 2021 overg\u00e5r bryghuset til 100% \u00f8kologisk \u00f8lproduktion.<\/p>\n<hr>\n<p><strong>ETIKETTERNE.<\/strong><\/p>\n<p>Der er ikke nogen informationer til dette punkt endnu.<\/p>\n<hr>\n<p><strong>ARTIKLER.<\/strong><\/p>\n<p>Der er ikke nogen informationer til dette punkt endnu.<\/p>\n<hr>\n<p><strong>ANDET.<\/strong><\/p>\n<p>Der er ikke nogen informationer til dette punkt endnu.<\/p>\n<hr>\n<p><strong>LITTERATUR.<\/strong><\/p>\n<p>Der er ikke nogen informationer til dette punkt endnu.<\/p>\n<hr>\n<p><strong>REKLAMER &#8211; HERUNDER REKLAME FILM.<\/strong><\/p>\n<p>Der er ikke nogen informationer til dette punkt endnu.<\/p>\n","protected":false},"excerpt":{"rendered":"<p>Valby Bryghus, 2019-? KORT INFO OM BRYGGERIET\/FABRIKKEN. &nbsp; Ejere. Anne Banzon Bastholm, 2019- Links. Ja Kendte adresser. Aved\u00f8reholmen 96, 2650 Hvidovre HISTORIEN. VALBY BRYGHUS udspringer fra cateringvirksomheden Annes Gademad stiftet i 2009 og er s\u00f8stervirksomhed til BRASSERIE VALBY, et fransk brasserie beliggende p\u00e5 Valby Langgade. Brasseriet forhandler \u00f8l fra Valby Bryghus \u2013 b\u00e5de p\u00e5 flaske &hellip; <a href=\"https:\/\/bryg.2th.dk\/?page_id=38406\" class=\"more-link\">L\u00e6s videre <span class=\"screen-reader-text\">Valby Bryghus<\/span> <span class=\"meta-nav\">&rarr;<\/span><\/a><\/p>\n","protected":false},"author":2,"featured_media":0,"parent":1108,"menu_order":0,"comment_status":"closed","ping_status":"closed","template":"","meta":{"ngg_post_thumbnail":0,"footnotes":""},"categories":[473,53],"tags":[96],"class_list":["post-38406","page","type-page","status-publish","hentry","category-2600b","category-danske-bryggerier-danske-bryggerier","tag-dk_bryg"],"_links":{"self":[{"href":"https:\/\/bryg.2th.dk\/index.php?rest_route=\/wp\/v2\/pages\/38406","targetHints":{"allow":["GET"]}}],"collection":[{"href":"https:\/\/bryg.2th.dk\/index.php?rest_route=\/wp\/v2\/pages"}],"about":[{"href":"https:\/\/bryg.2th.dk\/index.php?rest_route=\/wp\/v2\/types\/page"}],"author":[{"embeddable":true,"href":"https:\/\/bryg.2th.dk\/index.php?rest_route=\/wp\/v2\/users\/2"}],"replies":[{"embeddable":true,"href":"https:\/\/bryg.2th.dk\/index.php?rest_route=%2Fwp%2Fv2%2Fcomments&post=38406"}],"version-history":[{"count":0,"href":"https:\/\/bryg.2th.dk\/index.php?rest_route=\/wp\/v2\/pages\/38406\/revisions"}],"up":[{"embeddable":true,"href":"https:\/\/bryg.2th.dk\/index.php?rest_route=\/wp\/v2\/pages\/1108"}],"wp:attachment":[{"href":"https:\/\/bryg.2th.dk\/index.php?rest_route=%2Fwp%2Fv2%2Fmedia&parent=38406"}],"wp:term":[{"taxonomy":"category","embeddable":true,"href":"https:\/\/bryg.2th.dk\/index.php?rest_route=%2Fwp%2Fv2%2Fcategories&post=38406"},{"taxonomy":"post_tag","embeddable":true,"href":"https:\/\/bryg.2th.dk\/index.php?rest_route=%2Fwp%2Fv2%2Ftags&post=38406"}],"curies":[{"name":"wp","href":"https:\/\/api.w.org\/{rel}","templated":true}]}}