{"id":28230,"date":"2022-09-19T20:20:19","date_gmt":"2022-09-19T18:20:19","guid":{"rendered":"https:\/\/bryg.2th.dk\/?page_id=28230"},"modified":"2025-03-11T16:56:33","modified_gmt":"2025-03-11T15:56:33","slug":"silkeborg-bryghus","status":"publish","type":"page","link":"https:\/\/bryg.2th.dk\/?page_id=28230","title":{"rendered":"Silkeborg Bryghus"},"content":{"rendered":"<h3>Silkeborg Bryghus, 2021-?<\/h3>\n<hr>\n<p><strong>KORT INFO OM BRYGGERIET\/FABRIKKEN.<\/strong><\/p>\n<table>\n<tbody>\n<tr style=\"border-style: hidden;\">\n<td style=\"width: 40%;background-color: #d4e6d3; height: 18px; border-style: hidden;\" scope=\"row\">&nbsp;<\/td>\n<td style=\"width: 60%; height: 18px; border-style: hidden; vertical-align: top; background-color: #ededed;\" scope=\"row\"><strong>Ejere.<\/strong><\/td>\n<\/tr>\n<tr style=\"border-style: hidden;\">\n<td style=\"width: 40%;background-color: #d4e6d3; height: 233px; border-style: hidden;\" rowspan=\"4\" scope=\"row\"><img loading=\"lazy\" decoding=\"async\" class=\"ngg-singlepic ngg-none\" src=\"https:\/\/bryg.2th.dk\/wp-content\/gallery\/bryggeri-logoer\/silkeborg_bryghus_logo.jpg\" alt=\"silkeborg_bryghus_logo\" width=\"200\" height=\"200\"><\/td>\n<td style=\"vertical-align: top; width: 60%; border-color: #000000; height: 179px; border-style: hidden; background-color: #ededed;\" scope=\"row\">Grauballe Bryghus A\/S, 2021-<\/td>\n<\/tr>\n<tr style=\"border-style: hidden;\">\n<td style=\"vertical-align: top; width: 60%; border-color: #000000; height: 18px; border-style: hidden; background-color: #ededed;\"><strong>Links. <\/strong><a href=\"https:\/\/grauballe-bryghus.dk\/\" target=\"_blank\" rel=\"noopener\">Ja<\/a><\/td>\n<\/tr>\n<tr style=\"border-style: hidden;\">\n<td style=\"vertical-align: top; width: 60%; border-color: #000000; height: 18px; border-style: hidden; background-color: #ededed;\" scope=\"row\"><strong>Kendte adresser.<\/strong><\/td>\n<\/tr>\n<tr style=\"border-style: hidden;\">\n<td style=\"vertical-align: top; width: 60%; border-color: #000000; height: 18px; border-style: hidden; background-color: #ededed;\">Hagemannsvej 6D, 8600 Silkeborg<\/td>\n<\/tr>\n<\/tbody>\n<\/table>\n<hr>\n<p><strong>HISTORIEN.<\/strong><\/p>\n<p style=\"text-align: justify;\">Den 4. juni 2021 k\u00f8ber ejerkredsen bag Grauballe Bryghus A\/S navnet Silkeborg Bryghus, hvormed det registreres som et s\u00f8sterselskab til det eksisterende bryggeri. Silkeborg Bryghus har nu til huse p\u00e5 Hagemannsvej i Silkeborg, under samme tag som Grauballe Bryghus. Ejerkredsen bruger 7 m\u00e5neder p\u00e5 at forberede relanceringen af Silkeborg Bryghus. Lige fra at s\u00e6tte sig ind i historien for Silkeborg Bryghus, helt fra 1800-tallet og frem. Til at lancere det grafiske udtryk og ikke mindst \u00f8lbrygningen ud fra traditionerne.<\/p>\n<hr>\n<p><strong>ETIKETTERNE.<\/strong><\/p>\n<p>Der er ikke nogen informationer til dette punkt endnu.<\/p>\n<hr>\n<p><strong>ARTIKLER.<\/strong><\/p>\n<p>Der er ikke nogen informationer til dette punkt endnu.<\/p>\n<hr>\n<p><strong>ANDET.<\/strong><\/p>\n<p>Der er ikke nogen informationer til dette punkt endnu.<\/p>\n<hr>\n<p><strong>LITTERATUR.<\/strong><\/p>\n<p>Der er ikke nogen informationer til dette punkt endnu.<\/p>\n<hr>\n<p><strong>REKLAMER &#8211; HERUNDER REKLAME FILM.<\/strong><\/p>\n<p>Der er ikke nogen informationer til dette punkt endnu.<\/p>\n","protected":false},"excerpt":{"rendered":"<p>Silkeborg Bryghus, 2021-? KORT INFO OM BRYGGERIET\/FABRIKKEN. &nbsp; Ejere. Grauballe Bryghus A\/S, 2021- Links. Ja Kendte adresser. Hagemannsvej 6D, 8600 Silkeborg HISTORIEN. Den 4. juni 2021 k\u00f8ber ejerkredsen bag Grauballe Bryghus A\/S navnet Silkeborg Bryghus, hvormed det registreres som et s\u00f8sterselskab til det eksisterende bryggeri. Silkeborg Bryghus har nu til huse p\u00e5 Hagemannsvej i Silkeborg, &hellip; <a href=\"https:\/\/bryg.2th.dk\/?page_id=28230\" class=\"more-link\">L\u00e6s videre <span class=\"screen-reader-text\">Silkeborg Bryghus<\/span> <span class=\"meta-nav\">&rarr;<\/span><\/a><\/p>\n","protected":false},"author":2,"featured_media":0,"parent":1112,"menu_order":0,"comment_status":"closed","ping_status":"closed","template":"","meta":{"ngg_post_thumbnail":0,"footnotes":""},"categories":[336,53],"tags":[96],"class_list":["post-28230","page","type-page","status-publish","hentry","category-8600b","category-danske-bryggerier-danske-bryggerier","tag-dk_bryg"],"_links":{"self":[{"href":"https:\/\/bryg.2th.dk\/index.php?rest_route=\/wp\/v2\/pages\/28230","targetHints":{"allow":["GET"]}}],"collection":[{"href":"https:\/\/bryg.2th.dk\/index.php?rest_route=\/wp\/v2\/pages"}],"about":[{"href":"https:\/\/bryg.2th.dk\/index.php?rest_route=\/wp\/v2\/types\/page"}],"author":[{"embeddable":true,"href":"https:\/\/bryg.2th.dk\/index.php?rest_route=\/wp\/v2\/users\/2"}],"replies":[{"embeddable":true,"href":"https:\/\/bryg.2th.dk\/index.php?rest_route=%2Fwp%2Fv2%2Fcomments&post=28230"}],"version-history":[{"count":0,"href":"https:\/\/bryg.2th.dk\/index.php?rest_route=\/wp\/v2\/pages\/28230\/revisions"}],"up":[{"embeddable":true,"href":"https:\/\/bryg.2th.dk\/index.php?rest_route=\/wp\/v2\/pages\/1112"}],"wp:attachment":[{"href":"https:\/\/bryg.2th.dk\/index.php?rest_route=%2Fwp%2Fv2%2Fmedia&parent=28230"}],"wp:term":[{"taxonomy":"category","embeddable":true,"href":"https:\/\/bryg.2th.dk\/index.php?rest_route=%2Fwp%2Fv2%2Fcategories&post=28230"},{"taxonomy":"post_tag","embeddable":true,"href":"https:\/\/bryg.2th.dk\/index.php?rest_route=%2Fwp%2Fv2%2Ftags&post=28230"}],"curies":[{"name":"wp","href":"https:\/\/api.w.org\/{rel}","templated":true}]}}