{"id":26229,"date":"2021-04-30T13:02:01","date_gmt":"2021-04-30T11:02:01","guid":{"rendered":"https:\/\/bryg.2th.dk\/?page_id=26229"},"modified":"2025-03-03T17:38:45","modified_gmt":"2025-03-03T16:38:45","slug":"bryggeriet-skandia-noerresundby","status":"publish","type":"page","link":"https:\/\/bryg.2th.dk\/?page_id=26229","title":{"rendered":"Bryggeriet Skandia, N\u00f8rresundby"},"content":{"rendered":"<h3>Bryggeriet Skandia, 1909-1940<\/h3>\n<hr>\n<p><strong>KORT INFO OM BRYGGERIET.<\/strong><\/p>\n<table>\n<tbody>\n<tr style=\"border-style: hidden;\">\n<td style=\"width: 40%;background-color: #d4e6d3; height: 18px; border-style: hidden;\" scope=\"row\">&nbsp;<\/td>\n<td style=\"width: 60%; height: 18px; border-style: hidden; vertical-align: top; background-color: #ededed;\" scope=\"row\"><strong>Ejere.<\/strong><\/td>\n<\/tr>\n<tr style=\"border-style: hidden;\">\n<td style=\"width: 40%;background-color: #d4e6d3; height: 233px; border-style: hidden;\" rowspan=\"4\" scope=\"row\"><img decoding=\"async\" class=\"ngg-singlepic ngg-none aligncenter\" src=\"https:\/\/bryg.2th.dk\/wp-content\/gallery\/bryggeri-logoer\/intet_logo.jpg\" alt=\"\" width=\"85%\" height=\"200\"><\/td>\n<td style=\"vertical-align: top; width: 60%; border-color: #000000; height: 179px; border-style: hidden; background-color: #ededed;\" scope=\"row\">Carl Erhard Petersen, 1909-1940<\/td>\n<\/tr>\n<tr style=\"border-style: hidden;\">\n<td style=\"vertical-align: top; width: 60%; border-color: #000000; height: 18px; border-style: hidden; background-color: #ededed;\"><strong>Links. <\/strong>Nej<\/td>\n<\/tr>\n<tr style=\"border-style: hidden;\">\n<td style=\"vertical-align: top; width: 60%; border-color: #000000; height: 18px; border-style: hidden; background-color: #ededed;\" scope=\"row\"><strong>Kendte adresser.<\/strong><\/td>\n<\/tr>\n<tr style=\"border-style: hidden;\">\n<td style=\"vertical-align: top; width: 60%; border-color: #000000; height: 18px; border-style: hidden; background-color: #ededed;\">\u00d8stergade 8, N\u00f8rresundby<br \/>\nGammel \u00d8stergade 8, N\u00f8rresundby<\/td>\n<\/tr>\n<\/tbody>\n<\/table>\n<hr>\n<p><strong>HISTORIEN.<\/strong><\/p>\n<p>Bryggeriet startede faktisk allerede i 1855 under navnet Chr. Schaltz&#8217; Bryggerier p\u00e5 dengang \u00d8stergade 8 i N\u00f8rresundby. Brygger Erhardt Pedersen var indehaver af bryggeriet, som han udviklede. Hans \u00e6ldste s\u00f8n bestyrede bryggeriet frem til 1909, hvor en ulykke traf ham. I mellemtiden skiftede bryggeriet navn til &#8220;N\u00f8rrresundby&#8221; frem til 1909. Herefter overtog faderens yngste s\u00f8n Carl Erhard Petersen stillingen frem til 1940, hvor bryggeriet blev solgt til Aalborg Aktiebryggerier\/Urban, og nedlags samme \u00e5r.<\/p>\n<p>I 1895 Begyndte man allerede p\u00e5 mineralvand og senere bayersk\u00f8l p\u00e5 bryggeriet.<\/p>\n<p>I 1955 k\u00f8bte N\u00f8rresundby Kommune g\u00e5rden og udlejede den til beboelse frem til 1974. Herefter blev der indrettet et byhistorisk museum, som stadigt findes i dag. Bygningerne blev fredet i 2011.<\/p>\n<p>Det n\u00e6vnes ogs\u00e5 at Bryggerig\u00e5rden skulle v\u00e6re den \u00e6ldste beboelsesejendom i N\u00f8rresundby, efter at der havde v\u00e6ret en brand.<\/p>\n<p>(kilde: Kulturstyrelsen)<\/p>\n<hr>\n<p><strong>ETIKETTERNE.<\/strong><\/p>\nngg_shortcode_0_placeholder\n<hr>\n<p><strong>ARTIKLER.<\/strong><\/p>\n<p>Der er ikke nogen informationer til dette punkt endnu.<\/p>\n<hr>\n<p><strong>ANDET.<\/strong><\/p>\n<p>Der er ikke nogen informationer til dette punkt endnu.<\/p>\n<hr>\n<p><strong>LITTERATUR.<\/strong><\/p>\n<p>Der er ikke nogen informationer til dette punkt endnu.<\/p>\n<hr>\n<p><strong>REKLAMER &#8211; HERUNDER REKLAME FILM.<\/strong><\/p>\n<p>Der er ikke nogen informationer til dette punkt endnu.<\/p>\n","protected":false},"excerpt":{"rendered":"<p>Bryggeriet Skandia, 1909-1940 KORT INFO OM BRYGGERIET. &nbsp; Ejere. Carl Erhard Petersen, 1909-1940 Links. Nej Kendte adresser. \u00d8stergade 8, N\u00f8rresundby Gammel \u00d8stergade 8, N\u00f8rresundby HISTORIEN. Bryggeriet startede faktisk allerede i 1855 under navnet Chr. Schaltz&#8217; Bryggerier p\u00e5 dengang \u00d8stergade 8 i N\u00f8rresundby. Brygger Erhardt Pedersen var indehaver af bryggeriet, som han udviklede. Hans \u00e6ldste s\u00f8n &hellip; <a href=\"https:\/\/bryg.2th.dk\/?page_id=26229\" class=\"more-link\">L\u00e6s videre <span class=\"screen-reader-text\">Bryggeriet Skandia, N\u00f8rresundby<\/span> <span class=\"meta-nav\">&rarr;<\/span><\/a><\/p>\n","protected":false},"author":2,"featured_media":0,"parent":1114,"menu_order":0,"comment_status":"closed","ping_status":"closed","template":"","meta":{"ngg_post_thumbnail":0,"footnotes":""},"categories":[429,53],"tags":[96],"class_list":["post-26229","page","type-page","status-publish","hentry","category-9000b","category-danske-bryggerier-danske-bryggerier","tag-dk_bryg"],"_links":{"self":[{"href":"https:\/\/bryg.2th.dk\/index.php?rest_route=\/wp\/v2\/pages\/26229","targetHints":{"allow":["GET"]}}],"collection":[{"href":"https:\/\/bryg.2th.dk\/index.php?rest_route=\/wp\/v2\/pages"}],"about":[{"href":"https:\/\/bryg.2th.dk\/index.php?rest_route=\/wp\/v2\/types\/page"}],"author":[{"embeddable":true,"href":"https:\/\/bryg.2th.dk\/index.php?rest_route=\/wp\/v2\/users\/2"}],"replies":[{"embeddable":true,"href":"https:\/\/bryg.2th.dk\/index.php?rest_route=%2Fwp%2Fv2%2Fcomments&post=26229"}],"version-history":[{"count":0,"href":"https:\/\/bryg.2th.dk\/index.php?rest_route=\/wp\/v2\/pages\/26229\/revisions"}],"up":[{"embeddable":true,"href":"https:\/\/bryg.2th.dk\/index.php?rest_route=\/wp\/v2\/pages\/1114"}],"wp:attachment":[{"href":"https:\/\/bryg.2th.dk\/index.php?rest_route=%2Fwp%2Fv2%2Fmedia&parent=26229"}],"wp:term":[{"taxonomy":"category","embeddable":true,"href":"https:\/\/bryg.2th.dk\/index.php?rest_route=%2Fwp%2Fv2%2Fcategories&post=26229"},{"taxonomy":"post_tag","embeddable":true,"href":"https:\/\/bryg.2th.dk\/index.php?rest_route=%2Fwp%2Fv2%2Ftags&post=26229"}],"curies":[{"name":"wp","href":"https:\/\/api.w.org\/{rel}","templated":true}]}}