{"id":26216,"date":"2021-04-26T17:27:28","date_gmt":"2021-04-26T15:27:28","guid":{"rendered":"https:\/\/bryg.2th.dk\/?page_id=26216"},"modified":"2025-03-03T21:27:08","modified_gmt":"2025-03-03T20:27:08","slug":"26216-2","status":"publish","type":"page","link":"https:\/\/bryg.2th.dk\/?page_id=26216","title":{"rendered":"Thisted Bryghus"},"content":{"rendered":"<h3>A\/S Thisted Bryghus, 1899-?<\/h3>\n<hr>\n<p><strong>KORT INFO OM BRYGGERIET\/FABRIKKEN.<\/strong><\/p>\n<table>\n<tbody>\n<tr style=\"border-style: hidden;\">\n<td style=\"width: 40%;height: 18px; border-style: hidden; background-color: #8aabed;\" scope=\"row\">&nbsp;<\/td>\n<td style=\"width: 60%; height: 18px; border-style: hidden; vertical-align: top; background-color: #ededed;\" scope=\"row\"><strong>Ejere.<\/strong><\/td>\n<\/tr>\n<tr style=\"border-style: hidden;\">\n<td style=\"width: 40%;height: 233px; border-style: hidden; background-color: #8aabed;\" rowspan=\"4\" scope=\"row\"><img decoding=\"async\" class=\"ngg-singlepic ngg-none aligncenter\" src=\"https:\/\/bryg.2th.dk\/wp-content\/gallery\/bryggeri-logoer\/thisted_logo.jpg\" alt=\"\" width=\"85%\" height=\"200\"><\/td>\n<td style=\"vertical-align: top; width: 60%; border-color: #000000; height: 179px; border-style: hidden; background-color: #ededed;\" scope=\"row\">Thisted Aktiebryggeri 1899-1902<br \/>\nA\/S Thisted Bryghus 1902-<\/td>\n<\/tr>\n<tr style=\"border-style: hidden;\">\n<td style=\"vertical-align: top; width: 60%; border-color: #000000; height: 18px; border-style: hidden; background-color: #ededed;\"><strong>Links. <\/strong>Nej<\/td>\n<\/tr>\n<tr style=\"border-style: hidden;\">\n<td style=\"vertical-align: top; width: 60%; border-color: #000000; height: 18px; border-style: hidden; background-color: #ededed;\" scope=\"row\"><strong>Kendte adresser.<\/strong><\/td>\n<\/tr>\n<tr style=\"border-style: hidden;\">\n<td style=\"vertical-align: top; width: 60%; border-color: #000000; height: 18px; border-style: hidden; background-color: #ededed;\">Bryggerivej 10. 7700 Thisted<\/td>\n<\/tr>\n<\/tbody>\n<\/table>\n<hr>\n<p><strong>HISTORIEN.<\/strong><\/p>\n<p style=\"text-align: justify;\">Bryggeriet er selvst\u00e6ndigt og folkeejet, hvilke betyder at det er de lokale der holder bryggeriet i live, og det trives i bedste velg\u00e5ende i dag. Bryggeriet begyndte med Bayersk \u00f8l fra 1907, Aktietegningen til bryggeriet skete fra den 23 august 1898, hvor de hurtigt fik tegnet en kapital p\u00e5 100.000 kr denne gang i 100,-, 200,- og 500,- aktier, det var mange penge denne gang. Thisted bryghus d\u00e6kningsomr\u00e5de er i dag Mors, Thy og Liv\u00f8 og lidt i Nordjylland. I 1907 overtog bryggeriet 2 mineralvandsfabrikker og i 1951 lykkedes det bryggeriet at kommer over 2 millioner flasker. I 1955 fik bryggeriet Poul Reitzel som direkt\u00f8r p\u00e5 bryghuset, og han fortsatte de efterf\u00f8lgende 26 \u00e5r. I 1981 ansatte man s\u00e5 Peter Klemensen som direkt\u00f8r, og i en kort overgangsperiode var han direkt\u00f8r for 2 bryggerier, den anden bryggeriet Vestfyen. Siden 80&#8217;erne er det g\u00e5et frem med flere forskellige \u00f8l fra bryggeriet, bl.a. kom den f\u00f8rste Porse \u00f8l p\u00e5 markedet i 1984. I 2002 kunne bryggeriet s\u00e5 fejre sit 100 \u00e5rs jubil\u00e6um og i 2009 blev der s\u00e5 skiftet direkt\u00f8r p\u00e5 bryggeriet, og igen hentede man en fra bryggeriet Vestfyen. Denne gang blev det Henrik S\u00f8rensen, som skulle f\u00f8re an p\u00e5 bryggeriet.<\/p>\n<p style=\"text-align: justify;\">Aktuelt er det sv\u00e6rt at komme p\u00e5 bes\u00f8g p\u00e5 bryggeriet, da man kun modtager foreninger eller andre navngivende grupper s\u00e5som virksomheder, p\u00e5 rundvisning. Desuden er det kun for de lokale i omr\u00e5det der f\u00e5r lov til at kigge ind. Det sker at andre kan f\u00e5 lov at komme ind og se, men det er sj\u00e6ldent og ventetiden er lang. Ogs\u00e5 deres aktier er i h\u00f8j kurs blandt folk, dvs. at n\u00e5r man f\u00f8rst har f\u00e5et fat i en, s\u00e5 bliver den i familien eller venner for fremtiden, s\u00e5 at f\u00e5 en aktie er endnu mere sv\u00e6rt end at vinde de 7 rigtige i lotto.<\/p>\n<p style=\"text-align: justify;\">Den 24. januar 2019 tog bryggeriet det f\u00f8rste spadestik til en ny udvidelse af bryghuset til et bel\u00f8b til ca. 30 mio kr, og bygningerne stod f\u00e6rdig i december samme \u00e5r. Med denne udvidelse \u00f8gedes kapaciteten med det dobbelte. Bryggeriet var p\u00e5 det tidspunkt det 5. st\u00f8rste bryggeri i Danmark.<\/p>\n<p style=\"text-align: justify;\">I 2024 fik Thisted Bryghus etableret et samarbejde med Bryggeriet Refsvindinge p\u00e5 Fyn med produktion og tapning af deres popul\u00e6re \u00f8l. Samarbejdet er blevet til efter at Refsvindinge ikke l\u00e6ngere f\u00f8lte at samarbejdet med Vestfyn var tilstede.<\/p>\n<p>&nbsp;<\/p>\n<hr>\n<p><strong>ETIKETTERNE.<\/strong><\/p>\nngg_shortcode_0_placeholder\n<hr>\n<p><strong>ARTIKLER.<\/strong><\/p>\n<ul class=\"display-posts-listing\"><li class=\"listing-item\"><a class=\"title\" href=\"https:\/\/bryg.2th.dk\/?p=12364\">\u00d8l-entusiaster giver pris til nationalpark-\u00f8l<\/a><\/li><li class=\"listing-item\"><a class=\"title\" href=\"https:\/\/bryg.2th.dk\/?p=6399\">Thisted Bryghus satser mere p\u00e5 \u00f8kologisk \u00f8l<\/a><\/li><li class=\"listing-item\"><a class=\"title\" href=\"https:\/\/bryg.2th.dk\/?p=6345\">Thisted Bryghus g\u00e5r d\u00e5sevejen<\/a><\/li><\/ul>\n<hr>\n<p><strong>ANDET.<\/strong><\/p>\n<p>Der er ikke nogen informationer til dette punkt endnu.<\/p>\n<hr>\n<p><strong>LITTERATUR.<\/strong><\/p>\n<p>Der er ikke nogen informationer til dette punkt endnu.<\/p>\n<hr>\n<p><strong>REKLAMER &#8211; HERUNDER REKLAME FILM.<\/strong><\/p>\n<p>Der er ikke nogen informationer til dette punkt endnu.<\/p>\n","protected":false},"excerpt":{"rendered":"<p>A\/S Thisted Bryghus, 1899-? KORT INFO OM BRYGGERIET\/FABRIKKEN. &nbsp; Ejere. Thisted Aktiebryggeri 1899-1902 A\/S Thisted Bryghus 1902- Links. Nej Kendte adresser. Bryggerivej 10. 7700 Thisted HISTORIEN. Bryggeriet er selvst\u00e6ndigt og folkeejet, hvilke betyder at det er de lokale der holder bryggeriet i live, og det trives i bedste velg\u00e5ende i dag. Bryggeriet begyndte med Bayersk &hellip; <a href=\"https:\/\/bryg.2th.dk\/?p=6345\" class=\"more-link\">L\u00e6s videre <span class=\"screen-reader-text\">Thisted Bryghus g\u00e5r d\u00e5sevejen<\/span> <span class=\"meta-nav\">&rarr;<\/span><\/a><\/p>\n","protected":false},"author":2,"featured_media":0,"parent":12259,"menu_order":0,"comment_status":"closed","ping_status":"closed","template":"","meta":{"ngg_post_thumbnail":0,"footnotes":""},"categories":[392,34],"tags":[97],"class_list":["post-26216","page","type-page","status-publish","hentry","category-7700m","category-danske-min-fabrikker","tag-dk_min-vand"],"_links":{"self":[{"href":"https:\/\/bryg.2th.dk\/index.php?rest_route=\/wp\/v2\/pages\/26216","targetHints":{"allow":["GET"]}}],"collection":[{"href":"https:\/\/bryg.2th.dk\/index.php?rest_route=\/wp\/v2\/pages"}],"about":[{"href":"https:\/\/bryg.2th.dk\/index.php?rest_route=\/wp\/v2\/types\/page"}],"author":[{"embeddable":true,"href":"https:\/\/bryg.2th.dk\/index.php?rest_route=\/wp\/v2\/users\/2"}],"replies":[{"embeddable":true,"href":"https:\/\/bryg.2th.dk\/index.php?rest_route=%2Fwp%2Fv2%2Fcomments&post=26216"}],"version-history":[{"count":0,"href":"https:\/\/bryg.2th.dk\/index.php?rest_route=\/wp\/v2\/pages\/26216\/revisions"}],"up":[{"embeddable":true,"href":"https:\/\/bryg.2th.dk\/index.php?rest_route=\/wp\/v2\/pages\/12259"}],"wp:attachment":[{"href":"https:\/\/bryg.2th.dk\/index.php?rest_route=%2Fwp%2Fv2%2Fmedia&parent=26216"}],"wp:term":[{"taxonomy":"category","embeddable":true,"href":"https:\/\/bryg.2th.dk\/index.php?rest_route=%2Fwp%2Fv2%2Fcategories&post=26216"},{"taxonomy":"post_tag","embeddable":true,"href":"https:\/\/bryg.2th.dk\/index.php?rest_route=%2Fwp%2Fv2%2Ftags&post=26216"}],"curies":[{"name":"wp","href":"https:\/\/api.w.org\/{rel}","templated":true}]}}