{"id":24685,"date":"2019-12-25T19:24:09","date_gmt":"2019-12-25T18:24:09","guid":{"rendered":"https:\/\/bryg.2th.dk\/?page_id=24685"},"modified":"2025-02-19T21:09:57","modified_gmt":"2025-02-19T20:09:57","slug":"gjelsted-bryggeri","status":"publish","type":"page","link":"https:\/\/bryg.2th.dk\/?page_id=24685","title":{"rendered":"Gjelsted Bryggeri"},"content":{"rendered":"<h3>Gjelsted Bryggeri, (1869)-(1918)<\/h3>\n<hr>\n<p><strong>KORT INFO OM BRYGGERIET\/FABRIKKEN.<\/strong><\/p>\n<table>\n<tbody>\n<tr style=\"border-style: hidden;\">\n<td style=\"width: 40%;background-color: #d4e6d3; height: 18px; border-style: hidden;\" scope=\"row\">&nbsp;<\/td>\n<td style=\"width: 60%; height: 18px; border-style: hidden; vertical-align: top; background-color: #ededed;\" scope=\"row\"><strong>Ejere.<\/strong><\/td>\n<\/tr>\n<tr style=\"border-style: hidden;\">\n<td style=\"width: 40%;background-color: #d4e6d3; height: 233px; border-style: hidden;\" rowspan=\"4\" scope=\"row\"><img decoding=\"async\" class=\"ngg-singlepic ngg-none aligncenter\" src=\"https:\/\/bryg.2th.dk\/wp-content\/gallery\/bryggeri-logoer\/intet_logo.jpg\" alt=\"\" width=\"85%\" height=\"200\"><\/td>\n<td style=\"vertical-align: top; width: 60%; border-color: #000000; height: 179px; border-style: hidden; background-color: #ededed;\" scope=\"row\">Nissen, (1869)-1871<br \/>\nK. Wedell, 1871-1881<br \/>\nHans Peder Hansen, 1881-(1918)<\/td>\n<\/tr>\n<tr style=\"border-style: hidden;\">\n<td style=\"vertical-align: top; width: 60%; border-color: #000000; height: 18px; border-style: hidden; background-color: #ededed;\"><strong>Links. <\/strong>Nej<\/td>\n<\/tr>\n<tr style=\"border-style: hidden;\">\n<td style=\"vertical-align: top; width: 60%; border-color: #000000; height: 18px; border-style: hidden; background-color: #ededed;\" scope=\"row\"><strong>Kendte adresser.<\/strong><\/td>\n<\/tr>\n<tr style=\"border-style: hidden;\">\n<td style=\"vertical-align: top; width: 60%; border-color: #000000; height: 18px; border-style: hidden; background-color: #ededed;\">S\u00f8ndergade 1, 5591 Gelsted<\/td>\n<\/tr>\n<\/tbody>\n<\/table>\n<hr>\n<p><strong>HISTORIEN.<\/strong><\/p>\n<p style=\"text-align: justify;\">Gjelsted Bryggeri var ogs\u00e5 Maltg\u00f8reri i perioden det eksisterede. Bygningerne var i starten en del af kroen t\u00e6t p\u00e5 jernbanen. Senere blev bryggeriet bygget s\u00e6rskilt med str\u00e5tag, siden blev der lagt tegl p\u00e5 taget.<\/p>\n<p style=\"text-align: justify;\">Det er lidt usikkert hvorn\u00e5r bryggeriet lukkede, da der endnu ikke findes noget om dette. Siden er bygningerne brugt som kro samt med pladser til heste og derefter cykler i laden, n\u00e5r man skulle ind og hygge sig om aftenen.<\/p>\n<p style=\"text-align: justify;\">I dag er der ikke spor af bryggeriet, men bygningen har siden haft hotel p\u00e5 adressen.<\/p>\n<hr>\n<p><strong>ETIKETTERNE.<\/strong><\/p>\n<p>Der er ikke nogen informationer til dette punkt endnu.<\/p>\n<hr>\n<p><strong>ARTIKLER.<\/strong><\/p>\n<p>Der er ikke nogen informationer til dette punkt endnu.<\/p>\n<hr>\n<p><strong>ANDET.<\/strong><\/p>\n<p>Der er ikke nogen informationer til dette punkt endnu.<\/p>\n<hr>\n<p><strong>LITTERATUR.<\/strong><\/p>\n<p>Der er ikke nogen informationer til dette punkt endnu.<\/p>\n<hr>\n<p><strong>REKLAMER &#8211; HERUNDER REKLAME FILM.<\/strong><\/p>\n<p>Der er ikke nogen informationer til dette punkt endnu.<\/p>\n","protected":false},"excerpt":{"rendered":"<p>Gjelsted Bryggeri, (1869)-(1918) KORT INFO OM BRYGGERIET\/FABRIKKEN. &nbsp; Ejere. Nissen, (1869)-1871 K. Wedell, 1871-1881 Hans Peder Hansen, 1881-(1918) Links. Nej Kendte adresser. S\u00f8ndergade 1, 5591 Gelsted HISTORIEN. Gjelsted Bryggeri var ogs\u00e5 Maltg\u00f8reri i perioden det eksisterede. Bygningerne var i starten en del af kroen t\u00e6t p\u00e5 jernbanen. Senere blev bryggeriet bygget s\u00e6rskilt med str\u00e5tag, siden &hellip; <a href=\"https:\/\/bryg.2th.dk\/?page_id=24685\" class=\"more-link\">L\u00e6s videre <span class=\"screen-reader-text\">Gjelsted Bryggeri<\/span> <span class=\"meta-nav\">&rarr;<\/span><\/a><\/p>\n","protected":false},"author":2,"featured_media":0,"parent":21,"menu_order":0,"comment_status":"closed","ping_status":"closed","template":"","meta":{"ngg_post_thumbnail":0,"footnotes":""},"categories":[119,53],"tags":[96],"class_list":["post-24685","page","type-page","status-publish","hentry","category-5592b","category-danske-bryggerier-danske-bryggerier","tag-dk_bryg"],"_links":{"self":[{"href":"https:\/\/bryg.2th.dk\/index.php?rest_route=\/wp\/v2\/pages\/24685","targetHints":{"allow":["GET"]}}],"collection":[{"href":"https:\/\/bryg.2th.dk\/index.php?rest_route=\/wp\/v2\/pages"}],"about":[{"href":"https:\/\/bryg.2th.dk\/index.php?rest_route=\/wp\/v2\/types\/page"}],"author":[{"embeddable":true,"href":"https:\/\/bryg.2th.dk\/index.php?rest_route=\/wp\/v2\/users\/2"}],"replies":[{"embeddable":true,"href":"https:\/\/bryg.2th.dk\/index.php?rest_route=%2Fwp%2Fv2%2Fcomments&post=24685"}],"version-history":[{"count":0,"href":"https:\/\/bryg.2th.dk\/index.php?rest_route=\/wp\/v2\/pages\/24685\/revisions"}],"up":[{"embeddable":true,"href":"https:\/\/bryg.2th.dk\/index.php?rest_route=\/wp\/v2\/pages\/21"}],"wp:attachment":[{"href":"https:\/\/bryg.2th.dk\/index.php?rest_route=%2Fwp%2Fv2%2Fmedia&parent=24685"}],"wp:term":[{"taxonomy":"category","embeddable":true,"href":"https:\/\/bryg.2th.dk\/index.php?rest_route=%2Fwp%2Fv2%2Fcategories&post=24685"},{"taxonomy":"post_tag","embeddable":true,"href":"https:\/\/bryg.2th.dk\/index.php?rest_route=%2Fwp%2Fv2%2Ftags&post=24685"}],"curies":[{"name":"wp","href":"https:\/\/api.w.org\/{rel}","templated":true}]}}