{"id":23955,"date":"2019-07-11T22:06:08","date_gmt":"2019-07-11T20:06:08","guid":{"rendered":"https:\/\/bryg.2th.dk\/?page_id=23955"},"modified":"2025-03-03T18:44:24","modified_gmt":"2025-03-03T17:44:24","slug":"vaeggerloese-haandbryg","status":"publish","type":"page","link":"https:\/\/bryg.2th.dk\/?page_id=23955","title":{"rendered":"Falster Bryghus"},"content":{"rendered":"<h3>Falster Bryghus, 2017-?<\/h3>\r\n(V\u00e6ggerl\u00f8se H\u00e5ndbryg)\r\n\r\n<hr>\r\n\r\n<strong>KORT INFO OM BRYGGERIET\/FABRIKKEN.<\/strong>\r\n<table>\r\n<tbody>\r\n<tr style=\"border-style: hidden;\">\r\n<td style=\"width: 40%;background-color: #d4e6d3; height: 18px; border-style: hidden;\" scope=\"row\">&nbsp;<\/td>\r\n<td style=\"width: 60%; height: 18px; border-style: hidden; vertical-align: top; background-color: #ededed;\" scope=\"row\"><strong>Ejere.<\/strong><\/td>\r\n<\/tr>\r\n<tr style=\"border-style: hidden;\">\r\n<td style=\"width: 40%;background-color: #d4e6d3; height: 233px; border-style: hidden;\" rowspan=\"4\" scope=\"row\"><img decoding=\"async\" class=\"ngg-singlepic ngg-none aligncenter\" src=\"https:\/\/bryg.2th.dk\/wp-content\/gallery\/bryggeri-logoer\/intet_logo.jpg\" alt=\"\" width=\"85%\" height=\"200\"><\/td>\r\n<td style=\"vertical-align: top; width: 60%; border-color: #000000; height: 179px; border-style: hidden; background-color: #ededed;\" scope=\"row\">Martin Iversen. 2017-<\/td>\r\n<\/tr>\r\n <tr style=\"border-style: hidden;\"> <td style=\"vertical-align: top; width: 60%; border-color: #000000; height: 18px; border-style: hidden; background-color: #ededed;\"><strong>Links. <\/strong><a href=\"https:\/\/falsterdestilleri.dk\/\" target=\"_blank\" rel=\"noopener noreferrer\">Ja<\/a><\/td>\r\n<\/tr>\r\n<tr style=\"border-style: hidden;\">\r\n<td style=\"vertical-align: top; width: 60%; border-color: #000000; height: 18px; border-style: hidden; background-color: #ededed;\" scope=\"row\"><strong>Kendte adresser.<\/strong><\/td>\r\n<\/tr>\r\n<tr style=\"border-style: hidden;\">\r\n<td style=\"vertical-align: top; width: 60%; border-color: #000000; height: 18px; border-style: hidden; background-color: #ededed;\">V\u00e6ggerl\u00f8sevej 13. 4873 V\u00e6ggerl\u00f8se<\/td>\r\n<\/tr>\r\n<\/tbody>\r\n<\/table>\r\n\r\n<hr>\r\n\r\n<strong>HISTORIEN.<\/strong>\r\n\r\nDer er ikke nogen informationer til dette punkt endnu.\r\n\r\n<hr>\r\n\r\n<strong>ETIKETTERNE.<\/strong>\r\n\r\nDer er ikke nogen informationer til dette punkt endnu.\r\n\r\n<hr>\r\n\r\n<strong>ARTIKLER.<\/strong>\r\n\r\nDer er ikke nogen informationer til dette punkt endnu.\r\n\r\n<hr>\r\n\r\n<strong>ANDET.<\/strong>\r\n\r\nDer er ikke nogen informationer til dette punkt endnu.\r\n\r\n<hr>\r\n\r\n<strong>LITTERATUR.<\/strong>\r\n\r\nDer er ikke nogen informationer til dette punkt endnu.\r\n\r\n<hr>\r\n\r\n<strong>REKLAMER &#8211; HERUNDER REKLAME FILM.<\/strong>\r\n\r\nDer er ikke nogen informationer til dette punkt endnu.\r\n\r\n<!-- \/wp:post-content -->","protected":false},"excerpt":{"rendered":"<p>Falster Bryghus, 2017-? (V\u00e6ggerl\u00f8se H\u00e5ndbryg) KORT INFO OM BRYGGERIET\/FABRIKKEN. &nbsp; Ejere. Martin Iversen. 2017- Links. Ja Kendte adresser. V\u00e6ggerl\u00f8sevej 13. 4873 V\u00e6ggerl\u00f8se HISTORIEN. Der er ikke nogen informationer til dette punkt endnu. ETIKETTERNE. Der er ikke nogen informationer til dette punkt endnu. ARTIKLER. Der er ikke nogen informationer til dette punkt endnu. ANDET. Der er &hellip; <a href=\"https:\/\/bryg.2th.dk\/?page_id=23955\" class=\"more-link\">L\u00e6s videre <span class=\"screen-reader-text\">Falster Bryghus<\/span> <span class=\"meta-nav\">&rarr;<\/span><\/a><\/p>\n","protected":false},"author":2,"featured_media":0,"parent":1068,"menu_order":0,"comment_status":"closed","ping_status":"closed","template":"","meta":{"ngg_post_thumbnail":0,"footnotes":""},"categories":[609,53],"tags":[96],"class_list":["post-23955","page","type-page","status-publish","hentry","category-4873b","category-danske-bryggerier-danske-bryggerier","tag-dk_bryg"],"_links":{"self":[{"href":"https:\/\/bryg.2th.dk\/index.php?rest_route=\/wp\/v2\/pages\/23955","targetHints":{"allow":["GET"]}}],"collection":[{"href":"https:\/\/bryg.2th.dk\/index.php?rest_route=\/wp\/v2\/pages"}],"about":[{"href":"https:\/\/bryg.2th.dk\/index.php?rest_route=\/wp\/v2\/types\/page"}],"author":[{"embeddable":true,"href":"https:\/\/bryg.2th.dk\/index.php?rest_route=\/wp\/v2\/users\/2"}],"replies":[{"embeddable":true,"href":"https:\/\/bryg.2th.dk\/index.php?rest_route=%2Fwp%2Fv2%2Fcomments&post=23955"}],"version-history":[{"count":0,"href":"https:\/\/bryg.2th.dk\/index.php?rest_route=\/wp\/v2\/pages\/23955\/revisions"}],"up":[{"embeddable":true,"href":"https:\/\/bryg.2th.dk\/index.php?rest_route=\/wp\/v2\/pages\/1068"}],"wp:attachment":[{"href":"https:\/\/bryg.2th.dk\/index.php?rest_route=%2Fwp%2Fv2%2Fmedia&parent=23955"}],"wp:term":[{"taxonomy":"category","embeddable":true,"href":"https:\/\/bryg.2th.dk\/index.php?rest_route=%2Fwp%2Fv2%2Fcategories&post=23955"},{"taxonomy":"post_tag","embeddable":true,"href":"https:\/\/bryg.2th.dk\/index.php?rest_route=%2Fwp%2Fv2%2Ftags&post=23955"}],"curies":[{"name":"wp","href":"https:\/\/api.w.org\/{rel}","templated":true}]}}