{"id":23920,"date":"2019-06-14T23:15:56","date_gmt":"2019-06-14T21:15:56","guid":{"rendered":"https:\/\/bryg.2th.dk\/?page_id=23920"},"modified":"2025-03-03T15:46:42","modified_gmt":"2025-03-03T14:46:42","slug":"beard-brew","status":"publish","type":"page","link":"https:\/\/bryg.2th.dk\/?page_id=23920","title":{"rendered":"Beard Brew"},"content":{"rendered":"<h3><b>Beard Brew<\/b>, 2018-?<\/h3>\r\n\r\n<hr>\r\n\r\n<strong>KORT INFO OM BRYGGERIET\/FABRIKKEN.<\/strong>\r\n<table>\r\n<tbody>\r\n<tr style=\"border-style: hidden;\">\r\n<td style=\"width: 40%;background-color: #d4e6d3; height: 18px; border-style: hidden;\" scope=\"row\">&nbsp;<\/td>\r\n<td style=\"width: 60%; height: 18px; border-style: hidden; vertical-align: top; background-color: #ededed;\" scope=\"row\"><strong>Ejere.<\/strong><\/td>\r\n<\/tr>\r\n<tr style=\"border-style: hidden;\">\r\n<td style=\"width: 40%;background-color: #d4e6d3; height: 233px; border-style: hidden;\" rowspan=\"4\" scope=\"row\"><img decoding=\"async\" class=\"ngg-singlepic ngg-none aligncenter\" src=\"https:\/\/bryg.2th.dk\/wp-content\/gallery\/bryggeri-logoer\/intet_logo.jpg\" alt=\"\" width=\"85%\" height=\"200\"><\/td>\r\n<td style=\"vertical-align: top; width: 60%; border-color: #000000; height: 179px; border-style: hidden; background-color: #ededed;\" scope=\"row\">Morten Fogdahl-Wiese og Dennis Mejdal, 2018-<\/td>\r\n<\/tr>\r\n <tr style=\"border-style: hidden;\"> <td style=\"vertical-align: top; width: 60%; border-color: #000000; height: 18px; border-style: hidden; background-color: #ededed;\"><strong>Links. <\/strong><a href=\"https:\/\/beardbrew.dk\/\" target=\"_blank\" rel=\"noopener noreferrer\">Ja<\/a><\/td>\r\n<\/tr>\r\n<tr style=\"border-style: hidden;\">\r\n<td style=\"vertical-align: top; width: 60%; border-color: #000000; height: 18px; border-style: hidden; background-color: #ededed;\" scope=\"row\"><strong>Kendte adresser.<\/strong><\/td>\r\n<\/tr>\r\n<tr style=\"border-style: hidden;\">\r\n<td style=\"vertical-align: top; width: 60%; border-color: #000000; height: 18px; border-style: hidden; background-color: #ededed;\">G\u00f8rtlervej 14, 8920 Randers<\/td>\r\n<\/tr>\r\n<\/tbody>\r\n<\/table>\r\n\r\n<hr>\r\n\r\n<strong>HISTORIEN.<\/strong>\r\n<p style=\"text-align: justify;\">Beard Brew blev grundlagt i 2018 af Morten Fogdahl-Wiese og Dennis Mejdal. I syv \u00e5r f\u00f8r lanceringen af deres f\u00f8rste \u00f8l, har de brygget k\u00f8kkenbryg i kobberkar. Deres f\u00f8rste kommercielle \u00f8l blev brygget p\u00e5 Randers Bryghus.<\/p>\r\n\r\n\r\n<hr>\r\n\r\n<strong>ETIKETTERNE.<\/strong>\r\n\r\nDer er ikke nogen informationer til dette punkt endnu.\r\n\r\n<hr>\r\n\r\n<strong>ARTIKLER.<\/strong>\r\n\r\nDer er ikke nogen informationer til dette punkt endnu.\r\n\r\n<hr>\r\n\r\n<strong>ANDET.<\/strong>\r\n\r\nDer er ikke nogen informationer til dette punkt endnu.\r\n\r\n<hr>\r\n\r\n<strong>LITTERATUR.<\/strong>\r\n\r\nDer er ikke nogen informationer til dette punkt endnu.\r\n\r\n<hr>\r\n\r\n<strong>REKLAMER &#8211; HERUNDER REKLAME FILM.<\/strong>\r\n\r\nDer er ikke nogen informationer til dette punkt endnu.\r\n\r\n<!-- \/wp:post-content -->","protected":false},"excerpt":{"rendered":"<p>Beard Brew, 2018-? KORT INFO OM BRYGGERIET\/FABRIKKEN. &nbsp; Ejere. Morten Fogdahl-Wiese og Dennis Mejdal, 2018- Links. Ja Kendte adresser. G\u00f8rtlervej 14, 8920 Randers HISTORIEN. Beard Brew blev grundlagt i 2018 af Morten Fogdahl-Wiese og Dennis Mejdal. I syv \u00e5r f\u00f8r lanceringen af deres f\u00f8rste \u00f8l, har de brygget k\u00f8kkenbryg i kobberkar. Deres f\u00f8rste kommercielle \u00f8l &hellip; <a href=\"https:\/\/bryg.2th.dk\/?page_id=23920\" class=\"more-link\">L\u00e6s videre <span class=\"screen-reader-text\">Beard Brew<\/span> <span class=\"meta-nav\">&rarr;<\/span><\/a><\/p>\n","protected":false},"author":2,"featured_media":0,"parent":1112,"menu_order":0,"comment_status":"closed","ping_status":"closed","template":"","meta":{"ngg_post_thumbnail":0,"footnotes":""},"categories":[369,53],"tags":[96],"class_list":["post-23920","page","type-page","status-publish","hentry","category-8900b","category-danske-bryggerier-danske-bryggerier","tag-dk_bryg"],"_links":{"self":[{"href":"https:\/\/bryg.2th.dk\/index.php?rest_route=\/wp\/v2\/pages\/23920","targetHints":{"allow":["GET"]}}],"collection":[{"href":"https:\/\/bryg.2th.dk\/index.php?rest_route=\/wp\/v2\/pages"}],"about":[{"href":"https:\/\/bryg.2th.dk\/index.php?rest_route=\/wp\/v2\/types\/page"}],"author":[{"embeddable":true,"href":"https:\/\/bryg.2th.dk\/index.php?rest_route=\/wp\/v2\/users\/2"}],"replies":[{"embeddable":true,"href":"https:\/\/bryg.2th.dk\/index.php?rest_route=%2Fwp%2Fv2%2Fcomments&post=23920"}],"version-history":[{"count":0,"href":"https:\/\/bryg.2th.dk\/index.php?rest_route=\/wp\/v2\/pages\/23920\/revisions"}],"up":[{"embeddable":true,"href":"https:\/\/bryg.2th.dk\/index.php?rest_route=\/wp\/v2\/pages\/1112"}],"wp:attachment":[{"href":"https:\/\/bryg.2th.dk\/index.php?rest_route=%2Fwp%2Fv2%2Fmedia&parent=23920"}],"wp:term":[{"taxonomy":"category","embeddable":true,"href":"https:\/\/bryg.2th.dk\/index.php?rest_route=%2Fwp%2Fv2%2Fcategories&post=23920"},{"taxonomy":"post_tag","embeddable":true,"href":"https:\/\/bryg.2th.dk\/index.php?rest_route=%2Fwp%2Fv2%2Ftags&post=23920"}],"curies":[{"name":"wp","href":"https:\/\/api.w.org\/{rel}","templated":true}]}}