{"id":23368,"date":"2018-08-26T13:01:28","date_gmt":"2018-08-26T11:01:28","guid":{"rendered":"https:\/\/bryg.2th.dk\/?page_id=23368"},"modified":"2025-03-03T16:47:52","modified_gmt":"2025-03-03T15:47:52","slug":"united-beverage-aps","status":"publish","type":"page","link":"https:\/\/bryg.2th.dk\/?page_id=23368","title":{"rendered":"United Beverage Nordic ApS"},"content":{"rendered":"<h3>United Beverage Nordic ApS, 2009-?<\/h3>\n<hr>\n<p><strong>KORT INFO OM BRYGGERIET\/FABRIKKEN.<\/strong><\/p>\n<table>\n<tbody>\n<tr style=\"border-style: hidden;\">\n<td style=\"width: 40%;background-color: #d4e6d3; height: 18px; border-style: hidden;\" scope=\"row\">&nbsp;<\/td>\n<td style=\"width: 60%; height: 18px; border-style: hidden; vertical-align: top; background-color: #ededed;\" scope=\"row\"><strong>Ejere.<\/strong><\/td>\n<\/tr>\n<tr style=\"border-style: hidden;\">\n<td style=\"width: 40%;background-color: #d4e6d3; height: 233px; border-style: hidden;\" rowspan=\"4\" scope=\"row\"><img decoding=\"async\" class=\"ngg-singlepic ngg-none aligncenter\" src=\"https:\/\/bryg.2th.dk\/wp-content\/gallery\/bryggeri-logoer\/intet_logo.jpg\" alt=\"\" width=\"85%\" height=\"200\"><\/td>\n<td style=\"vertical-align: top; width: 60%; border-color: #000000; height: 179px; border-style: hidden; background-color: #ededed;\" scope=\"row\">United Bevage ApS 2009-<br \/>\nUnited Beverage Nordic ApS (datterselskab) 2012-<br \/>\nDe Jyske Bryghuse (under UBN) 2012-<\/td>\n<\/tr>\n<tr style=\"border-style: hidden;\">\n<td style=\"vertical-align: top; width: 60%; border-color: #000000; height: 18px; border-style: hidden; background-color: #ededed;\"><strong>Links. <\/strong><a href=\"https:\/\/unibev.dk\" target=\"_blank\" rel=\"noopener noreferrer\">Ja<\/a><\/td>\n<\/tr>\n<tr style=\"border-style: hidden;\">\n<td style=\"vertical-align: top; width: 60%; border-color: #000000; height: 18px; border-style: hidden; background-color: #ededed;\" scope=\"row\"><strong>Kendte adresser.<\/strong><\/td>\n<\/tr>\n<tr style=\"border-style: hidden;\">\n<td style=\"vertical-align: top; width: 60%; border-color: #000000; height: 18px; border-style: hidden; background-color: #ededed;\">Sindalsvej 50, 8240 Risskov<\/td>\n<\/tr>\n<\/tbody>\n<\/table>\n<hr>\n<p><strong>HISTORIEN.<\/strong><\/p>\n<p style=\"text-align: justify;\">United Beverage Nordic er en 100% danskejet virksomhed og er et datterselskab til United Beverage, som har export som sit prim\u00e6re fokus.&nbsp; I 2012 opstod De Jyske Bryghuse under United Beverage som s\u00e5 senere oprettede et datterselskab med navnet United Beverage Nordic ApS.<\/p>\n<p style=\"text-align: justify;\">Af bryghuse som er en del af De Jyske Bryghuse er Bryggerig\u00e5rden, Vejle Bryghus og Randers Bryghus, som gik konkurs i 2012. Desuden har de ogs\u00e5 deres egen serie, som produceres og tappes mest i Danmark, men har m\u00e5tte lave en aftale med Flensburg Brauerai for at f\u00e5 mere kapacitet.<\/p>\n<hr>\n<p><strong>ETIKETTERNE.<\/strong><\/p>\n<p>Der er ikke nogen informationer til dette punkt endnu.<\/p>\n<hr>\n<p><strong>ARTIKLER.<\/strong><\/p>\n<p>Der er ikke nogen informationer til dette punkt endnu.<\/p>\n<hr>\n<p><strong>ANDET.<\/strong><\/p>\n<p>Der er ikke nogen informationer til dette punkt endnu.<\/p>\n<hr>\n<p><strong>LITTERATUR.<\/strong><\/p>\n<p>Der er ikke nogen informationer til dette punkt endnu.<\/p>\n<hr>\n<p><strong>REKLAMER &#8211; HERUNDER REKLAME FILM.<\/strong><\/p>\n<p>Der er ikke nogen informationer til dette punkt endnu.<\/p>\n","protected":false},"excerpt":{"rendered":"<p>United Beverage Nordic ApS, 2009-? KORT INFO OM BRYGGERIET\/FABRIKKEN. &nbsp; Ejere. United Bevage ApS 2009- United Beverage Nordic ApS (datterselskab) 2012- De Jyske Bryghuse (under UBN) 2012- Links. Ja Kendte adresser. Sindalsvej 50, 8240 Risskov HISTORIEN. United Beverage Nordic er en 100% danskejet virksomhed og er et datterselskab til United Beverage, som har export som &hellip; <a href=\"https:\/\/bryg.2th.dk\/?page_id=23368\" class=\"more-link\">L\u00e6s videre <span class=\"screen-reader-text\">United Beverage Nordic ApS<\/span> <span class=\"meta-nav\">&rarr;<\/span><\/a><\/p>\n","protected":false},"author":2,"featured_media":0,"parent":1112,"menu_order":0,"comment_status":"closed","ping_status":"closed","template":"","meta":{"ngg_post_thumbnail":0,"footnotes":""},"categories":[332,53],"tags":[96],"class_list":["post-23368","page","type-page","status-publish","hentry","category-8000b","category-danske-bryggerier-danske-bryggerier","tag-dk_bryg"],"_links":{"self":[{"href":"https:\/\/bryg.2th.dk\/index.php?rest_route=\/wp\/v2\/pages\/23368","targetHints":{"allow":["GET"]}}],"collection":[{"href":"https:\/\/bryg.2th.dk\/index.php?rest_route=\/wp\/v2\/pages"}],"about":[{"href":"https:\/\/bryg.2th.dk\/index.php?rest_route=\/wp\/v2\/types\/page"}],"author":[{"embeddable":true,"href":"https:\/\/bryg.2th.dk\/index.php?rest_route=\/wp\/v2\/users\/2"}],"replies":[{"embeddable":true,"href":"https:\/\/bryg.2th.dk\/index.php?rest_route=%2Fwp%2Fv2%2Fcomments&post=23368"}],"version-history":[{"count":0,"href":"https:\/\/bryg.2th.dk\/index.php?rest_route=\/wp\/v2\/pages\/23368\/revisions"}],"up":[{"embeddable":true,"href":"https:\/\/bryg.2th.dk\/index.php?rest_route=\/wp\/v2\/pages\/1112"}],"wp:attachment":[{"href":"https:\/\/bryg.2th.dk\/index.php?rest_route=%2Fwp%2Fv2%2Fmedia&parent=23368"}],"wp:term":[{"taxonomy":"category","embeddable":true,"href":"https:\/\/bryg.2th.dk\/index.php?rest_route=%2Fwp%2Fv2%2Fcategories&post=23368"},{"taxonomy":"post_tag","embeddable":true,"href":"https:\/\/bryg.2th.dk\/index.php?rest_route=%2Fwp%2Fv2%2Ftags&post=23368"}],"curies":[{"name":"wp","href":"https:\/\/api.w.org\/{rel}","templated":true}]}}