{"id":21497,"date":"2018-03-01T19:03:44","date_gmt":"2018-03-01T18:03:44","guid":{"rendered":"https:\/\/bryg.2th.dk\/?page_id=21497"},"modified":"2023-07-15T14:41:53","modified_gmt":"2023-07-15T12:41:53","slug":"2018-2","status":"publish","type":"page","link":"https:\/\/bryg.2th.dk\/?page_id=21497","title":{"rendered":"2018"},"content":{"rendered":"<h3 align=\"left\">De nye \u00f8l i 2018.<\/h3>\n<hr>\n<div align=\"left\">&nbsp;Her er oversigten over \u00f8l som er udkommet i 2018, dog med den begr\u00e6nsning at der er etiketter p\u00e5 disse \u00f8l og lejligheds etiketter er talt med her.<\/div>\n<div align=\"left\">&nbsp;<\/div>\n<div align=\"left\">\n<table id=\"tablepress-31\" class=\"tablepress tablepress-id-31\">\n<thead>\n<tr class=\"row-1\">\n\t<th class=\"column-1\">%<\/th><th class=\"column-2\">Navn<\/th><th class=\"column-3\">Beskrivelse<\/th><th class=\"column-4\">Bryggeri<\/th><th class=\"column-5\">Dato<\/th>\n<\/tr>\n<\/thead>\n<tbody class=\"row-striping row-hover\">\n<tr class=\"row-2\">\n\t<td class=\"column-1\"><\/td><td class=\"column-2\">Brown Ale<\/td><td class=\"column-3\">Ny \u00f8l.<\/td><td class=\"column-4\">Albani Bryggerierne<\/td><td class=\"column-5\">02-01-2018<\/td>\n<\/tr>\n<tr class=\"row-3\">\n\t<td class=\"column-1\"><\/td><td class=\"column-2\">Ginger Pale Ale<\/td><td class=\"column-3\">Ny \u00f8l.<\/td><td class=\"column-4\">Albani Bryggerierne<\/td><td class=\"column-5\">02-01-2018<\/td>\n<\/tr>\n<tr class=\"row-4\">\n\t<td class=\"column-1\"><\/td><td class=\"column-2\">New England IPA<\/td><td class=\"column-3\">Ny \u00f8l.<\/td><td class=\"column-4\">Albani Bryggerierne<\/td><td class=\"column-5\">02-01-2018<\/td>\n<\/tr>\n<tr class=\"row-5\">\n\t<td class=\"column-1\"><\/td><td class=\"column-2\">Motueka Lager<\/td><td class=\"column-3\">Ny \u00f8l.<\/td><td class=\"column-4\">Albani Bryggerierne<\/td><td class=\"column-5\">02-01-2018<\/td>\n<\/tr>\n<tr class=\"row-6\">\n\t<td class=\"column-1\"><\/td><td class=\"column-2\">Anno 1841<\/td><td class=\"column-3\">Ny \u00f8l.<\/td><td class=\"column-4\">Bies Bryghus<\/td><td class=\"column-5\">24-02-2018<\/td>\n<\/tr>\n<tr class=\"row-7\">\n\t<td class=\"column-1\">5,6<\/td><td class=\"column-2\">Gylden Aks<\/td><td class=\"column-3\">Ny \u00f8l.<\/td><td class=\"column-4\">Bullers Bryghus<\/td><td class=\"column-5\">14-01-2018<\/td>\n<\/tr>\n<tr class=\"row-8\">\n\t<td class=\"column-1\">7,8<\/td><td class=\"column-2\">Ulvenattens silhuet<\/td><td class=\"column-3\">Ny \u00f8l.<\/td><td class=\"column-4\">Bullers Bryghus<\/td><td class=\"column-5\">14-01-2018<\/td>\n<\/tr>\n<tr class=\"row-9\">\n\t<td class=\"column-1\">8,3<\/td><td class=\"column-2\">Imperial Winterstout<\/td><td class=\"column-3\">Ny \u00f8l.<\/td><td class=\"column-4\">Krenkerup Bryggeri<\/td><td class=\"column-5\">10-02-2018<\/td>\n<\/tr>\n<tr class=\"row-10\">\n\t<td class=\"column-1\"><\/td><td class=\"column-2\">Wing Pin Series No. 3<\/td><td class=\"column-3\">Ny \u00f8l.<\/td><td class=\"column-4\">Mikkeller<\/td><td class=\"column-5\">21-02-2018<\/td>\n<\/tr>\n<tr class=\"row-11\">\n\t<td class=\"column-1\"><\/td><td class=\"column-2\">Northern Trails No.2<\/td><td class=\"column-3\">Ny \u00f8l.<\/td><td class=\"column-4\">Mikkeller<\/td><td class=\"column-5\">21-02-2018<\/td>\n<\/tr>\n<tr class=\"row-12\">\n\t<td class=\"column-1\"><\/td><td class=\"column-2\">Isbryder<\/td><td class=\"column-3\">Ny \u00f8l.<\/td><td class=\"column-4\">Skagen Bryghus<\/td><td class=\"column-5\">28-02-2018<\/td>\n<\/tr>\n<tr class=\"row-13\">\n\t<td class=\"column-1\">5,5<\/td><td class=\"column-2\">\u00d8KO Spelt<\/td><td class=\"column-3\">Ny \u00f8l.<\/td><td class=\"column-4\">Thisted Bryghus<\/td><td class=\"column-5\">02-01-2018<\/td>\n<\/tr>\n<tr class=\"row-14\">\n\t<td class=\"column-1\">6,0<\/td><td class=\"column-2\">\u00d8KO Rug<\/td><td class=\"column-3\">Ny \u00f8l.<\/td><td class=\"column-4\">Thisted Bryghus<\/td><td class=\"column-5\">02-01-2018<\/td>\n<\/tr>\n<tr class=\"row-15\">\n\t<td class=\"column-1\">4,8<\/td><td class=\"column-2\">\u00d8KO Li\u00e9ge<\/td><td class=\"column-3\">Ny \u00f8l.<\/td><td class=\"column-4\">Thisted Bryghus<\/td><td class=\"column-5\">13-01-2018<\/td>\n<\/tr>\n<tr class=\"row-16\">\n\t<td class=\"column-1\">9,0<\/td><td class=\"column-2\">Rum N' Beer<\/td><td class=\"column-3\">Ny \u00f8l.<\/td><td class=\"column-4\">Thisted Bryghus<\/td><td class=\"column-5\">02-01-2018<\/td>\n<\/tr>\n<\/tbody>\n<\/table>\n<!-- #tablepress-31 from cache --><\/div>\n","protected":false},"excerpt":{"rendered":"<p>De nye \u00f8l i 2018. &nbsp;Her er oversigten over \u00f8l som er udkommet i 2018, dog med den begr\u00e6nsning at der er etiketter p\u00e5 disse \u00f8l og lejligheds etiketter er talt med her. &nbsp;<\/p>\n","protected":false},"author":2,"featured_media":0,"parent":10043,"menu_order":0,"comment_status":"closed","ping_status":"closed","template":"","meta":{"ngg_post_thumbnail":0,"footnotes":""},"categories":[],"tags":[99],"class_list":["post-21497","page","type-page","status-publish","hentry","tag-nye_oel"],"_links":{"self":[{"href":"https:\/\/bryg.2th.dk\/index.php?rest_route=\/wp\/v2\/pages\/21497","targetHints":{"allow":["GET"]}}],"collection":[{"href":"https:\/\/bryg.2th.dk\/index.php?rest_route=\/wp\/v2\/pages"}],"about":[{"href":"https:\/\/bryg.2th.dk\/index.php?rest_route=\/wp\/v2\/types\/page"}],"author":[{"embeddable":true,"href":"https:\/\/bryg.2th.dk\/index.php?rest_route=\/wp\/v2\/users\/2"}],"replies":[{"embeddable":true,"href":"https:\/\/bryg.2th.dk\/index.php?rest_route=%2Fwp%2Fv2%2Fcomments&post=21497"}],"version-history":[{"count":0,"href":"https:\/\/bryg.2th.dk\/index.php?rest_route=\/wp\/v2\/pages\/21497\/revisions"}],"up":[{"embeddable":true,"href":"https:\/\/bryg.2th.dk\/index.php?rest_route=\/wp\/v2\/pages\/10043"}],"wp:attachment":[{"href":"https:\/\/bryg.2th.dk\/index.php?rest_route=%2Fwp%2Fv2%2Fmedia&parent=21497"}],"wp:term":[{"taxonomy":"category","embeddable":true,"href":"https:\/\/bryg.2th.dk\/index.php?rest_route=%2Fwp%2Fv2%2Fcategories&post=21497"},{"taxonomy":"post_tag","embeddable":true,"href":"https:\/\/bryg.2th.dk\/index.php?rest_route=%2Fwp%2Fv2%2Ftags&post=21497"}],"curies":[{"name":"wp","href":"https:\/\/api.w.org\/{rel}","templated":true}]}}