{"id":20760,"date":"2017-02-13T17:23:50","date_gmt":"2017-02-13T16:23:50","guid":{"rendered":"https:\/\/bryg.2th.dk\/?page_id=20760"},"modified":"2023-07-16T19:42:30","modified_gmt":"2023-07-16T17:42:30","slug":"20760-2","status":"publish","type":"page","link":"https:\/\/bryg.2th.dk\/?page_id=20760","title":{"rendered":"Skjold Aalborg"},"content":{"rendered":"<h3>Skjold Aalborg, 1922-1980<\/h3>\n<hr>\n<p><strong>KORT INFO OM BRYGGERIET\/FABRIKKEN.<\/strong><\/p>\n<table>\n<tbody>\n<tr style=\"border-style: hidden;\">\n<td style=\"width: 40%;height: 18px; border-style: hidden; background-color: #8aabed;\" scope=\"row\">&nbsp;<\/td>\n<td style=\"width: 60%; height: 18px; border-style: hidden; vertical-align: top; background-color: #ededed;\" scope=\"row\"><strong>Ejere.<\/strong><\/td>\n<\/tr>\n<tr style=\"border-style: hidden;\">\n<td style=\"width: 40%;height: 233px; border-style: hidden; background-color: #8aabed;\" rowspan=\"4\" scope=\"row\"><img decoding=\"async\" class=\"ngg-singlepic ngg-none aligncenter\" src=\"https:\/\/bryg.2th.dk\/wp-content\/gallery\/bryggeri-logoer\/intet_logo.jpg\" alt=\"\" width=\"85%\" height=\"200\"><\/td>\n<td style=\"vertical-align: top; width: 60%; border-color: #000000; height: 179px; border-style: hidden; background-color: #ededed;\" scope=\"row\">Ruvin Goldstein, 1922-1957<br \/>\nA\/S, 1957-1980<\/td>\n<\/tr>\n<tr style=\"border-style: hidden;\">\n<td style=\"vertical-align: top; width: 60%; border-color: #000000; height: 18px; border-style: hidden; background-color: #ededed;\"><strong>Links. <\/strong>Nej<\/td>\n<\/tr>\n<tr style=\"border-style: hidden;\">\n<td style=\"vertical-align: top; width: 60%; border-color: #000000; height: 18px; border-style: hidden; background-color: #ededed;\" scope=\"row\"><strong>Kendte adresser.<\/strong><\/td>\n<\/tr>\n<tr style=\"border-style: hidden;\">\n<td style=\"vertical-align: top; width: 60%; border-color: #000000; height: 18px; border-style: hidden; background-color: #ededed;\">&#8211;<\/td>\n<\/tr>\n<\/tbody>\n<\/table>\n<hr>\n<p><strong>HISTORIEN.<\/strong><\/p>\n<p style=\"text-align: justify;\">Skjold i Aalborg startede formentlig f\u00f8r 1922, men fra 1922 var det sikker Skjold eksisterede. Fabrikken blev k\u00f8bt af Ruvin Goldstein og blev drevet af ham frem til 1957. Fabrikken l\u00e5 dengang ved Kattesundet. I 1923 flyttede fabrikken s\u00e5 til Stengade og i 1937 videre til Kong Hans Gade. I 1957 overtog Ruvinn Goldsteins\u2019 s\u00f8nner fabrikken og omdannede det til et A\/S. I 1975 skulle et banebarn have overtaget direkt\u00f8rstolen frem til 1980, hvor fabrikken m\u00e5tte g\u00e5 i betalingsstandsning. Lukningen skete i juni 1980. Lige inden da i 1979 havde bryggeriet bygget et nyt fabrik i Nibe til mineralvand, og i november samme \u00e5r, blev fabrikken taget i brug. Fabrikken blev herefter overtaget af Saltum-Houlbjerg bryggerierne og videref\u00f8rte m\u00e6rket Skjold i en periode herefter under navnet Skjold-Saltum.<\/p>\n<p style=\"text-align: justify;\">Fra Starten i 1922 og til 1936, solgte man sine produkter til bagere, k\u00f8bm\u00e6nd og p\u00e5 markeder, men fra 1936 til 1974 solgte man kun til private. I denne periode oprettede man s\u00e5 hen ad vejen depoter, som blev placeret i Vendsyssel, Himmerland, Aarhus og Odense. Fra 1974- 1980 solgte man atter til forretninger og supermarkeder.<\/p>\n<p style=\"text-align: justify;\">Opk\u00f8b af andre mineralvandsfabrikker.<\/p>\n<p style=\"text-align: justify;\">I 1971 &#8211; 72 opk\u00f8bte man Hornslet mineralvandsfabrik ved Aarhus. Den blev nedlagt og produktionen blev flyttet til Skjold, hvor den blev tappet under navnet Hornslet. Denne blev kun solgt til forretninger p\u00e5 Djursland og i Randers samt Aarhus omr\u00e5det, og i 1975 oph\u00f8rte man s\u00e5 med at bruge Hornslet etiketter og gik over til Skjold etiketter. Skjold opk\u00f8bte ogs\u00e5 Mors\u00f8 Bryghus. Dette skete i 1979 hvor man besluttede at nedl\u00e6gge Mors\u00f8 Bryghus og flytte produktionen til Aalborg og senere Nibe. Det blev endvidere besluttet at videref\u00f8re navnet Mors\u00f8, men dette forsvandt da Skjold standsede i 1980.<\/p>\n<hr>\n<p><strong>ETIKETTERNE.<\/strong><\/p>\nngg_shortcode_0_placeholder\n<hr>\n<p><strong>ARTIKLER.<\/strong><\/p>\n<p>Der er ikke nogen informationer til dette punkt endnu.<\/p>\n<hr>\n<p><strong>ANDET.<\/strong><\/p>\n<p>Der er ikke nogen informationer til dette punkt endnu.<\/p>\n<hr>\n<p><strong>LITTERATUR.<\/strong><\/p>\n<p>Der er ikke nogen informationer til dette punkt endnu.<\/p>\n<hr>\n<p><strong>REKLAMER &#8211; HERUNDER REKLAME FILM.<\/strong><\/p>\n<p>Der er ikke nogen informationer til dette punkt endnu.<\/p>\n","protected":false},"excerpt":{"rendered":"<p>Skjold Aalborg, 1922-1980 KORT INFO OM BRYGGERIET\/FABRIKKEN. &nbsp; Ejere. Ruvin Goldstein, 1922-1957 A\/S, 1957-1980 Links. Nej Kendte adresser. &#8211; HISTORIEN. Skjold i Aalborg startede formentlig f\u00f8r 1922, men fra 1922 var det sikker Skjold eksisterede. Fabrikken blev k\u00f8bt af Ruvin Goldstein og blev drevet af ham frem til 1957. Fabrikken l\u00e5 dengang ved Kattesundet. I &hellip; <a href=\"https:\/\/bryg.2th.dk\/?page_id=20760\" class=\"more-link\">L\u00e6s videre <span class=\"screen-reader-text\">Skjold Aalborg<\/span> <span class=\"meta-nav\">&rarr;<\/span><\/a><\/p>\n","protected":false},"author":2,"featured_media":0,"parent":12259,"menu_order":0,"comment_status":"closed","ping_status":"closed","template":"","meta":{"ngg_post_thumbnail":0,"footnotes":""},"categories":[34],"tags":[97],"class_list":["post-20760","page","type-page","status-publish","hentry","category-danske-min-fabrikker","tag-dk_min-vand"],"_links":{"self":[{"href":"https:\/\/bryg.2th.dk\/index.php?rest_route=\/wp\/v2\/pages\/20760","targetHints":{"allow":["GET"]}}],"collection":[{"href":"https:\/\/bryg.2th.dk\/index.php?rest_route=\/wp\/v2\/pages"}],"about":[{"href":"https:\/\/bryg.2th.dk\/index.php?rest_route=\/wp\/v2\/types\/page"}],"author":[{"embeddable":true,"href":"https:\/\/bryg.2th.dk\/index.php?rest_route=\/wp\/v2\/users\/2"}],"replies":[{"embeddable":true,"href":"https:\/\/bryg.2th.dk\/index.php?rest_route=%2Fwp%2Fv2%2Fcomments&post=20760"}],"version-history":[{"count":0,"href":"https:\/\/bryg.2th.dk\/index.php?rest_route=\/wp\/v2\/pages\/20760\/revisions"}],"up":[{"embeddable":true,"href":"https:\/\/bryg.2th.dk\/index.php?rest_route=\/wp\/v2\/pages\/12259"}],"wp:attachment":[{"href":"https:\/\/bryg.2th.dk\/index.php?rest_route=%2Fwp%2Fv2%2Fmedia&parent=20760"}],"wp:term":[{"taxonomy":"category","embeddable":true,"href":"https:\/\/bryg.2th.dk\/index.php?rest_route=%2Fwp%2Fv2%2Fcategories&post=20760"},{"taxonomy":"post_tag","embeddable":true,"href":"https:\/\/bryg.2th.dk\/index.php?rest_route=%2Fwp%2Fv2%2Ftags&post=20760"}],"curies":[{"name":"wp","href":"https:\/\/api.w.org\/{rel}","templated":true}]}}