{"id":19954,"date":"2016-07-13T21:23:37","date_gmt":"2016-07-13T19:23:37","guid":{"rendered":"https:\/\/bryg.2th.dk\/?page_id=19954"},"modified":"2022-09-29T18:54:10","modified_gmt":"2022-09-29T16:54:10","slug":"fakta-om-jolly","status":"publish","type":"page","link":"https:\/\/bryg.2th.dk\/?page_id=19954","title":{"rendered":"Fakta om Jolly"},"content":{"rendered":"<h3 align=\"left\"><strong>Her lidt fakta om Jolly.<\/strong><\/h3>\n<hr>\n<p align=\"left\"><img loading=\"lazy\" decoding=\"async\" class=\"ngg-singlepic ngg-none alignleft\" src=\"https:\/\/bryg.2th.dk\/wp-content\/gallery\/jolly-cola-flasker\/jollu_capsle.jpg\" width=\"125\" height=\"127\">&#8211; Jolly Cola blev lanceret den 1. juli i 1959 af Dansk Cola Drik, et f\u00e6lles aktiv blandt 18 danske bryggerier og mineralvandsfabrikker. Bl.a med henblik p\u00e5 at forsvarer Danmark mod det store amerikanske selskab bag Coke Cola. De 18 bryggerier var: Carlsberg, Tuborg, Stjernen p\u00e5 Frederiksberg, Wiibroes, Kalundborg Bryggeri, Slagelse Bryghus, Lolland-Falsters Bryghus, Carlsminde i Nyborg, Svendborg Bryghus, Albani, Bryggeriet Vestfyen, Slotsm\u00f8llen i Kolding, Ceres Bryggerierne i Aarhus, Bryggeriet Urban, Vendia, Thor Bryggerierne, Odin og Thisted Bryghus.<\/p>\n<p align=\"left\">Kort efter lanceringen af Jolly Cola, fik man lavet ikke mindre end 30.000 metalskilte, som s\u00e5 skulle s\u00e6ttes op i hele Danmark. Man ansatte et antal mennesker, som skulle k\u00f8re landet tyndt for at f\u00e5 skiltene op ved k\u00f8bm\u00e6ndene. L\u00f8nnen for denne opgave var 2 kr pr. skilt man fik sat op.<\/p>\n<p align=\"left\">I 1960 begyndte man med at lave de f\u00f8rste reklamefilm om Jolly Cola, og blev s\u00e5 siden vist i biografferne i 1961.<\/p>\n<p align=\"left\">Det f\u00f8rste slogan p\u00e5 Jolly Cola var &#8220;T\u00f8rst p\u00e5 livet&#8221;<\/p>\n<p align=\"left\">Jolly sad i tresserne p\u00e5 2\/3 af det danske marked for colaer.<\/p>\n<p align=\"left\">I 1973 kom Jolly Cola med etiketter, som var aftagelig &#8211; som det f\u00f8rste l\u00e6skem\u00e6rke drik i Danmark. Det var den mes praktiske form for markedsf\u00f8ring af drikken, samt en nem m\u00e5de at kommunikere ud til befolkningen p\u00e5.<\/p>\n<p align=\"left\">I 1983 kom Jolly Light f\u00f8rste gang p\u00e5 markedet, men den hold kun i ca. 2 \u00e5r, f\u00f8r den blev pillet af igen. Man pr\u00f8vede s\u00e5 igen i 1992 med en ny smag, for at se om det kunne lykkes denne gang. Efter en forbrugertest viste det sig at den faldt i befolkningens smag.<\/p>\n<p align=\"left\">Carlsberg havde aktiemajoriteten i Dansk Cola Drik og dermed Jolly indtil 1997, hvor de solgte den til Albani.<\/p>\n<p align=\"left\">I 1998 indgik Albani en seri\u00f8s sponsoraftale med Dansk H\u00e5ndboldforbund p\u00e5 5-6 millioner kroner \u00e5rligt frem til \u00e5r 2002, det sluttede dog allerede i 2001, da man mente at sponsoratet var for dyrt.<\/p>\n<p align=\"left\">Albani har i over et \u00e5r fors\u00f8gt at komme ud af sponsoraftalen.<\/p>\n<p align=\"left\">Jolly Cola udgjorede i 2002 6% af markedet. Det samme som f\u00f8r Albanis million-satsning.<\/p>\n<p align=\"left\">Bryggerigruppen A\/S, som Albani nu er en del af, best\u00e5r i forvejen af Thor, Ceres, Faxe og Cains.<\/p>\n<p align=\"left\">Albani valgte at l\u00e6gge sodavanden p\u00e5 hylden og samtidig k\u00f8res en retssag om Colaen mellem Albani og Vestfyen.<\/p>\n<p align=\"left\">Jolly Cola udg\u00f8r i 2003 kun 2% af markedet i Danmark.<\/p>\n<p align=\"left\">Vestfyen relancere Jolly Colaen i 2003.<\/p>\n<p align=\"left\">I september 2003 fik Bryggeriet Vestfyen endelig over halvdelen af aktierne i Jolly Colaen.<\/p>\n<p align=\"left\">Jolly Colaen udg\u00f8r i starten af Januar 2004 n\u00e6sten 25% af Coop Danmarks salg af colaer efter den blev smidt ud i 1999.<\/p>\n<p align=\"left\">I 2005 har bryggeriet Vestfyen f\u00f8lgende produkter p\u00e5 gaden: Jolly Cola, Jolly Light, Jolly Time, Jolly Orange og Jolly Energy cola.<\/p>\n<p align=\"left\">I 2007 havde reklamen i Danmark 100 \u00e5rs jubil\u00e6um, og i denne forbindelse havde TV2 Danmark valgt at ville k\u00e5re den bedste reklame igennem 100 \u00e5r. Vinderen som fik over 30% af stemmerne, var reklamen med Tina Kj\u00e6r i &#8220;2 modne frugter&#8221; fra 1993. &#8211; Du kan se reklamefilmen under &#8220;Reklamer&#8221;.<\/p>\n<p align=\"left\">I 2009 fejres Jolly Cola&#8217;s 50 \u00e5rs jubil\u00e6um.<\/p>\n<p align=\"left\">I 2011 Lancere bryggeriet nye produkter med Jolly, som er Jolly Kildevand, Jolly Danskvand og Jolly Danskvand Citrus.<\/p>\n<p align=\"left\">I 2014 Har bryggeriet Vestfyen startet en relancering af Jolly Cola&#8217;en, som nu g\u00e5r tilbage til 80&#8217;erne, s\u00e5vel som etiketterne og sloganet &#8220;Sig Jolly til din cola&#8221;.<\/p>\n<p align=\"left\">I slutningen af 2015 kom s\u00e5 Jolly Cola Vanilje p\u00e5 gaden i en begr\u00e6nset periode.<\/p>\n<p align=\"left\">I 2021 har Bryggeriet Vestfyen lanceret en r\u00e6kke produkter under navnet Jolly.<\/p>\n<p align=\"left\"><img loading=\"lazy\" decoding=\"async\" class=\"alignnone size-full wp-image-29122\" src=\"https:\/\/bryg.2th.dk\/wp-content\/uploads\/2022\/09\/Jolly_22.jpg\" alt=\"\" width=\"1665\" height=\"800\" srcset=\"https:\/\/bryg.2th.dk\/wp-content\/uploads\/2022\/09\/Jolly_22.jpg 1665w, https:\/\/bryg.2th.dk\/wp-content\/uploads\/2022\/09\/Jolly_22-300x144.jpg 300w, https:\/\/bryg.2th.dk\/wp-content\/uploads\/2022\/09\/Jolly_22-1024x492.jpg 1024w, https:\/\/bryg.2th.dk\/wp-content\/uploads\/2022\/09\/Jolly_22-768x369.jpg 768w, https:\/\/bryg.2th.dk\/wp-content\/uploads\/2022\/09\/Jolly_22-1536x738.jpg 1536w\" sizes=\"auto, (max-width: 1665px) 100vw, 1665px\" \/><\/p>\n","protected":false},"excerpt":{"rendered":"<p>Her lidt fakta om Jolly. &#8211; Jolly Cola blev lanceret den 1. juli i 1959 af Dansk Cola Drik, et f\u00e6lles aktiv blandt 18 danske bryggerier og mineralvandsfabrikker. Bl.a med henblik p\u00e5 at forsvarer Danmark mod det store amerikanske selskab bag Coke Cola. De 18 bryggerier var: Carlsberg, Tuborg, Stjernen p\u00e5 Frederiksberg, Wiibroes, Kalundborg Bryggeri, &hellip; <a href=\"https:\/\/bryg.2th.dk\/?page_id=19954\" class=\"more-link\">L\u00e6s videre <span class=\"screen-reader-text\">Fakta om Jolly<\/span> <span class=\"meta-nav\">&rarr;<\/span><\/a><\/p>\n","protected":false},"author":2,"featured_media":0,"parent":4926,"menu_order":0,"comment_status":"closed","ping_status":"closed","template":"","meta":{"ngg_post_thumbnail":0,"footnotes":""},"categories":[92],"tags":[],"class_list":["post-19954","page","type-page","status-publish","hentry","category-serier"],"_links":{"self":[{"href":"https:\/\/bryg.2th.dk\/index.php?rest_route=\/wp\/v2\/pages\/19954","targetHints":{"allow":["GET"]}}],"collection":[{"href":"https:\/\/bryg.2th.dk\/index.php?rest_route=\/wp\/v2\/pages"}],"about":[{"href":"https:\/\/bryg.2th.dk\/index.php?rest_route=\/wp\/v2\/types\/page"}],"author":[{"embeddable":true,"href":"https:\/\/bryg.2th.dk\/index.php?rest_route=\/wp\/v2\/users\/2"}],"replies":[{"embeddable":true,"href":"https:\/\/bryg.2th.dk\/index.php?rest_route=%2Fwp%2Fv2%2Fcomments&post=19954"}],"version-history":[{"count":0,"href":"https:\/\/bryg.2th.dk\/index.php?rest_route=\/wp\/v2\/pages\/19954\/revisions"}],"up":[{"embeddable":true,"href":"https:\/\/bryg.2th.dk\/index.php?rest_route=\/wp\/v2\/pages\/4926"}],"wp:attachment":[{"href":"https:\/\/bryg.2th.dk\/index.php?rest_route=%2Fwp%2Fv2%2Fmedia&parent=19954"}],"wp:term":[{"taxonomy":"category","embeddable":true,"href":"https:\/\/bryg.2th.dk\/index.php?rest_route=%2Fwp%2Fv2%2Fcategories&post=19954"},{"taxonomy":"post_tag","embeddable":true,"href":"https:\/\/bryg.2th.dk\/index.php?rest_route=%2Fwp%2Fv2%2Ftags&post=19954"}],"curies":[{"name":"wp","href":"https:\/\/api.w.org\/{rel}","templated":true}]}}