{"id":1928,"date":"2015-03-28T14:26:17","date_gmt":"2015-03-28T13:26:17","guid":{"rendered":"https:\/\/brygny.2th.dk\/?page_id=1928"},"modified":"2024-06-16T09:51:50","modified_gmt":"2024-06-16T07:51:50","slug":"hvem-er-jeg","status":"publish","type":"page","link":"https:\/\/bryg.2th.dk\/?page_id=1928","title":{"rendered":"Hvem er jeg?"},"content":{"rendered":"<h3>&nbsp;Hvem er jeg?<\/h3>\n<hr>\n<table style=\"width: 100%; border-style: none;\">\n<tbody>\n<tr style=\"height: 135px;\">\n<td style=\"height: 99px; width: 77.8667px; border-style: none;\">Navn<br \/>\n<img loading=\"lazy\" decoding=\"async\" class=\"alignnone wp-image-26165\" src=\"https:\/\/bryg.2th.dk\/wp-content\/uploads\/2021\/04\/Finn.jpg\" alt=\"\" width=\"56\" height=\"82\"><\/td>\n<td style=\"height: 99px; width: 361.133px; border-style: none;\">Finn Hansen<\/td>\n<\/tr>\n<tr style=\"height: 18px;\">\n<td style=\"height: 18px; width: 77.8667px; border-style: none;\">\u00c5rgang<\/td>\n<td style=\"height: 18px; width: 361.133px; border-style: none;\">1971<\/td>\n<\/tr>\n<tr style=\"height: 18px;\">\n<td style=\"height: 18px; width: 77.8667px; border-style: none;\">Opvokset<\/td>\n<td style=\"height: 18px; width: 361.133px; border-style: none;\">I \u00d8rsbjerg ved Aarup, siden i Aarup<\/td>\n<\/tr>\n<tr style=\"height: 18px;\">\n<td style=\"height: 18px; width: 77.8667px; border-style: none;\">Civilstatus<\/td>\n<td style=\"height: 18px; width: 361.133px; border-style: none;\">Gift<\/td>\n<\/tr>\n<tr style=\"height: 90px;\">\n<td style=\"height: 90px; width: 77.8667px; border-style: none;\">Uddannelse<\/td>\n<td style=\"height: 90px; width: 361.133px; border-style: none;\">Aarupskolen &#8211; B\u00f8rnehave &#8211; 10. kl.<br \/>\nEFG Handelsskolen i Assens.<br \/>\nAVU Elektronik 2<br \/>\nUdvidede fag i Matematik og Engelsk<br \/>\nInformatik assistent uddannelse &#8211; Tiegtenskolen Odense<\/td>\n<\/tr>\n<tr style=\"height: 72px;\">\n<td style=\"height: 72px; width: 77.8667px; border-style: none;\">Arbejde i tidens l\u00f8b:<\/td>\n<td style=\"height: 72px; width: 361.133px; border-style: none;\">Dan Foam (dengang p\u00e5 vandv\u00e6rksvej)<br \/>\nI pratik i Totalbanken i forbindelse med uddannelse<br \/>\nRegnskabsf\u00f8rer for SBS &#8211;&nbsp;Skandinavisk Bryggerisouvenir Samlerforening<\/td>\n<\/tr>\n<tr style=\"height: 126px;\">\n<td style=\"height: 126px; width: 77.8667px; border-style: none;\">Frivillig arbejde i tidens l\u00f8b:<\/td>\n<td style=\"height: 126px; width: 361.133px; border-style: none;\">DGI Fyn &#8211; H\u00e5ndbold<br \/>\nFKN Genbrug Aarup<br \/>\nBestyrelsespost i Gartnerv\u00e6ngets Boligselskab<br \/>\nAarup Genbrug<br \/>\nSBS &#8211;&nbsp;Skandinavisk Bryggerisouvenir Samlerforening<br \/>\nAarup By Marked<br \/>\nTV Broadcaster<\/td>\n<\/tr>\n<tr style=\"height: 36px;\">\n<td style=\"height: 36px; width: 77.8667px; border-style: none;\">Mine interesser<\/td>\n<td style=\"height: 36px; width: 361.133px; border-style: none;\">De 4 \u00e5rstider, naturen, byens historie, lange g\u00e5ture, studere fugle, sport, politik, venner og familie.<\/td>\n<\/tr>\n<tr style=\"height: 558px;\">\n<td style=\"height: 558px; width: 77.8667px; border-style: none;\">Hobby<\/td>\n<td style=\"height: 558px; width: 361.133px; border-style: none;\">Etiketsamler indenfor danske bryggerier, Mere end 50.000 samlet.<\/p>\n<p>Jeg startede med at samle p\u00e5 \u00f8l &amp; vandetiketter indenfor de danske bryggerier siden september 1994 og har samlet lige siden. Min samling er i \u00f8jeblikket n\u00e5et op over 35.000 forskellige eksemplarer, og jeg har ogs\u00e5 lidt etiketter fra udlandet, men dem g\u00f8r jeg ikke i, s\u00e5 det er nogen som bliver byttet v\u00e6k til noget andet. Jeg samler ogs\u00e5 p\u00e5 andre ting som relatere til de danske bryggerier, s\u00e5som brevpapir, \u00f8lbrikker, plakater, nips, reklamer og mange andre sjove ting, dog ikke glas og flasker, fyldte som tomme og ej heller \u00f8ld\u00e5ser, det fylder bare for meget.<\/p>\n<p>Hvis nogle her p\u00e5 nettet er interesseret i at bytte etiketter eller vil give dem v\u00e6k, s\u00e5 er jeg interesseret, om de s\u00e5 er danske eller udenlandske, s\u00e5 modtager jeg gerne det hele, eller hvis du har en samling du vil s\u00e6lge er jeg ogs\u00e5 interesseret. Desuden er jeg ogs\u00e5 interesseret i historie om de nedlagte bryggerier rundt i landet, som jeg gerne vil viderebringe her p\u00e5 nettet sammen med et evt. billede af en etiket eller billede af bryggeriet fra dengang, hvorp\u00e5 jeg h\u00e5ber at kunne samle s\u00e5 meget af den gamle danske bryggeri- og \u00f8lkultur sammen p\u00e5 et sted, til gl\u00e6de for andre samlere og bes\u00f8gende p\u00e5 denne side. Hvis nogen er interesseret i at hj\u00e6lpe mig med at f\u00e5 sat yderligere skub i det, s\u00e5 send en E-mail til mig. Alt det materiale som kommer op, vil naturligvis f\u00e5 angivet, hvilken kilde det kommer fra, hvis man \u00f8nsker det.<\/td>\n<\/tr>\n<\/tbody>\n<\/table>\n","protected":false},"excerpt":{"rendered":"<p>&nbsp;Hvem er jeg? Navn Finn Hansen \u00c5rgang 1971 Opvokset I \u00d8rsbjerg ved Aarup, siden i Aarup Civilstatus Gift Uddannelse Aarupskolen &#8211; B\u00f8rnehave &#8211; 10. kl. EFG Handelsskolen i Assens. AVU Elektronik 2 Udvidede fag i Matematik og Engelsk Informatik assistent uddannelse &#8211; Tiegtenskolen Odense Arbejde i tidens l\u00f8b: Dan Foam (dengang p\u00e5 vandv\u00e6rksvej) I pratik &hellip; <a href=\"https:\/\/bryg.2th.dk\/?page_id=1928\" class=\"more-link\">L\u00e6s videre <span class=\"screen-reader-text\">Hvem er jeg?<\/span> <span class=\"meta-nav\">&rarr;<\/span><\/a><\/p>\n","protected":false},"author":2,"featured_media":0,"parent":0,"menu_order":0,"comment_status":"closed","ping_status":"closed","template":"","meta":{"ngg_post_thumbnail":0,"footnotes":""},"categories":[],"tags":[],"class_list":["post-1928","page","type-page","status-publish","hentry"],"_links":{"self":[{"href":"https:\/\/bryg.2th.dk\/index.php?rest_route=\/wp\/v2\/pages\/1928","targetHints":{"allow":["GET"]}}],"collection":[{"href":"https:\/\/bryg.2th.dk\/index.php?rest_route=\/wp\/v2\/pages"}],"about":[{"href":"https:\/\/bryg.2th.dk\/index.php?rest_route=\/wp\/v2\/types\/page"}],"author":[{"embeddable":true,"href":"https:\/\/bryg.2th.dk\/index.php?rest_route=\/wp\/v2\/users\/2"}],"replies":[{"embeddable":true,"href":"https:\/\/bryg.2th.dk\/index.php?rest_route=%2Fwp%2Fv2%2Fcomments&post=1928"}],"version-history":[{"count":0,"href":"https:\/\/bryg.2th.dk\/index.php?rest_route=\/wp\/v2\/pages\/1928\/revisions"}],"wp:attachment":[{"href":"https:\/\/bryg.2th.dk\/index.php?rest_route=%2Fwp%2Fv2%2Fmedia&parent=1928"}],"wp:term":[{"taxonomy":"category","embeddable":true,"href":"https:\/\/bryg.2th.dk\/index.php?rest_route=%2Fwp%2Fv2%2Fcategories&post=1928"},{"taxonomy":"post_tag","embeddable":true,"href":"https:\/\/bryg.2th.dk\/index.php?rest_route=%2Fwp%2Fv2%2Ftags&post=1928"}],"curies":[{"name":"wp","href":"https:\/\/api.w.org\/{rel}","templated":true}]}}