{"id":1925,"date":"2015-03-28T14:16:05","date_gmt":"2015-03-28T13:16:05","guid":{"rendered":"https:\/\/brygny.2th.dk\/?page_id=1925"},"modified":"2025-07-15T16:06:17","modified_gmt":"2025-07-15T14:06:17","slug":"pollsarcive","status":"publish","type":"page","link":"https:\/\/bryg.2th.dk\/?page_id=1925","title":{"rendered":"Afstemninger"},"content":{"rendered":"<h3>Tidligere afstemninger.<\/h3>\n<hr>\n<div id=\"polls-2\" class=\"wp-polls\">\n\t\t<p style=\"text-align: center\"><strong>Hvor mange nye \u00f8l tror du der kommer i 2015?<\/strong><\/p><div id=\"polls-2-ans\" class=\"wp-polls-ans\"><ul class=\"wp-polls-ul\">\n\t\t<li>Flere end 1000 <small>(39%, 7 Stemmer)<\/small><div class=\"pollbar\" style=\"width: 39%\" title=\"Flere end 1000 (39% | 7 Stemmer)\"><\/div><\/li>\n\t\t<li>mellem 800-1000 <small>(33%, 6 Stemmer)<\/small><div class=\"pollbar\" style=\"width: 33%\" title=\"mellem 800-1000 (33% | 6 Stemmer)\"><\/div><\/li>\n\t\t<li>under 800 <small>(28%, 5 Stemmer)<\/small><div class=\"pollbar\" style=\"width: 28%\" title=\"under 800 (28% | 5 Stemmer)\"><\/div><\/li>\n\t\t<\/ul>\r\n<p style=\"text-align: center\">Total antal stemmer: <strong>18<\/strong><\/p>\r\n<\/div>\n\t\t<input type=\"hidden\" id=\"poll_2_nonce\" name=\"wp-polls-nonce\" value=\"0ef05605ba\" \/>\n<\/div>\n<div id=\"polls-2-loading\" class=\"wp-polls-loading\"><img loading=\"lazy\" decoding=\"async\" src=\"https:\/\/bryg.2th.dk\/wp-content\/plugins\/wp-polls\/images\/loading.gif\" width=\"16\" height=\"16\" alt=\"Indl\u00e6ser ...\" title=\"Indl\u00e6ser ...\" class=\"wp-polls-image\" \/>&nbsp;Indl\u00e6ser ...<\/div>\n\n<p>Afstemningen &nbsp;sluttede den 2. januar 2016.<\/p>\n<hr>\n<div id=\"polls-3\" class=\"wp-polls\">\n\t\t<p style=\"text-align: center\"><strong>D\u00e5sepanten mellem Danmark &amp; Tyskland kommer nok f\u00f8rst i 2020, men bliver det overhovedet til noget<\/strong><\/p><div id=\"polls-3-ans\" class=\"wp-polls-ans\"><ul class=\"wp-polls-ul\">\n\t\t<li>Jeg ved det ikke <small>(4%, 1 Stemmer)<\/small><div class=\"pollbar\" style=\"width: 4%\" title=\"Jeg ved det ikke (4% | 1 Stemmer)\"><\/div><\/li>\n\t\t<li>Nej <small>(78%, 21 Stemmer)<\/small><div class=\"pollbar\" style=\"width: 78%\" title=\"Nej (78% | 21 Stemmer)\"><\/div><\/li>\n\t\t<li>Ja <small>(19%, 5 Stemmer)<\/small><div class=\"pollbar\" style=\"width: 19%\" title=\"Ja (19% | 5 Stemmer)\"><\/div><\/li>\n\t\t<\/ul>\r\n<p style=\"text-align: center\">Total antal stemmer: <strong>27<\/strong><\/p>\r\n<\/div>\n\t\t<input type=\"hidden\" id=\"poll_3_nonce\" name=\"wp-polls-nonce\" value=\"4bf28a58c9\" \/>\n<\/div>\n<div id=\"polls-3-loading\" class=\"wp-polls-loading\"><img loading=\"lazy\" decoding=\"async\" src=\"https:\/\/bryg.2th.dk\/wp-content\/plugins\/wp-polls\/images\/loading.gif\" width=\"16\" height=\"16\" alt=\"Indl\u00e6ser ...\" title=\"Indl\u00e6ser ...\" class=\"wp-polls-image\" \/>&nbsp;Indl\u00e6ser ...<\/div>\n\n<p>Afstemningen &nbsp;sluttede den 1. juni&nbsp;2016.<\/p>\n<hr>\n<div id=\"polls-4\" class=\"wp-polls\">\n\t\t<p style=\"text-align: center\"><strong>Kan Danmark rumme flere \u00f8l festivaler som den i K\u00f8benhavn der foreg\u00e5r i maj m\u00e5ned hvert \u00e5r<\/strong><\/p><div id=\"polls-4-ans\" class=\"wp-polls-ans\"><ul class=\"wp-polls-ul\">\n\t\t<li>Vi  er glade for \u00f8l og udlandet ogs\u00e5, s\u00e5 et i K\u00f8benhavn, Odense og Aarhus. <small>(88%, 7 Stemmer)<\/small><div class=\"pollbar\" style=\"width: 88%\" title=\"Vi  er glade for \u00f8l og udlandet ogs\u00e5, s\u00e5 et i K\u00f8benhavn, Odense og Aarhus. (88% | 7 Stemmer)\"><\/div><\/li>\n\t\t<li>Der kan godt v\u00e6re to, et i K\u00f8benhavn og et i Aarhus <small>(0%, 0 Stemmer)<\/small><div class=\"pollbar\" style=\"width: 1%\" title=\"Der kan godt v\u00e6re to, et i K\u00f8benhavn og et i Aarhus (0% | 0 Stemmer)\"><\/div><\/li>\n\t\t<li>Nej, det i K\u00f8benhavn er det eneste som vil kunne k\u00f8re. <small>(13%, 1 Stemmer)<\/small><div class=\"pollbar\" style=\"width: 13%\" title=\"Nej, det i K\u00f8benhavn er det eneste som vil kunne k\u00f8re. (13% | 1 Stemmer)\"><\/div><\/li>\n\t\t<\/ul>\r\n<p style=\"text-align: center\">Total antal stemmer: <strong>8<\/strong><\/p>\r\n<\/div>\n\t\t<input type=\"hidden\" id=\"poll_4_nonce\" name=\"wp-polls-nonce\" value=\"e22373c6c8\" \/>\n<\/div>\n<div id=\"polls-4-loading\" class=\"wp-polls-loading\"><img loading=\"lazy\" decoding=\"async\" src=\"https:\/\/bryg.2th.dk\/wp-content\/plugins\/wp-polls\/images\/loading.gif\" width=\"16\" height=\"16\" alt=\"Indl\u00e6ser ...\" title=\"Indl\u00e6ser ...\" class=\"wp-polls-image\" \/>&nbsp;Indl\u00e6ser ...<\/div>\n\n<p>Afstemningen sluttede den 1. januar 2017.<\/p>\n<hr>\n<div id=\"polls-6\" class=\"wp-polls\">\n\t\t<p style=\"text-align: center\"><strong>Hvilket parti i folketinget mener du vil hj\u00e6lpe med at fjerne emballageafgiften for bryggerierne?<\/strong><\/p><div id=\"polls-6-ans\" class=\"wp-polls-ans\"><ul class=\"wp-polls-ul\">\n\t\t<li>Ingen af dem! <small>(41%, 7 Stemmer)<\/small><div class=\"pollbar\" style=\"width: 41%\" title=\"Ingen af dem! (41% | 7 Stemmer)\"><\/div><\/li>\n\t\t<li>Alternativet (\u00c5) <small>(0%, 0 Stemmer)<\/small><div class=\"pollbar\" style=\"width: 1%\" title=\"Alternativet (\u00c5) (0% | 0 Stemmer)\"><\/div><\/li>\n\t\t<li>Enhedslisten (\u00d8) <small>(12%, 2 Stemmer)<\/small><div class=\"pollbar\" style=\"width: 12%\" title=\"Enhedslisten (\u00d8) (12% | 2 Stemmer)\"><\/div><\/li>\n\t\t<li>Venstre (V) <small>(0%, 0 Stemmer)<\/small><div class=\"pollbar\" style=\"width: 1%\" title=\"Venstre (V) (0% | 0 Stemmer)\"><\/div><\/li>\n\t\t<li>Dansk Folkeparti (DF) <small>(18%, 3 Stemmer)<\/small><div class=\"pollbar\" style=\"width: 18%\" title=\"Dansk Folkeparti (DF) (18% | 3 Stemmer)\"><\/div><\/li>\n\t\t<li>Socialistisk Folkeparti (SF) <small>(0%, 0 Stemmer)<\/small><div class=\"pollbar\" style=\"width: 1%\" title=\"Socialistisk Folkeparti (SF) (0% | 0 Stemmer)\"><\/div><\/li>\n\t\t<li>De Konservative (C) <small>(6%, 1 Stemmer)<\/small><div class=\"pollbar\" style=\"width: 6%\" title=\"De Konservative (C) (6% | 1 Stemmer)\"><\/div><\/li>\n\t\t<li>De Radikale (B) <small>(6%, 1 Stemmer)<\/small><div class=\"pollbar\" style=\"width: 6%\" title=\"De Radikale (B) (6% | 1 Stemmer)\"><\/div><\/li>\n\t\t<li>Socialdemokraterne (A) <small>(18%, 3 Stemmer)<\/small><div class=\"pollbar\" style=\"width: 18%\" title=\"Socialdemokraterne (A) (18% | 3 Stemmer)\"><\/div><\/li>\n\t\t<\/ul>\r\n<p style=\"text-align: center\">Total antal stemmer: <strong>17<\/strong><\/p>\r\n<\/div>\n\t\t<input type=\"hidden\" id=\"poll_6_nonce\" name=\"wp-polls-nonce\" value=\"b9dc61d75b\" \/>\n<\/div>\n<div id=\"polls-6-loading\" class=\"wp-polls-loading\"><img loading=\"lazy\" decoding=\"async\" src=\"https:\/\/bryg.2th.dk\/wp-content\/plugins\/wp-polls\/images\/loading.gif\" width=\"16\" height=\"16\" alt=\"Indl\u00e6ser ...\" title=\"Indl\u00e6ser ...\" class=\"wp-polls-image\" \/>&nbsp;Indl\u00e6ser ...<\/div>\n\n<p>Afstemningen sluttede den 1. januar 2018.<\/p>\n<hr>\n<div id=\"polls-7\" class=\"wp-polls\">\n\t\t<p style=\"text-align: center\"><strong>Vil du drikke en \u00f8l lavet p\u00e5 urin, hvis du fik tilbudt en?<\/strong><\/p><div id=\"polls-7-ans\" class=\"wp-polls-ans\"><ul class=\"wp-polls-ul\">\n\t\t<li>Det ved jeg ikke <small>(5%, 4 Stemmer)<\/small><div class=\"pollbar\" style=\"width: 5%\" title=\"Det ved jeg ikke (5% | 4 Stemmer)\"><\/div><\/li>\n\t\t<li>Nej <small>(72%, 55 Stemmer)<\/small><div class=\"pollbar\" style=\"width: 72%\" title=\"Nej (72% | 55 Stemmer)\"><\/div><\/li>\n\t\t<li>Ja <small>(22%, 17 Stemmer)<\/small><div class=\"pollbar\" style=\"width: 22%\" title=\"Ja (22% | 17 Stemmer)\"><\/div><\/li>\n\t\t<\/ul>\r\n<p style=\"text-align: center\">Total antal stemmer: <strong>76<\/strong><\/p>\r\n<\/div>\n\t\t<input type=\"hidden\" id=\"poll_7_nonce\" name=\"wp-polls-nonce\" value=\"0c19663f1e\" \/>\n<\/div>\n<div id=\"polls-7-loading\" class=\"wp-polls-loading\"><img loading=\"lazy\" decoding=\"async\" src=\"https:\/\/bryg.2th.dk\/wp-content\/plugins\/wp-polls\/images\/loading.gif\" width=\"16\" height=\"16\" alt=\"Indl\u00e6ser ...\" title=\"Indl\u00e6ser ...\" class=\"wp-polls-image\" \/>&nbsp;Indl\u00e6ser ...<\/div>\n\n<p>Afstemningen sluttede den 28. september 2018.<\/p>\n<hr>\n<div id=\"polls-8\" class=\"wp-polls\">\n\t\t<p style=\"text-align: center\"><strong>Hvad vil du synes om, hvis den CO2 vi f\u00e5r i \u00f8l og sodavand i fremtiden laves p\u00e5 gylle?<\/strong><\/p><div id=\"polls-8-ans\" class=\"wp-polls-ans\"><ul class=\"wp-polls-ul\">\n\t\t<li>Ved ikke p\u00e5 nuv\u00e6rende tidspunkt. <small>(0%, 0 Stemmer)<\/small><div class=\"pollbar\" style=\"width: 1%\" title=\"Ved ikke p\u00e5 nuv\u00e6rende tidspunkt. (0% | 0 Stemmer)\"><\/div><\/li>\n\t\t<li>Pjat! der er ingen forskel i smagen, jeg er klar. <small>(32%, 6 Stemmer)<\/small><div class=\"pollbar\" style=\"width: 32%\" title=\"Pjat! der er ingen forskel i smagen, jeg er klar. (32% | 6 Stemmer)\"><\/div><\/li>\n\t\t<li>Jeg vil overveje om jeg skal drikke mere med brus i fremtiden <small>(5%, 1 Stemmer)<\/small><div class=\"pollbar\" style=\"width: 5%\" title=\"Jeg vil overveje om jeg skal drikke mere med brus i fremtiden (5% | 1 Stemmer)\"><\/div><\/li>\n\t\t<li>Det skr\u00e6mmer ikke mig <small>(16%, 3 Stemmer)<\/small><div class=\"pollbar\" style=\"width: 16%\" title=\"Det skr\u00e6mmer ikke mig (16% | 3 Stemmer)\"><\/div><\/li>\n\t\t<li>Adr, hvor ul\u00e6kkert. <small>(47%, 9 Stemmer)<\/small><div class=\"pollbar\" style=\"width: 47%\" title=\"Adr, hvor ul\u00e6kkert. (47% | 9 Stemmer)\"><\/div><\/li>\n\t\t<\/ul>\r\n<p style=\"text-align: center\">Total antal stemmer: <strong>19<\/strong><\/p>\r\n<\/div>\n\t\t<input type=\"hidden\" id=\"poll_8_nonce\" name=\"wp-polls-nonce\" value=\"dfd135ba21\" \/>\n<\/div>\n<div id=\"polls-8-loading\" class=\"wp-polls-loading\"><img loading=\"lazy\" decoding=\"async\" src=\"https:\/\/bryg.2th.dk\/wp-content\/plugins\/wp-polls\/images\/loading.gif\" width=\"16\" height=\"16\" alt=\"Indl\u00e6ser ...\" title=\"Indl\u00e6ser ...\" class=\"wp-polls-image\" \/>&nbsp;Indl\u00e6ser ...<\/div>\n\n<p>Afstemningen sluttede den 30. april 2020.<\/p>\n<p>Emballageafgiften blev faktisk fjernet af den borgerlige regering i 2017, og som det n\u00e6vnes herunder.<\/p>\n<p>Emballageafgift<br \/>\nEmballageafgiften indeb\u00e6rer administrative byrder for virksomheder, omkostninger for forbrugerne og gr\u00e6nsehandel med drikkevarer.<\/p>\n<p>Derfor afskaffes emballageafgiften for pantbelagte drikkevarer (\u00f8l og sodavand). Afgiften afskaffes den 1. juli 2019. Afskaffelsen af emballageafgiften sk\u00f8nnes fuldt indfaset at medf\u00f8re et mindreprovenu efter tilbagel\u00f8b og adf\u00e6rd p\u00e5 ca. 160 mio. kr. \u00e5rligt. Afskaffelsen sk\u00f8nnes at indeb\u00e6re varige administrative lempelser p\u00e5 5 mio. kr. \u00e5rligt.<\/p>\n<p>Det skal sikres, at neds\u00e6ttelserne af emballageafgiften er i overensstemmelse med EU-reglerne, f\u00f8r reglerne kan tr\u00e6de i kraft.(V,LA,K + DF,B)<\/p>\n<hr>\n<div id=\"polls-9\" class=\"wp-polls\">\n\t\t<p style=\"text-align: center\"><strong>Vil samlerhobbyen indenfor bryggerieffekter forsvinde?<\/strong><\/p><div id=\"polls-9-ans\" class=\"wp-polls-ans\"><ul class=\"wp-polls-ul\">\n\t\t<li>20 \u00e5r, men s\u00e5 er det ogs\u00e5 slut. <small>(15%, 3 Stemmer)<\/small><div class=\"pollbar\" style=\"width: 15%\" title=\"20 \u00e5r, men s\u00e5 er det ogs\u00e5 slut. (15% | 3 Stemmer)\"><\/div><\/li>\n\t\t<li>Om 10 \u00e5r er der ikke flere samlere, unge gider ikke den slags. <small>(15%, 3 Stemmer)<\/small><div class=\"pollbar\" style=\"width: 15%\" title=\"Om 10 \u00e5r er der ikke flere samlere, unge gider ikke den slags. (15% | 3 Stemmer)\"><\/div><\/li>\n\t\t<li>Nej, der bliver lidt f\u00e6rre men vil forts\u00e6tte. <small>(70%, 14 Stemmer)<\/small><div class=\"pollbar\" style=\"width: 70%\" title=\"Nej, der bliver lidt f\u00e6rre men vil forts\u00e6tte. (70% | 14 Stemmer)\"><\/div><\/li>\n\t\t<\/ul>\r\n<p style=\"text-align: center\">Total antal stemmer: <strong>20<\/strong><\/p>\r\n<\/div>\n\t\t<input type=\"hidden\" id=\"poll_9_nonce\" name=\"wp-polls-nonce\" value=\"778af34bab\" \/>\n<\/div>\n<div id=\"polls-9-loading\" class=\"wp-polls-loading\"><img loading=\"lazy\" decoding=\"async\" src=\"https:\/\/bryg.2th.dk\/wp-content\/plugins\/wp-polls\/images\/loading.gif\" width=\"16\" height=\"16\" alt=\"Indl\u00e6ser ...\" title=\"Indl\u00e6ser ...\" class=\"wp-polls-image\" \/>&nbsp;Indl\u00e6ser ...<\/div>\n\n<p>Afstemningen sluttede den 1. januar 2021.<\/p>\n<hr>\n<div id=\"polls-10\" class=\"wp-polls\">\n\t\t<p style=\"text-align: center\"><strong>Er det blevet sv\u00e6rere eller n\u00e6sten umuligt at f\u00e5 etiketter fra de store bryggerier i Danmark?<\/strong><\/p><div id=\"polls-10-ans\" class=\"wp-polls-ans\"><ul class=\"wp-polls-ul\">\n\t\t<li>Ved ikke \/ har ikke pr\u00f8vet <small>(50%, 15 Stemmer)<\/small><div class=\"pollbar\" style=\"width: 50%\" title=\"Ved ikke \/ har ikke pr\u00f8vet (50% | 15 Stemmer)\"><\/div><\/li>\n\t\t<li>Nej <small>(0%, 0 Stemmer)<\/small><div class=\"pollbar\" style=\"width: 1%\" title=\"Nej (0% | 0 Stemmer)\"><\/div><\/li>\n\t\t<li>Ja <small>(50%, 15 Stemmer)<\/small><div class=\"pollbar\" style=\"width: 50%\" title=\"Ja (50% | 15 Stemmer)\"><\/div><\/li>\n\t\t<\/ul>\r\n<p style=\"text-align: center\">Total antal stemmer: <strong>30<\/strong><\/p>\r\n<\/div>\n\t\t<input type=\"hidden\" id=\"poll_10_nonce\" name=\"wp-polls-nonce\" value=\"6b1a2ea9c7\" \/>\n<\/div>\n<div id=\"polls-10-loading\" class=\"wp-polls-loading\"><img loading=\"lazy\" decoding=\"async\" src=\"https:\/\/bryg.2th.dk\/wp-content\/plugins\/wp-polls\/images\/loading.gif\" width=\"16\" height=\"16\" alt=\"Indl\u00e6ser ...\" title=\"Indl\u00e6ser ...\" class=\"wp-polls-image\" \/>&nbsp;Indl\u00e6ser ...<\/div>\n\n<p>Afstemningen sluttede den 31. december 2024.<\/p>\n","protected":false},"excerpt":{"rendered":"<p>Tidligere afstemninger. Afstemningen &nbsp;sluttede den 2. januar 2016. Afstemningen &nbsp;sluttede den 1. juni&nbsp;2016. Afstemningen sluttede den 1. januar 2017. Afstemningen sluttede den 1. januar 2018. Afstemningen sluttede den 28. september 2018. Afstemningen sluttede den 30. april 2020. Emballageafgiften blev faktisk fjernet af den borgerlige regering i 2017, og som det n\u00e6vnes herunder. Emballageafgift Emballageafgiften indeb\u00e6rer &hellip; <a href=\"https:\/\/bryg.2th.dk\/?page_id=1925\" class=\"more-link\">L\u00e6s videre <span class=\"screen-reader-text\">Afstemninger<\/span> <span class=\"meta-nav\">&rarr;<\/span><\/a><\/p>\n","protected":false},"author":2,"featured_media":0,"parent":0,"menu_order":0,"comment_status":"closed","ping_status":"closed","template":"","meta":{"ngg_post_thumbnail":0,"footnotes":""},"categories":[],"tags":[],"class_list":["post-1925","page","type-page","status-publish","hentry"],"_links":{"self":[{"href":"https:\/\/bryg.2th.dk\/index.php?rest_route=\/wp\/v2\/pages\/1925","targetHints":{"allow":["GET"]}}],"collection":[{"href":"https:\/\/bryg.2th.dk\/index.php?rest_route=\/wp\/v2\/pages"}],"about":[{"href":"https:\/\/bryg.2th.dk\/index.php?rest_route=\/wp\/v2\/types\/page"}],"author":[{"embeddable":true,"href":"https:\/\/bryg.2th.dk\/index.php?rest_route=\/wp\/v2\/users\/2"}],"replies":[{"embeddable":true,"href":"https:\/\/bryg.2th.dk\/index.php?rest_route=%2Fwp%2Fv2%2Fcomments&post=1925"}],"version-history":[{"count":0,"href":"https:\/\/bryg.2th.dk\/index.php?rest_route=\/wp\/v2\/pages\/1925\/revisions"}],"wp:attachment":[{"href":"https:\/\/bryg.2th.dk\/index.php?rest_route=%2Fwp%2Fv2%2Fmedia&parent=1925"}],"wp:term":[{"taxonomy":"category","embeddable":true,"href":"https:\/\/bryg.2th.dk\/index.php?rest_route=%2Fwp%2Fv2%2Fcategories&post=1925"},{"taxonomy":"post_tag","embeddable":true,"href":"https:\/\/bryg.2th.dk\/index.php?rest_route=%2Fwp%2Fv2%2Ftags&post=1925"}],"curies":[{"name":"wp","href":"https:\/\/api.w.org\/{rel}","templated":true}]}}