{"id":1905,"date":"2015-03-28T13:39:39","date_gmt":"2015-03-28T12:39:39","guid":{"rendered":"https:\/\/brygny.2th.dk\/?page_id=1905"},"modified":"2023-07-15T14:41:53","modified_gmt":"2023-07-15T12:41:53","slug":"2008-2","status":"publish","type":"page","link":"https:\/\/bryg.2th.dk\/?page_id=1905","title":{"rendered":"2008"},"content":{"rendered":"<h3 align=\"left\">De nye \u00f8l i 2008.<\/h3>\n<hr>\n<div align=\"left\">&nbsp;Her er oversigten over \u00f8l som er udkommet i 2008, dog med den begr\u00e6nsning at der er etiketter p\u00e5 disse \u00f8l og lejligheds etiketter er talt med her.<\/div>\n<div align=\"left\">&nbsp;<\/div>\n<div align=\"left\">[table \u201c17nbsp\u201d not found \/]<br \/>\n<\/div>\n","protected":false},"excerpt":{"rendered":"<p>De nye \u00f8l i 2008. &nbsp;Her er oversigten over \u00f8l som er udkommet i 2008, dog med den begr\u00e6nsning at der er etiketter p\u00e5 disse \u00f8l og lejligheds etiketter er talt med her. &nbsp;<\/p>\n","protected":false},"author":2,"featured_media":0,"parent":10039,"menu_order":0,"comment_status":"closed","ping_status":"closed","template":"page-templates\/full-width.php","meta":{"ngg_post_thumbnail":0,"footnotes":""},"categories":[],"tags":[99],"class_list":["post-1905","page","type-page","status-publish","hentry","tag-nye_oel"],"_links":{"self":[{"href":"https:\/\/bryg.2th.dk\/index.php?rest_route=\/wp\/v2\/pages\/1905","targetHints":{"allow":["GET"]}}],"collection":[{"href":"https:\/\/bryg.2th.dk\/index.php?rest_route=\/wp\/v2\/pages"}],"about":[{"href":"https:\/\/bryg.2th.dk\/index.php?rest_route=\/wp\/v2\/types\/page"}],"author":[{"embeddable":true,"href":"https:\/\/bryg.2th.dk\/index.php?rest_route=\/wp\/v2\/users\/2"}],"replies":[{"embeddable":true,"href":"https:\/\/bryg.2th.dk\/index.php?rest_route=%2Fwp%2Fv2%2Fcomments&post=1905"}],"version-history":[{"count":0,"href":"https:\/\/bryg.2th.dk\/index.php?rest_route=\/wp\/v2\/pages\/1905\/revisions"}],"up":[{"embeddable":true,"href":"https:\/\/bryg.2th.dk\/index.php?rest_route=\/wp\/v2\/pages\/10039"}],"wp:attachment":[{"href":"https:\/\/bryg.2th.dk\/index.php?rest_route=%2Fwp%2Fv2%2Fmedia&parent=1905"}],"wp:term":[{"taxonomy":"category","embeddable":true,"href":"https:\/\/bryg.2th.dk\/index.php?rest_route=%2Fwp%2Fv2%2Fcategories&post=1905"},{"taxonomy":"post_tag","embeddable":true,"href":"https:\/\/bryg.2th.dk\/index.php?rest_route=%2Fwp%2Fv2%2Ftags&post=1905"}],"curies":[{"name":"wp","href":"https:\/\/api.w.org\/{rel}","templated":true}]}}