{"id":1897,"date":"2015-03-28T13:36:22","date_gmt":"2015-03-28T12:36:22","guid":{"rendered":"https:\/\/brygny.2th.dk\/?page_id=1897"},"modified":"2023-07-15T14:41:53","modified_gmt":"2023-07-15T12:41:53","slug":"2004-2","status":"publish","type":"page","link":"https:\/\/bryg.2th.dk\/?page_id=1897","title":{"rendered":"2004"},"content":{"rendered":"<h3 align=\"left\">De nye \u00f8l i 2004.<\/h3>\n<hr>\n<div align=\"left\">&nbsp;Her er oversigten over \u00f8l som er udkommet i 2004, dog med den begr\u00e6nsning at der er etiketter p\u00e5 disse \u00f8l og lejligheds etiketter er talt med her.<\/div>\n<div align=\"left\">&nbsp;<\/div>\n<div align=\"left\">\n<table id=\"tablepress-13\" class=\"tablepress tablepress-id-13\">\n<thead>\n<tr class=\"row-1\">\n\t<th class=\"column-1\">%.<\/th><th class=\"column-2\">Navn.<\/th><th class=\"column-3\">Beskrivelse<\/th><th class=\"column-4\">Bryggeri.<\/th><th class=\"column-5\">Dato<\/th>\n<\/tr>\n<\/thead>\n<tbody class=\"row-striping row-hover\">\n<tr class=\"row-2\">\n\t<td class=\"column-1\">9<\/td><td class=\"column-2\">H.C. Andersen<\/td><td class=\"column-3\">\u00c5rgangs\u00f8l - 2004.<\/td><td class=\"column-4\">Albani<\/td><td class=\"column-5\">21-05-2004<\/td>\n<\/tr>\n<tr class=\"row-3\">\n\t<td class=\"column-1\">7,5<\/td><td class=\"column-2\">Jule Fabel<\/td><td class=\"column-3\">Ny \u00f8l fra nyt bryggeri.<\/td><td class=\"column-4\">Bagg\u00e5rdsbryggeriet<\/td><td class=\"column-5\">21-11-2004<\/td>\n<\/tr>\n<tr class=\"row-4\">\n\t<td class=\"column-1\">5,8<\/td><td class=\"column-2\">X-Mas<\/td><td class=\"column-3\">Etiket \u00e6ndret p\u00e5 bl\u00e5 &amp; hvid.<\/td><td class=\"column-4\">Bryggerigruppen<\/td><td class=\"column-5\">30-11-2004<\/td>\n<\/tr>\n<tr class=\"row-5\">\n\t<td class=\"column-1\">8,3<\/td><td class=\"column-2\">Julebryg<\/td><td class=\"column-3\">2004.<\/td><td class=\"column-4\">Br\u00f8ckhouse<\/td><td class=\"column-5\">30-11-2004<\/td>\n<\/tr>\n<tr class=\"row-6\">\n\t<td class=\"column-1\">8,3<\/td><td class=\"column-2\">Christmas Ale 2004<\/td><td class=\"column-3\">Ny \u00f8l i Semper Ardens serien.<\/td><td class=\"column-4\">Carlsberg A\/S<\/td><td class=\"column-5\">31-10-2004<\/td>\n<\/tr>\n<tr class=\"row-7\">\n\t<td class=\"column-1\">6,5<\/td><td class=\"column-2\">Crown<\/td><td class=\"column-3\">Ny \u00f8l.<\/td><td class=\"column-4\">Carlsberg A\/S<\/td><td class=\"column-5\">04-04-2004<\/td>\n<\/tr>\n<tr class=\"row-8\">\n\t<td class=\"column-1\">6,5<\/td><td class=\"column-2\">Crown<\/td><td class=\"column-3\">Ny \u00f8l.<\/td><td class=\"column-4\">Carlsberg A\/S<\/td><td class=\"column-5\">04-04-2004<\/td>\n<\/tr>\n<tr class=\"row-9\">\n\t<td class=\"column-1\">5,1<\/td><td class=\"column-2\">Dansk Jul<\/td><td class=\"column-3\">Til Fakta.<\/td><td class=\"column-4\">Carlsberg A\/S<\/td><td class=\"column-5\">21-12-2004<\/td>\n<\/tr>\n<tr class=\"row-10\">\n\t<td class=\"column-1\">4,6<\/td><td class=\"column-2\">Carlsberg Pilsner<\/td><td class=\"column-3\">\u00c6ndret etiket p\u00e5 ny flaske.<\/td><td class=\"column-4\">Carlsberg A\/S<\/td><td class=\"column-5\">07-09-2004<\/td>\n<\/tr>\n<tr class=\"row-11\">\n\t<td class=\"column-1\">5<\/td><td class=\"column-2\">Stjerne Pilsner<\/td><td class=\"column-3\">Til arbejdermuseet i K\u00f8benhavn.<\/td><td class=\"column-4\">Fuglsang<\/td><td class=\"column-5\">06-12-2004<\/td>\n<\/tr>\n<tr class=\"row-12\">\n\t<td class=\"column-1\">5,4<\/td><td class=\"column-2\">F\u00f8nix<\/td><td class=\"column-3\">Ny \u00f8l. All Malt Beer<\/td><td class=\"column-4\">Fuglsang<\/td><td class=\"column-5\">17-10-2004<\/td>\n<\/tr>\n<tr class=\"row-13\">\n\t<td class=\"column-1\">5<\/td><td class=\"column-2\">S\u00f8g\u00e5rdlejren<\/td><td class=\"column-3\">Ny \u00f8l.<\/td><td class=\"column-4\">Fuglsang<\/td><td class=\"column-5\">14-11-2004<\/td>\n<\/tr>\n<tr class=\"row-14\">\n\t<td class=\"column-1\">7,6<\/td><td class=\"column-2\">\u00c5rgangs\u00f8l 2004<\/td><td class=\"column-3\">Kraftig \u00f8l med slag i.<\/td><td class=\"column-4\">Fuglsang<\/td><td class=\"column-5\">14-11-2004<\/td>\n<\/tr>\n<tr class=\"row-15\">\n\t<td class=\"column-1\">5,3<\/td><td class=\"column-2\">Ale<\/td><td class=\"column-3\">Ny \u00f8l fra nyt bryggeri.<\/td><td class=\"column-4\">Fur bryghus<\/td><td class=\"column-5\">08-11-2004<\/td>\n<\/tr>\n<tr class=\"row-16\">\n\t<td class=\"column-1\">6,5<\/td><td class=\"column-2\">First<\/td><td class=\"column-3\">Til frivillige ved Jyske \u00f8ldage 2004.<\/td><td class=\"column-4\">Grauballe Bryghus<\/td><td class=\"column-5\">31-10-2004<\/td>\n<\/tr>\n<tr class=\"row-17\">\n\t<td class=\"column-1\">7,5<\/td><td class=\"column-2\">Honey Gold<\/td><td class=\"column-3\">Ny \u00f8l fra nyt bryggeri.<\/td><td class=\"column-4\">Grauballe Bryghus<\/td><td class=\"column-5\">27-09-2004<\/td>\n<\/tr>\n<tr class=\"row-18\">\n\t<td class=\"column-1\">5<\/td><td class=\"column-2\">Club 69<\/td><td class=\"column-3\">Esbjerg.<\/td><td class=\"column-4\">Hancock<\/td><td class=\"column-5\">17-10-2004<\/td>\n<\/tr>\n<tr class=\"row-19\">\n\t<td class=\"column-1\">5<\/td><td class=\"column-2\">Viking Bajer<\/td><td class=\"column-3\">Viking 1904.<\/td><td class=\"column-4\">Hancock<\/td><td class=\"column-5\">17-10-2004<\/td>\n<\/tr>\n<tr class=\"row-20\">\n\t<td class=\"column-1\">5<\/td><td class=\"column-2\">\u00d8rting Auto<\/td><td class=\"column-3\">Ny Reklame etiket<\/td><td class=\"column-4\">Hancock<\/td><td class=\"column-5\">17-10-2004<\/td>\n<\/tr>\n<tr class=\"row-21\">\n\t<td class=\"column-1\">\u00a0<\/td><td class=\"column-2\">Dancenter 2004<\/td><td class=\"column-3\">Ny Reklame etiket<\/td><td class=\"column-4\">Maribo Bryghus<\/td><td class=\"column-5\">21-11-2004<\/td>\n<\/tr>\n<tr class=\"row-22\">\n\t<td class=\"column-1\">\u00a0<\/td><td class=\"column-2\">Sk\u00e5l, Kippis naZdrowie<\/td><td class=\"column-3\">Ny Reklame etiket<\/td><td class=\"column-4\">Maribo Bryghus<\/td><td class=\"column-5\">21-11-2004<\/td>\n<\/tr>\n<tr class=\"row-23\">\n\t<td class=\"column-1\">\u00a0<\/td><td class=\"column-2\">Miol mor hvalfiskeri<\/td><td class=\"column-3\">Svendborg 750 \u00e5r<\/td><td class=\"column-4\">Refsvindinge<\/td><td class=\"column-5\">30-01-2004<\/td>\n<\/tr>\n<tr class=\"row-24\">\n\t<td class=\"column-1\">\u00a0<\/td><td class=\"column-2\">Miol mor hvalfiskeri<\/td><td class=\"column-3\">Svendborg 750 \u00e5r<\/td><td class=\"column-4\">Refsvindinge<\/td><td class=\"column-5\">30-01-2004<\/td>\n<\/tr>\n<tr class=\"row-25\">\n\t<td class=\"column-1\">\u00a0<\/td><td class=\"column-2\">Jule\u00f8l<\/td><td class=\"column-3\">SAS peiority 1 cargo<\/td><td class=\"column-4\">Refsvindinge<\/td><td class=\"column-5\">21-11-2004<\/td>\n<\/tr>\n<tr class=\"row-26\">\n\t<td class=\"column-1\">5,7<\/td><td class=\"column-2\">Den Gamle By<\/td><td class=\"column-3\">Overg\u00e6ret \u00d8l.<\/td><td class=\"column-4\">Refsvindinge<\/td><td class=\"column-5\">14-11-2004<\/td>\n<\/tr>\n<tr class=\"row-27\">\n\t<td class=\"column-1\">5,2<\/td><td class=\"column-2\">\u00d8lnydernes X-Ale<\/td><td class=\"column-3\">Dansk \u00f8lnyderselskab 10 \u00e5r.<\/td><td class=\"column-4\">Refsvindinge<\/td><td class=\"column-5\">31-10-2004<\/td>\n<\/tr>\n<tr class=\"row-28\">\n\t<td class=\"column-1\">\u00a0<\/td><td class=\"column-2\">Jule\u00f8l<\/td><td class=\"column-3\">SAS peiority 1 cargo<\/td><td class=\"column-4\">Refsvindinge<\/td><td class=\"column-5\">21-11-2004<\/td>\n<\/tr>\n<tr class=\"row-29\">\n\t<td class=\"column-1\">5,7<\/td><td class=\"column-2\">Horsens Julebryg<\/td><td class=\"column-3\">Horsens Juleby 2004<\/td><td class=\"column-4\">Refsvindinge<\/td><td class=\"column-5\">21-11-2004<\/td>\n<\/tr>\n<tr class=\"row-30\">\n\t<td class=\"column-1\">5,7<\/td><td class=\"column-2\">Mors Stout<\/td><td class=\"column-3\">Etiket nr. 1407.<\/td><td class=\"column-4\">Refsvindinge<\/td><td class=\"column-5\">14-11-2004<\/td>\n<\/tr>\n<tr class=\"row-31\">\n\t<td class=\"column-1\">6,5<\/td><td class=\"column-2\">Tivoli Julebryg<\/td><td class=\"column-3\">2004.<\/td><td class=\"column-4\">Skands<\/td><td class=\"column-5\">22-11-2004<\/td>\n<\/tr>\n<tr class=\"row-32\">\n\t<td class=\"column-1\">6,5<\/td><td class=\"column-2\">Julebryg 2004<\/td><td class=\"column-3\">Ny \u00f8l.<\/td><td class=\"column-4\">Skands<\/td><td class=\"column-5\">31-10-2004<\/td>\n<\/tr>\n<tr class=\"row-33\">\n\t<td class=\"column-1\">4,6<\/td><td class=\"column-2\">Chr. S\u00f8rensen's T\u00f8mmerhandel<\/td><td class=\"column-3\">Hvid\/sort\/gr\u00e5 etiket.<\/td><td class=\"column-4\">Thisted Bryghus<\/td><td class=\"column-5\">28-12-2004<\/td>\n<\/tr>\n<tr class=\"row-34\">\n\t<td class=\"column-1\">4,6<\/td><td class=\"column-2\">Stark<\/td><td class=\"column-3\">Leverand\u00f8r til friske folk.<\/td><td class=\"column-4\">Thisted Bryghus<\/td><td class=\"column-5\">03-11-2004<\/td>\n<\/tr>\n<tr class=\"row-35\">\n\t<td class=\"column-1\">4,6<\/td><td class=\"column-2\">Bodilles Pils<\/td><td class=\"column-3\">Brygget til skawboere og deres g\u00e6ster.<\/td><td class=\"column-4\">Thisted Bryghus<\/td><td class=\"column-5\">14-11-2004<\/td>\n<\/tr>\n<tr class=\"row-36\">\n\t<td class=\"column-1\">4,6<\/td><td class=\"column-2\">Walker<\/td><td class=\"column-3\">Beskyt din bil og milj\u00f8et<\/td><td class=\"column-4\">Thisted Bryghus<\/td><td class=\"column-5\">25-09-2004<\/td>\n<\/tr>\n<tr class=\"row-37\">\n\t<td class=\"column-1\">4,6<\/td><td class=\"column-2\">Tuborg Kalenderpilsner<\/td><td class=\"column-3\">24 forskellige etiketter, nummereret fra 1 - 24.<\/td><td class=\"column-4\">Tuborg<\/td><td class=\"column-5\">07-11-2004<\/td>\n<\/tr>\n<tr class=\"row-38\">\n\t<td class=\"column-1\">7,5<\/td><td class=\"column-2\">Willemoes Julebryg<\/td><td class=\"column-3\">Ny \u00f8l.<\/td><td class=\"column-4\">Vestfyen<\/td><td class=\"column-5\">31-10-2004<\/td>\n<\/tr>\n<tr class=\"row-39\">\n\t<td class=\"column-1\">\u00a0<\/td><td class=\"column-2\">Holger Danske Tr\u00e6ffen 2004<\/td><td class=\"column-3\">Ny Reklame etiket<\/td><td class=\"column-4\">Wiibroe<\/td><td class=\"column-5\">17-04-2004<\/td>\n<\/tr>\n<tr class=\"row-40\">\n\t<td class=\"column-1\">10,6<\/td><td class=\"column-2\">\u00c5rgangs\u00f8l 2005<\/td><td class=\"column-3\">Tegning af Lars H.U.G.<\/td><td class=\"column-4\">Wiibroe<\/td><td class=\"column-5\">21-12-2004<\/td>\n<\/tr>\n<tr class=\"row-41\">\n\t<td class=\"column-1\">\u00a0<\/td><td class=\"column-2\">Hiller\u00f8d Kr\u00e6mmermarked 04<\/td><td class=\"column-3\">Ny Reklame etiket<\/td><td class=\"column-4\">Wiibroe<\/td><td class=\"column-5\">17-04-2004<\/td>\n<\/tr>\n<tr class=\"row-42\">\n\t<td class=\"column-1\">\u00a0<\/td><td class=\"column-2\">Holger Danske Tr\u00e6ffen 2004<\/td><td class=\"column-3\">Ny Reklame etiket<\/td><td class=\"column-4\">Wiibroe<\/td><td class=\"column-5\">17-04-2004<\/td>\n<\/tr>\n<tr class=\"row-43\">\n\t<td class=\"column-1\">\u00a0<\/td><td class=\"column-2\">Hiller\u00f8d Kr\u00e6mmermarked 04<\/td><td class=\"column-3\">Ny Reklame etiket<\/td><td class=\"column-4\">Wiibroe<\/td><td class=\"column-5\">17-04-2004<\/td>\n<\/tr>\n<tr class=\"row-44\">\n\t<td class=\"column-1\">5<\/td><td class=\"column-2\">Wit<\/td><td class=\"column-3\">Ny \u00f8l fra nyt bryggeri<\/td><td class=\"column-4\">\u00d8lfabrikken<\/td><td class=\"column-5\">01-12-2004<\/td>\n<\/tr>\n<tr class=\"row-45\">\n\t<td class=\"column-1\">5,5<\/td><td class=\"column-2\">Gylden Ale<\/td><td class=\"column-3\">Ny \u00f8l fra nyt bryggeri<\/td><td class=\"column-4\">\u00d8lfabrikken<\/td><td class=\"column-5\">01-12-2004<\/td>\n<\/tr>\n<tr class=\"row-46\">\n\t<td class=\"column-1\">7<\/td><td class=\"column-2\">India Pale Ale<\/td><td class=\"column-3\">Ny \u00f8l fra nyt bryggeri<\/td><td class=\"column-4\">\u00d8lfabrikken<\/td><td class=\"column-5\">01-12-2004<\/td>\n<\/tr>\n<tr class=\"row-47\">\n\t<td class=\"column-1\">5,5<\/td><td class=\"column-2\">Brown Ale<\/td><td class=\"column-3\">Ny \u00f8l fra nyt bryggeri<\/td><td class=\"column-4\">\u00d8lfabrikken<\/td><td class=\"column-5\">01-12-2004<\/td>\n<\/tr>\n<tr class=\"row-48\">\n\t<td class=\"column-1\">\u00a0<\/td><td class=\"column-2\">Peters Jul<\/td><td class=\"column-3\">S\u00e6lges p\u00e5 Cap Horn i Nyhavn.<\/td><td class=\"column-4\">\u00d8rb\u00e6k Bryggeri<\/td><td class=\"column-5\">30-11-2004<\/td>\n<\/tr>\n<tr class=\"row-49\">\n\t<td class=\"column-1\">5,8<\/td><td class=\"column-2\">Vinhandlerens eget Bryg<\/td><td class=\"column-3\">Crimson Ale.<\/td><td class=\"column-4\">\u00d8rb\u00e6k Bryggeri<\/td><td class=\"column-5\">28-11-2004<\/td>\n<\/tr>\n<tr class=\"row-50\">\n\t<td class=\"column-1\">4,8<\/td><td class=\"column-2\">Honning \u00d8L 2004<\/td><td class=\"column-3\">Til Danmarks Biavlerforening.<\/td><td class=\"column-4\">\u00d8rb\u00e6k Bryggeri<\/td><td class=\"column-5\">06-09-2004<\/td>\n<\/tr>\n<\/tbody>\n<\/table>\n<!-- #tablepress-13 from cache --><\/div>\n","protected":false},"excerpt":{"rendered":"<p>De nye \u00f8l i 2004. &nbsp;Her er oversigten over \u00f8l som er udkommet i 2004, dog med den begr\u00e6nsning at der er etiketter p\u00e5 disse \u00f8l og lejligheds etiketter er talt med her. &nbsp;<\/p>\n","protected":false},"author":2,"featured_media":0,"parent":10039,"menu_order":0,"comment_status":"closed","ping_status":"closed","template":"page-templates\/full-width.php","meta":{"ngg_post_thumbnail":0,"footnotes":""},"categories":[],"tags":[99],"class_list":["post-1897","page","type-page","status-publish","hentry","tag-nye_oel"],"_links":{"self":[{"href":"https:\/\/bryg.2th.dk\/index.php?rest_route=\/wp\/v2\/pages\/1897","targetHints":{"allow":["GET"]}}],"collection":[{"href":"https:\/\/bryg.2th.dk\/index.php?rest_route=\/wp\/v2\/pages"}],"about":[{"href":"https:\/\/bryg.2th.dk\/index.php?rest_route=\/wp\/v2\/types\/page"}],"author":[{"embeddable":true,"href":"https:\/\/bryg.2th.dk\/index.php?rest_route=\/wp\/v2\/users\/2"}],"replies":[{"embeddable":true,"href":"https:\/\/bryg.2th.dk\/index.php?rest_route=%2Fwp%2Fv2%2Fcomments&post=1897"}],"version-history":[{"count":0,"href":"https:\/\/bryg.2th.dk\/index.php?rest_route=\/wp\/v2\/pages\/1897\/revisions"}],"up":[{"embeddable":true,"href":"https:\/\/bryg.2th.dk\/index.php?rest_route=\/wp\/v2\/pages\/10039"}],"wp:attachment":[{"href":"https:\/\/bryg.2th.dk\/index.php?rest_route=%2Fwp%2Fv2%2Fmedia&parent=1897"}],"wp:term":[{"taxonomy":"category","embeddable":true,"href":"https:\/\/bryg.2th.dk\/index.php?rest_route=%2Fwp%2Fv2%2Fcategories&post=1897"},{"taxonomy":"post_tag","embeddable":true,"href":"https:\/\/bryg.2th.dk\/index.php?rest_route=%2Fwp%2Fv2%2Ftags&post=1897"}],"curies":[{"name":"wp","href":"https:\/\/api.w.org\/{rel}","templated":true}]}}