{"id":1895,"date":"2015-03-28T13:35:48","date_gmt":"2015-03-28T12:35:48","guid":{"rendered":"https:\/\/brygny.2th.dk\/?page_id=1895"},"modified":"2023-07-15T14:41:53","modified_gmt":"2023-07-15T12:41:53","slug":"2003-2","status":"publish","type":"page","link":"https:\/\/bryg.2th.dk\/?page_id=1895","title":{"rendered":"2003"},"content":{"rendered":"<h3 align=\"left\">De nye \u00f8l i 2003.<\/h3>\n<hr>\n<div align=\"left\">&nbsp;Her er oversigten over \u00f8l som er udkommet i 2003, dog med den begr\u00e6nsning at der er etiketter p\u00e5 disse \u00f8l og lejligheds etiketter er talt med her.<\/div>\n<div align=\"left\">&nbsp;<\/div>\n<div align=\"left\">\n<table id=\"tablepress-13\" class=\"tablepress tablepress-id-13\">\n<thead>\n<tr class=\"row-1\">\n\t<th class=\"column-1\">%.<\/th><th class=\"column-2\">Navn.<\/th><th class=\"column-3\">Beskrivelse<\/th><th class=\"column-4\">Bryggeri.<\/th><th class=\"column-5\">Dato<\/th>\n<\/tr>\n<\/thead>\n<tbody class=\"row-striping row-hover\">\n<tr class=\"row-2\">\n\t<td class=\"column-1\">\u00a0<\/td><td class=\"column-2\">Hotel Christiansminde<\/td><td class=\"column-3\">Ny Reklame Etiket med gr\u00f8n ramme<\/td><td class=\"column-4\">Albani<\/td><td class=\"column-5\">06-05-2003<\/td>\n<\/tr>\n<tr class=\"row-3\">\n\t<td class=\"column-1\"><\/td><td class=\"column-2\">Egeskov Marked<\/td><td class=\"column-3\">Ny Reklame etiket<\/td><td class=\"column-4\">Albani<\/td><td class=\"column-5\">14-09-2003,<\/td>\n<\/tr>\n<tr class=\"row-4\">\n\t<td class=\"column-1\">\u00a0<\/td><td class=\"column-2\">Karreb\u00e6ksminde Pilsner<\/td><td class=\"column-3\">\u00c6ndret etiket<\/td><td class=\"column-4\">Albani<\/td><td class=\"column-5\">06-05-2003<\/td>\n<\/tr>\n<tr class=\"row-5\">\n\t<td class=\"column-1\">\u00a0<\/td><td class=\"column-2\">Den Standhaftige Tinsoldat 5 \u00e5r<\/td><td class=\"column-3\">Ny Reklame Etiket<\/td><td class=\"column-4\">Albani<\/td><td class=\"column-5\">06-05-2003<\/td>\n<\/tr>\n<tr class=\"row-6\">\n\t<td class=\"column-1\"><\/td><td class=\"column-2\">Middelfart Sparekasse 150 \u00c5r<\/td><td class=\"column-3\">Ny Reklame etiket<\/td><td class=\"column-4\">Albani<\/td><td class=\"column-5\">01-04-2003<\/td>\n<\/tr>\n<tr class=\"row-7\">\n\t<td class=\"column-1\">9<\/td><td class=\"column-2\">H.C. Andersen<\/td><td class=\"column-3\">\u00c5rgangs\u00f8l - 2003.<\/td><td class=\"column-4\">Albani<\/td><td class=\"column-5\">21-05-2003<\/td>\n<\/tr>\n<tr class=\"row-8\">\n\t<td class=\"column-1\">5,6<\/td><td class=\"column-2\">Carlsberg Dark<\/td><td class=\"column-3\">Del af Carlsberg \u00f8lvalg - Ny \u00f8l.<\/td><td class=\"column-4\">Carlsberg A\/S<\/td><td class=\"column-5\">06-02-2003<\/td>\n<\/tr>\n<tr class=\"row-9\">\n\t<td class=\"column-1\">\u00a0<\/td><td class=\"column-2\">Carls Lager<\/td><td class=\"column-3\">Erstatter Gl. Carlsberg Lager\u00f8l - Ny etiket.<\/td><td class=\"column-4\">Carlsberg A\/S<\/td><td class=\"column-5\">20-04-2003<\/td>\n<\/tr>\n<tr class=\"row-10\">\n\t<td class=\"column-1\">\u00a0<\/td><td class=\"column-2\">Carls Porter<\/td><td class=\"column-3\">Erstatter Gl. Carlsberg Porter - Ny etiket<\/td><td class=\"column-4\">Carlsberg A\/S<\/td><td class=\"column-5\">20-04-2003<\/td>\n<\/tr>\n<tr class=\"row-11\">\n\t<td class=\"column-1\">4,1<\/td><td class=\"column-2\">Pivo<\/td><td class=\"column-3\">Del af Carlsberg \u00f8lvalg - Ny \u00f8l.<\/td><td class=\"column-4\">Carlsberg A\/S<\/td><td class=\"column-5\">06-02-2003<\/td>\n<\/tr>\n<tr class=\"row-12\">\n\t<td class=\"column-1\">\u00a0<\/td><td class=\"column-2\">Criollo Stout<\/td><td class=\"column-3\">Ny \u00f8l i Semper Ardens serien - Ny etiket<\/td><td class=\"column-4\">Carlsberg A\/S<\/td><td class=\"column-5\">20-02-2003<\/td>\n<\/tr>\n<tr class=\"row-13\">\n\t<td class=\"column-1\">5,8<\/td><td class=\"column-2\">Carlsberg Hvede<\/td><td class=\"column-3\">Del af Carlsberg \u00f8lvalg - Ny \u00f8l.<\/td><td class=\"column-4\">Carlsberg A\/S<\/td><td class=\"column-5\">06-01-2003<\/td>\n<\/tr>\n<tr class=\"row-14\">\n\t<td class=\"column-1\">\u00a0<\/td><td class=\"column-2\">Capo<\/td><td class=\"column-3\">Del af Carlsberg \u00f8lvalg - Ny \u00f8l.<\/td><td class=\"column-4\">Carlsberg A\/S<\/td><td class=\"column-5\">06-01-2003<\/td>\n<\/tr>\n<tr class=\"row-15\">\n\t<td class=\"column-1\"><\/td><td class=\"column-2\">Top Classic<\/td><td class=\"column-3\">Ny \u00d8l.<\/td><td class=\"column-4\">Ceres<\/td><td class=\"column-5\">02-02-2003<\/td>\n<\/tr>\n<tr class=\"row-16\">\n\t<td class=\"column-1\"><\/td><td class=\"column-2\">Sejleklubben<\/td><td class=\"column-3\">Ny Reklame etiket<\/td><td class=\"column-4\">Fuglsang<\/td><td class=\"column-5\">03-03-2003<\/td>\n<\/tr>\n<tr class=\"row-17\">\n\t<td class=\"column-1\"><\/td><td class=\"column-2\">Scarlett Pilsner<\/td><td class=\"column-3\">Ny Reklame etiket<\/td><td class=\"column-4\">Fuglsang<\/td><td class=\"column-5\">03-03-2003<\/td>\n<\/tr>\n<tr class=\"row-18\">\n\t<td class=\"column-1\">5,9<\/td><td class=\"column-2\">Golden Bird<\/td><td class=\"column-3\">Nu til det danske marked<\/td><td class=\"column-4\">Fuglsang<\/td><td class=\"column-5\">30-05-2003<\/td>\n<\/tr>\n<tr class=\"row-19\">\n\t<td class=\"column-1\"><\/td><td class=\"column-2\">Aabenraa Julebajer<\/td><td class=\"column-3\">Ny Reklame etiket<\/td><td class=\"column-4\">Fuglsang<\/td><td class=\"column-5\">03-03-2003<\/td>\n<\/tr>\n<tr class=\"row-20\">\n\t<td class=\"column-1\"><\/td><td class=\"column-2\">\u00d8stergaard M\u00f8bler<\/td><td class=\"column-3\">Ny Reklame etiket<\/td><td class=\"column-4\">Hancock<\/td><td class=\"column-5\">04-03-2003<\/td>\n<\/tr>\n<tr class=\"row-21\">\n\t<td class=\"column-1\"><\/td><td class=\"column-2\">Actebis Computere<\/td><td class=\"column-3\">Ny Reklame etiket<\/td><td class=\"column-4\">Hancock<\/td><td class=\"column-5\">04-03-2003<\/td>\n<\/tr>\n<tr class=\"row-22\">\n\t<td class=\"column-1\"><\/td><td class=\"column-2\">Black Hancock Lager<\/td><td class=\"column-3\">Ny \u00f8l.<\/td><td class=\"column-4\">Hancock<\/td><td class=\"column-5\">24-04-2003<\/td>\n<\/tr>\n<tr class=\"row-23\">\n\t<td class=\"column-1\"><\/td><td class=\"column-2\">PKI Jubil\u00e6ums \u00d8l<\/td><td class=\"column-3\">Ny Reklame etiket<\/td><td class=\"column-4\">Hancock<\/td><td class=\"column-5\">24-04-2003<\/td>\n<\/tr>\n<tr class=\"row-24\">\n\t<td class=\"column-1\"><\/td><td class=\"column-2\">Sussi &amp; Leo<\/td><td class=\"column-3\">Ny Reklame etiket<\/td><td class=\"column-4\">Hancock<\/td><td class=\"column-5\">04-03-2003<\/td>\n<\/tr>\n<tr class=\"row-25\">\n\t<td class=\"column-1\"><\/td><td class=\"column-2\">Skovbo Sne<\/td><td class=\"column-3\">Ny Reklame etiket<\/td><td class=\"column-4\">Hancock<\/td><td class=\"column-5\">24-04-2003<\/td>\n<\/tr>\n<tr class=\"row-26\">\n\t<td class=\"column-1\"><\/td><td class=\"column-2\">Netto 22 \u00e5r<\/td><td class=\"column-3\">Ny Reklame etiket<\/td><td class=\"column-4\">Harboe<\/td><td class=\"column-5\">04-03-2003<\/td>\n<\/tr>\n<tr class=\"row-27\">\n\t<td class=\"column-1\"><\/td><td class=\"column-2\">\u00c5rgangs\u00f8l<\/td><td class=\"column-3\">2003<\/td><td class=\"column-4\">Harboe<\/td><td class=\"column-5\">15-01-2003<\/td>\n<\/tr>\n<tr class=\"row-28\">\n\t<td class=\"column-1\">\u00a0<\/td><td class=\"column-2\">Dancenter 2003<\/td><td class=\"column-3\">Ny Reklame etiket<\/td><td class=\"column-4\">Maribo Bryghus<\/td><td class=\"column-5\">21-11-2003<\/td>\n<\/tr>\n<tr class=\"row-29\">\n\t<td class=\"column-1\">5,7<\/td><td class=\"column-2\">Jule Hyg<\/td><td class=\"column-3\">Ny \u00f8l.<\/td><td class=\"column-4\">Refsvindinge<\/td><td class=\"column-5\">30-10-2003<\/td>\n<\/tr>\n<tr class=\"row-30\">\n\t<td class=\"column-1\">5,7<\/td><td class=\"column-2\">Mors Stout. 50 cl<\/td><td class=\"column-3\">Ny \u00f8l.<\/td><td class=\"column-4\">Refsvindinge<\/td><td class=\"column-5\">30-05-2003<\/td>\n<\/tr>\n<tr class=\"row-31\">\n\t<td class=\"column-1\">\u00a0<\/td><td class=\"column-2\">Party Petrol<\/td><td class=\"column-3\">S\u00e6retiket<\/td><td class=\"column-4\">Refsvindinge<\/td><td class=\"column-5\">30-10-2003<\/td>\n<\/tr>\n<tr class=\"row-32\">\n\t<td class=\"column-1\"><\/td><td class=\"column-2\">Stout, 70 cl.<\/td><td class=\"column-3\">Ny \u00f8l.<\/td><td class=\"column-4\">Svaneke Bryghus<\/td><td class=\"column-5\">02-04-2003<\/td>\n<\/tr>\n<tr class=\"row-33\">\n\t<td class=\"column-1\"><\/td><td class=\"column-2\">P\u00e5ske Bryg, 70 cl.<\/td><td class=\"column-3\">Ny \u00f8l.<\/td><td class=\"column-4\">Svaneke Bryghus<\/td><td class=\"column-5\">02-04-2003<\/td>\n<\/tr>\n<tr class=\"row-34\">\n\t<td class=\"column-1\"><\/td><td class=\"column-2\">Christiania 30 \u00e5rs jubil\u00e6um<\/td><td class=\"column-3\">Ny Reklame etiket<\/td><td class=\"column-4\">Thisted Bryghus<\/td><td class=\"column-5\">11-03-2003<\/td>\n<\/tr>\n<tr class=\"row-35\">\n\t<td class=\"column-1\"><\/td><td class=\"column-2\">Tuborg Classic, 33 cl.<\/td><td class=\"column-3\">Ny deseign af etiket<\/td><td class=\"column-4\">Tuborg<\/td><td class=\"column-5\">02-01-2003<\/td>\n<\/tr>\n<tr class=\"row-36\">\n\t<td class=\"column-1\"><\/td><td class=\"column-2\">Tuborg Classic, 50 cl.<\/td><td class=\"column-3\">Ny deseign af etiket<\/td><td class=\"column-4\">Tuborg<\/td><td class=\"column-5\">02--01-2003<\/td>\n<\/tr>\n<tr class=\"row-37\">\n\t<td class=\"column-1\"><\/td><td class=\"column-2\">Fine Festival<\/td><td class=\"column-3\">Ny etiket<\/td><td class=\"column-4\">Tuborg<\/td><td class=\"column-5\">17-03-2003<\/td>\n<\/tr>\n<tr class=\"row-38\">\n\t<td class=\"column-1\"><\/td><td class=\"column-2\">Kylle Kylle<\/td><td class=\"column-3\">Ny etiket<\/td><td class=\"column-4\">Tuborg<\/td><td class=\"column-5\">17-03-2003<\/td>\n<\/tr>\n<tr class=\"row-39\">\n\t<td class=\"column-1\">4,8<\/td><td class=\"column-2\">Skum Slukker<\/td><td class=\"column-3\">Reklame etiket med nr. 1807 for Fleggaard<\/td><td class=\"column-4\">Vestfyen<\/td><td class=\"column-5\">29-03-2003<\/td>\n<\/tr>\n<tr class=\"row-40\">\n\t<td class=\"column-1\">4,8<\/td><td class=\"column-2\">Go'Natter<\/td><td class=\"column-3\">Reklame etiket med nr. 1807 for Fleggaard<\/td><td class=\"column-4\">Vestfyen<\/td><td class=\"column-5\">29-03-2003<\/td>\n<\/tr>\n<tr class=\"row-41\">\n\t<td class=\"column-1\">4,8<\/td><td class=\"column-2\">H2\u00d8<\/td><td class=\"column-3\">Reklame etiket med nr. 1807 for Fleggaard<\/td><td class=\"column-4\">Vestfyen<\/td><td class=\"column-5\">29-03-2003<\/td>\n<\/tr>\n<tr class=\"row-42\">\n\t<td class=\"column-1\">4,8<\/td><td class=\"column-2\">Pause-Pils<\/td><td class=\"column-3\">Reklame etiket med nr. 1807 for Fleggaard<\/td><td class=\"column-4\">Vestfyen<\/td><td class=\"column-5\">29-03-2003<\/td>\n<\/tr>\n<tr class=\"row-43\">\n\t<td class=\"column-1\">4,8<\/td><td class=\"column-2\">\u00d8lle-Bryg<\/td><td class=\"column-3\">Reklame etiket med nr. 1807 for Fleggaard<\/td><td class=\"column-4\">Vestfyen<\/td><td class=\"column-5\">29-03-2003<\/td>\n<\/tr>\n<tr class=\"row-44\">\n\t<td class=\"column-1\">4,8<\/td><td class=\"column-2\">De\u00f8bel-Fugter<\/td><td class=\"column-3\">Reklame etiket med nr. 1807 for Fleggaard<\/td><td class=\"column-4\">Vestfyen<\/td><td class=\"column-5\">29-03-2003<\/td>\n<\/tr>\n<tr class=\"row-45\">\n\t<td class=\"column-1\">4,8<\/td><td class=\"column-2\">Fyraftens-Bajer<\/td><td class=\"column-3\">Reklame etiket med nr. 1807 for Fleggaard<\/td><td class=\"column-4\">Vestfyen<\/td><td class=\"column-5\">29-03-2003<\/td>\n<\/tr>\n<tr class=\"row-46\">\n\t<td class=\"column-1\">4,8<\/td><td class=\"column-2\">\u00d8lfert<\/td><td class=\"column-3\">Reklame etiket med nr. 1807 for Fleggaard<\/td><td class=\"column-4\">Vestfyen<\/td><td class=\"column-5\">29-03-2003<\/td>\n<\/tr>\n<tr class=\"row-47\">\n\t<td class=\"column-1\">4,8<\/td><td class=\"column-2\">Gr\u00f8nlang Sk\u00e5l<\/td><td class=\"column-3\">Reklame etiket med nr. 1807 for Fleggaard<\/td><td class=\"column-4\">Vestfyen<\/td><td class=\"column-5\">29-03-2003<\/td>\n<\/tr>\n<tr class=\"row-48\">\n\t<td class=\"column-1\">4,8<\/td><td class=\"column-2\">Kold-Sk\u00e5l<\/td><td class=\"column-3\">Reklame etiket med nr. 1807 for Fleggaard<\/td><td class=\"column-4\">Vestfyen<\/td><td class=\"column-5\">29-03-2003<\/td>\n<\/tr>\n<tr class=\"row-49\">\n\t<td class=\"column-1\">4,8<\/td><td class=\"column-2\">Gr\u00f8n Skylling<\/td><td class=\"column-3\">Reklame etiket med nr. 1807 for Fleggaard<\/td><td class=\"column-4\">Vestfyen<\/td><td class=\"column-5\">29-03-2003<\/td>\n<\/tr>\n<tr class=\"row-50\">\n\t<td class=\"column-1\"><\/td><td class=\"column-2\">Bryggerens Sidste B\u00f8vs<\/td><td class=\"column-3\">Lavet i forbindelse med et jobskifte<\/td><td class=\"column-4\">Vestfyen<\/td><td class=\"column-5\">11-03-2003<\/td>\n<\/tr>\n<tr class=\"row-51\">\n\t<td class=\"column-1\">4,8<\/td><td class=\"column-2\">\u00d8lle-B\u00f8lle<\/td><td class=\"column-3\">Reklame etiket med nr. 1807 for Fleggaard<\/td><td class=\"column-4\">Vestfyen<\/td><td class=\"column-5\">29-03-2003<\/td>\n<\/tr>\n<tr class=\"row-52\">\n\t<td class=\"column-1\">4,8<\/td><td class=\"column-2\">Hygge Bajer<\/td><td class=\"column-3\">Reklame etiket med nr. 1807 for Fleggaard<\/td><td class=\"column-4\">Vestfyen<\/td><td class=\"column-5\">29-03-2003<\/td>\n<\/tr>\n<tr class=\"row-53\">\n\t<td class=\"column-1\">4,8<\/td><td class=\"column-2\">Humle-Bier<\/td><td class=\"column-3\">Reklame etiket med nr. 1807 for Fleggaard<\/td><td class=\"column-4\">Vestfyen<\/td><td class=\"column-5\">29-03-2003<\/td>\n<\/tr>\n<tr class=\"row-54\">\n\t<td class=\"column-1\">4,8<\/td><td class=\"column-2\">Mulev\u00e6de<\/td><td class=\"column-3\">Reklame etiket med nr. 1807 for Fleggaard<\/td><td class=\"column-4\">Vestfyen<\/td><td class=\"column-5\">29-03-2003<\/td>\n<\/tr>\n<tr class=\"row-55\">\n\t<td class=\"column-1\">4,8<\/td><td class=\"column-2\">Humlestang<\/td><td class=\"column-3\">Reklame etiket med nr. 1807 for Fleggaard<\/td><td class=\"column-4\">Vestfyen<\/td><td class=\"column-5\">29-03-2003<\/td>\n<\/tr>\n<tr class=\"row-56\">\n\t<td class=\"column-1\">4,8<\/td><td class=\"column-2\">H\u00e5ndbajer<\/td><td class=\"column-3\">Reklame etiket med nr. 1807 for Fleggaard<\/td><td class=\"column-4\">Vestfyen<\/td><td class=\"column-5\">29-03-2003<\/td>\n<\/tr>\n<tr class=\"row-57\">\n\t<td class=\"column-1\">\u00a0<\/td><td class=\"column-2\">Holger Danske Tr\u00e6ffen 2003<\/td><td class=\"column-3\">Ny Reklame etiket<\/td><td class=\"column-4\">Wiibroe<\/td><td class=\"column-5\">17-04-2003<\/td>\n<\/tr>\n<tr class=\"row-58\">\n\t<td class=\"column-1\">\u00a0<\/td><td class=\"column-2\">Hiller\u00f8d Kr\u00e6mmermarked 03<\/td><td class=\"column-3\">Ny Reklame etiket<\/td><td class=\"column-4\">Wiibroe<\/td><td class=\"column-5\">17-04-2003<\/td>\n<\/tr>\n<tr class=\"row-59\">\n\t<td class=\"column-1\"><\/td><td class=\"column-2\">Kronborg 25 \u00e5r<\/td><td class=\"column-3\">Ny Reklame etiket<\/td><td class=\"column-4\">Wiibroe<\/td><td class=\"column-5\">01-03-2003<\/td>\n<\/tr>\n<tr class=\"row-60\">\n\t<td class=\"column-1\"><\/td><td class=\"column-2\">P\u00e5ske Bryg<\/td><td class=\"column-3\">Ny \u00f8l.<\/td><td class=\"column-4\">\u00d8rb\u00e6k Bryggeri<\/td><td class=\"column-5\">28-02-2003<\/td>\n<\/tr>\n<\/tbody>\n<\/table>\n<!-- #tablepress-13 from cache --><\/div>\n","protected":false},"excerpt":{"rendered":"<p>De nye \u00f8l i 2003. &nbsp;Her er oversigten over \u00f8l som er udkommet i 2003, dog med den begr\u00e6nsning at der er etiketter p\u00e5 disse \u00f8l og lejligheds etiketter er talt med her. &nbsp;<\/p>\n","protected":false},"author":2,"featured_media":0,"parent":10039,"menu_order":0,"comment_status":"closed","ping_status":"closed","template":"page-templates\/full-width.php","meta":{"ngg_post_thumbnail":0,"footnotes":""},"categories":[],"tags":[99],"class_list":["post-1895","page","type-page","status-publish","hentry","tag-nye_oel"],"_links":{"self":[{"href":"https:\/\/bryg.2th.dk\/index.php?rest_route=\/wp\/v2\/pages\/1895","targetHints":{"allow":["GET"]}}],"collection":[{"href":"https:\/\/bryg.2th.dk\/index.php?rest_route=\/wp\/v2\/pages"}],"about":[{"href":"https:\/\/bryg.2th.dk\/index.php?rest_route=\/wp\/v2\/types\/page"}],"author":[{"embeddable":true,"href":"https:\/\/bryg.2th.dk\/index.php?rest_route=\/wp\/v2\/users\/2"}],"replies":[{"embeddable":true,"href":"https:\/\/bryg.2th.dk\/index.php?rest_route=%2Fwp%2Fv2%2Fcomments&post=1895"}],"version-history":[{"count":0,"href":"https:\/\/bryg.2th.dk\/index.php?rest_route=\/wp\/v2\/pages\/1895\/revisions"}],"up":[{"embeddable":true,"href":"https:\/\/bryg.2th.dk\/index.php?rest_route=\/wp\/v2\/pages\/10039"}],"wp:attachment":[{"href":"https:\/\/bryg.2th.dk\/index.php?rest_route=%2Fwp%2Fv2%2Fmedia&parent=1895"}],"wp:term":[{"taxonomy":"category","embeddable":true,"href":"https:\/\/bryg.2th.dk\/index.php?rest_route=%2Fwp%2Fv2%2Fcategories&post=1895"},{"taxonomy":"post_tag","embeddable":true,"href":"https:\/\/bryg.2th.dk\/index.php?rest_route=%2Fwp%2Fv2%2Ftags&post=1895"}],"curies":[{"name":"wp","href":"https:\/\/api.w.org\/{rel}","templated":true}]}}